{"id":596,"date":"2022-03-03T15:20:48","date_gmt":"2022-03-03T15:20:48","guid":{"rendered":"https:\/\/astoria-hotel-and-medical-spa.ms.decms.eu\/%d1%80%d0%b0%d0%b7%d0%bc%d0%b5%d1%89%d0%b5%d0%bd%d0%b8%d0%b5\/art-deco-wolker\/wolker-suite-superior\/"},"modified":"2023-01-11T23:46:18","modified_gmt":"2023-01-11T23:46:18","slug":"%d0%b0%d0%bf%d0%b0%d1%80%d1%82%d0%b0%d0%bc%d0%b5%d0%bd%d1%82%d1%8b-%d0%b2%d0%be%d0%bb%d0%ba%d0%b5%d1%80-suite-superior","status":"publish","type":"page","link":"https:\/\/astoria-spa.cz\/ru\/%d1%80%d0%b0%d0%b7%d0%bc%d0%b5%d1%89%d0%b5%d0%bd%d0%b8%d0%b5\/art-deco-wolker\/%d0%b0%d0%bf%d0%b0%d1%80%d1%82%d0%b0%d0%bc%d0%b5%d0%bd%d1%82%d1%8b-%d0%b2%d0%be%d0%bb%d0%ba%d0%b5%d1%80-suite-superior\/","title":{"rendered":"\u0410\u041f\u0410\u0420\u0422\u0410\u041c\u0415\u041d\u0422\u042b &#171;\u0412\u041e\u041b\u041a\u0415\u0420&#187;, SUITE SUPERIOR"},"content":{"rendered":"<p><strong>\u0418\u0441\u043a\u043b\u044e\u0447\u0438\u0442\u0435\u043b\u044c\u043d\u043e \u043f\u0440\u043e\u0441\u0442\u043e\u0440\u043d\u044b\u0439 \u043d\u043e\u043c\u0435\u0440 (45\u00a0\u043c<sup>2<\/sup><\/strong>) \u0438\u0434\u0435\u0430\u043b\u044c\u043d\u043e \u043f\u043e\u0434\u0445\u043e\u0434\u0438\u0442 \u0434\u043b\u044f \u0441\u0435\u043c\u0435\u0439 \u0441 \u0434\u0435\u0442\u044c\u043c\u0438 \u0438\u043b\u0438 \u0442\u0435\u0445, \u043a\u0442\u043e \u0445\u043e\u0447\u0435\u0442 \u043f\u043e\u0440\u0430\u0431\u043e\u0442\u0430\u0442\u044c \u0438 \u043e\u0442\u0434\u043e\u0445\u043d\u0443\u0442\u044c. \u0412 \u0433\u043e\u0441\u0442\u0438\u043d\u043e\u0439 \u0432\u044b \u043d\u0430\u0439\u0434\u0435\u0442\u0435 \u0434\u0438\u0432\u0430\u043d-\u043a\u0440\u043e\u0432\u0430\u0442\u044c \u0438 \u043d\u0430\u0431\u043e\u0440 \u0434\u043b\u044f \u043f\u0440\u0438\u0433\u043e\u0442\u043e\u0432\u043b\u0435\u043d\u0438\u044f \u043a\u043e\u0444\u0435. \u041d\u0430\u0441\u043b\u0430\u0436\u0434\u0430\u0439\u0442\u0435\u0441\u044c \u0438\u043c \u043d\u0430 \u0431\u0430\u043b\u043a\u043e\u043d\u0435 \u0441 \u043f\u0440\u0435\u043a\u0440\u0430\u0441\u043d\u044b\u043c \u0432\u0438\u0434\u043e\u043c \u043d\u0430 \u043a\u043e\u043b\u043e\u043d\u043d\u0430\u0434\u044b \u0412\u0440\u0436\u0438\u0434\u0435\u043b\u044c\u043d\u0438 (V\u0159\u00eddeln\u00ed) \u0438 \u0422\u0440\u0436\u043d\u0438 (Tr\u017en\u00ed)! \u0421\u0435\u043c\u044c\u0438 \u043e\u0446\u0435\u043d\u044f\u0442 \u0432\u0442\u043e\u0440\u043e\u0439 \u043e\u0442\u0434\u0435\u043b\u044c\u043d\u044b\u0439 \u0442\u0443\u0430\u043b\u0435\u0442.<\/p>\n<p>&nbsp;<\/p>\n","protected":false},"excerpt":{"rendered":"<p>\u0418\u0441\u043a\u043b\u044e\u0447\u0438\u0442\u0435\u043b\u044c\u043d\u043e \u043f\u0440\u043e\u0441\u0442\u043e\u0440\u043d\u044b\u0439 \u043d\u043e\u043c\u0435\u0440 (45\u00a0\u043c2) \u0438\u0434\u0435\u0430\u043b\u044c\u043d\u043e \u043f\u043e\u0434\u0445\u043e\u0434\u0438\u0442 \u0434\u043b\u044f \u0441\u0435\u043c\u0435\u0439 \u0441 \u0434\u0435\u0442\u044c\u043c\u0438 \u0438\u043b\u0438 \u0442\u0435\u0445, \u043a\u0442\u043e \u0445\u043e\u0447\u0435\u0442 \u043f\u043e\u0440\u0430\u0431\u043e\u0442\u0430\u0442\u044c \u0438 \u043e\u0442\u0434\u043e\u0445\u043d\u0443\u0442\u044c. \u0412 \u0433\u043e\u0441\u0442\u0438\u043d\u043e\u0439 \u0432\u044b \u043d\u0430\u0439\u0434\u0435\u0442\u0435 \u0434\u0438\u0432\u0430\u043d-\u043a\u0440\u043e\u0432\u0430\u0442\u044c \u0438 \u043d\u0430\u0431\u043e\u0440 \u0434\u043b\u044f \u043f\u0440\u0438\u0433\u043e\u0442\u043e\u0432\u043b\u0435\u043d\u0438\u044f \u043a\u043e\u0444\u0435. \u041d\u0430\u0441\u043b\u0430\u0436\u0434\u0430\u0439\u0442\u0435\u0441\u044c \u0438\u043c \u043d\u0430 \u0431\u0430\u043b\u043a\u043e\u043d\u0435 \u0441 \u043f\u0440\u0435\u043a\u0440\u0430\u0441\u043d\u044b\u043c \u0432\u0438\u0434\u043e\u043c \u043d\u0430 \u043a\u043e\u043b\u043e\u043d\u043d\u0430\u0434\u044b \u0412\u0440\u0436\u0438\u0434\u0435\u043b\u044c\u043d\u0438 (V\u0159\u00eddeln\u00ed) \u0438 \u0422\u0440\u0436\u043d\u0438 (Tr\u017en\u00ed)! \u0421\u0435\u043c\u044c\u0438 \u043e\u0446\u0435\u043d\u044f\u0442 \u0432\u0442\u043e\u0440\u043e\u0439 \u043e\u0442\u0434\u0435\u043b\u044c\u043d\u044b\u0439 \u0442\u0443\u0430\u043b\u0435\u0442. &nbsp;<\/p>\n","protected":false},"author":4,"featured_media":0,"parent":531,"menu_order":40,"comment_status":"closed","ping_status":"closed","template":"template-single-room.php","meta":{"footnotes":""},"categories":[],"class_list":["post-596","page","type-page","status-publish","hentry"],"yoast_head":"<!-- This site is optimized with the Yoast SEO plugin v26.9 - https:\/\/yoast.com\/product\/yoast-seo-wordpress\/ -->\n<title>\u0410\u041f\u0410\u0420\u0422\u0410\u041c\u0415\u041d\u0422\u042b &quot;\u0412\u041e\u041b\u041a\u0415\u0420&quot;, SUITE SUPERIOR - Astoria Hotel &amp; Medical Spa -<\/title>\n<meta name=\"description\" content=\"\u0418\u0441\u043a\u043b\u044e\u0447\u0438\u0442\u0435\u043b\u044c\u043d\u043e \u043f\u0440\u043e\u0441\u0442\u043e\u0440\u043d\u044b\u0439 \u043d\u043e\u043c\u0435\u0440 (45\u00a0\u043c2) \u0438\u0434\u0435\u0430\u043b\u044c\u043d\u043e \u043f\u043e\u0434\u0445\u043e\u0434\u0438\u0442 \u0434\u043b\u044f \u0441\u0435\u043c\u0435\u0439 \u0441 \u0434\u0435\u0442\u044c\u043c\u0438 \u0438\u043b\u0438 \u0442\u0435\u0445, \u043a\u0442\u043e \u0445\u043e\u0447\u0435\u0442 \u043f\u043e\u0440\u0430\u0431\u043e\u0442\u0430\u0442\u044c \u0438 \u043e\u0442\u0434\u043e\u0445\u043d\u0443\u0442\u044c. \u0412 \u0433\u043e\u0441\u0442\u0438\u043d\u043e\u0439 \u0432\u044b \u043d\u0430\u0439\u0434\u0435\u0442\u0435 \u0434\u0438\u0432\u0430\u043d-\u043a\u0440\u043e\u0432\u0430\u0442\u044c \u0438 \u043d\u0430\u0431\u043e\u0440 \u0434\u043b\u044f \u043f\u0440\u0438\u0433\u043e\u0442\u043e\u0432\u043b\u0435\u043d\u0438\u044f \u043a\u043e\u0444\u0435\" \/>\n<meta name=\"robots\" content=\"index, follow, max-snippet:-1, max-image-preview:large, max-video-preview:-1\" \/>\n<link rel=\"canonical\" href=\"https:\/\/astoria-spa.cz\/ru\/%d1%80%d0%b0%d0%b7%d0%bc%d0%b5%d1%89%d0%b5%d0%bd%d0%b8%d0%b5\/art-deco-wolker\/%d0%b0%d0%bf%d0%b0%d1%80%d1%82%d0%b0%d0%bc%d0%b5%d0%bd%d1%82%d1%8b-%d0%b2%d0%be%d0%bb%d0%ba%d0%b5%d1%80-suite-superior\/\" \/>\n<meta property=\"og:locale\" content=\"ru_RU\" \/>\n<meta property=\"og:type\" content=\"article\" \/>\n<meta property=\"og:title\" content=\"\u0410\u041f\u0410\u0420\u0422\u0410\u041c\u0415\u041d\u0422\u042b &quot;\u0412\u041e\u041b\u041a\u0415\u0420&quot;, SUITE SUPERIOR - Astoria Hotel &amp; Medical Spa -\" \/>\n<meta property=\"og:description\" content=\"\u0418\u0441\u043a\u043b\u044e\u0447\u0438\u0442\u0435\u043b\u044c\u043d\u043e \u043f\u0440\u043e\u0441\u0442\u043e\u0440\u043d\u044b\u0439 \u043d\u043e\u043c\u0435\u0440 (45\u00a0\u043c2) \u0438\u0434\u0435\u0430\u043b\u044c\u043d\u043e \u043f\u043e\u0434\u0445\u043e\u0434\u0438\u0442 \u0434\u043b\u044f \u0441\u0435\u043c\u0435\u0439 \u0441 \u0434\u0435\u0442\u044c\u043c\u0438 \u0438\u043b\u0438 \u0442\u0435\u0445, \u043a\u0442\u043e \u0445\u043e\u0447\u0435\u0442 \u043f\u043e\u0440\u0430\u0431\u043e\u0442\u0430\u0442\u044c \u0438 \u043e\u0442\u0434\u043e\u0445\u043d\u0443\u0442\u044c. \u0412 \u0433\u043e\u0441\u0442\u0438\u043d\u043e\u0439 \u0432\u044b \u043d\u0430\u0439\u0434\u0435\u0442\u0435 \u0434\u0438\u0432\u0430\u043d-\u043a\u0440\u043e\u0432\u0430\u0442\u044c \u0438 \u043d\u0430\u0431\u043e\u0440 \u0434\u043b\u044f \u043f\u0440\u0438\u0433\u043e\u0442\u043e\u0432\u043b\u0435\u043d\u0438\u044f \u043a\u043e\u0444\u0435\" \/>\n<meta property=\"og:url\" content=\"https:\/\/astoria-spa.cz\/ru\/%d1%80%d0%b0%d0%b7%d0%bc%d0%b5%d1%89%d0%b5%d0%bd%d0%b8%d0%b5\/art-deco-wolker\/%d0%b0%d0%bf%d0%b0%d1%80%d1%82%d0%b0%d0%bc%d0%b5%d0%bd%d1%82%d1%8b-%d0%b2%d0%be%d0%bb%d0%ba%d0%b5%d1%80-suite-superior\/\" \/>\n<meta property=\"og:site_name\" content=\"Astoria Hotel &amp; Medical Spa\" \/>\n<meta property=\"article:modified_time\" content=\"2023-01-11T23:46:18+00:00\" \/>\n<meta name=\"twitter:card\" content=\"summary_large_image\" \/>\n<meta name=\"twitter:label1\" content=\"\u041f\u0440\u0438\u043c\u0435\u0440\u043d\u043e\u0435 \u0432\u0440\u0435\u043c\u044f \u0434\u043b\u044f \u0447\u0442\u0435\u043d\u0438\u044f\" \/>\n\t<meta name=\"twitter:data1\" content=\"1 \u043c\u0438\u043d\u0443\u0442\u0430\" \/>\n<script type=\"application\/ld+json\" class=\"yoast-schema-graph\">{\"@context\":\"https:\/\/schema.org\",\"@graph\":[{\"@type\":\"WebPage\",\"@id\":\"https:\/\/astoria-spa.cz\/ru\/%d1%80%d0%b0%d0%b7%d0%bc%d0%b5%d1%89%d0%b5%d0%bd%d0%b8%d0%b5\/art-deco-wolker\/%d0%b0%d0%bf%d0%b0%d1%80%d1%82%d0%b0%d0%bc%d0%b5%d0%bd%d1%82%d1%8b-%d0%b2%d0%be%d0%bb%d0%ba%d0%b5%d1%80-suite-superior\/\",\"url\":\"https:\/\/astoria-spa.cz\/ru\/%d1%80%d0%b0%d0%b7%d0%bc%d0%b5%d1%89%d0%b5%d0%bd%d0%b8%d0%b5\/art-deco-wolker\/%d0%b0%d0%bf%d0%b0%d1%80%d1%82%d0%b0%d0%bc%d0%b5%d0%bd%d1%82%d1%8b-%d0%b2%d0%be%d0%bb%d0%ba%d0%b5%d1%80-suite-superior\/\",\"name\":\"\u0410\u041f\u0410\u0420\u0422\u0410\u041c\u0415\u041d\u0422\u042b \\\"\u0412\u041e\u041b\u041a\u0415\u0420\\\", SUITE SUPERIOR - Astoria Hotel & Medical Spa -\",\"isPartOf\":{\"@id\":\"https:\/\/astoria-spa.cz\/ru\/#website\"},\"datePublished\":\"2022-03-03T15:20:48+00:00\",\"dateModified\":\"2023-01-11T23:46:18+00:00\",\"description\":\"\u0418\u0441\u043a\u043b\u044e\u0447\u0438\u0442\u0435\u043b\u044c\u043d\u043e \u043f\u0440\u043e\u0441\u0442\u043e\u0440\u043d\u044b\u0439 \u043d\u043e\u043c\u0435\u0440 (45\u00a0\u043c2) \u0438\u0434\u0435\u0430\u043b\u044c\u043d\u043e \u043f\u043e\u0434\u0445\u043e\u0434\u0438\u0442 \u0434\u043b\u044f \u0441\u0435\u043c\u0435\u0439 \u0441 \u0434\u0435\u0442\u044c\u043c\u0438 \u0438\u043b\u0438 \u0442\u0435\u0445, \u043a\u0442\u043e \u0445\u043e\u0447\u0435\u0442 \u043f\u043e\u0440\u0430\u0431\u043e\u0442\u0430\u0442\u044c \u0438 \u043e\u0442\u0434\u043e\u0445\u043d\u0443\u0442\u044c. \u0412 \u0433\u043e\u0441\u0442\u0438\u043d\u043e\u0439 \u0432\u044b \u043d\u0430\u0439\u0434\u0435\u0442\u0435 \u0434\u0438\u0432\u0430\u043d-\u043a\u0440\u043e\u0432\u0430\u0442\u044c \u0438 \u043d\u0430\u0431\u043e\u0440 \u0434\u043b\u044f \u043f\u0440\u0438\u0433\u043e\u0442\u043e\u0432\u043b\u0435\u043d\u0438\u044f \u043a\u043e\u0444\u0435\",\"breadcrumb\":{\"@id\":\"https:\/\/astoria-spa.cz\/ru\/%d1%80%d0%b0%d0%b7%d0%bc%d0%b5%d1%89%d0%b5%d0%bd%d0%b8%d0%b5\/art-deco-wolker\/%d0%b0%d0%bf%d0%b0%d1%80%d1%82%d0%b0%d0%bc%d0%b5%d0%bd%d1%82%d1%8b-%d0%b2%d0%be%d0%bb%d0%ba%d0%b5%d1%80-suite-superior\/#breadcrumb\"},\"inLanguage\":\"ru-RU\",\"potentialAction\":[{\"@type\":\"ReadAction\",\"target\":[\"https:\/\/astoria-spa.cz\/ru\/%d1%80%d0%b0%d0%b7%d0%bc%d0%b5%d1%89%d0%b5%d0%bd%d0%b8%d0%b5\/art-deco-wolker\/%d0%b0%d0%bf%d0%b0%d1%80%d1%82%d0%b0%d0%bc%d0%b5%d0%bd%d1%82%d1%8b-%d0%b2%d0%be%d0%bb%d0%ba%d0%b5%d1%80-suite-superior\/\"]}]},{\"@type\":\"BreadcrumbList\",\"@id\":\"https:\/\/astoria-spa.cz\/ru\/%d1%80%d0%b0%d0%b7%d0%bc%d0%b5%d1%89%d0%b5%d0%bd%d0%b8%d0%b5\/art-deco-wolker\/%d0%b0%d0%bf%d0%b0%d1%80%d1%82%d0%b0%d0%bc%d0%b5%d0%bd%d1%82%d1%8b-%d0%b2%d0%be%d0%bb%d0%ba%d0%b5%d1%80-suite-superior\/#breadcrumb\",\"itemListElement\":[{\"@type\":\"ListItem\",\"position\":1,\"name\":\"Home\",\"item\":\"https:\/\/astoria-spa.cz\/ru\/\"},{\"@type\":\"ListItem\",\"position\":2,\"name\":\"\u0420\u0430\u0437\u043c\u0435\u0449\u0435\u043d\u0438\u0435\",\"item\":\"https:\/\/astoria-spa.cz\/ru\/%d1%80%d0%b0%d0%b7%d0%bc%d0%b5%d1%89%d0%b5%d0%bd%d0%b8%d0%b5\/\"},{\"@type\":\"ListItem\",\"position\":3,\"name\":\"Art Deco WOLKER by ASTORIA Hotel &amp; Medical Spa\",\"item\":\"https:\/\/astoria-spa.cz\/ru\/%d1%80%d0%b0%d0%b7%d0%bc%d0%b5%d1%89%d0%b5%d0%bd%d0%b8%d0%b5\/art-deco-wolker\/\"},{\"@type\":\"ListItem\",\"position\":4,\"name\":\"\u0410\u041f\u0410\u0420\u0422\u0410\u041c\u0415\u041d\u0422\u042b &#8222;\u0412\u041e\u041b\u041a\u0415\u0420&#8220;, SUITE SUPERIOR\"}]},{\"@type\":\"WebSite\",\"@id\":\"https:\/\/astoria-spa.cz\/ru\/#website\",\"url\":\"https:\/\/astoria-spa.cz\/ru\/\",\"name\":\"Astoria Hotel & Medical Spa\",\"description\":\"Just another ms.decms.eu site\",\"potentialAction\":[{\"@type\":\"SearchAction\",\"target\":{\"@type\":\"EntryPoint\",\"urlTemplate\":\"https:\/\/astoria-spa.cz\/ru\/?s={search_term_string}\"},\"query-input\":{\"@type\":\"PropertyValueSpecification\",\"valueRequired\":true,\"valueName\":\"search_term_string\"}}],\"inLanguage\":\"ru-RU\"}]}<\/script>\n<!-- \/ Yoast SEO plugin. -->","yoast_head_json":{"title":"\u0410\u041f\u0410\u0420\u0422\u0410\u041c\u0415\u041d\u0422\u042b \"\u0412\u041e\u041b\u041a\u0415\u0420\", SUITE SUPERIOR - Astoria Hotel & Medical Spa -","description":"\u0418\u0441\u043a\u043b\u044e\u0447\u0438\u0442\u0435\u043b\u044c\u043d\u043e \u043f\u0440\u043e\u0441\u0442\u043e\u0440\u043d\u044b\u0439 \u043d\u043e\u043c\u0435\u0440 (45\u00a0\u043c2) \u0438\u0434\u0435\u0430\u043b\u044c\u043d\u043e \u043f\u043e\u0434\u0445\u043e\u0434\u0438\u0442 \u0434\u043b\u044f \u0441\u0435\u043c\u0435\u0439 \u0441 \u0434\u0435\u0442\u044c\u043c\u0438 \u0438\u043b\u0438 \u0442\u0435\u0445, \u043a\u0442\u043e \u0445\u043e\u0447\u0435\u0442 \u043f\u043e\u0440\u0430\u0431\u043e\u0442\u0430\u0442\u044c \u0438 \u043e\u0442\u0434\u043e\u0445\u043d\u0443\u0442\u044c. \u0412 \u0433\u043e\u0441\u0442\u0438\u043d\u043e\u0439 \u0432\u044b \u043d\u0430\u0439\u0434\u0435\u0442\u0435 \u0434\u0438\u0432\u0430\u043d-\u043a\u0440\u043e\u0432\u0430\u0442\u044c \u0438 \u043d\u0430\u0431\u043e\u0440 \u0434\u043b\u044f \u043f\u0440\u0438\u0433\u043e\u0442\u043e\u0432\u043b\u0435\u043d\u0438\u044f \u043a\u043e\u0444\u0435","robots":{"index":"index","follow":"follow","max-snippet":"max-snippet:-1","max-image-preview":"max-image-preview:large","max-video-preview":"max-video-preview:-1"},"canonical":"https:\/\/astoria-spa.cz\/ru\/%d1%80%d0%b0%d0%b7%d0%bc%d0%b5%d1%89%d0%b5%d0%bd%d0%b8%d0%b5\/art-deco-wolker\/%d0%b0%d0%bf%d0%b0%d1%80%d1%82%d0%b0%d0%bc%d0%b5%d0%bd%d1%82%d1%8b-%d0%b2%d0%be%d0%bb%d0%ba%d0%b5%d1%80-suite-superior\/","og_locale":"ru_RU","og_type":"article","og_title":"\u0410\u041f\u0410\u0420\u0422\u0410\u041c\u0415\u041d\u0422\u042b \"\u0412\u041e\u041b\u041a\u0415\u0420\", SUITE SUPERIOR - Astoria Hotel & Medical Spa -","og_description":"\u0418\u0441\u043a\u043b\u044e\u0447\u0438\u0442\u0435\u043b\u044c\u043d\u043e \u043f\u0440\u043e\u0441\u0442\u043e\u0440\u043d\u044b\u0439 \u043d\u043e\u043c\u0435\u0440 (45\u00a0\u043c2) \u0438\u0434\u0435\u0430\u043b\u044c\u043d\u043e \u043f\u043e\u0434\u0445\u043e\u0434\u0438\u0442 \u0434\u043b\u044f \u0441\u0435\u043c\u0435\u0439 \u0441 \u0434\u0435\u0442\u044c\u043c\u0438 \u0438\u043b\u0438 \u0442\u0435\u0445, \u043a\u0442\u043e \u0445\u043e\u0447\u0435\u0442 \u043f\u043e\u0440\u0430\u0431\u043e\u0442\u0430\u0442\u044c \u0438 \u043e\u0442\u0434\u043e\u0445\u043d\u0443\u0442\u044c. \u0412 \u0433\u043e\u0441\u0442\u0438\u043d\u043e\u0439 \u0432\u044b \u043d\u0430\u0439\u0434\u0435\u0442\u0435 \u0434\u0438\u0432\u0430\u043d-\u043a\u0440\u043e\u0432\u0430\u0442\u044c \u0438 \u043d\u0430\u0431\u043e\u0440 \u0434\u043b\u044f \u043f\u0440\u0438\u0433\u043e\u0442\u043e\u0432\u043b\u0435\u043d\u0438\u044f \u043a\u043e\u0444\u0435","og_url":"https:\/\/astoria-spa.cz\/ru\/%d1%80%d0%b0%d0%b7%d0%bc%d0%b5%d1%89%d0%b5%d0%bd%d0%b8%d0%b5\/art-deco-wolker\/%d0%b0%d0%bf%d0%b0%d1%80%d1%82%d0%b0%d0%bc%d0%b5%d0%bd%d1%82%d1%8b-%d0%b2%d0%be%d0%bb%d0%ba%d0%b5%d1%80-suite-superior\/","og_site_name":"Astoria Hotel & Medical Spa","article_modified_time":"2023-01-11T23:46:18+00:00","twitter_card":"summary_large_image","twitter_misc":{"\u041f\u0440\u0438\u043c\u0435\u0440\u043d\u043e\u0435 \u0432\u0440\u0435\u043c\u044f \u0434\u043b\u044f \u0447\u0442\u0435\u043d\u0438\u044f":"1 \u043c\u0438\u043d\u0443\u0442\u0430"},"schema":{"@context":"https:\/\/schema.org","@graph":[{"@type":"WebPage","@id":"https:\/\/astoria-spa.cz\/ru\/%d1%80%d0%b0%d0%b7%d0%bc%d0%b5%d1%89%d0%b5%d0%bd%d0%b8%d0%b5\/art-deco-wolker\/%d0%b0%d0%bf%d0%b0%d1%80%d1%82%d0%b0%d0%bc%d0%b5%d0%bd%d1%82%d1%8b-%d0%b2%d0%be%d0%bb%d0%ba%d0%b5%d1%80-suite-superior\/","url":"https:\/\/astoria-spa.cz\/ru\/%d1%80%d0%b0%d0%b7%d0%bc%d0%b5%d1%89%d0%b5%d0%bd%d0%b8%d0%b5\/art-deco-wolker\/%d0%b0%d0%bf%d0%b0%d1%80%d1%82%d0%b0%d0%bc%d0%b5%d0%bd%d1%82%d1%8b-%d0%b2%d0%be%d0%bb%d0%ba%d0%b5%d1%80-suite-superior\/","name":"\u0410\u041f\u0410\u0420\u0422\u0410\u041c\u0415\u041d\u0422\u042b \"\u0412\u041e\u041b\u041a\u0415\u0420\", SUITE SUPERIOR - Astoria Hotel & Medical Spa -","isPartOf":{"@id":"https:\/\/astoria-spa.cz\/ru\/#website"},"datePublished":"2022-03-03T15:20:48+00:00","dateModified":"2023-01-11T23:46:18+00:00","description":"\u0418\u0441\u043a\u043b\u044e\u0447\u0438\u0442\u0435\u043b\u044c\u043d\u043e \u043f\u0440\u043e\u0441\u0442\u043e\u0440\u043d\u044b\u0439 \u043d\u043e\u043c\u0435\u0440 (45\u00a0\u043c2) \u0438\u0434\u0435\u0430\u043b\u044c\u043d\u043e \u043f\u043e\u0434\u0445\u043e\u0434\u0438\u0442 \u0434\u043b\u044f \u0441\u0435\u043c\u0435\u0439 \u0441 \u0434\u0435\u0442\u044c\u043c\u0438 \u0438\u043b\u0438 \u0442\u0435\u0445, \u043a\u0442\u043e \u0445\u043e\u0447\u0435\u0442 \u043f\u043e\u0440\u0430\u0431\u043e\u0442\u0430\u0442\u044c \u0438 \u043e\u0442\u0434\u043e\u0445\u043d\u0443\u0442\u044c. \u0412 \u0433\u043e\u0441\u0442\u0438\u043d\u043e\u0439 \u0432\u044b \u043d\u0430\u0439\u0434\u0435\u0442\u0435 \u0434\u0438\u0432\u0430\u043d-\u043a\u0440\u043e\u0432\u0430\u0442\u044c \u0438 \u043d\u0430\u0431\u043e\u0440 \u0434\u043b\u044f \u043f\u0440\u0438\u0433\u043e\u0442\u043e\u0432\u043b\u0435\u043d\u0438\u044f \u043a\u043e\u0444\u0435","breadcrumb":{"@id":"https:\/\/astoria-spa.cz\/ru\/%d1%80%d0%b0%d0%b7%d0%bc%d0%b5%d1%89%d0%b5%d0%bd%d0%b8%d0%b5\/art-deco-wolker\/%d0%b0%d0%bf%d0%b0%d1%80%d1%82%d0%b0%d0%bc%d0%b5%d0%bd%d1%82%d1%8b-%d0%b2%d0%be%d0%bb%d0%ba%d0%b5%d1%80-suite-superior\/#breadcrumb"},"inLanguage":"ru-RU","potentialAction":[{"@type":"ReadAction","target":["https:\/\/astoria-spa.cz\/ru\/%d1%80%d0%b0%d0%b7%d0%bc%d0%b5%d1%89%d0%b5%d0%bd%d0%b8%d0%b5\/art-deco-wolker\/%d0%b0%d0%bf%d0%b0%d1%80%d1%82%d0%b0%d0%bc%d0%b5%d0%bd%d1%82%d1%8b-%d0%b2%d0%be%d0%bb%d0%ba%d0%b5%d1%80-suite-superior\/"]}]},{"@type":"BreadcrumbList","@id":"https:\/\/astoria-spa.cz\/ru\/%d1%80%d0%b0%d0%b7%d0%bc%d0%b5%d1%89%d0%b5%d0%bd%d0%b8%d0%b5\/art-deco-wolker\/%d0%b0%d0%bf%d0%b0%d1%80%d1%82%d0%b0%d0%bc%d0%b5%d0%bd%d1%82%d1%8b-%d0%b2%d0%be%d0%bb%d0%ba%d0%b5%d1%80-suite-superior\/#breadcrumb","itemListElement":[{"@type":"ListItem","position":1,"name":"Home","item":"https:\/\/astoria-spa.cz\/ru\/"},{"@type":"ListItem","position":2,"name":"\u0420\u0430\u0437\u043c\u0435\u0449\u0435\u043d\u0438\u0435","item":"https:\/\/astoria-spa.cz\/ru\/%d1%80%d0%b0%d0%b7%d0%bc%d0%b5%d1%89%d0%b5%d0%bd%d0%b8%d0%b5\/"},{"@type":"ListItem","position":3,"name":"Art Deco WOLKER by ASTORIA Hotel &amp; Medical Spa","item":"https:\/\/astoria-spa.cz\/ru\/%d1%80%d0%b0%d0%b7%d0%bc%d0%b5%d1%89%d0%b5%d0%bd%d0%b8%d0%b5\/art-deco-wolker\/"},{"@type":"ListItem","position":4,"name":"\u0410\u041f\u0410\u0420\u0422\u0410\u041c\u0415\u041d\u0422\u042b &#8222;\u0412\u041e\u041b\u041a\u0415\u0420&#8220;, SUITE SUPERIOR"}]},{"@type":"WebSite","@id":"https:\/\/astoria-spa.cz\/ru\/#website","url":"https:\/\/astoria-spa.cz\/ru\/","name":"Astoria Hotel & Medical Spa","description":"Just another ms.decms.eu site","potentialAction":[{"@type":"SearchAction","target":{"@type":"EntryPoint","urlTemplate":"https:\/\/astoria-spa.cz\/ru\/?s={search_term_string}"},"query-input":{"@type":"PropertyValueSpecification","valueRequired":true,"valueName":"search_term_string"}}],"inLanguage":"ru-RU"}]}},"acf":[],"_links":{"self":[{"href":"https:\/\/astoria-spa.cz\/ru\/wp-json\/wp\/v2\/pages\/596","targetHints":{"allow":["GET"]}}],"collection":[{"href":"https:\/\/astoria-spa.cz\/ru\/wp-json\/wp\/v2\/pages"}],"about":[{"href":"https:\/\/astoria-spa.cz\/ru\/wp-json\/wp\/v2\/types\/page"}],"author":[{"embeddable":true,"href":"https:\/\/astoria-spa.cz\/ru\/wp-json\/wp\/v2\/users\/4"}],"replies":[{"embeddable":true,"href":"https:\/\/astoria-spa.cz\/ru\/wp-json\/wp\/v2\/comments?post=596"}],"version-history":[{"count":0,"href":"https:\/\/astoria-spa.cz\/ru\/wp-json\/wp\/v2\/pages\/596\/revisions"}],"up":[{"embeddable":true,"href":"https:\/\/astoria-spa.cz\/ru\/wp-json\/wp\/v2\/pages\/531"}],"wp:attachment":[{"href":"https:\/\/astoria-spa.cz\/ru\/wp-json\/wp\/v2\/media?parent=596"}],"wp:term":[{"taxonomy":"category","embeddable":true,"href":"https:\/\/astoria-spa.cz\/ru\/wp-json\/wp\/v2\/categories?post=596"}],"curies":[{"name":"wp","href":"https:\/\/api.w.org\/{rel}","templated":true}]}}