{"id":758,"date":"2022-03-07T13:39:18","date_gmt":"2022-03-07T13:39:18","guid":{"rendered":"https:\/\/astoria-hotel-and-medical-spa.ms.decms.eu\/area-information\/karlovy-vary-region-card\/"},"modified":"2022-03-25T09:22:01","modified_gmt":"2022-03-25T09:22:01","slug":"karlovy-vary-region-card","status":"publish","type":"page","link":"https:\/\/astoria-spa.cz\/en\/area-information\/karlovy-vary-region-card\/","title":{"rendered":"Karlovy Vary Region Card"},"content":{"rendered":"<p>The\u00a0<strong>Karlovy VARY REGION CARD<\/strong>\u00a0is a tourist card with prepaid services.\u00a0By purchasing a card, you can then\u00a0<a href=\"https:\/\/karlovyvarycard.cz\/en\/attractions\" target=\"_blank\" rel=\"noopener\">visit more than 40 places without paying<\/a>\u00a0any more. These places include galleries, museums, historical monuments, traditional production, sports complexes, Karlovy Vary itself and the whole of the Karlovy Vary Region. The card also entitles the holder to discounts at more than 30 places for concerts, theatre performances, hire centres, transport, services, and so on. Another important feature is\u00a0<a href=\"https:\/\/karlovyvarycard.cz\/en\/free-public-transport\" target=\"_blank\" rel=\"noopener\">free transport within Karlovy Vary and Mari\u00e1nsk\u00e9 L\u00e1zn\u011b<\/a>.<\/p>\n<p>You can choose from a\u00a0<a href=\"https:\/\/karlovyvarycard.cz\/en\/sales-points-and-price-list\" target=\"_blank\" rel=\"noopener\">card for 2, 4, or 7 days<\/a>\u00a0depending on the length of your stay and can buy a card for an individual or family (two adults and two children up to the age of 15).<\/p>\n","protected":false},"excerpt":{"rendered":"<p>The\u00a0Karlovy VARY REGION CARD\u00a0is a tourist card with prepaid services.\u00a0By purchasing a card, you can then\u00a0visit more than 40 places without paying\u00a0any more. These places include galleries, museums, historical monuments, traditional production, sports complexes, Karlovy Vary itself and the whole of the Karlovy Vary Region. The card also entitles the holder to discounts at more [&hellip;]<\/p>\n","protected":false},"author":4,"featured_media":0,"parent":721,"menu_order":100,"comment_status":"closed","ping_status":"closed","template":"template-default-3.php","meta":{"footnotes":""},"categories":[],"class_list":["post-758","page","type-page","status-publish","hentry"],"yoast_head":"<!-- This site is optimized with the Yoast SEO plugin v26.9 - https:\/\/yoast.com\/product\/yoast-seo-wordpress\/ -->\n<title>Karlovy Vary Region Card - Astoria Hotel &amp; Medical Spa -<\/title>\n<meta name=\"description\" content=\"The\u00a0Karlovy VARY REGION CARD\u00a0is a tourist card with prepaid services.\u00a0By purchasing a card, you can then\u00a0visit more than 40 places without paying\u00a0any more. These places include galleries, museums, historical monuments, traditional production, sports complexes, Karlovy Vary itself and the whole of the Karlovy Vary Region\" \/>\n<meta name=\"robots\" content=\"index, follow, max-snippet:-1, max-image-preview:large, max-video-preview:-1\" \/>\n<link rel=\"canonical\" href=\"https:\/\/astoria-spa.cz\/en\/area-information\/karlovy-vary-region-card\/\" \/>\n<meta property=\"og:locale\" content=\"en_US\" \/>\n<meta property=\"og:type\" content=\"article\" \/>\n<meta property=\"og:title\" content=\"Karlovy Vary Region Card - Astoria Hotel &amp; Medical Spa -\" \/>\n<meta property=\"og:description\" content=\"The\u00a0Karlovy VARY REGION CARD\u00a0is a tourist card with prepaid services.\u00a0By purchasing a card, you can then\u00a0visit more than 40 places without paying\u00a0any more. These places include galleries, museums, historical monuments, traditional production, sports complexes, Karlovy Vary itself and the whole of the Karlovy Vary Region\" \/>\n<meta property=\"og:url\" content=\"https:\/\/astoria-spa.cz\/en\/area-information\/karlovy-vary-region-card\/\" \/>\n<meta property=\"og:site_name\" content=\"Astoria Hotel &amp; Medical Spa\" \/>\n<meta property=\"article:modified_time\" content=\"2022-03-25T09:22:01+00:00\" \/>\n<meta name=\"twitter:card\" content=\"summary_large_image\" \/>\n<meta name=\"twitter:label1\" content=\"Est. reading time\" \/>\n\t<meta name=\"twitter:data1\" content=\"1 minute\" \/>\n<script type=\"application\/ld+json\" class=\"yoast-schema-graph\">{\"@context\":\"https:\/\/schema.org\",\"@graph\":[{\"@type\":\"WebPage\",\"@id\":\"https:\/\/astoria-spa.cz\/en\/area-information\/karlovy-vary-region-card\/\",\"url\":\"https:\/\/astoria-spa.cz\/en\/area-information\/karlovy-vary-region-card\/\",\"name\":\"Karlovy Vary Region Card - Astoria Hotel & Medical Spa -\",\"isPartOf\":{\"@id\":\"https:\/\/astoria-spa.cz\/en\/#website\"},\"datePublished\":\"2022-03-07T13:39:18+00:00\",\"dateModified\":\"2022-03-25T09:22:01+00:00\",\"description\":\"The\u00a0Karlovy VARY REGION CARD\u00a0is a tourist card with prepaid services.\u00a0By purchasing a card, you can then\u00a0visit more than 40 places without paying\u00a0any more. These places include galleries, museums, historical monuments, traditional production, sports complexes, Karlovy Vary itself and the whole of the Karlovy Vary Region\",\"breadcrumb\":{\"@id\":\"https:\/\/astoria-spa.cz\/en\/area-information\/karlovy-vary-region-card\/#breadcrumb\"},\"inLanguage\":\"en-US\",\"potentialAction\":[{\"@type\":\"ReadAction\",\"target\":[\"https:\/\/astoria-spa.cz\/en\/area-information\/karlovy-vary-region-card\/\"]}]},{\"@type\":\"BreadcrumbList\",\"@id\":\"https:\/\/astoria-spa.cz\/en\/area-information\/karlovy-vary-region-card\/#breadcrumb\",\"itemListElement\":[{\"@type\":\"ListItem\",\"position\":1,\"name\":\"Home\",\"item\":\"https:\/\/astoria-spa.cz\/en\/\"},{\"@type\":\"ListItem\",\"position\":2,\"name\":\"Welcome to Karlovy Vary\",\"item\":\"https:\/\/astoria-spa.cz\/en\/area-information\/\"},{\"@type\":\"ListItem\",\"position\":3,\"name\":\"Karlovy Vary Region Card\"}]},{\"@type\":\"WebSite\",\"@id\":\"https:\/\/astoria-spa.cz\/en\/#website\",\"url\":\"https:\/\/astoria-spa.cz\/en\/\",\"name\":\"Astoria Hotel & Medical Spa\",\"description\":\"Just another ms.decms.eu site\",\"potentialAction\":[{\"@type\":\"SearchAction\",\"target\":{\"@type\":\"EntryPoint\",\"urlTemplate\":\"https:\/\/astoria-spa.cz\/en\/?s={search_term_string}\"},\"query-input\":{\"@type\":\"PropertyValueSpecification\",\"valueRequired\":true,\"valueName\":\"search_term_string\"}}],\"inLanguage\":\"en-US\"}]}<\/script>\n<!-- \/ Yoast SEO plugin. -->","yoast_head_json":{"title":"Karlovy Vary Region Card - Astoria Hotel & Medical Spa -","description":"The\u00a0Karlovy VARY REGION CARD\u00a0is a tourist card with prepaid services.\u00a0By purchasing a card, you can then\u00a0visit more than 40 places without paying\u00a0any more. These places include galleries, museums, historical monuments, traditional production, sports complexes, Karlovy Vary itself and the whole of the Karlovy Vary Region","robots":{"index":"index","follow":"follow","max-snippet":"max-snippet:-1","max-image-preview":"max-image-preview:large","max-video-preview":"max-video-preview:-1"},"canonical":"https:\/\/astoria-spa.cz\/en\/area-information\/karlovy-vary-region-card\/","og_locale":"en_US","og_type":"article","og_title":"Karlovy Vary Region Card - Astoria Hotel & Medical Spa -","og_description":"The\u00a0Karlovy VARY REGION CARD\u00a0is a tourist card with prepaid services.\u00a0By purchasing a card, you can then\u00a0visit more than 40 places without paying\u00a0any more. These places include galleries, museums, historical monuments, traditional production, sports complexes, Karlovy Vary itself and the whole of the Karlovy Vary Region","og_url":"https:\/\/astoria-spa.cz\/en\/area-information\/karlovy-vary-region-card\/","og_site_name":"Astoria Hotel & Medical Spa","article_modified_time":"2022-03-25T09:22:01+00:00","twitter_card":"summary_large_image","twitter_misc":{"Est. reading time":"1 minute"},"schema":{"@context":"https:\/\/schema.org","@graph":[{"@type":"WebPage","@id":"https:\/\/astoria-spa.cz\/en\/area-information\/karlovy-vary-region-card\/","url":"https:\/\/astoria-spa.cz\/en\/area-information\/karlovy-vary-region-card\/","name":"Karlovy Vary Region Card - Astoria Hotel & Medical Spa -","isPartOf":{"@id":"https:\/\/astoria-spa.cz\/en\/#website"},"datePublished":"2022-03-07T13:39:18+00:00","dateModified":"2022-03-25T09:22:01+00:00","description":"The\u00a0Karlovy VARY REGION CARD\u00a0is a tourist card with prepaid services.\u00a0By purchasing a card, you can then\u00a0visit more than 40 places without paying\u00a0any more. These places include galleries, museums, historical monuments, traditional production, sports complexes, Karlovy Vary itself and the whole of the Karlovy Vary Region","breadcrumb":{"@id":"https:\/\/astoria-spa.cz\/en\/area-information\/karlovy-vary-region-card\/#breadcrumb"},"inLanguage":"en-US","potentialAction":[{"@type":"ReadAction","target":["https:\/\/astoria-spa.cz\/en\/area-information\/karlovy-vary-region-card\/"]}]},{"@type":"BreadcrumbList","@id":"https:\/\/astoria-spa.cz\/en\/area-information\/karlovy-vary-region-card\/#breadcrumb","itemListElement":[{"@type":"ListItem","position":1,"name":"Home","item":"https:\/\/astoria-spa.cz\/en\/"},{"@type":"ListItem","position":2,"name":"Welcome to Karlovy Vary","item":"https:\/\/astoria-spa.cz\/en\/area-information\/"},{"@type":"ListItem","position":3,"name":"Karlovy Vary Region Card"}]},{"@type":"WebSite","@id":"https:\/\/astoria-spa.cz\/en\/#website","url":"https:\/\/astoria-spa.cz\/en\/","name":"Astoria Hotel & Medical Spa","description":"Just another ms.decms.eu site","potentialAction":[{"@type":"SearchAction","target":{"@type":"EntryPoint","urlTemplate":"https:\/\/astoria-spa.cz\/en\/?s={search_term_string}"},"query-input":{"@type":"PropertyValueSpecification","valueRequired":true,"valueName":"search_term_string"}}],"inLanguage":"en-US"}]}},"acf":[],"_links":{"self":[{"href":"https:\/\/astoria-spa.cz\/en\/wp-json\/wp\/v2\/pages\/758","targetHints":{"allow":["GET"]}}],"collection":[{"href":"https:\/\/astoria-spa.cz\/en\/wp-json\/wp\/v2\/pages"}],"about":[{"href":"https:\/\/astoria-spa.cz\/en\/wp-json\/wp\/v2\/types\/page"}],"author":[{"embeddable":true,"href":"https:\/\/astoria-spa.cz\/en\/wp-json\/wp\/v2\/users\/4"}],"replies":[{"embeddable":true,"href":"https:\/\/astoria-spa.cz\/en\/wp-json\/wp\/v2\/comments?post=758"}],"version-history":[{"count":0,"href":"https:\/\/astoria-spa.cz\/en\/wp-json\/wp\/v2\/pages\/758\/revisions"}],"up":[{"embeddable":true,"href":"https:\/\/astoria-spa.cz\/en\/wp-json\/wp\/v2\/pages\/721"}],"wp:attachment":[{"href":"https:\/\/astoria-spa.cz\/en\/wp-json\/wp\/v2\/media?parent=758"}],"wp:term":[{"taxonomy":"category","embeddable":true,"href":"https:\/\/astoria-spa.cz\/en\/wp-json\/wp\/v2\/categories?post=758"}],"curies":[{"name":"wp","href":"https:\/\/api.w.org\/{rel}","templated":true}]}}