{"id":752,"date":"2022-03-07T13:35:15","date_gmt":"2022-03-07T13:35:15","guid":{"rendered":"https:\/\/astoria-hotel-and-medical-spa.ms.decms.eu\/area-information\/sport-a-aktivity\/"},"modified":"2022-03-25T09:13:30","modified_gmt":"2022-03-25T09:13:30","slug":"sports-and-activities","status":"publish","type":"page","link":"https:\/\/astoria-spa.cz\/en\/area-information\/sports-and-activities\/","title":{"rendered":"Sports and activities"},"content":{"rendered":"<p>Golf courses (Karlovy Vary \u2013 Ol\u0161ov\u00e1 Vrata, Cihelny, Mari\u00e1nsk\u00e9 L\u00e1zn\u011b, Franti\u0161kovy L\u00e1zn\u011b, Kyn\u017evart, Sokolov, H\u00e1je, Tepl\u00e1, Luby), Sv. Linhart rope obstacle centre, indoor pools, outdoor pools, cycle paths, bicycle hire, horse riding centres, and tuition, Nordic walking, sightseeing flights, fishing, go-carts. The Ore Mountains (Kru\u0161n\u00e9 hory) are only 25 km away (skiing, cycling, hiking).<\/p>\n<p>We would be more than happy to recommend some sporting activities to suit your needs.<\/p>\n","protected":false},"excerpt":{"rendered":"<p>Golf courses (Karlovy Vary \u2013 Ol\u0161ov\u00e1 Vrata, Cihelny, Mari\u00e1nsk\u00e9 L\u00e1zn\u011b, Franti\u0161kovy L\u00e1zn\u011b, Kyn\u017evart, Sokolov, H\u00e1je, Tepl\u00e1, Luby), Sv. Linhart rope obstacle centre, indoor pools, outdoor pools, cycle paths, bicycle hire, horse riding centres, and tuition, Nordic walking, sightseeing flights, fishing, go-carts. The Ore Mountains (Kru\u0161n\u00e9 hory) are only 25 km away (skiing, cycling, hiking). We [&hellip;]<\/p>\n","protected":false},"author":4,"featured_media":0,"parent":721,"menu_order":80,"comment_status":"closed","ping_status":"closed","template":"template-default-3.php","meta":{"footnotes":""},"categories":[],"class_list":["post-752","page","type-page","status-publish","hentry"],"yoast_head":"<!-- This site is optimized with the Yoast SEO plugin v26.9 - https:\/\/yoast.com\/product\/yoast-seo-wordpress\/ -->\n<title>Sports and activities - Astoria Hotel &amp; Medical Spa -<\/title>\n<meta name=\"description\" content=\"Golf courses (Karlovy Vary \u2013 Ol\u0161ov\u00e1 Vrata, Cihelny, Mari\u00e1nsk\u00e9 L\u00e1zn\u011b, Franti\u0161kovy L\u00e1zn\u011b, Kyn\u017evart, Sokolov, H\u00e1je, Tepl\u00e1, Luby), Sv. Linhart rope obstacle centre, indoor pools, outdoor pools, cycle paths, bicycle hire, horse riding centres, and tuition, Nordic walking, sightseeing flights, fishing, go-carts\" \/>\n<meta name=\"robots\" content=\"index, follow, max-snippet:-1, max-image-preview:large, max-video-preview:-1\" \/>\n<link rel=\"canonical\" href=\"https:\/\/astoria-spa.cz\/en\/area-information\/sports-and-activities\/\" \/>\n<meta property=\"og:locale\" content=\"en_US\" \/>\n<meta property=\"og:type\" content=\"article\" \/>\n<meta property=\"og:title\" content=\"Sports and activities - Astoria Hotel &amp; Medical Spa -\" \/>\n<meta property=\"og:description\" content=\"Golf courses (Karlovy Vary \u2013 Ol\u0161ov\u00e1 Vrata, Cihelny, Mari\u00e1nsk\u00e9 L\u00e1zn\u011b, Franti\u0161kovy L\u00e1zn\u011b, Kyn\u017evart, Sokolov, H\u00e1je, Tepl\u00e1, Luby), Sv. Linhart rope obstacle centre, indoor pools, outdoor pools, cycle paths, bicycle hire, horse riding centres, and tuition, Nordic walking, sightseeing flights, fishing, go-carts\" \/>\n<meta property=\"og:url\" content=\"https:\/\/astoria-spa.cz\/en\/area-information\/sports-and-activities\/\" \/>\n<meta property=\"og:site_name\" content=\"Astoria Hotel &amp; Medical Spa\" \/>\n<meta property=\"article:modified_time\" content=\"2022-03-25T09:13:30+00:00\" \/>\n<meta name=\"twitter:card\" content=\"summary_large_image\" \/>\n<meta name=\"twitter:label1\" content=\"Est. reading time\" \/>\n\t<meta name=\"twitter:data1\" content=\"1 minute\" \/>\n<script type=\"application\/ld+json\" class=\"yoast-schema-graph\">{\"@context\":\"https:\/\/schema.org\",\"@graph\":[{\"@type\":\"WebPage\",\"@id\":\"https:\/\/astoria-spa.cz\/en\/area-information\/sports-and-activities\/\",\"url\":\"https:\/\/astoria-spa.cz\/en\/area-information\/sports-and-activities\/\",\"name\":\"Sports and activities - Astoria Hotel & Medical Spa -\",\"isPartOf\":{\"@id\":\"https:\/\/astoria-spa.cz\/en\/#website\"},\"datePublished\":\"2022-03-07T13:35:15+00:00\",\"dateModified\":\"2022-03-25T09:13:30+00:00\",\"description\":\"Golf courses (Karlovy Vary \u2013 Ol\u0161ov\u00e1 Vrata, Cihelny, Mari\u00e1nsk\u00e9 L\u00e1zn\u011b, Franti\u0161kovy L\u00e1zn\u011b, Kyn\u017evart, Sokolov, H\u00e1je, Tepl\u00e1, Luby), Sv. Linhart rope obstacle centre, indoor pools, outdoor pools, cycle paths, bicycle hire, horse riding centres, and tuition, Nordic walking, sightseeing flights, fishing, go-carts\",\"breadcrumb\":{\"@id\":\"https:\/\/astoria-spa.cz\/en\/area-information\/sports-and-activities\/#breadcrumb\"},\"inLanguage\":\"en-US\",\"potentialAction\":[{\"@type\":\"ReadAction\",\"target\":[\"https:\/\/astoria-spa.cz\/en\/area-information\/sports-and-activities\/\"]}]},{\"@type\":\"BreadcrumbList\",\"@id\":\"https:\/\/astoria-spa.cz\/en\/area-information\/sports-and-activities\/#breadcrumb\",\"itemListElement\":[{\"@type\":\"ListItem\",\"position\":1,\"name\":\"Home\",\"item\":\"https:\/\/astoria-spa.cz\/en\/\"},{\"@type\":\"ListItem\",\"position\":2,\"name\":\"Welcome to Karlovy Vary\",\"item\":\"https:\/\/astoria-spa.cz\/en\/area-information\/\"},{\"@type\":\"ListItem\",\"position\":3,\"name\":\"Sports and activities\"}]},{\"@type\":\"WebSite\",\"@id\":\"https:\/\/astoria-spa.cz\/en\/#website\",\"url\":\"https:\/\/astoria-spa.cz\/en\/\",\"name\":\"Astoria Hotel & Medical Spa\",\"description\":\"Just another ms.decms.eu site\",\"potentialAction\":[{\"@type\":\"SearchAction\",\"target\":{\"@type\":\"EntryPoint\",\"urlTemplate\":\"https:\/\/astoria-spa.cz\/en\/?s={search_term_string}\"},\"query-input\":{\"@type\":\"PropertyValueSpecification\",\"valueRequired\":true,\"valueName\":\"search_term_string\"}}],\"inLanguage\":\"en-US\"}]}<\/script>\n<!-- \/ Yoast SEO plugin. -->","yoast_head_json":{"title":"Sports and activities - Astoria Hotel & Medical Spa -","description":"Golf courses (Karlovy Vary \u2013 Ol\u0161ov\u00e1 Vrata, Cihelny, Mari\u00e1nsk\u00e9 L\u00e1zn\u011b, Franti\u0161kovy L\u00e1zn\u011b, Kyn\u017evart, Sokolov, H\u00e1je, Tepl\u00e1, Luby), Sv. Linhart rope obstacle centre, indoor pools, outdoor pools, cycle paths, bicycle hire, horse riding centres, and tuition, Nordic walking, sightseeing flights, fishing, go-carts","robots":{"index":"index","follow":"follow","max-snippet":"max-snippet:-1","max-image-preview":"max-image-preview:large","max-video-preview":"max-video-preview:-1"},"canonical":"https:\/\/astoria-spa.cz\/en\/area-information\/sports-and-activities\/","og_locale":"en_US","og_type":"article","og_title":"Sports and activities - Astoria Hotel & Medical Spa -","og_description":"Golf courses (Karlovy Vary \u2013 Ol\u0161ov\u00e1 Vrata, Cihelny, Mari\u00e1nsk\u00e9 L\u00e1zn\u011b, Franti\u0161kovy L\u00e1zn\u011b, Kyn\u017evart, Sokolov, H\u00e1je, Tepl\u00e1, Luby), Sv. Linhart rope obstacle centre, indoor pools, outdoor pools, cycle paths, bicycle hire, horse riding centres, and tuition, Nordic walking, sightseeing flights, fishing, go-carts","og_url":"https:\/\/astoria-spa.cz\/en\/area-information\/sports-and-activities\/","og_site_name":"Astoria Hotel & Medical Spa","article_modified_time":"2022-03-25T09:13:30+00:00","twitter_card":"summary_large_image","twitter_misc":{"Est. reading time":"1 minute"},"schema":{"@context":"https:\/\/schema.org","@graph":[{"@type":"WebPage","@id":"https:\/\/astoria-spa.cz\/en\/area-information\/sports-and-activities\/","url":"https:\/\/astoria-spa.cz\/en\/area-information\/sports-and-activities\/","name":"Sports and activities - Astoria Hotel & Medical Spa -","isPartOf":{"@id":"https:\/\/astoria-spa.cz\/en\/#website"},"datePublished":"2022-03-07T13:35:15+00:00","dateModified":"2022-03-25T09:13:30+00:00","description":"Golf courses (Karlovy Vary \u2013 Ol\u0161ov\u00e1 Vrata, Cihelny, Mari\u00e1nsk\u00e9 L\u00e1zn\u011b, Franti\u0161kovy L\u00e1zn\u011b, Kyn\u017evart, Sokolov, H\u00e1je, Tepl\u00e1, Luby), Sv. Linhart rope obstacle centre, indoor pools, outdoor pools, cycle paths, bicycle hire, horse riding centres, and tuition, Nordic walking, sightseeing flights, fishing, go-carts","breadcrumb":{"@id":"https:\/\/astoria-spa.cz\/en\/area-information\/sports-and-activities\/#breadcrumb"},"inLanguage":"en-US","potentialAction":[{"@type":"ReadAction","target":["https:\/\/astoria-spa.cz\/en\/area-information\/sports-and-activities\/"]}]},{"@type":"BreadcrumbList","@id":"https:\/\/astoria-spa.cz\/en\/area-information\/sports-and-activities\/#breadcrumb","itemListElement":[{"@type":"ListItem","position":1,"name":"Home","item":"https:\/\/astoria-spa.cz\/en\/"},{"@type":"ListItem","position":2,"name":"Welcome to Karlovy Vary","item":"https:\/\/astoria-spa.cz\/en\/area-information\/"},{"@type":"ListItem","position":3,"name":"Sports and activities"}]},{"@type":"WebSite","@id":"https:\/\/astoria-spa.cz\/en\/#website","url":"https:\/\/astoria-spa.cz\/en\/","name":"Astoria Hotel & Medical Spa","description":"Just another ms.decms.eu site","potentialAction":[{"@type":"SearchAction","target":{"@type":"EntryPoint","urlTemplate":"https:\/\/astoria-spa.cz\/en\/?s={search_term_string}"},"query-input":{"@type":"PropertyValueSpecification","valueRequired":true,"valueName":"search_term_string"}}],"inLanguage":"en-US"}]}},"acf":[],"_links":{"self":[{"href":"https:\/\/astoria-spa.cz\/en\/wp-json\/wp\/v2\/pages\/752","targetHints":{"allow":["GET"]}}],"collection":[{"href":"https:\/\/astoria-spa.cz\/en\/wp-json\/wp\/v2\/pages"}],"about":[{"href":"https:\/\/astoria-spa.cz\/en\/wp-json\/wp\/v2\/types\/page"}],"author":[{"embeddable":true,"href":"https:\/\/astoria-spa.cz\/en\/wp-json\/wp\/v2\/users\/4"}],"replies":[{"embeddable":true,"href":"https:\/\/astoria-spa.cz\/en\/wp-json\/wp\/v2\/comments?post=752"}],"version-history":[{"count":0,"href":"https:\/\/astoria-spa.cz\/en\/wp-json\/wp\/v2\/pages\/752\/revisions"}],"up":[{"embeddable":true,"href":"https:\/\/astoria-spa.cz\/en\/wp-json\/wp\/v2\/pages\/721"}],"wp:attachment":[{"href":"https:\/\/astoria-spa.cz\/en\/wp-json\/wp\/v2\/media?parent=752"}],"wp:term":[{"taxonomy":"category","embeddable":true,"href":"https:\/\/astoria-spa.cz\/en\/wp-json\/wp\/v2\/categories?post=752"}],"curies":[{"name":"wp","href":"https:\/\/api.w.org\/{rel}","templated":true}]}}