{"id":747,"date":"2022-03-07T13:27:03","date_gmt":"2022-03-07T13:27:03","guid":{"rendered":"https:\/\/astoria-hotel-and-medical-spa.ms.decms.eu\/area-information\/vylety-po-regionu\/"},"modified":"2022-03-25T09:05:13","modified_gmt":"2022-03-25T09:05:13","slug":"trips-around-the-region","status":"publish","type":"page","link":"https:\/\/astoria-spa.cz\/en\/area-information\/trips-around-the-region\/","title":{"rendered":"Trips around the region"},"content":{"rendered":"<p>Karlovy Vary is one point on the West Bohemian spa \u201ctriangle\u201d, with two other spa towns within just 30 minutes\u2019 reach: Mari\u00e1nsk\u00e9 L\u00e1zn\u011b and Franti\u0161kovy L\u00e1zn\u011b. The region has many monuments and sights to see, castles and chateaux (Loket, Be\u010dov, Kyn\u017evart, Seeberg, Tepl\u00e1, Cheb), pilgrimage places at Chlum and Maria Loreto, and a host of natural beauties: Slavkov Forest (Slavkovsk\u00fd les), the Ore Mountains (Kru\u0161n\u00e9 hory), and the Doupov Mountains (Doupovsk\u00e9 hory). We would be more than happy to provide you with some ideas for days out to suit your needs.<\/p>\n","protected":false},"excerpt":{"rendered":"<p>Karlovy Vary is one point on the West Bohemian spa \u201ctriangle\u201d, with two other spa towns within just 30 minutes\u2019 reach: Mari\u00e1nsk\u00e9 L\u00e1zn\u011b and Franti\u0161kovy L\u00e1zn\u011b. The region has many monuments and sights to see, castles and chateaux (Loket, Be\u010dov, Kyn\u017evart, Seeberg, Tepl\u00e1, Cheb), pilgrimage places at Chlum and Maria Loreto, and a host of [&hellip;]<\/p>\n","protected":false},"author":4,"featured_media":0,"parent":721,"menu_order":70,"comment_status":"closed","ping_status":"closed","template":"template-default-3.php","meta":{"footnotes":""},"categories":[],"class_list":["post-747","page","type-page","status-publish","hentry"],"yoast_head":"<!-- This site is optimized with the Yoast SEO plugin v26.9 - https:\/\/yoast.com\/product\/yoast-seo-wordpress\/ -->\n<title>Trips around the region - Astoria Hotel &amp; Medical Spa -<\/title>\n<meta name=\"description\" content=\"Karlovy Vary is one point on the West Bohemian spa \u201ctriangle\u201d, with two other spa towns within just 30 minutes\u2019 reach: Mari\u00e1nsk\u00e9 L\u00e1zn\u011b and Franti\u0161kovy L\u00e1zn\u011b. The region has many monuments and sights to see, castles and chateaux (Loket, Be\u010dov, Kyn\u017evart, Seeberg, Tepl\u00e1, Cheb), pilgrimage places at Chlum and Maria Loreto, and a host of natural beauties: Slavkov Forest (Slavkovsk\u00fd les), the Ore Mountains (Kru\u0161n\u00e9 hory), and the Doupov Mountains (Doupovsk\u00e9 hory)\" \/>\n<meta name=\"robots\" content=\"index, follow, max-snippet:-1, max-image-preview:large, max-video-preview:-1\" \/>\n<link rel=\"canonical\" href=\"https:\/\/astoria-spa.cz\/en\/area-information\/trips-around-the-region\/\" \/>\n<meta property=\"og:locale\" content=\"en_US\" \/>\n<meta property=\"og:type\" content=\"article\" \/>\n<meta property=\"og:title\" content=\"Trips around the region - Astoria Hotel &amp; Medical Spa -\" \/>\n<meta property=\"og:description\" content=\"Karlovy Vary is one point on the West Bohemian spa \u201ctriangle\u201d, with two other spa towns within just 30 minutes\u2019 reach: Mari\u00e1nsk\u00e9 L\u00e1zn\u011b and Franti\u0161kovy L\u00e1zn\u011b. The region has many monuments and sights to see, castles and chateaux (Loket, Be\u010dov, Kyn\u017evart, Seeberg, Tepl\u00e1, Cheb), pilgrimage places at Chlum and Maria Loreto, and a host of natural beauties: Slavkov Forest (Slavkovsk\u00fd les), the Ore Mountains (Kru\u0161n\u00e9 hory), and the Doupov Mountains (Doupovsk\u00e9 hory)\" \/>\n<meta property=\"og:url\" content=\"https:\/\/astoria-spa.cz\/en\/area-information\/trips-around-the-region\/\" \/>\n<meta property=\"og:site_name\" content=\"Astoria Hotel &amp; Medical Spa\" \/>\n<meta property=\"article:modified_time\" content=\"2022-03-25T09:05:13+00:00\" \/>\n<meta name=\"twitter:card\" content=\"summary_large_image\" \/>\n<meta name=\"twitter:label1\" content=\"Est. reading time\" \/>\n\t<meta name=\"twitter:data1\" content=\"1 minute\" \/>\n<script type=\"application\/ld+json\" class=\"yoast-schema-graph\">{\"@context\":\"https:\/\/schema.org\",\"@graph\":[{\"@type\":\"WebPage\",\"@id\":\"https:\/\/astoria-spa.cz\/en\/area-information\/trips-around-the-region\/\",\"url\":\"https:\/\/astoria-spa.cz\/en\/area-information\/trips-around-the-region\/\",\"name\":\"Trips around the region - Astoria Hotel & Medical Spa -\",\"isPartOf\":{\"@id\":\"https:\/\/astoria-spa.cz\/en\/#website\"},\"datePublished\":\"2022-03-07T13:27:03+00:00\",\"dateModified\":\"2022-03-25T09:05:13+00:00\",\"description\":\"Karlovy Vary is one point on the West Bohemian spa \u201ctriangle\u201d, with two other spa towns within just 30 minutes\u2019 reach: Mari\u00e1nsk\u00e9 L\u00e1zn\u011b and Franti\u0161kovy L\u00e1zn\u011b. The region has many monuments and sights to see, castles and chateaux (Loket, Be\u010dov, Kyn\u017evart, Seeberg, Tepl\u00e1, Cheb), pilgrimage places at Chlum and Maria Loreto, and a host of natural beauties: Slavkov Forest (Slavkovsk\u00fd les), the Ore Mountains (Kru\u0161n\u00e9 hory), and the Doupov Mountains (Doupovsk\u00e9 hory)\",\"breadcrumb\":{\"@id\":\"https:\/\/astoria-spa.cz\/en\/area-information\/trips-around-the-region\/#breadcrumb\"},\"inLanguage\":\"en-US\",\"potentialAction\":[{\"@type\":\"ReadAction\",\"target\":[\"https:\/\/astoria-spa.cz\/en\/area-information\/trips-around-the-region\/\"]}]},{\"@type\":\"BreadcrumbList\",\"@id\":\"https:\/\/astoria-spa.cz\/en\/area-information\/trips-around-the-region\/#breadcrumb\",\"itemListElement\":[{\"@type\":\"ListItem\",\"position\":1,\"name\":\"Home\",\"item\":\"https:\/\/astoria-spa.cz\/en\/\"},{\"@type\":\"ListItem\",\"position\":2,\"name\":\"Welcome to Karlovy Vary\",\"item\":\"https:\/\/astoria-spa.cz\/en\/area-information\/\"},{\"@type\":\"ListItem\",\"position\":3,\"name\":\"Trips around the region\"}]},{\"@type\":\"WebSite\",\"@id\":\"https:\/\/astoria-spa.cz\/en\/#website\",\"url\":\"https:\/\/astoria-spa.cz\/en\/\",\"name\":\"Astoria Hotel & Medical Spa\",\"description\":\"Just another ms.decms.eu site\",\"potentialAction\":[{\"@type\":\"SearchAction\",\"target\":{\"@type\":\"EntryPoint\",\"urlTemplate\":\"https:\/\/astoria-spa.cz\/en\/?s={search_term_string}\"},\"query-input\":{\"@type\":\"PropertyValueSpecification\",\"valueRequired\":true,\"valueName\":\"search_term_string\"}}],\"inLanguage\":\"en-US\"}]}<\/script>\n<!-- \/ Yoast SEO plugin. -->","yoast_head_json":{"title":"Trips around the region - Astoria Hotel & Medical Spa -","description":"Karlovy Vary is one point on the West Bohemian spa \u201ctriangle\u201d, with two other spa towns within just 30 minutes\u2019 reach: Mari\u00e1nsk\u00e9 L\u00e1zn\u011b and Franti\u0161kovy L\u00e1zn\u011b. The region has many monuments and sights to see, castles and chateaux (Loket, Be\u010dov, Kyn\u017evart, Seeberg, Tepl\u00e1, Cheb), pilgrimage places at Chlum and Maria Loreto, and a host of natural beauties: Slavkov Forest (Slavkovsk\u00fd les), the Ore Mountains (Kru\u0161n\u00e9 hory), and the Doupov Mountains (Doupovsk\u00e9 hory)","robots":{"index":"index","follow":"follow","max-snippet":"max-snippet:-1","max-image-preview":"max-image-preview:large","max-video-preview":"max-video-preview:-1"},"canonical":"https:\/\/astoria-spa.cz\/en\/area-information\/trips-around-the-region\/","og_locale":"en_US","og_type":"article","og_title":"Trips around the region - Astoria Hotel & Medical Spa -","og_description":"Karlovy Vary is one point on the West Bohemian spa \u201ctriangle\u201d, with two other spa towns within just 30 minutes\u2019 reach: Mari\u00e1nsk\u00e9 L\u00e1zn\u011b and Franti\u0161kovy L\u00e1zn\u011b. The region has many monuments and sights to see, castles and chateaux (Loket, Be\u010dov, Kyn\u017evart, Seeberg, Tepl\u00e1, Cheb), pilgrimage places at Chlum and Maria Loreto, and a host of natural beauties: Slavkov Forest (Slavkovsk\u00fd les), the Ore Mountains (Kru\u0161n\u00e9 hory), and the Doupov Mountains (Doupovsk\u00e9 hory)","og_url":"https:\/\/astoria-spa.cz\/en\/area-information\/trips-around-the-region\/","og_site_name":"Astoria Hotel & Medical Spa","article_modified_time":"2022-03-25T09:05:13+00:00","twitter_card":"summary_large_image","twitter_misc":{"Est. reading time":"1 minute"},"schema":{"@context":"https:\/\/schema.org","@graph":[{"@type":"WebPage","@id":"https:\/\/astoria-spa.cz\/en\/area-information\/trips-around-the-region\/","url":"https:\/\/astoria-spa.cz\/en\/area-information\/trips-around-the-region\/","name":"Trips around the region - Astoria Hotel & Medical Spa -","isPartOf":{"@id":"https:\/\/astoria-spa.cz\/en\/#website"},"datePublished":"2022-03-07T13:27:03+00:00","dateModified":"2022-03-25T09:05:13+00:00","description":"Karlovy Vary is one point on the West Bohemian spa \u201ctriangle\u201d, with two other spa towns within just 30 minutes\u2019 reach: Mari\u00e1nsk\u00e9 L\u00e1zn\u011b and Franti\u0161kovy L\u00e1zn\u011b. The region has many monuments and sights to see, castles and chateaux (Loket, Be\u010dov, Kyn\u017evart, Seeberg, Tepl\u00e1, Cheb), pilgrimage places at Chlum and Maria Loreto, and a host of natural beauties: Slavkov Forest (Slavkovsk\u00fd les), the Ore Mountains (Kru\u0161n\u00e9 hory), and the Doupov Mountains (Doupovsk\u00e9 hory)","breadcrumb":{"@id":"https:\/\/astoria-spa.cz\/en\/area-information\/trips-around-the-region\/#breadcrumb"},"inLanguage":"en-US","potentialAction":[{"@type":"ReadAction","target":["https:\/\/astoria-spa.cz\/en\/area-information\/trips-around-the-region\/"]}]},{"@type":"BreadcrumbList","@id":"https:\/\/astoria-spa.cz\/en\/area-information\/trips-around-the-region\/#breadcrumb","itemListElement":[{"@type":"ListItem","position":1,"name":"Home","item":"https:\/\/astoria-spa.cz\/en\/"},{"@type":"ListItem","position":2,"name":"Welcome to Karlovy Vary","item":"https:\/\/astoria-spa.cz\/en\/area-information\/"},{"@type":"ListItem","position":3,"name":"Trips around the region"}]},{"@type":"WebSite","@id":"https:\/\/astoria-spa.cz\/en\/#website","url":"https:\/\/astoria-spa.cz\/en\/","name":"Astoria Hotel & Medical Spa","description":"Just another ms.decms.eu site","potentialAction":[{"@type":"SearchAction","target":{"@type":"EntryPoint","urlTemplate":"https:\/\/astoria-spa.cz\/en\/?s={search_term_string}"},"query-input":{"@type":"PropertyValueSpecification","valueRequired":true,"valueName":"search_term_string"}}],"inLanguage":"en-US"}]}},"acf":[],"_links":{"self":[{"href":"https:\/\/astoria-spa.cz\/en\/wp-json\/wp\/v2\/pages\/747","targetHints":{"allow":["GET"]}}],"collection":[{"href":"https:\/\/astoria-spa.cz\/en\/wp-json\/wp\/v2\/pages"}],"about":[{"href":"https:\/\/astoria-spa.cz\/en\/wp-json\/wp\/v2\/types\/page"}],"author":[{"embeddable":true,"href":"https:\/\/astoria-spa.cz\/en\/wp-json\/wp\/v2\/users\/4"}],"replies":[{"embeddable":true,"href":"https:\/\/astoria-spa.cz\/en\/wp-json\/wp\/v2\/comments?post=747"}],"version-history":[{"count":0,"href":"https:\/\/astoria-spa.cz\/en\/wp-json\/wp\/v2\/pages\/747\/revisions"}],"up":[{"embeddable":true,"href":"https:\/\/astoria-spa.cz\/en\/wp-json\/wp\/v2\/pages\/721"}],"wp:attachment":[{"href":"https:\/\/astoria-spa.cz\/en\/wp-json\/wp\/v2\/media?parent=747"}],"wp:term":[{"taxonomy":"category","embeddable":true,"href":"https:\/\/astoria-spa.cz\/en\/wp-json\/wp\/v2\/categories?post=747"}],"curies":[{"name":"wp","href":"https:\/\/api.w.org\/{rel}","templated":true}]}}