{"id":729,"date":"2022-03-07T11:10:18","date_gmt":"2022-03-07T11:10:18","guid":{"rendered":"https:\/\/astoria-hotel-and-medical-spa.ms.decms.eu\/area-information\/prameny-a-kolonady\/"},"modified":"2022-11-08T23:30:48","modified_gmt":"2022-11-08T23:30:48","slug":"springs-and-colonnades","status":"publish","type":"page","link":"https:\/\/astoria-spa.cz\/en\/area-information\/springs-and-colonnades\/","title":{"rendered":"Springs and colonnades"},"content":{"rendered":"<p>The Karlovy Vary colonnades traditionally attract the largest number of visitors. Whether your spa doctor has prescribed a drinking cure or you just want to taste the springs, you will find them in the colonnades.<\/p>\n<p>The most popular colonnade is the Mill Colonnade, built by the famous architect Z\u00edtek in the Neo-Renaissance style. Its roof is supported by 124 Corinthian columns, adorned with a number of statues and best enjoyed from the balconies of the Astoria complex. There are several springs in its vicinity: Skaln\u00ed, Libu\u0161e, Prince Wenceslas I. and II., Ml\u00fdnsk\u00fd and Rusalka.<\/p>\n<p>&nbsp;<\/p>\n","protected":false},"excerpt":{"rendered":"<p>The Karlovy Vary colonnades traditionally attract the largest number of visitors. Whether your spa doctor has prescribed a drinking cure or you just want to taste the springs, you will find them in the colonnades. The most popular colonnade is the Mill Colonnade, built by the famous architect Z\u00edtek in the Neo-Renaissance style. Its roof [&hellip;]<\/p>\n","protected":false},"author":4,"featured_media":0,"parent":721,"menu_order":20,"comment_status":"closed","ping_status":"closed","template":"template-default-3.php","meta":{"footnotes":""},"categories":[],"class_list":["post-729","page","type-page","status-publish","hentry"],"yoast_head":"<!-- This site is optimized with the Yoast SEO plugin v26.9 - https:\/\/yoast.com\/product\/yoast-seo-wordpress\/ -->\n<title>Springs and colonnades - Astoria Hotel &amp; Medical Spa -<\/title>\n<meta name=\"description\" content=\"The Karlovy Vary colonnades traditionally attract the largest number of visitors. Whether your spa doctor has prescribed a drinking cure or you just want to taste the springs, you will find them in the colonnades.  The most popular colonnade is the Mill Colonnade, built by the famous architect Z\u00edtek in the Neo-Renaissance style\" \/>\n<meta name=\"robots\" content=\"index, follow, max-snippet:-1, max-image-preview:large, max-video-preview:-1\" \/>\n<link rel=\"canonical\" href=\"https:\/\/astoria-spa.cz\/en\/area-information\/springs-and-colonnades\/\" \/>\n<meta property=\"og:locale\" content=\"en_US\" \/>\n<meta property=\"og:type\" content=\"article\" \/>\n<meta property=\"og:title\" content=\"Springs and colonnades - Astoria Hotel &amp; Medical Spa -\" \/>\n<meta property=\"og:description\" content=\"The Karlovy Vary colonnades traditionally attract the largest number of visitors. Whether your spa doctor has prescribed a drinking cure or you just want to taste the springs, you will find them in the colonnades.  The most popular colonnade is the Mill Colonnade, built by the famous architect Z\u00edtek in the Neo-Renaissance style\" \/>\n<meta property=\"og:url\" content=\"https:\/\/astoria-spa.cz\/en\/area-information\/springs-and-colonnades\/\" \/>\n<meta property=\"og:site_name\" content=\"Astoria Hotel &amp; Medical Spa\" \/>\n<meta property=\"article:modified_time\" content=\"2022-11-08T23:30:48+00:00\" \/>\n<meta name=\"twitter:card\" content=\"summary_large_image\" \/>\n<meta name=\"twitter:label1\" content=\"Est. reading time\" \/>\n\t<meta name=\"twitter:data1\" content=\"1 minute\" \/>\n<script type=\"application\/ld+json\" class=\"yoast-schema-graph\">{\"@context\":\"https:\/\/schema.org\",\"@graph\":[{\"@type\":\"WebPage\",\"@id\":\"https:\/\/astoria-spa.cz\/en\/area-information\/springs-and-colonnades\/\",\"url\":\"https:\/\/astoria-spa.cz\/en\/area-information\/springs-and-colonnades\/\",\"name\":\"Springs and colonnades - Astoria Hotel & Medical Spa -\",\"isPartOf\":{\"@id\":\"https:\/\/astoria-spa.cz\/en\/#website\"},\"datePublished\":\"2022-03-07T11:10:18+00:00\",\"dateModified\":\"2022-11-08T23:30:48+00:00\",\"description\":\"The Karlovy Vary colonnades traditionally attract the largest number of visitors. Whether your spa doctor has prescribed a drinking cure or you just want to taste the springs, you will find them in the colonnades. The most popular colonnade is the Mill Colonnade, built by the famous architect Z\u00edtek in the Neo-Renaissance style\",\"breadcrumb\":{\"@id\":\"https:\/\/astoria-spa.cz\/en\/area-information\/springs-and-colonnades\/#breadcrumb\"},\"inLanguage\":\"en-US\",\"potentialAction\":[{\"@type\":\"ReadAction\",\"target\":[\"https:\/\/astoria-spa.cz\/en\/area-information\/springs-and-colonnades\/\"]}]},{\"@type\":\"BreadcrumbList\",\"@id\":\"https:\/\/astoria-spa.cz\/en\/area-information\/springs-and-colonnades\/#breadcrumb\",\"itemListElement\":[{\"@type\":\"ListItem\",\"position\":1,\"name\":\"Home\",\"item\":\"https:\/\/astoria-spa.cz\/en\/\"},{\"@type\":\"ListItem\",\"position\":2,\"name\":\"Welcome to Karlovy Vary\",\"item\":\"https:\/\/astoria-spa.cz\/en\/area-information\/\"},{\"@type\":\"ListItem\",\"position\":3,\"name\":\"Springs and colonnades\"}]},{\"@type\":\"WebSite\",\"@id\":\"https:\/\/astoria-spa.cz\/en\/#website\",\"url\":\"https:\/\/astoria-spa.cz\/en\/\",\"name\":\"Astoria Hotel & Medical Spa\",\"description\":\"Just another ms.decms.eu site\",\"potentialAction\":[{\"@type\":\"SearchAction\",\"target\":{\"@type\":\"EntryPoint\",\"urlTemplate\":\"https:\/\/astoria-spa.cz\/en\/?s={search_term_string}\"},\"query-input\":{\"@type\":\"PropertyValueSpecification\",\"valueRequired\":true,\"valueName\":\"search_term_string\"}}],\"inLanguage\":\"en-US\"}]}<\/script>\n<!-- \/ Yoast SEO plugin. -->","yoast_head_json":{"title":"Springs and colonnades - Astoria Hotel & Medical Spa -","description":"The Karlovy Vary colonnades traditionally attract the largest number of visitors. Whether your spa doctor has prescribed a drinking cure or you just want to taste the springs, you will find them in the colonnades.  The most popular colonnade is the Mill Colonnade, built by the famous architect Z\u00edtek in the Neo-Renaissance style","robots":{"index":"index","follow":"follow","max-snippet":"max-snippet:-1","max-image-preview":"max-image-preview:large","max-video-preview":"max-video-preview:-1"},"canonical":"https:\/\/astoria-spa.cz\/en\/area-information\/springs-and-colonnades\/","og_locale":"en_US","og_type":"article","og_title":"Springs and colonnades - Astoria Hotel & Medical Spa -","og_description":"The Karlovy Vary colonnades traditionally attract the largest number of visitors. Whether your spa doctor has prescribed a drinking cure or you just want to taste the springs, you will find them in the colonnades.  The most popular colonnade is the Mill Colonnade, built by the famous architect Z\u00edtek in the Neo-Renaissance style","og_url":"https:\/\/astoria-spa.cz\/en\/area-information\/springs-and-colonnades\/","og_site_name":"Astoria Hotel & Medical Spa","article_modified_time":"2022-11-08T23:30:48+00:00","twitter_card":"summary_large_image","twitter_misc":{"Est. reading time":"1 minute"},"schema":{"@context":"https:\/\/schema.org","@graph":[{"@type":"WebPage","@id":"https:\/\/astoria-spa.cz\/en\/area-information\/springs-and-colonnades\/","url":"https:\/\/astoria-spa.cz\/en\/area-information\/springs-and-colonnades\/","name":"Springs and colonnades - Astoria Hotel & Medical Spa -","isPartOf":{"@id":"https:\/\/astoria-spa.cz\/en\/#website"},"datePublished":"2022-03-07T11:10:18+00:00","dateModified":"2022-11-08T23:30:48+00:00","description":"The Karlovy Vary colonnades traditionally attract the largest number of visitors. Whether your spa doctor has prescribed a drinking cure or you just want to taste the springs, you will find them in the colonnades. The most popular colonnade is the Mill Colonnade, built by the famous architect Z\u00edtek in the Neo-Renaissance style","breadcrumb":{"@id":"https:\/\/astoria-spa.cz\/en\/area-information\/springs-and-colonnades\/#breadcrumb"},"inLanguage":"en-US","potentialAction":[{"@type":"ReadAction","target":["https:\/\/astoria-spa.cz\/en\/area-information\/springs-and-colonnades\/"]}]},{"@type":"BreadcrumbList","@id":"https:\/\/astoria-spa.cz\/en\/area-information\/springs-and-colonnades\/#breadcrumb","itemListElement":[{"@type":"ListItem","position":1,"name":"Home","item":"https:\/\/astoria-spa.cz\/en\/"},{"@type":"ListItem","position":2,"name":"Welcome to Karlovy Vary","item":"https:\/\/astoria-spa.cz\/en\/area-information\/"},{"@type":"ListItem","position":3,"name":"Springs and colonnades"}]},{"@type":"WebSite","@id":"https:\/\/astoria-spa.cz\/en\/#website","url":"https:\/\/astoria-spa.cz\/en\/","name":"Astoria Hotel & Medical Spa","description":"Just another ms.decms.eu site","potentialAction":[{"@type":"SearchAction","target":{"@type":"EntryPoint","urlTemplate":"https:\/\/astoria-spa.cz\/en\/?s={search_term_string}"},"query-input":{"@type":"PropertyValueSpecification","valueRequired":true,"valueName":"search_term_string"}}],"inLanguage":"en-US"}]}},"acf":[],"_links":{"self":[{"href":"https:\/\/astoria-spa.cz\/en\/wp-json\/wp\/v2\/pages\/729","targetHints":{"allow":["GET"]}}],"collection":[{"href":"https:\/\/astoria-spa.cz\/en\/wp-json\/wp\/v2\/pages"}],"about":[{"href":"https:\/\/astoria-spa.cz\/en\/wp-json\/wp\/v2\/types\/page"}],"author":[{"embeddable":true,"href":"https:\/\/astoria-spa.cz\/en\/wp-json\/wp\/v2\/users\/4"}],"replies":[{"embeddable":true,"href":"https:\/\/astoria-spa.cz\/en\/wp-json\/wp\/v2\/comments?post=729"}],"version-history":[{"count":0,"href":"https:\/\/astoria-spa.cz\/en\/wp-json\/wp\/v2\/pages\/729\/revisions"}],"up":[{"embeddable":true,"href":"https:\/\/astoria-spa.cz\/en\/wp-json\/wp\/v2\/pages\/721"}],"wp:attachment":[{"href":"https:\/\/astoria-spa.cz\/en\/wp-json\/wp\/v2\/media?parent=729"}],"wp:term":[{"taxonomy":"category","embeddable":true,"href":"https:\/\/astoria-spa.cz\/en\/wp-json\/wp\/v2\/categories?post=729"}],"curies":[{"name":"wp","href":"https:\/\/api.w.org\/{rel}","templated":true}]}}