{"id":724,"date":"2022-03-07T10:57:58","date_gmt":"2022-03-07T10:57:58","guid":{"rendered":"https:\/\/astoria-hotel-and-medical-spa.ms.decms.eu\/area-information\/mesto-karlovy-vary\/"},"modified":"2022-11-08T23:36:02","modified_gmt":"2022-11-08T23:36:02","slug":"the-city-of-karlovy-vary","status":"publish","type":"page","link":"https:\/\/astoria-spa.cz\/en\/area-information\/the-city-of-karlovy-vary\/","title":{"rendered":"Karlovy Vary region"},"content":{"rendered":"<p>The town of Karlovy Vary was founded in the 14th century by Emperor Charles IV. According to legend, he had the town built soon after his hunting party accidentally discovered the thermal springs. The spa enjoyed the favour of many noble families and wealthy burghers as early as the 16th century. However, due to several natural disasters, only a few buildings from this period have survived. Most of the historical buildings date back to the 18th and 19th centuries, when the city experienced a &#8220;period of plenty&#8221;. A number of buildings, such as the Art Deco WOLKER, were built in the rich Art Deco style.<\/p>\n<p>Today, Karlovy Vary, together with Mari\u00e1nsk\u00e9 L\u00e1zn\u011b and Franti\u0161kovy L\u00e1zn\u011b, is part of a UNESCO World Heritage Site and offers guests not only professional spa services, but also a wide range of cultural, sports and sightseeing programmes in the surrounding area.<\/p>\n<p>&nbsp;<\/p>\n","protected":false},"excerpt":{"rendered":"<p>The town of Karlovy Vary was founded in the 14th century by Emperor Charles IV. According to legend, he had the town built soon after his hunting party accidentally discovered the thermal springs. The spa enjoyed the favour of many noble families and wealthy burghers as early as the 16th century. However, due to several [&hellip;]<\/p>\n","protected":false},"author":4,"featured_media":0,"parent":721,"menu_order":4,"comment_status":"closed","ping_status":"closed","template":"template-default-3.php","meta":{"footnotes":""},"categories":[],"class_list":["post-724","page","type-page","status-publish","hentry"],"yoast_head":"<!-- This site is optimized with the Yoast SEO plugin v26.9 - https:\/\/yoast.com\/product\/yoast-seo-wordpress\/ -->\n<title>Karlovy Vary region - Astoria Hotel &amp; Medical Spa -<\/title>\n<meta name=\"description\" content=\"The town of Karlovy Vary was founded in the 14th century by Emperor Charles IV. According to legend, he had the town built soon after his hunting party accidentally discovered the thermal springs\" \/>\n<meta name=\"robots\" content=\"index, follow, max-snippet:-1, max-image-preview:large, max-video-preview:-1\" \/>\n<link rel=\"canonical\" href=\"https:\/\/astoria-spa.cz\/en\/area-information\/the-city-of-karlovy-vary\/\" \/>\n<meta property=\"og:locale\" content=\"en_US\" \/>\n<meta property=\"og:type\" content=\"article\" \/>\n<meta property=\"og:title\" content=\"Karlovy Vary region - Astoria Hotel &amp; Medical Spa -\" \/>\n<meta property=\"og:description\" content=\"The town of Karlovy Vary was founded in the 14th century by Emperor Charles IV. According to legend, he had the town built soon after his hunting party accidentally discovered the thermal springs\" \/>\n<meta property=\"og:url\" content=\"https:\/\/astoria-spa.cz\/en\/area-information\/the-city-of-karlovy-vary\/\" \/>\n<meta property=\"og:site_name\" content=\"Astoria Hotel &amp; Medical Spa\" \/>\n<meta property=\"article:modified_time\" content=\"2022-11-08T23:36:02+00:00\" \/>\n<meta name=\"twitter:card\" content=\"summary_large_image\" \/>\n<meta name=\"twitter:label1\" content=\"Est. reading time\" \/>\n\t<meta name=\"twitter:data1\" content=\"1 minute\" \/>\n<script type=\"application\/ld+json\" class=\"yoast-schema-graph\">{\"@context\":\"https:\/\/schema.org\",\"@graph\":[{\"@type\":\"WebPage\",\"@id\":\"https:\/\/astoria-spa.cz\/en\/area-information\/the-city-of-karlovy-vary\/\",\"url\":\"https:\/\/astoria-spa.cz\/en\/area-information\/the-city-of-karlovy-vary\/\",\"name\":\"Karlovy Vary region - Astoria Hotel & Medical Spa -\",\"isPartOf\":{\"@id\":\"https:\/\/astoria-spa.cz\/en\/#website\"},\"datePublished\":\"2022-03-07T10:57:58+00:00\",\"dateModified\":\"2022-11-08T23:36:02+00:00\",\"description\":\"The town of Karlovy Vary was founded in the 14th century by Emperor Charles IV. According to legend, he had the town built soon after his hunting party accidentally discovered the thermal springs\",\"breadcrumb\":{\"@id\":\"https:\/\/astoria-spa.cz\/en\/area-information\/the-city-of-karlovy-vary\/#breadcrumb\"},\"inLanguage\":\"en-US\",\"potentialAction\":[{\"@type\":\"ReadAction\",\"target\":[\"https:\/\/astoria-spa.cz\/en\/area-information\/the-city-of-karlovy-vary\/\"]}]},{\"@type\":\"BreadcrumbList\",\"@id\":\"https:\/\/astoria-spa.cz\/en\/area-information\/the-city-of-karlovy-vary\/#breadcrumb\",\"itemListElement\":[{\"@type\":\"ListItem\",\"position\":1,\"name\":\"Home\",\"item\":\"https:\/\/astoria-spa.cz\/en\/\"},{\"@type\":\"ListItem\",\"position\":2,\"name\":\"Welcome to Karlovy Vary\",\"item\":\"https:\/\/astoria-spa.cz\/en\/area-information\/\"},{\"@type\":\"ListItem\",\"position\":3,\"name\":\"Karlovy Vary region\"}]},{\"@type\":\"WebSite\",\"@id\":\"https:\/\/astoria-spa.cz\/en\/#website\",\"url\":\"https:\/\/astoria-spa.cz\/en\/\",\"name\":\"Astoria Hotel & Medical Spa\",\"description\":\"Just another ms.decms.eu site\",\"potentialAction\":[{\"@type\":\"SearchAction\",\"target\":{\"@type\":\"EntryPoint\",\"urlTemplate\":\"https:\/\/astoria-spa.cz\/en\/?s={search_term_string}\"},\"query-input\":{\"@type\":\"PropertyValueSpecification\",\"valueRequired\":true,\"valueName\":\"search_term_string\"}}],\"inLanguage\":\"en-US\"}]}<\/script>\n<!-- \/ Yoast SEO plugin. -->","yoast_head_json":{"title":"Karlovy Vary region - Astoria Hotel & Medical Spa -","description":"The town of Karlovy Vary was founded in the 14th century by Emperor Charles IV. According to legend, he had the town built soon after his hunting party accidentally discovered the thermal springs","robots":{"index":"index","follow":"follow","max-snippet":"max-snippet:-1","max-image-preview":"max-image-preview:large","max-video-preview":"max-video-preview:-1"},"canonical":"https:\/\/astoria-spa.cz\/en\/area-information\/the-city-of-karlovy-vary\/","og_locale":"en_US","og_type":"article","og_title":"Karlovy Vary region - Astoria Hotel & Medical Spa -","og_description":"The town of Karlovy Vary was founded in the 14th century by Emperor Charles IV. According to legend, he had the town built soon after his hunting party accidentally discovered the thermal springs","og_url":"https:\/\/astoria-spa.cz\/en\/area-information\/the-city-of-karlovy-vary\/","og_site_name":"Astoria Hotel & Medical Spa","article_modified_time":"2022-11-08T23:36:02+00:00","twitter_card":"summary_large_image","twitter_misc":{"Est. reading time":"1 minute"},"schema":{"@context":"https:\/\/schema.org","@graph":[{"@type":"WebPage","@id":"https:\/\/astoria-spa.cz\/en\/area-information\/the-city-of-karlovy-vary\/","url":"https:\/\/astoria-spa.cz\/en\/area-information\/the-city-of-karlovy-vary\/","name":"Karlovy Vary region - Astoria Hotel & Medical Spa -","isPartOf":{"@id":"https:\/\/astoria-spa.cz\/en\/#website"},"datePublished":"2022-03-07T10:57:58+00:00","dateModified":"2022-11-08T23:36:02+00:00","description":"The town of Karlovy Vary was founded in the 14th century by Emperor Charles IV. According to legend, he had the town built soon after his hunting party accidentally discovered the thermal springs","breadcrumb":{"@id":"https:\/\/astoria-spa.cz\/en\/area-information\/the-city-of-karlovy-vary\/#breadcrumb"},"inLanguage":"en-US","potentialAction":[{"@type":"ReadAction","target":["https:\/\/astoria-spa.cz\/en\/area-information\/the-city-of-karlovy-vary\/"]}]},{"@type":"BreadcrumbList","@id":"https:\/\/astoria-spa.cz\/en\/area-information\/the-city-of-karlovy-vary\/#breadcrumb","itemListElement":[{"@type":"ListItem","position":1,"name":"Home","item":"https:\/\/astoria-spa.cz\/en\/"},{"@type":"ListItem","position":2,"name":"Welcome to Karlovy Vary","item":"https:\/\/astoria-spa.cz\/en\/area-information\/"},{"@type":"ListItem","position":3,"name":"Karlovy Vary region"}]},{"@type":"WebSite","@id":"https:\/\/astoria-spa.cz\/en\/#website","url":"https:\/\/astoria-spa.cz\/en\/","name":"Astoria Hotel & Medical Spa","description":"Just another ms.decms.eu site","potentialAction":[{"@type":"SearchAction","target":{"@type":"EntryPoint","urlTemplate":"https:\/\/astoria-spa.cz\/en\/?s={search_term_string}"},"query-input":{"@type":"PropertyValueSpecification","valueRequired":true,"valueName":"search_term_string"}}],"inLanguage":"en-US"}]}},"acf":[],"_links":{"self":[{"href":"https:\/\/astoria-spa.cz\/en\/wp-json\/wp\/v2\/pages\/724","targetHints":{"allow":["GET"]}}],"collection":[{"href":"https:\/\/astoria-spa.cz\/en\/wp-json\/wp\/v2\/pages"}],"about":[{"href":"https:\/\/astoria-spa.cz\/en\/wp-json\/wp\/v2\/types\/page"}],"author":[{"embeddable":true,"href":"https:\/\/astoria-spa.cz\/en\/wp-json\/wp\/v2\/users\/4"}],"replies":[{"embeddable":true,"href":"https:\/\/astoria-spa.cz\/en\/wp-json\/wp\/v2\/comments?post=724"}],"version-history":[{"count":0,"href":"https:\/\/astoria-spa.cz\/en\/wp-json\/wp\/v2\/pages\/724\/revisions"}],"up":[{"embeddable":true,"href":"https:\/\/astoria-spa.cz\/en\/wp-json\/wp\/v2\/pages\/721"}],"wp:attachment":[{"href":"https:\/\/astoria-spa.cz\/en\/wp-json\/wp\/v2\/media?parent=724"}],"wp:term":[{"taxonomy":"category","embeddable":true,"href":"https:\/\/astoria-spa.cz\/en\/wp-json\/wp\/v2\/categories?post=724"}],"curies":[{"name":"wp","href":"https:\/\/api.w.org\/{rel}","templated":true}]}}