{"id":529,"date":"2022-03-03T14:20:31","date_gmt":"2022-03-03T14:20:31","guid":{"rendered":"https:\/\/astoria-hotel-and-medical-spa.ms.decms.eu\/accomodation\/art-deco-wolker\/"},"modified":"2024-04-05T16:04:28","modified_gmt":"2024-04-05T16:04:28","slug":"art-deco-wolker","status":"publish","type":"page","link":"https:\/\/astoria-spa.cz\/en\/accomodation\/art-deco-wolker\/","title":{"rendered":"Art Deco WOLKER by ASTORIA Hotel &amp; Medical Spa"},"content":{"rendered":"<p>If you need a break from the social bustle and love the charm of Art Nouveau, choose <strong>Art Deco WOLKER by ASTORIA Hotel &amp; Medical Spa. <\/strong>It stands just a few minutes&#8217; walk from main building ASTORIA, between the V\u0159\u00eddeln\u00ed and Tr\u017en\u00ed colonnades. In the tastefully renovated rooms in the Art Deco style, you will fully enjoy the atmosphere of old Carlsbad. Larger families will appreciate the two-bedroom suites. And on the way to the restaurant, you can stop and taste some of the healing springs.<\/p>\n<p>All rooms were renovated in October 2020.<\/p>\n<p class=\"half\">Art Deco WOLKER by ASTORIA Hotel &amp; Medical Spa has 10 single rooms, 18 double rooms, and 10 suites.<\/p>\n","protected":false},"excerpt":{"rendered":"<p>If you need a break from the social bustle and love the charm of Art Nouveau, choose Art Deco WOLKER by ASTORIA Hotel &amp; Medical Spa. It stands just a few minutes&#8217; walk from main building ASTORIA, between the V\u0159\u00eddeln\u00ed and Tr\u017en\u00ed colonnades. In the tastefully renovated rooms in the Art Deco style, you will [&hellip;]<\/p>\n","protected":false},"author":4,"featured_media":0,"parent":515,"menu_order":20,"comment_status":"closed","ping_status":"closed","template":"template-rooms.php","meta":{"footnotes":""},"categories":[],"class_list":["post-529","page","type-page","status-publish","hentry"],"yoast_head":"<!-- This site is optimized with the Yoast SEO plugin v26.9 - https:\/\/yoast.com\/product\/yoast-seo-wordpress\/ -->\n<title>Art Deco WOLKER by ASTORIA Hotel &amp; Medical Spa - Astoria Hotel &amp; Medical Spa -<\/title>\n<meta name=\"description\" content=\"If you need a break from the social bustle and love the charm of Art Nouveau, choose Art Deco WOLKER by ASTORIA Hotel &amp; Medical Spa. It stands just a few minutes&#039; walk from main building ASTORIA, between the V\u0159\u00eddeln\u00ed and Tr\u017en\u00ed colonnades\" \/>\n<meta name=\"robots\" content=\"index, follow, max-snippet:-1, max-image-preview:large, max-video-preview:-1\" \/>\n<link rel=\"canonical\" href=\"https:\/\/astoria-spa.cz\/en\/accomodation\/art-deco-wolker\/\" \/>\n<meta property=\"og:locale\" content=\"en_US\" \/>\n<meta property=\"og:type\" content=\"article\" \/>\n<meta property=\"og:title\" content=\"Art Deco WOLKER by ASTORIA Hotel &amp; Medical Spa - Astoria Hotel &amp; Medical Spa -\" \/>\n<meta property=\"og:description\" content=\"If you need a break from the social bustle and love the charm of Art Nouveau, choose Art Deco WOLKER by ASTORIA Hotel &amp; Medical Spa. It stands just a few minutes&#039; walk from main building ASTORIA, between the V\u0159\u00eddeln\u00ed and Tr\u017en\u00ed colonnades\" \/>\n<meta property=\"og:url\" content=\"https:\/\/astoria-spa.cz\/en\/accomodation\/art-deco-wolker\/\" \/>\n<meta property=\"og:site_name\" content=\"Astoria Hotel &amp; Medical Spa\" \/>\n<meta property=\"article:modified_time\" content=\"2024-04-05T16:04:28+00:00\" \/>\n<meta name=\"twitter:card\" content=\"summary_large_image\" \/>\n<meta name=\"twitter:label1\" content=\"Est. reading time\" \/>\n\t<meta name=\"twitter:data1\" content=\"1 minute\" \/>\n<script type=\"application\/ld+json\" class=\"yoast-schema-graph\">{\"@context\":\"https:\/\/schema.org\",\"@graph\":[{\"@type\":\"WebPage\",\"@id\":\"https:\/\/astoria-spa.cz\/en\/accomodation\/art-deco-wolker\/\",\"url\":\"https:\/\/astoria-spa.cz\/en\/accomodation\/art-deco-wolker\/\",\"name\":\"Art Deco WOLKER by ASTORIA Hotel &amp; Medical Spa - Astoria Hotel & Medical Spa -\",\"isPartOf\":{\"@id\":\"https:\/\/astoria-spa.cz\/en\/#website\"},\"datePublished\":\"2022-03-03T14:20:31+00:00\",\"dateModified\":\"2024-04-05T16:04:28+00:00\",\"description\":\"If you need a break from the social bustle and love the charm of Art Nouveau, choose Art Deco WOLKER by ASTORIA Hotel &amp; Medical Spa. It stands just a few minutes' walk from main building ASTORIA, between the V\u0159\u00eddeln\u00ed and Tr\u017en\u00ed colonnades\",\"breadcrumb\":{\"@id\":\"https:\/\/astoria-spa.cz\/en\/accomodation\/art-deco-wolker\/#breadcrumb\"},\"inLanguage\":\"en-US\",\"potentialAction\":[{\"@type\":\"ReadAction\",\"target\":[\"https:\/\/astoria-spa.cz\/en\/accomodation\/art-deco-wolker\/\"]}]},{\"@type\":\"BreadcrumbList\",\"@id\":\"https:\/\/astoria-spa.cz\/en\/accomodation\/art-deco-wolker\/#breadcrumb\",\"itemListElement\":[{\"@type\":\"ListItem\",\"position\":1,\"name\":\"Home\",\"item\":\"https:\/\/astoria-spa.cz\/en\/\"},{\"@type\":\"ListItem\",\"position\":2,\"name\":\"Accomodation\",\"item\":\"https:\/\/astoria-spa.cz\/en\/accomodation\/\"},{\"@type\":\"ListItem\",\"position\":3,\"name\":\"Art Deco WOLKER by ASTORIA Hotel &amp; Medical Spa\"}]},{\"@type\":\"WebSite\",\"@id\":\"https:\/\/astoria-spa.cz\/en\/#website\",\"url\":\"https:\/\/astoria-spa.cz\/en\/\",\"name\":\"Astoria Hotel & Medical Spa\",\"description\":\"Just another ms.decms.eu site\",\"potentialAction\":[{\"@type\":\"SearchAction\",\"target\":{\"@type\":\"EntryPoint\",\"urlTemplate\":\"https:\/\/astoria-spa.cz\/en\/?s={search_term_string}\"},\"query-input\":{\"@type\":\"PropertyValueSpecification\",\"valueRequired\":true,\"valueName\":\"search_term_string\"}}],\"inLanguage\":\"en-US\"}]}<\/script>\n<!-- \/ Yoast SEO plugin. -->","yoast_head_json":{"title":"Art Deco WOLKER by ASTORIA Hotel &amp; Medical Spa - Astoria Hotel & Medical Spa -","description":"If you need a break from the social bustle and love the charm of Art Nouveau, choose Art Deco WOLKER by ASTORIA Hotel &amp; Medical Spa. It stands just a few minutes' walk from main building ASTORIA, between the V\u0159\u00eddeln\u00ed and Tr\u017en\u00ed colonnades","robots":{"index":"index","follow":"follow","max-snippet":"max-snippet:-1","max-image-preview":"max-image-preview:large","max-video-preview":"max-video-preview:-1"},"canonical":"https:\/\/astoria-spa.cz\/en\/accomodation\/art-deco-wolker\/","og_locale":"en_US","og_type":"article","og_title":"Art Deco WOLKER by ASTORIA Hotel &amp; Medical Spa - Astoria Hotel & Medical Spa -","og_description":"If you need a break from the social bustle and love the charm of Art Nouveau, choose Art Deco WOLKER by ASTORIA Hotel &amp; Medical Spa. It stands just a few minutes' walk from main building ASTORIA, between the V\u0159\u00eddeln\u00ed and Tr\u017en\u00ed colonnades","og_url":"https:\/\/astoria-spa.cz\/en\/accomodation\/art-deco-wolker\/","og_site_name":"Astoria Hotel & Medical Spa","article_modified_time":"2024-04-05T16:04:28+00:00","twitter_card":"summary_large_image","twitter_misc":{"Est. reading time":"1 minute"},"schema":{"@context":"https:\/\/schema.org","@graph":[{"@type":"WebPage","@id":"https:\/\/astoria-spa.cz\/en\/accomodation\/art-deco-wolker\/","url":"https:\/\/astoria-spa.cz\/en\/accomodation\/art-deco-wolker\/","name":"Art Deco WOLKER by ASTORIA Hotel &amp; Medical Spa - Astoria Hotel & Medical Spa -","isPartOf":{"@id":"https:\/\/astoria-spa.cz\/en\/#website"},"datePublished":"2022-03-03T14:20:31+00:00","dateModified":"2024-04-05T16:04:28+00:00","description":"If you need a break from the social bustle and love the charm of Art Nouveau, choose Art Deco WOLKER by ASTORIA Hotel &amp; Medical Spa. It stands just a few minutes' walk from main building ASTORIA, between the V\u0159\u00eddeln\u00ed and Tr\u017en\u00ed colonnades","breadcrumb":{"@id":"https:\/\/astoria-spa.cz\/en\/accomodation\/art-deco-wolker\/#breadcrumb"},"inLanguage":"en-US","potentialAction":[{"@type":"ReadAction","target":["https:\/\/astoria-spa.cz\/en\/accomodation\/art-deco-wolker\/"]}]},{"@type":"BreadcrumbList","@id":"https:\/\/astoria-spa.cz\/en\/accomodation\/art-deco-wolker\/#breadcrumb","itemListElement":[{"@type":"ListItem","position":1,"name":"Home","item":"https:\/\/astoria-spa.cz\/en\/"},{"@type":"ListItem","position":2,"name":"Accomodation","item":"https:\/\/astoria-spa.cz\/en\/accomodation\/"},{"@type":"ListItem","position":3,"name":"Art Deco WOLKER by ASTORIA Hotel &amp; Medical Spa"}]},{"@type":"WebSite","@id":"https:\/\/astoria-spa.cz\/en\/#website","url":"https:\/\/astoria-spa.cz\/en\/","name":"Astoria Hotel & Medical Spa","description":"Just another ms.decms.eu site","potentialAction":[{"@type":"SearchAction","target":{"@type":"EntryPoint","urlTemplate":"https:\/\/astoria-spa.cz\/en\/?s={search_term_string}"},"query-input":{"@type":"PropertyValueSpecification","valueRequired":true,"valueName":"search_term_string"}}],"inLanguage":"en-US"}]}},"acf":[],"_links":{"self":[{"href":"https:\/\/astoria-spa.cz\/en\/wp-json\/wp\/v2\/pages\/529","targetHints":{"allow":["GET"]}}],"collection":[{"href":"https:\/\/astoria-spa.cz\/en\/wp-json\/wp\/v2\/pages"}],"about":[{"href":"https:\/\/astoria-spa.cz\/en\/wp-json\/wp\/v2\/types\/page"}],"author":[{"embeddable":true,"href":"https:\/\/astoria-spa.cz\/en\/wp-json\/wp\/v2\/users\/4"}],"replies":[{"embeddable":true,"href":"https:\/\/astoria-spa.cz\/en\/wp-json\/wp\/v2\/comments?post=529"}],"version-history":[{"count":0,"href":"https:\/\/astoria-spa.cz\/en\/wp-json\/wp\/v2\/pages\/529\/revisions"}],"up":[{"embeddable":true,"href":"https:\/\/astoria-spa.cz\/en\/wp-json\/wp\/v2\/pages\/515"}],"wp:attachment":[{"href":"https:\/\/astoria-spa.cz\/en\/wp-json\/wp\/v2\/media?parent=529"}],"wp:term":[{"taxonomy":"category","embeddable":true,"href":"https:\/\/astoria-spa.cz\/en\/wp-json\/wp\/v2\/categories?post=529"}],"curies":[{"name":"wp","href":"https:\/\/api.w.org\/{rel}","templated":true}]}}