{"id":792,"date":"2022-03-25T10:13:45","date_gmt":"2022-03-25T10:13:45","guid":{"rendered":"https:\/\/astoria-hotel-and-medical-spa.ms.decms.eu\/kontakty\/"},"modified":"2026-01-20T13:39:18","modified_gmt":"2026-01-20T13:39:18","slug":"kontakte","status":"publish","type":"page","link":"https:\/\/astoria-spa.cz\/de\/kontakte\/","title":{"rendered":"Kontakte"},"content":{"rendered":"<p style=\"font-weight: 400;text-align: center\">ASTORIA Hotel &amp; Medical Spa \/ Sanatorium Astoria a.s.<\/p>\n<p style=\"font-weight: 400;text-align: center\">V\u0159\u00eddeln\u00ed 92\/21, 360 01 Karlovy Vary<\/p>\n<p style=\"font-weight: 400;text-align: center\">Tel: +420 353 335 111 \/ Email:\u00a0<a href=\"mailto:reservation@astoria-spa.cz\">reservation@astoria-spa.cz<\/a><\/p>\n<p style=\"font-weight: 400;text-align: center\">V\u00fdpis z OR veden\u00fd u Krajsk\u00e9ho soudu v Plzni v odd\u00edlu B, vlo\u017ece \u010d\u00edslo 215 I\u010cO: 453 57 242 \/ DI\u010c: CZ45357242<\/p>\n<p style=\"font-weight: 400;text-align: center\">ID datov\u00e9 schr\u00e1nky: 3vgf665<\/p>\n","protected":false},"excerpt":{"rendered":"<p>ASTORIA Hotel &amp; Medical Spa \/ Sanatorium Astoria a.s. V\u0159\u00eddeln\u00ed 92\/21, 360 01 Karlovy Vary Tel: +420 353 335 111 \/ Email:\u00a0reservation@astoria-spa.cz V\u00fdpis z OR veden\u00fd u Krajsk\u00e9ho soudu v Plzni v odd\u00edlu B, vlo\u017ece \u010d\u00edslo 215 I\u010cO: 453 57 242 \/ DI\u010c: CZ45357242 ID datov\u00e9 schr\u00e1nky: 3vgf665<\/p>\n","protected":false},"author":4,"featured_media":0,"parent":0,"menu_order":80,"comment_status":"closed","ping_status":"closed","template":"template-contacts.php","meta":{"footnotes":""},"categories":[],"class_list":["post-792","page","type-page","status-publish","hentry"],"yoast_head":"<!-- This site is optimized with the Yoast SEO plugin v26.9 - https:\/\/yoast.com\/product\/yoast-seo-wordpress\/ -->\n<title>Kontakte - Astoria Hotel &amp; Medical Spa -<\/title>\n<meta name=\"description\" content=\"ASTORIA Hotel &amp; Medical Spa \/ Sanatorium Astoria a.s. V\u0159\u00eddeln\u00ed 92\/21, 360 01 Karlovy Vary Tel: +420 353 335 111 \/ Email:\u00a0reservation@astoria-spa.cz V\u00fdpis z OR veden\u00fd u Krajsk\u00e9ho soudu v Plzni v odd\u00edlu B, vlo\u017ece \u010d\u00edslo 215 I\u010cO: 453 57 242 \/ DI\u010c: CZ45357242 ID datov\u00e9 schr\u00e1nky: 3vgf665.\" \/>\n<meta name=\"robots\" content=\"index, follow, max-snippet:-1, max-image-preview:large, max-video-preview:-1\" \/>\n<link rel=\"canonical\" href=\"https:\/\/astoria-spa.cz\/de\/kontakte\/\" \/>\n<meta property=\"og:locale\" content=\"de_DE\" \/>\n<meta property=\"og:type\" content=\"article\" \/>\n<meta property=\"og:title\" content=\"Kontakte - Astoria Hotel &amp; Medical Spa -\" \/>\n<meta property=\"og:description\" content=\"ASTORIA Hotel &amp; Medical Spa \/ Sanatorium Astoria a.s. V\u0159\u00eddeln\u00ed 92\/21, 360 01 Karlovy Vary Tel: +420 353 335 111 \/ Email:\u00a0reservation@astoria-spa.cz V\u00fdpis z OR veden\u00fd u Krajsk\u00e9ho soudu v Plzni v odd\u00edlu B, vlo\u017ece \u010d\u00edslo 215 I\u010cO: 453 57 242 \/ DI\u010c: CZ45357242 ID datov\u00e9 schr\u00e1nky: 3vgf665.\" \/>\n<meta property=\"og:url\" content=\"https:\/\/astoria-spa.cz\/de\/kontakte\/\" \/>\n<meta property=\"og:site_name\" content=\"Astoria Hotel &amp; Medical Spa\" \/>\n<meta property=\"article:modified_time\" content=\"2026-01-20T13:39:18+00:00\" \/>\n<meta name=\"twitter:card\" content=\"summary_large_image\" \/>\n<meta name=\"twitter:label1\" content=\"Gesch\u00e4tzte Lesezeit\" \/>\n\t<meta name=\"twitter:data1\" content=\"1 Minute\" \/>\n<script type=\"application\/ld+json\" class=\"yoast-schema-graph\">{\"@context\":\"https:\/\/schema.org\",\"@graph\":[{\"@type\":\"WebPage\",\"@id\":\"https:\/\/astoria-spa.cz\/de\/kontakte\/\",\"url\":\"https:\/\/astoria-spa.cz\/de\/kontakte\/\",\"name\":\"Kontakte - Astoria Hotel & Medical Spa -\",\"isPartOf\":{\"@id\":\"https:\/\/astoria-spa.cz\/de\/#website\"},\"datePublished\":\"2022-03-25T10:13:45+00:00\",\"dateModified\":\"2026-01-20T13:39:18+00:00\",\"description\":\"ASTORIA Hotel &amp; Medical Spa \/ Sanatorium Astoria a.s. V\u0159\u00eddeln\u00ed 92\/21, 360 01 Karlovy Vary Tel: +420 353 335 111 \/ Email:\u00a0reservation@astoria-spa.cz V\u00fdpis z OR veden\u00fd u Krajsk\u00e9ho soudu v Plzni v odd\u00edlu B, vlo\u017ece \u010d\u00edslo 215 I\u010cO: 453 57 242 \/ DI\u010c: CZ45357242 ID datov\u00e9 schr\u00e1nky: 3vgf665 .\",\"breadcrumb\":{\"@id\":\"https:\/\/astoria-spa.cz\/de\/kontakte\/#breadcrumb\"},\"inLanguage\":\"de-DE\",\"potentialAction\":[{\"@type\":\"ReadAction\",\"target\":[\"https:\/\/astoria-spa.cz\/de\/kontakte\/\"]}]},{\"@type\":\"BreadcrumbList\",\"@id\":\"https:\/\/astoria-spa.cz\/de\/kontakte\/#breadcrumb\",\"itemListElement\":[{\"@type\":\"ListItem\",\"position\":1,\"name\":\"Home\",\"item\":\"https:\/\/astoria-spa.cz\/de\/\"},{\"@type\":\"ListItem\",\"position\":2,\"name\":\"Kontakte\"}]},{\"@type\":\"WebSite\",\"@id\":\"https:\/\/astoria-spa.cz\/de\/#website\",\"url\":\"https:\/\/astoria-spa.cz\/de\/\",\"name\":\"Astoria Hotel & Medical Spa\",\"description\":\"Just another ms.decms.eu site\",\"potentialAction\":[{\"@type\":\"SearchAction\",\"target\":{\"@type\":\"EntryPoint\",\"urlTemplate\":\"https:\/\/astoria-spa.cz\/de\/?s={search_term_string}\"},\"query-input\":{\"@type\":\"PropertyValueSpecification\",\"valueRequired\":true,\"valueName\":\"search_term_string\"}}],\"inLanguage\":\"de-DE\"}]}<\/script>\n<!-- \/ Yoast SEO plugin. -->","yoast_head_json":{"title":"Kontakte - Astoria Hotel & Medical Spa -","description":"ASTORIA Hotel &amp; Medical Spa \/ Sanatorium Astoria a.s. V\u0159\u00eddeln\u00ed 92\/21, 360 01 Karlovy Vary Tel: +420 353 335 111 \/ Email:\u00a0reservation@astoria-spa.cz V\u00fdpis z OR veden\u00fd u Krajsk\u00e9ho soudu v Plzni v odd\u00edlu B, vlo\u017ece \u010d\u00edslo 215 I\u010cO: 453 57 242 \/ DI\u010c: CZ45357242 ID datov\u00e9 schr\u00e1nky: 3vgf665.","robots":{"index":"index","follow":"follow","max-snippet":"max-snippet:-1","max-image-preview":"max-image-preview:large","max-video-preview":"max-video-preview:-1"},"canonical":"https:\/\/astoria-spa.cz\/de\/kontakte\/","og_locale":"de_DE","og_type":"article","og_title":"Kontakte - Astoria Hotel & Medical Spa -","og_description":"ASTORIA Hotel &amp; Medical Spa \/ Sanatorium Astoria a.s. V\u0159\u00eddeln\u00ed 92\/21, 360 01 Karlovy Vary Tel: +420 353 335 111 \/ Email:\u00a0reservation@astoria-spa.cz V\u00fdpis z OR veden\u00fd u Krajsk\u00e9ho soudu v Plzni v odd\u00edlu B, vlo\u017ece \u010d\u00edslo 215 I\u010cO: 453 57 242 \/ DI\u010c: CZ45357242 ID datov\u00e9 schr\u00e1nky: 3vgf665.","og_url":"https:\/\/astoria-spa.cz\/de\/kontakte\/","og_site_name":"Astoria Hotel & Medical Spa","article_modified_time":"2026-01-20T13:39:18+00:00","twitter_card":"summary_large_image","twitter_misc":{"Gesch\u00e4tzte Lesezeit":"1 Minute"},"schema":{"@context":"https:\/\/schema.org","@graph":[{"@type":"WebPage","@id":"https:\/\/astoria-spa.cz\/de\/kontakte\/","url":"https:\/\/astoria-spa.cz\/de\/kontakte\/","name":"Kontakte - Astoria Hotel & Medical Spa -","isPartOf":{"@id":"https:\/\/astoria-spa.cz\/de\/#website"},"datePublished":"2022-03-25T10:13:45+00:00","dateModified":"2026-01-20T13:39:18+00:00","description":"ASTORIA Hotel &amp; Medical Spa \/ Sanatorium Astoria a.s. V\u0159\u00eddeln\u00ed 92\/21, 360 01 Karlovy Vary Tel: +420 353 335 111 \/ Email:\u00a0reservation@astoria-spa.cz V\u00fdpis z OR veden\u00fd u Krajsk\u00e9ho soudu v Plzni v odd\u00edlu B, vlo\u017ece \u010d\u00edslo 215 I\u010cO: 453 57 242 \/ DI\u010c: CZ45357242 ID datov\u00e9 schr\u00e1nky: 3vgf665 .","breadcrumb":{"@id":"https:\/\/astoria-spa.cz\/de\/kontakte\/#breadcrumb"},"inLanguage":"de-DE","potentialAction":[{"@type":"ReadAction","target":["https:\/\/astoria-spa.cz\/de\/kontakte\/"]}]},{"@type":"BreadcrumbList","@id":"https:\/\/astoria-spa.cz\/de\/kontakte\/#breadcrumb","itemListElement":[{"@type":"ListItem","position":1,"name":"Home","item":"https:\/\/astoria-spa.cz\/de\/"},{"@type":"ListItem","position":2,"name":"Kontakte"}]},{"@type":"WebSite","@id":"https:\/\/astoria-spa.cz\/de\/#website","url":"https:\/\/astoria-spa.cz\/de\/","name":"Astoria Hotel & Medical Spa","description":"Just another ms.decms.eu site","potentialAction":[{"@type":"SearchAction","target":{"@type":"EntryPoint","urlTemplate":"https:\/\/astoria-spa.cz\/de\/?s={search_term_string}"},"query-input":{"@type":"PropertyValueSpecification","valueRequired":true,"valueName":"search_term_string"}}],"inLanguage":"de-DE"}]}},"acf":[],"_links":{"self":[{"href":"https:\/\/astoria-spa.cz\/de\/wp-json\/wp\/v2\/pages\/792","targetHints":{"allow":["GET"]}}],"collection":[{"href":"https:\/\/astoria-spa.cz\/de\/wp-json\/wp\/v2\/pages"}],"about":[{"href":"https:\/\/astoria-spa.cz\/de\/wp-json\/wp\/v2\/types\/page"}],"author":[{"embeddable":true,"href":"https:\/\/astoria-spa.cz\/de\/wp-json\/wp\/v2\/users\/4"}],"replies":[{"embeddable":true,"href":"https:\/\/astoria-spa.cz\/de\/wp-json\/wp\/v2\/comments?post=792"}],"version-history":[{"count":0,"href":"https:\/\/astoria-spa.cz\/de\/wp-json\/wp\/v2\/pages\/792\/revisions"}],"wp:attachment":[{"href":"https:\/\/astoria-spa.cz\/de\/wp-json\/wp\/v2\/media?parent=792"}],"wp:term":[{"taxonomy":"category","embeddable":true,"href":"https:\/\/astoria-spa.cz\/de\/wp-json\/wp\/v2\/categories?post=792"}],"curies":[{"name":"wp","href":"https:\/\/api.w.org\/{rel}","templated":true}]}}