{"id":759,"date":"2022-03-07T13:39:18","date_gmt":"2022-03-07T13:39:18","guid":{"rendered":"https:\/\/astoria-hotel-and-medical-spa.ms.decms.eu\/lokalitaet\/karlovy-vary-region-card\/"},"modified":"2022-03-25T09:24:17","modified_gmt":"2022-03-25T09:24:17","slug":"karlovy-vary-region-card","status":"publish","type":"page","link":"https:\/\/astoria-spa.cz\/de\/lokalitaet\/karlovy-vary-region-card\/","title":{"rendered":"Karlovy Vary Region Card"},"content":{"rendered":"<p>Die Karte\u00a0<strong>Karlovy VARY REGION CARD<\/strong>\u00a0ist eine Karte f\u00fcr Touristen mit PrePaid-Diensten. Nach ihrem Kauf haben Sie\u00a0<a href=\"https:\/\/karlovyvarycard.cz\/de\/besucherziele\" target=\"_blank\" rel=\"noopener\">die M\u00f6glichkeit mehr als 40 Orte kostenlos zu besuchen<\/a>. Zu diesen Orten z\u00e4hlen Galerien, Museen, historische Sehensw\u00fcrdigkeiten, traditionelle Produktionsst\u00e4tten, Sportgel\u00e4nde, und dies sowohl in Karlsbad selbst als auch in der gesamten Karlsbader Region. Bestandteil des Angebots sind zugleich mehr als 30 Orte mit Preiserm\u00e4\u00dfigungen f\u00fcr Konzerte, Theatervorstellungen, Verleih, Transporte, Dienstleistungen\u2026 Ein wichtiger Bestandteil davon ist auch\u00a0<a href=\"https:\/\/karlovyvarycard.cz\/de\/oeffentlicher-verkehr\" target=\"_blank\" rel=\"noopener\">der kostenlose Nahverkehr in Karlsbad und Marienbad<\/a>.<\/p>\n<p>Je nach Dauer Ihres Aufenthalts k\u00f6nnen Sie zwischen\u00a0<a href=\"https:\/\/karlovyvarycard.cz\/de\/verkaufsstellen-und-preisliste\" target=\"_blank\" rel=\"noopener\">Karten f\u00fcr 2, 4 oder 7 Tage\u00a0<\/a>w\u00e4hlen. Erwerben k\u00f6nnen Sie sie als Karte f\u00fcr Einzelpersonen oder als Familienkarte (zwei Erwachsene und zwei Kinder bis 15 Jahre).<\/p>\n","protected":false},"excerpt":{"rendered":"<p>Die Karte\u00a0Karlovy VARY REGION CARD\u00a0ist eine Karte f\u00fcr Touristen mit PrePaid-Diensten. Nach ihrem Kauf haben Sie\u00a0die M\u00f6glichkeit mehr als 40 Orte kostenlos zu besuchen. Zu diesen Orten z\u00e4hlen Galerien, Museen, historische Sehensw\u00fcrdigkeiten, traditionelle Produktionsst\u00e4tten, Sportgel\u00e4nde, und dies sowohl in Karlsbad selbst als auch in der gesamten Karlsbader Region. Bestandteil des Angebots sind zugleich mehr als [&hellip;]<\/p>\n","protected":false},"author":4,"featured_media":0,"parent":722,"menu_order":100,"comment_status":"closed","ping_status":"closed","template":"template-default-3.php","meta":{"footnotes":""},"categories":[],"class_list":["post-759","page","type-page","status-publish","hentry"],"yoast_head":"<!-- This site is optimized with the Yoast SEO plugin v26.9 - https:\/\/yoast.com\/product\/yoast-seo-wordpress\/ -->\n<title>Karlovy Vary Region Card - Astoria Hotel &amp; Medical Spa -<\/title>\n<meta name=\"description\" content=\"Die Karte\u00a0Karlovy VARY REGION CARD\u00a0ist eine Karte f\u00fcr Touristen mit PrePaid-Diensten. Nach ihrem Kauf haben Sie\u00a0die M\u00f6glichkeit mehr als 40 Orte kostenlos zu besuchen\" \/>\n<meta name=\"robots\" content=\"index, follow, max-snippet:-1, max-image-preview:large, max-video-preview:-1\" \/>\n<link rel=\"canonical\" href=\"https:\/\/astoria-spa.cz\/de\/lokalitaet\/karlovy-vary-region-card\/\" \/>\n<meta property=\"og:locale\" content=\"de_DE\" \/>\n<meta property=\"og:type\" content=\"article\" \/>\n<meta property=\"og:title\" content=\"Karlovy Vary Region Card - Astoria Hotel &amp; Medical Spa -\" \/>\n<meta property=\"og:description\" content=\"Die Karte\u00a0Karlovy VARY REGION CARD\u00a0ist eine Karte f\u00fcr Touristen mit PrePaid-Diensten. Nach ihrem Kauf haben Sie\u00a0die M\u00f6glichkeit mehr als 40 Orte kostenlos zu besuchen\" \/>\n<meta property=\"og:url\" content=\"https:\/\/astoria-spa.cz\/de\/lokalitaet\/karlovy-vary-region-card\/\" \/>\n<meta property=\"og:site_name\" content=\"Astoria Hotel &amp; Medical Spa\" \/>\n<meta property=\"article:modified_time\" content=\"2022-03-25T09:24:17+00:00\" \/>\n<meta name=\"twitter:card\" content=\"summary_large_image\" \/>\n<meta name=\"twitter:label1\" content=\"Gesch\u00e4tzte Lesezeit\" \/>\n\t<meta name=\"twitter:data1\" content=\"1 Minute\" \/>\n<script type=\"application\/ld+json\" class=\"yoast-schema-graph\">{\"@context\":\"https:\/\/schema.org\",\"@graph\":[{\"@type\":\"WebPage\",\"@id\":\"https:\/\/astoria-spa.cz\/de\/lokalitaet\/karlovy-vary-region-card\/\",\"url\":\"https:\/\/astoria-spa.cz\/de\/lokalitaet\/karlovy-vary-region-card\/\",\"name\":\"Karlovy Vary Region Card - Astoria Hotel & Medical Spa -\",\"isPartOf\":{\"@id\":\"https:\/\/astoria-spa.cz\/de\/#website\"},\"datePublished\":\"2022-03-07T13:39:18+00:00\",\"dateModified\":\"2022-03-25T09:24:17+00:00\",\"description\":\"Die Karte\u00a0Karlovy VARY REGION CARD\u00a0ist eine Karte f\u00fcr Touristen mit PrePaid-Diensten. Nach ihrem Kauf haben Sie\u00a0die M\u00f6glichkeit mehr als 40 Orte kostenlos zu besuchen\",\"breadcrumb\":{\"@id\":\"https:\/\/astoria-spa.cz\/de\/lokalitaet\/karlovy-vary-region-card\/#breadcrumb\"},\"inLanguage\":\"de-DE\",\"potentialAction\":[{\"@type\":\"ReadAction\",\"target\":[\"https:\/\/astoria-spa.cz\/de\/lokalitaet\/karlovy-vary-region-card\/\"]}]},{\"@type\":\"BreadcrumbList\",\"@id\":\"https:\/\/astoria-spa.cz\/de\/lokalitaet\/karlovy-vary-region-card\/#breadcrumb\",\"itemListElement\":[{\"@type\":\"ListItem\",\"position\":1,\"name\":\"Home\",\"item\":\"https:\/\/astoria-spa.cz\/de\/\"},{\"@type\":\"ListItem\",\"position\":2,\"name\":\"Lokalit\u00e4t Karlsbader Region\",\"item\":\"https:\/\/astoria-spa.cz\/de\/lokalitaet\/\"},{\"@type\":\"ListItem\",\"position\":3,\"name\":\"Karlovy Vary Region Card\"}]},{\"@type\":\"WebSite\",\"@id\":\"https:\/\/astoria-spa.cz\/de\/#website\",\"url\":\"https:\/\/astoria-spa.cz\/de\/\",\"name\":\"Astoria Hotel & Medical Spa\",\"description\":\"Just another ms.decms.eu site\",\"potentialAction\":[{\"@type\":\"SearchAction\",\"target\":{\"@type\":\"EntryPoint\",\"urlTemplate\":\"https:\/\/astoria-spa.cz\/de\/?s={search_term_string}\"},\"query-input\":{\"@type\":\"PropertyValueSpecification\",\"valueRequired\":true,\"valueName\":\"search_term_string\"}}],\"inLanguage\":\"de-DE\"}]}<\/script>\n<!-- \/ Yoast SEO plugin. -->","yoast_head_json":{"title":"Karlovy Vary Region Card - Astoria Hotel & Medical Spa -","description":"Die Karte\u00a0Karlovy VARY REGION CARD\u00a0ist eine Karte f\u00fcr Touristen mit PrePaid-Diensten. Nach ihrem Kauf haben Sie\u00a0die M\u00f6glichkeit mehr als 40 Orte kostenlos zu besuchen","robots":{"index":"index","follow":"follow","max-snippet":"max-snippet:-1","max-image-preview":"max-image-preview:large","max-video-preview":"max-video-preview:-1"},"canonical":"https:\/\/astoria-spa.cz\/de\/lokalitaet\/karlovy-vary-region-card\/","og_locale":"de_DE","og_type":"article","og_title":"Karlovy Vary Region Card - Astoria Hotel & Medical Spa -","og_description":"Die Karte\u00a0Karlovy VARY REGION CARD\u00a0ist eine Karte f\u00fcr Touristen mit PrePaid-Diensten. Nach ihrem Kauf haben Sie\u00a0die M\u00f6glichkeit mehr als 40 Orte kostenlos zu besuchen","og_url":"https:\/\/astoria-spa.cz\/de\/lokalitaet\/karlovy-vary-region-card\/","og_site_name":"Astoria Hotel & Medical Spa","article_modified_time":"2022-03-25T09:24:17+00:00","twitter_card":"summary_large_image","twitter_misc":{"Gesch\u00e4tzte Lesezeit":"1 Minute"},"schema":{"@context":"https:\/\/schema.org","@graph":[{"@type":"WebPage","@id":"https:\/\/astoria-spa.cz\/de\/lokalitaet\/karlovy-vary-region-card\/","url":"https:\/\/astoria-spa.cz\/de\/lokalitaet\/karlovy-vary-region-card\/","name":"Karlovy Vary Region Card - Astoria Hotel & Medical Spa -","isPartOf":{"@id":"https:\/\/astoria-spa.cz\/de\/#website"},"datePublished":"2022-03-07T13:39:18+00:00","dateModified":"2022-03-25T09:24:17+00:00","description":"Die Karte\u00a0Karlovy VARY REGION CARD\u00a0ist eine Karte f\u00fcr Touristen mit PrePaid-Diensten. Nach ihrem Kauf haben Sie\u00a0die M\u00f6glichkeit mehr als 40 Orte kostenlos zu besuchen","breadcrumb":{"@id":"https:\/\/astoria-spa.cz\/de\/lokalitaet\/karlovy-vary-region-card\/#breadcrumb"},"inLanguage":"de-DE","potentialAction":[{"@type":"ReadAction","target":["https:\/\/astoria-spa.cz\/de\/lokalitaet\/karlovy-vary-region-card\/"]}]},{"@type":"BreadcrumbList","@id":"https:\/\/astoria-spa.cz\/de\/lokalitaet\/karlovy-vary-region-card\/#breadcrumb","itemListElement":[{"@type":"ListItem","position":1,"name":"Home","item":"https:\/\/astoria-spa.cz\/de\/"},{"@type":"ListItem","position":2,"name":"Lokalit\u00e4t Karlsbader Region","item":"https:\/\/astoria-spa.cz\/de\/lokalitaet\/"},{"@type":"ListItem","position":3,"name":"Karlovy Vary Region Card"}]},{"@type":"WebSite","@id":"https:\/\/astoria-spa.cz\/de\/#website","url":"https:\/\/astoria-spa.cz\/de\/","name":"Astoria Hotel & Medical Spa","description":"Just another ms.decms.eu site","potentialAction":[{"@type":"SearchAction","target":{"@type":"EntryPoint","urlTemplate":"https:\/\/astoria-spa.cz\/de\/?s={search_term_string}"},"query-input":{"@type":"PropertyValueSpecification","valueRequired":true,"valueName":"search_term_string"}}],"inLanguage":"de-DE"}]}},"acf":[],"_links":{"self":[{"href":"https:\/\/astoria-spa.cz\/de\/wp-json\/wp\/v2\/pages\/759","targetHints":{"allow":["GET"]}}],"collection":[{"href":"https:\/\/astoria-spa.cz\/de\/wp-json\/wp\/v2\/pages"}],"about":[{"href":"https:\/\/astoria-spa.cz\/de\/wp-json\/wp\/v2\/types\/page"}],"author":[{"embeddable":true,"href":"https:\/\/astoria-spa.cz\/de\/wp-json\/wp\/v2\/users\/4"}],"replies":[{"embeddable":true,"href":"https:\/\/astoria-spa.cz\/de\/wp-json\/wp\/v2\/comments?post=759"}],"version-history":[{"count":0,"href":"https:\/\/astoria-spa.cz\/de\/wp-json\/wp\/v2\/pages\/759\/revisions"}],"up":[{"embeddable":true,"href":"https:\/\/astoria-spa.cz\/de\/wp-json\/wp\/v2\/pages\/722"}],"wp:attachment":[{"href":"https:\/\/astoria-spa.cz\/de\/wp-json\/wp\/v2\/media?parent=759"}],"wp:term":[{"taxonomy":"category","embeddable":true,"href":"https:\/\/astoria-spa.cz\/de\/wp-json\/wp\/v2\/categories?post=759"}],"curies":[{"name":"wp","href":"https:\/\/api.w.org\/{rel}","templated":true}]}}