{"id":756,"date":"2022-03-07T13:37:03","date_gmt":"2022-03-07T13:37:03","guid":{"rendered":"https:\/\/astoria-hotel-and-medical-spa.ms.decms.eu\/lokalitaet\/akce-ve-meste\/"},"modified":"2022-03-25T09:17:41","modified_gmt":"2022-03-25T09:17:41","slug":"veranstaltungen-in-der-stadt","status":"publish","type":"page","link":"https:\/\/astoria-spa.cz\/de\/lokalitaet\/veranstaltungen-in-der-stadt\/","title":{"rendered":"Veranstaltungen in der Stadt"},"content":{"rendered":"<p>Karlsbad ist immer in Bewegung. Das ganze Jahr \u00fcber k\u00f6nnen Sie an einer Reihe von Veranstaltungen teilnehmen. Die Er\u00f6ffnung der Kursaison, der Mattoni 1\/2 Marathon, die Europameisterschaft im Sportaerobic, Fitness und Hip hop, der Karlsbader Karneval, das Internationale Filmfestival Karlsbad, der City Triathlon 2017, das Festival der Lichter, der Karlsbader Dvo\u0159\u00e1k-Herbst, das XXXIV. Internationale Jazzfestival, das TOURFILM Festival, der KV\u00a0DOWNTOWN 2017, das Karlsbader Theater, Konzerte, Ausstellungen, Vernissagen.<\/p>\n","protected":false},"excerpt":{"rendered":"<p>Karlsbad ist immer in Bewegung. Das ganze Jahr \u00fcber k\u00f6nnen Sie an einer Reihe von Veranstaltungen teilnehmen. Die Er\u00f6ffnung der Kursaison, der Mattoni 1\/2 Marathon, die Europameisterschaft im Sportaerobic, Fitness und Hip hop, der Karlsbader Karneval, das Internationale Filmfestival Karlsbad, der City Triathlon 2017, das Festival der Lichter, der Karlsbader Dvo\u0159\u00e1k-Herbst, das XXXIV. Internationale Jazzfestival, [&hellip;]<\/p>\n","protected":false},"author":4,"featured_media":0,"parent":722,"menu_order":90,"comment_status":"closed","ping_status":"closed","template":"template-default-3.php","meta":{"footnotes":""},"categories":[],"class_list":["post-756","page","type-page","status-publish","hentry"],"yoast_head":"<!-- This site is optimized with the Yoast SEO plugin v26.9 - https:\/\/yoast.com\/product\/yoast-seo-wordpress\/ -->\n<title>Veranstaltungen in der Stadt - Astoria Hotel &amp; Medical Spa -<\/title>\n<meta name=\"description\" content=\"Karlsbad ist immer in Bewegung. Das ganze Jahr \u00fcber k\u00f6nnen Sie an einer Reihe von Veranstaltungen teilnehmen\" \/>\n<meta name=\"robots\" content=\"index, follow, max-snippet:-1, max-image-preview:large, max-video-preview:-1\" \/>\n<link rel=\"canonical\" href=\"https:\/\/astoria-spa.cz\/de\/lokalitaet\/veranstaltungen-in-der-stadt\/\" \/>\n<meta property=\"og:locale\" content=\"de_DE\" \/>\n<meta property=\"og:type\" content=\"article\" \/>\n<meta property=\"og:title\" content=\"Veranstaltungen in der Stadt - Astoria Hotel &amp; Medical Spa -\" \/>\n<meta property=\"og:description\" content=\"Karlsbad ist immer in Bewegung. Das ganze Jahr \u00fcber k\u00f6nnen Sie an einer Reihe von Veranstaltungen teilnehmen\" \/>\n<meta property=\"og:url\" content=\"https:\/\/astoria-spa.cz\/de\/lokalitaet\/veranstaltungen-in-der-stadt\/\" \/>\n<meta property=\"og:site_name\" content=\"Astoria Hotel &amp; Medical Spa\" \/>\n<meta property=\"article:modified_time\" content=\"2022-03-25T09:17:41+00:00\" \/>\n<meta name=\"twitter:card\" content=\"summary_large_image\" \/>\n<meta name=\"twitter:label1\" content=\"Gesch\u00e4tzte Lesezeit\" \/>\n\t<meta name=\"twitter:data1\" content=\"1 Minute\" \/>\n<script type=\"application\/ld+json\" class=\"yoast-schema-graph\">{\"@context\":\"https:\/\/schema.org\",\"@graph\":[{\"@type\":\"WebPage\",\"@id\":\"https:\/\/astoria-spa.cz\/de\/lokalitaet\/veranstaltungen-in-der-stadt\/\",\"url\":\"https:\/\/astoria-spa.cz\/de\/lokalitaet\/veranstaltungen-in-der-stadt\/\",\"name\":\"Veranstaltungen in der Stadt - Astoria Hotel & Medical Spa -\",\"isPartOf\":{\"@id\":\"https:\/\/astoria-spa.cz\/de\/#website\"},\"datePublished\":\"2022-03-07T13:37:03+00:00\",\"dateModified\":\"2022-03-25T09:17:41+00:00\",\"description\":\"Karlsbad ist immer in Bewegung. Das ganze Jahr \u00fcber k\u00f6nnen Sie an einer Reihe von Veranstaltungen teilnehmen\",\"breadcrumb\":{\"@id\":\"https:\/\/astoria-spa.cz\/de\/lokalitaet\/veranstaltungen-in-der-stadt\/#breadcrumb\"},\"inLanguage\":\"de-DE\",\"potentialAction\":[{\"@type\":\"ReadAction\",\"target\":[\"https:\/\/astoria-spa.cz\/de\/lokalitaet\/veranstaltungen-in-der-stadt\/\"]}]},{\"@type\":\"BreadcrumbList\",\"@id\":\"https:\/\/astoria-spa.cz\/de\/lokalitaet\/veranstaltungen-in-der-stadt\/#breadcrumb\",\"itemListElement\":[{\"@type\":\"ListItem\",\"position\":1,\"name\":\"Home\",\"item\":\"https:\/\/astoria-spa.cz\/de\/\"},{\"@type\":\"ListItem\",\"position\":2,\"name\":\"Lokalit\u00e4t Karlsbader Region\",\"item\":\"https:\/\/astoria-spa.cz\/de\/lokalitaet\/\"},{\"@type\":\"ListItem\",\"position\":3,\"name\":\"Veranstaltungen in der Stadt\"}]},{\"@type\":\"WebSite\",\"@id\":\"https:\/\/astoria-spa.cz\/de\/#website\",\"url\":\"https:\/\/astoria-spa.cz\/de\/\",\"name\":\"Astoria Hotel & Medical Spa\",\"description\":\"Just another ms.decms.eu site\",\"potentialAction\":[{\"@type\":\"SearchAction\",\"target\":{\"@type\":\"EntryPoint\",\"urlTemplate\":\"https:\/\/astoria-spa.cz\/de\/?s={search_term_string}\"},\"query-input\":{\"@type\":\"PropertyValueSpecification\",\"valueRequired\":true,\"valueName\":\"search_term_string\"}}],\"inLanguage\":\"de-DE\"}]}<\/script>\n<!-- \/ Yoast SEO plugin. -->","yoast_head_json":{"title":"Veranstaltungen in der Stadt - Astoria Hotel & Medical Spa -","description":"Karlsbad ist immer in Bewegung. Das ganze Jahr \u00fcber k\u00f6nnen Sie an einer Reihe von Veranstaltungen teilnehmen","robots":{"index":"index","follow":"follow","max-snippet":"max-snippet:-1","max-image-preview":"max-image-preview:large","max-video-preview":"max-video-preview:-1"},"canonical":"https:\/\/astoria-spa.cz\/de\/lokalitaet\/veranstaltungen-in-der-stadt\/","og_locale":"de_DE","og_type":"article","og_title":"Veranstaltungen in der Stadt - Astoria Hotel & Medical Spa -","og_description":"Karlsbad ist immer in Bewegung. Das ganze Jahr \u00fcber k\u00f6nnen Sie an einer Reihe von Veranstaltungen teilnehmen","og_url":"https:\/\/astoria-spa.cz\/de\/lokalitaet\/veranstaltungen-in-der-stadt\/","og_site_name":"Astoria Hotel & Medical Spa","article_modified_time":"2022-03-25T09:17:41+00:00","twitter_card":"summary_large_image","twitter_misc":{"Gesch\u00e4tzte Lesezeit":"1 Minute"},"schema":{"@context":"https:\/\/schema.org","@graph":[{"@type":"WebPage","@id":"https:\/\/astoria-spa.cz\/de\/lokalitaet\/veranstaltungen-in-der-stadt\/","url":"https:\/\/astoria-spa.cz\/de\/lokalitaet\/veranstaltungen-in-der-stadt\/","name":"Veranstaltungen in der Stadt - Astoria Hotel & Medical Spa -","isPartOf":{"@id":"https:\/\/astoria-spa.cz\/de\/#website"},"datePublished":"2022-03-07T13:37:03+00:00","dateModified":"2022-03-25T09:17:41+00:00","description":"Karlsbad ist immer in Bewegung. Das ganze Jahr \u00fcber k\u00f6nnen Sie an einer Reihe von Veranstaltungen teilnehmen","breadcrumb":{"@id":"https:\/\/astoria-spa.cz\/de\/lokalitaet\/veranstaltungen-in-der-stadt\/#breadcrumb"},"inLanguage":"de-DE","potentialAction":[{"@type":"ReadAction","target":["https:\/\/astoria-spa.cz\/de\/lokalitaet\/veranstaltungen-in-der-stadt\/"]}]},{"@type":"BreadcrumbList","@id":"https:\/\/astoria-spa.cz\/de\/lokalitaet\/veranstaltungen-in-der-stadt\/#breadcrumb","itemListElement":[{"@type":"ListItem","position":1,"name":"Home","item":"https:\/\/astoria-spa.cz\/de\/"},{"@type":"ListItem","position":2,"name":"Lokalit\u00e4t Karlsbader Region","item":"https:\/\/astoria-spa.cz\/de\/lokalitaet\/"},{"@type":"ListItem","position":3,"name":"Veranstaltungen in der Stadt"}]},{"@type":"WebSite","@id":"https:\/\/astoria-spa.cz\/de\/#website","url":"https:\/\/astoria-spa.cz\/de\/","name":"Astoria Hotel & Medical Spa","description":"Just another ms.decms.eu site","potentialAction":[{"@type":"SearchAction","target":{"@type":"EntryPoint","urlTemplate":"https:\/\/astoria-spa.cz\/de\/?s={search_term_string}"},"query-input":{"@type":"PropertyValueSpecification","valueRequired":true,"valueName":"search_term_string"}}],"inLanguage":"de-DE"}]}},"acf":[],"_links":{"self":[{"href":"https:\/\/astoria-spa.cz\/de\/wp-json\/wp\/v2\/pages\/756","targetHints":{"allow":["GET"]}}],"collection":[{"href":"https:\/\/astoria-spa.cz\/de\/wp-json\/wp\/v2\/pages"}],"about":[{"href":"https:\/\/astoria-spa.cz\/de\/wp-json\/wp\/v2\/types\/page"}],"author":[{"embeddable":true,"href":"https:\/\/astoria-spa.cz\/de\/wp-json\/wp\/v2\/users\/4"}],"replies":[{"embeddable":true,"href":"https:\/\/astoria-spa.cz\/de\/wp-json\/wp\/v2\/comments?post=756"}],"version-history":[{"count":0,"href":"https:\/\/astoria-spa.cz\/de\/wp-json\/wp\/v2\/pages\/756\/revisions"}],"up":[{"embeddable":true,"href":"https:\/\/astoria-spa.cz\/de\/wp-json\/wp\/v2\/pages\/722"}],"wp:attachment":[{"href":"https:\/\/astoria-spa.cz\/de\/wp-json\/wp\/v2\/media?parent=756"}],"wp:term":[{"taxonomy":"category","embeddable":true,"href":"https:\/\/astoria-spa.cz\/de\/wp-json\/wp\/v2\/categories?post=756"}],"curies":[{"name":"wp","href":"https:\/\/api.w.org\/{rel}","templated":true}]}}