{"id":753,"date":"2022-03-07T13:35:15","date_gmt":"2022-03-07T13:35:15","guid":{"rendered":"https:\/\/astoria-hotel-and-medical-spa.ms.decms.eu\/lokalitaet\/sport-a-aktivity\/"},"modified":"2022-03-25T09:14:29","modified_gmt":"2022-03-25T09:14:29","slug":"sport-und-aktivitaeten","status":"publish","type":"page","link":"https:\/\/astoria-spa.cz\/de\/lokalitaet\/sport-und-aktivitaeten\/","title":{"rendered":"Sport und Aktivit\u00e4ten"},"content":{"rendered":"<p>Golfpl\u00e4tze in der Region (Karlsbad &#8211; Ol\u0161ov\u00e1 Vrata, Cihelny, Marienbad, Franzensbad, Kyn\u017evart, Sokolov, H\u00e1je, Tepl\u00e1, Luby), Kletterzentrum Sv. Linhart, Schwimmbecken, Freib\u00e4der, Radwanderwege, Fahrradverleihe, Reithallen und Reitunterricht, Nordic Walking, Aussichtsfl\u00fcge, Fischfang, Kartbahnen. Der tschechische Teil des Erzgebirges (Kru\u0161n\u00e9 hory) ist nur 25 km entfernt (Skifahren, Radtouristik, Touristik).<\/p>\n<p>Wir stellen f\u00fcr Sie gerne Tipps f\u00fcr ma\u00dfgeschneiderte Sportaktivit\u00e4ten zusammen.<\/p>\n","protected":false},"excerpt":{"rendered":"<p>Golfpl\u00e4tze in der Region (Karlsbad &#8211; Ol\u0161ov\u00e1 Vrata, Cihelny, Marienbad, Franzensbad, Kyn\u017evart, Sokolov, H\u00e1je, Tepl\u00e1, Luby), Kletterzentrum Sv. Linhart, Schwimmbecken, Freib\u00e4der, Radwanderwege, Fahrradverleihe, Reithallen und Reitunterricht, Nordic Walking, Aussichtsfl\u00fcge, Fischfang, Kartbahnen. Der tschechische Teil des Erzgebirges (Kru\u0161n\u00e9 hory) ist nur 25 km entfernt (Skifahren, Radtouristik, Touristik). Wir stellen f\u00fcr Sie gerne Tipps f\u00fcr ma\u00dfgeschneiderte Sportaktivit\u00e4ten [&hellip;]<\/p>\n","protected":false},"author":4,"featured_media":0,"parent":722,"menu_order":80,"comment_status":"closed","ping_status":"closed","template":"template-default-3.php","meta":{"footnotes":""},"categories":[],"class_list":["post-753","page","type-page","status-publish","hentry"],"yoast_head":"<!-- This site is optimized with the Yoast SEO plugin v26.9 - https:\/\/yoast.com\/product\/yoast-seo-wordpress\/ -->\n<title>Sport und Aktivit\u00e4ten - Astoria Hotel &amp; Medical Spa -<\/title>\n<meta name=\"description\" content=\"Golfpl\u00e4tze in der Region (Karlsbad - Ol\u0161ov\u00e1 Vrata, Cihelny, Marienbad, Franzensbad, Kyn\u017evart, Sokolov, H\u00e1je, Tepl\u00e1, Luby), Kletterzentrum Sv. Linhart, Schwimmbecken, Freib\u00e4der, Radwanderwege, Fahrradverleihe, Reithallen und Reitunterricht, Nordic Walking, Aussichtsfl\u00fcge, Fischfang, Kartbahnen\" \/>\n<meta name=\"robots\" content=\"index, follow, max-snippet:-1, max-image-preview:large, max-video-preview:-1\" \/>\n<link rel=\"canonical\" href=\"https:\/\/astoria-spa.cz\/de\/lokalitaet\/sport-und-aktivitaeten\/\" \/>\n<meta property=\"og:locale\" content=\"de_DE\" \/>\n<meta property=\"og:type\" content=\"article\" \/>\n<meta property=\"og:title\" content=\"Sport und Aktivit\u00e4ten - Astoria Hotel &amp; Medical Spa -\" \/>\n<meta property=\"og:description\" content=\"Golfpl\u00e4tze in der Region (Karlsbad - Ol\u0161ov\u00e1 Vrata, Cihelny, Marienbad, Franzensbad, Kyn\u017evart, Sokolov, H\u00e1je, Tepl\u00e1, Luby), Kletterzentrum Sv. Linhart, Schwimmbecken, Freib\u00e4der, Radwanderwege, Fahrradverleihe, Reithallen und Reitunterricht, Nordic Walking, Aussichtsfl\u00fcge, Fischfang, Kartbahnen\" \/>\n<meta property=\"og:url\" content=\"https:\/\/astoria-spa.cz\/de\/lokalitaet\/sport-und-aktivitaeten\/\" \/>\n<meta property=\"og:site_name\" content=\"Astoria Hotel &amp; Medical Spa\" \/>\n<meta property=\"article:modified_time\" content=\"2022-03-25T09:14:29+00:00\" \/>\n<meta name=\"twitter:card\" content=\"summary_large_image\" \/>\n<meta name=\"twitter:label1\" content=\"Gesch\u00e4tzte Lesezeit\" \/>\n\t<meta name=\"twitter:data1\" content=\"1 Minute\" \/>\n<script type=\"application\/ld+json\" class=\"yoast-schema-graph\">{\"@context\":\"https:\/\/schema.org\",\"@graph\":[{\"@type\":\"WebPage\",\"@id\":\"https:\/\/astoria-spa.cz\/de\/lokalitaet\/sport-und-aktivitaeten\/\",\"url\":\"https:\/\/astoria-spa.cz\/de\/lokalitaet\/sport-und-aktivitaeten\/\",\"name\":\"Sport und Aktivit\u00e4ten - Astoria Hotel & Medical Spa -\",\"isPartOf\":{\"@id\":\"https:\/\/astoria-spa.cz\/de\/#website\"},\"datePublished\":\"2022-03-07T13:35:15+00:00\",\"dateModified\":\"2022-03-25T09:14:29+00:00\",\"description\":\"Golfpl\u00e4tze in der Region (Karlsbad - Ol\u0161ov\u00e1 Vrata, Cihelny, Marienbad, Franzensbad, Kyn\u017evart, Sokolov, H\u00e1je, Tepl\u00e1, Luby), Kletterzentrum Sv. Linhart, Schwimmbecken, Freib\u00e4der, Radwanderwege, Fahrradverleihe, Reithallen und Reitunterricht, Nordic Walking, Aussichtsfl\u00fcge, Fischfang, Kartbahnen\",\"breadcrumb\":{\"@id\":\"https:\/\/astoria-spa.cz\/de\/lokalitaet\/sport-und-aktivitaeten\/#breadcrumb\"},\"inLanguage\":\"de-DE\",\"potentialAction\":[{\"@type\":\"ReadAction\",\"target\":[\"https:\/\/astoria-spa.cz\/de\/lokalitaet\/sport-und-aktivitaeten\/\"]}]},{\"@type\":\"BreadcrumbList\",\"@id\":\"https:\/\/astoria-spa.cz\/de\/lokalitaet\/sport-und-aktivitaeten\/#breadcrumb\",\"itemListElement\":[{\"@type\":\"ListItem\",\"position\":1,\"name\":\"Home\",\"item\":\"https:\/\/astoria-spa.cz\/de\/\"},{\"@type\":\"ListItem\",\"position\":2,\"name\":\"Lokalit\u00e4t Karlsbader Region\",\"item\":\"https:\/\/astoria-spa.cz\/de\/lokalitaet\/\"},{\"@type\":\"ListItem\",\"position\":3,\"name\":\"Sport und Aktivit\u00e4ten\"}]},{\"@type\":\"WebSite\",\"@id\":\"https:\/\/astoria-spa.cz\/de\/#website\",\"url\":\"https:\/\/astoria-spa.cz\/de\/\",\"name\":\"Astoria Hotel & Medical Spa\",\"description\":\"Just another ms.decms.eu site\",\"potentialAction\":[{\"@type\":\"SearchAction\",\"target\":{\"@type\":\"EntryPoint\",\"urlTemplate\":\"https:\/\/astoria-spa.cz\/de\/?s={search_term_string}\"},\"query-input\":{\"@type\":\"PropertyValueSpecification\",\"valueRequired\":true,\"valueName\":\"search_term_string\"}}],\"inLanguage\":\"de-DE\"}]}<\/script>\n<!-- \/ Yoast SEO plugin. -->","yoast_head_json":{"title":"Sport und Aktivit\u00e4ten - Astoria Hotel & Medical Spa -","description":"Golfpl\u00e4tze in der Region (Karlsbad - Ol\u0161ov\u00e1 Vrata, Cihelny, Marienbad, Franzensbad, Kyn\u017evart, Sokolov, H\u00e1je, Tepl\u00e1, Luby), Kletterzentrum Sv. Linhart, Schwimmbecken, Freib\u00e4der, Radwanderwege, Fahrradverleihe, Reithallen und Reitunterricht, Nordic Walking, Aussichtsfl\u00fcge, Fischfang, Kartbahnen","robots":{"index":"index","follow":"follow","max-snippet":"max-snippet:-1","max-image-preview":"max-image-preview:large","max-video-preview":"max-video-preview:-1"},"canonical":"https:\/\/astoria-spa.cz\/de\/lokalitaet\/sport-und-aktivitaeten\/","og_locale":"de_DE","og_type":"article","og_title":"Sport und Aktivit\u00e4ten - Astoria Hotel & Medical Spa -","og_description":"Golfpl\u00e4tze in der Region (Karlsbad - Ol\u0161ov\u00e1 Vrata, Cihelny, Marienbad, Franzensbad, Kyn\u017evart, Sokolov, H\u00e1je, Tepl\u00e1, Luby), Kletterzentrum Sv. Linhart, Schwimmbecken, Freib\u00e4der, Radwanderwege, Fahrradverleihe, Reithallen und Reitunterricht, Nordic Walking, Aussichtsfl\u00fcge, Fischfang, Kartbahnen","og_url":"https:\/\/astoria-spa.cz\/de\/lokalitaet\/sport-und-aktivitaeten\/","og_site_name":"Astoria Hotel & Medical Spa","article_modified_time":"2022-03-25T09:14:29+00:00","twitter_card":"summary_large_image","twitter_misc":{"Gesch\u00e4tzte Lesezeit":"1 Minute"},"schema":{"@context":"https:\/\/schema.org","@graph":[{"@type":"WebPage","@id":"https:\/\/astoria-spa.cz\/de\/lokalitaet\/sport-und-aktivitaeten\/","url":"https:\/\/astoria-spa.cz\/de\/lokalitaet\/sport-und-aktivitaeten\/","name":"Sport und Aktivit\u00e4ten - Astoria Hotel & Medical Spa -","isPartOf":{"@id":"https:\/\/astoria-spa.cz\/de\/#website"},"datePublished":"2022-03-07T13:35:15+00:00","dateModified":"2022-03-25T09:14:29+00:00","description":"Golfpl\u00e4tze in der Region (Karlsbad - Ol\u0161ov\u00e1 Vrata, Cihelny, Marienbad, Franzensbad, Kyn\u017evart, Sokolov, H\u00e1je, Tepl\u00e1, Luby), Kletterzentrum Sv. Linhart, Schwimmbecken, Freib\u00e4der, Radwanderwege, Fahrradverleihe, Reithallen und Reitunterricht, Nordic Walking, Aussichtsfl\u00fcge, Fischfang, Kartbahnen","breadcrumb":{"@id":"https:\/\/astoria-spa.cz\/de\/lokalitaet\/sport-und-aktivitaeten\/#breadcrumb"},"inLanguage":"de-DE","potentialAction":[{"@type":"ReadAction","target":["https:\/\/astoria-spa.cz\/de\/lokalitaet\/sport-und-aktivitaeten\/"]}]},{"@type":"BreadcrumbList","@id":"https:\/\/astoria-spa.cz\/de\/lokalitaet\/sport-und-aktivitaeten\/#breadcrumb","itemListElement":[{"@type":"ListItem","position":1,"name":"Home","item":"https:\/\/astoria-spa.cz\/de\/"},{"@type":"ListItem","position":2,"name":"Lokalit\u00e4t Karlsbader Region","item":"https:\/\/astoria-spa.cz\/de\/lokalitaet\/"},{"@type":"ListItem","position":3,"name":"Sport und Aktivit\u00e4ten"}]},{"@type":"WebSite","@id":"https:\/\/astoria-spa.cz\/de\/#website","url":"https:\/\/astoria-spa.cz\/de\/","name":"Astoria Hotel & Medical Spa","description":"Just another ms.decms.eu site","potentialAction":[{"@type":"SearchAction","target":{"@type":"EntryPoint","urlTemplate":"https:\/\/astoria-spa.cz\/de\/?s={search_term_string}"},"query-input":{"@type":"PropertyValueSpecification","valueRequired":true,"valueName":"search_term_string"}}],"inLanguage":"de-DE"}]}},"acf":[],"_links":{"self":[{"href":"https:\/\/astoria-spa.cz\/de\/wp-json\/wp\/v2\/pages\/753","targetHints":{"allow":["GET"]}}],"collection":[{"href":"https:\/\/astoria-spa.cz\/de\/wp-json\/wp\/v2\/pages"}],"about":[{"href":"https:\/\/astoria-spa.cz\/de\/wp-json\/wp\/v2\/types\/page"}],"author":[{"embeddable":true,"href":"https:\/\/astoria-spa.cz\/de\/wp-json\/wp\/v2\/users\/4"}],"replies":[{"embeddable":true,"href":"https:\/\/astoria-spa.cz\/de\/wp-json\/wp\/v2\/comments?post=753"}],"version-history":[{"count":0,"href":"https:\/\/astoria-spa.cz\/de\/wp-json\/wp\/v2\/pages\/753\/revisions"}],"up":[{"embeddable":true,"href":"https:\/\/astoria-spa.cz\/de\/wp-json\/wp\/v2\/pages\/722"}],"wp:attachment":[{"href":"https:\/\/astoria-spa.cz\/de\/wp-json\/wp\/v2\/media?parent=753"}],"wp:term":[{"taxonomy":"category","embeddable":true,"href":"https:\/\/astoria-spa.cz\/de\/wp-json\/wp\/v2\/categories?post=753"}],"curies":[{"name":"wp","href":"https:\/\/api.w.org\/{rel}","templated":true}]}}