{"id":748,"date":"2022-03-07T13:27:03","date_gmt":"2022-03-07T13:27:03","guid":{"rendered":"https:\/\/astoria-hotel-and-medical-spa.ms.decms.eu\/lokalitaet\/vylety-po-regionu\/"},"modified":"2022-03-25T09:04:35","modified_gmt":"2022-03-25T09:04:35","slug":"ausfluege-in-die-region","status":"publish","type":"page","link":"https:\/\/astoria-spa.cz\/de\/lokalitaet\/ausfluege-in-die-region\/","title":{"rendered":"Ausfl\u00fcge in die Region"},"content":{"rendered":"<p>Karlsbad geh\u00f6rt zu dem s.g. westb\u00f6hmischen Kurbaddreieck, in einer Reichweite von 30 Min. sind weitere Kurbadst\u00e4dte: Mari\u00e1nsk\u00e9 L\u00e1zn\u011b (Marienbad) und Franti\u0161kovy L\u00e1zn\u011b (Franzensbad). Die Region bietet viele Sehensw\u00fcrdigkeiten, Burgen und Schl\u00f6sser (Loket, Be\u010dov, Kyn\u017evart, Seeberg, Tepl\u00e1, Cheb), die Wallfahrtsorte Chlum und Maria Loreto, aber auch die Natursch\u00f6nheiten: Slavkovsk\u00fd les (Kaiserwald), Kru\u0161n\u00e9 hory (Erzgebirge), Doupovsk\u00e9 hory (Duppauer Gebirge). Wir stellen f\u00fcr Sie gerne Tipps f\u00fcr ma\u00dfgeschneiderte Ausfl\u00fcge zusammen.<\/p>\n","protected":false},"excerpt":{"rendered":"<p>Karlsbad geh\u00f6rt zu dem s.g. westb\u00f6hmischen Kurbaddreieck, in einer Reichweite von 30 Min. sind weitere Kurbadst\u00e4dte: Mari\u00e1nsk\u00e9 L\u00e1zn\u011b (Marienbad) und Franti\u0161kovy L\u00e1zn\u011b (Franzensbad). Die Region bietet viele Sehensw\u00fcrdigkeiten, Burgen und Schl\u00f6sser (Loket, Be\u010dov, Kyn\u017evart, Seeberg, Tepl\u00e1, Cheb), die Wallfahrtsorte Chlum und Maria Loreto, aber auch die Natursch\u00f6nheiten: Slavkovsk\u00fd les (Kaiserwald), Kru\u0161n\u00e9 hory (Erzgebirge), Doupovsk\u00e9 hory [&hellip;]<\/p>\n","protected":false},"author":4,"featured_media":0,"parent":722,"menu_order":70,"comment_status":"closed","ping_status":"closed","template":"template-default-3.php","meta":{"footnotes":""},"categories":[],"class_list":["post-748","page","type-page","status-publish","hentry"],"yoast_head":"<!-- This site is optimized with the Yoast SEO plugin v26.9 - https:\/\/yoast.com\/product\/yoast-seo-wordpress\/ -->\n<title>Ausfl\u00fcge in die Region - Astoria Hotel &amp; Medical Spa -<\/title>\n<meta name=\"description\" content=\"Karlsbad geh\u00f6rt zu dem s.g. westb\u00f6hmischen Kurbaddreieck, in einer Reichweite von 30 Min\" \/>\n<meta name=\"robots\" content=\"index, follow, max-snippet:-1, max-image-preview:large, max-video-preview:-1\" \/>\n<link rel=\"canonical\" href=\"https:\/\/astoria-spa.cz\/de\/lokalitaet\/ausfluege-in-die-region\/\" \/>\n<meta property=\"og:locale\" content=\"de_DE\" \/>\n<meta property=\"og:type\" content=\"article\" \/>\n<meta property=\"og:title\" content=\"Ausfl\u00fcge in die Region - Astoria Hotel &amp; Medical Spa -\" \/>\n<meta property=\"og:description\" content=\"Karlsbad geh\u00f6rt zu dem s.g. westb\u00f6hmischen Kurbaddreieck, in einer Reichweite von 30 Min\" \/>\n<meta property=\"og:url\" content=\"https:\/\/astoria-spa.cz\/de\/lokalitaet\/ausfluege-in-die-region\/\" \/>\n<meta property=\"og:site_name\" content=\"Astoria Hotel &amp; Medical Spa\" \/>\n<meta property=\"article:modified_time\" content=\"2022-03-25T09:04:35+00:00\" \/>\n<meta name=\"twitter:card\" content=\"summary_large_image\" \/>\n<meta name=\"twitter:label1\" content=\"Gesch\u00e4tzte Lesezeit\" \/>\n\t<meta name=\"twitter:data1\" content=\"1 Minute\" \/>\n<script type=\"application\/ld+json\" class=\"yoast-schema-graph\">{\"@context\":\"https:\/\/schema.org\",\"@graph\":[{\"@type\":\"WebPage\",\"@id\":\"https:\/\/astoria-spa.cz\/de\/lokalitaet\/ausfluege-in-die-region\/\",\"url\":\"https:\/\/astoria-spa.cz\/de\/lokalitaet\/ausfluege-in-die-region\/\",\"name\":\"Ausfl\u00fcge in die Region - Astoria Hotel & Medical Spa -\",\"isPartOf\":{\"@id\":\"https:\/\/astoria-spa.cz\/de\/#website\"},\"datePublished\":\"2022-03-07T13:27:03+00:00\",\"dateModified\":\"2022-03-25T09:04:35+00:00\",\"description\":\"Karlsbad geh\u00f6rt zu dem s.g. westb\u00f6hmischen Kurbaddreieck, in einer Reichweite von 30 Min\",\"breadcrumb\":{\"@id\":\"https:\/\/astoria-spa.cz\/de\/lokalitaet\/ausfluege-in-die-region\/#breadcrumb\"},\"inLanguage\":\"de-DE\",\"potentialAction\":[{\"@type\":\"ReadAction\",\"target\":[\"https:\/\/astoria-spa.cz\/de\/lokalitaet\/ausfluege-in-die-region\/\"]}]},{\"@type\":\"BreadcrumbList\",\"@id\":\"https:\/\/astoria-spa.cz\/de\/lokalitaet\/ausfluege-in-die-region\/#breadcrumb\",\"itemListElement\":[{\"@type\":\"ListItem\",\"position\":1,\"name\":\"Home\",\"item\":\"https:\/\/astoria-spa.cz\/de\/\"},{\"@type\":\"ListItem\",\"position\":2,\"name\":\"Lokalit\u00e4t Karlsbader Region\",\"item\":\"https:\/\/astoria-spa.cz\/de\/lokalitaet\/\"},{\"@type\":\"ListItem\",\"position\":3,\"name\":\"Ausfl\u00fcge in die Region\"}]},{\"@type\":\"WebSite\",\"@id\":\"https:\/\/astoria-spa.cz\/de\/#website\",\"url\":\"https:\/\/astoria-spa.cz\/de\/\",\"name\":\"Astoria Hotel & Medical Spa\",\"description\":\"Just another ms.decms.eu site\",\"potentialAction\":[{\"@type\":\"SearchAction\",\"target\":{\"@type\":\"EntryPoint\",\"urlTemplate\":\"https:\/\/astoria-spa.cz\/de\/?s={search_term_string}\"},\"query-input\":{\"@type\":\"PropertyValueSpecification\",\"valueRequired\":true,\"valueName\":\"search_term_string\"}}],\"inLanguage\":\"de-DE\"}]}<\/script>\n<!-- \/ Yoast SEO plugin. -->","yoast_head_json":{"title":"Ausfl\u00fcge in die Region - Astoria Hotel & Medical Spa -","description":"Karlsbad geh\u00f6rt zu dem s.g. westb\u00f6hmischen Kurbaddreieck, in einer Reichweite von 30 Min","robots":{"index":"index","follow":"follow","max-snippet":"max-snippet:-1","max-image-preview":"max-image-preview:large","max-video-preview":"max-video-preview:-1"},"canonical":"https:\/\/astoria-spa.cz\/de\/lokalitaet\/ausfluege-in-die-region\/","og_locale":"de_DE","og_type":"article","og_title":"Ausfl\u00fcge in die Region - Astoria Hotel & Medical Spa -","og_description":"Karlsbad geh\u00f6rt zu dem s.g. westb\u00f6hmischen Kurbaddreieck, in einer Reichweite von 30 Min","og_url":"https:\/\/astoria-spa.cz\/de\/lokalitaet\/ausfluege-in-die-region\/","og_site_name":"Astoria Hotel & Medical Spa","article_modified_time":"2022-03-25T09:04:35+00:00","twitter_card":"summary_large_image","twitter_misc":{"Gesch\u00e4tzte Lesezeit":"1 Minute"},"schema":{"@context":"https:\/\/schema.org","@graph":[{"@type":"WebPage","@id":"https:\/\/astoria-spa.cz\/de\/lokalitaet\/ausfluege-in-die-region\/","url":"https:\/\/astoria-spa.cz\/de\/lokalitaet\/ausfluege-in-die-region\/","name":"Ausfl\u00fcge in die Region - Astoria Hotel & Medical Spa -","isPartOf":{"@id":"https:\/\/astoria-spa.cz\/de\/#website"},"datePublished":"2022-03-07T13:27:03+00:00","dateModified":"2022-03-25T09:04:35+00:00","description":"Karlsbad geh\u00f6rt zu dem s.g. westb\u00f6hmischen Kurbaddreieck, in einer Reichweite von 30 Min","breadcrumb":{"@id":"https:\/\/astoria-spa.cz\/de\/lokalitaet\/ausfluege-in-die-region\/#breadcrumb"},"inLanguage":"de-DE","potentialAction":[{"@type":"ReadAction","target":["https:\/\/astoria-spa.cz\/de\/lokalitaet\/ausfluege-in-die-region\/"]}]},{"@type":"BreadcrumbList","@id":"https:\/\/astoria-spa.cz\/de\/lokalitaet\/ausfluege-in-die-region\/#breadcrumb","itemListElement":[{"@type":"ListItem","position":1,"name":"Home","item":"https:\/\/astoria-spa.cz\/de\/"},{"@type":"ListItem","position":2,"name":"Lokalit\u00e4t Karlsbader Region","item":"https:\/\/astoria-spa.cz\/de\/lokalitaet\/"},{"@type":"ListItem","position":3,"name":"Ausfl\u00fcge in die Region"}]},{"@type":"WebSite","@id":"https:\/\/astoria-spa.cz\/de\/#website","url":"https:\/\/astoria-spa.cz\/de\/","name":"Astoria Hotel & Medical Spa","description":"Just another ms.decms.eu site","potentialAction":[{"@type":"SearchAction","target":{"@type":"EntryPoint","urlTemplate":"https:\/\/astoria-spa.cz\/de\/?s={search_term_string}"},"query-input":{"@type":"PropertyValueSpecification","valueRequired":true,"valueName":"search_term_string"}}],"inLanguage":"de-DE"}]}},"acf":[],"_links":{"self":[{"href":"https:\/\/astoria-spa.cz\/de\/wp-json\/wp\/v2\/pages\/748","targetHints":{"allow":["GET"]}}],"collection":[{"href":"https:\/\/astoria-spa.cz\/de\/wp-json\/wp\/v2\/pages"}],"about":[{"href":"https:\/\/astoria-spa.cz\/de\/wp-json\/wp\/v2\/types\/page"}],"author":[{"embeddable":true,"href":"https:\/\/astoria-spa.cz\/de\/wp-json\/wp\/v2\/users\/4"}],"replies":[{"embeddable":true,"href":"https:\/\/astoria-spa.cz\/de\/wp-json\/wp\/v2\/comments?post=748"}],"version-history":[{"count":0,"href":"https:\/\/astoria-spa.cz\/de\/wp-json\/wp\/v2\/pages\/748\/revisions"}],"up":[{"embeddable":true,"href":"https:\/\/astoria-spa.cz\/de\/wp-json\/wp\/v2\/pages\/722"}],"wp:attachment":[{"href":"https:\/\/astoria-spa.cz\/de\/wp-json\/wp\/v2\/media?parent=748"}],"wp:term":[{"taxonomy":"category","embeddable":true,"href":"https:\/\/astoria-spa.cz\/de\/wp-json\/wp\/v2\/categories?post=748"}],"curies":[{"name":"wp","href":"https:\/\/api.w.org\/{rel}","templated":true}]}}