{"id":745,"date":"2022-03-07T11:29:45","date_gmt":"2022-03-07T11:29:45","guid":{"rendered":"https:\/\/astoria-hotel-and-medical-spa.ms.decms.eu\/lokalitaet\/vyhlidky-a-prochazky\/"},"modified":"2022-03-24T16:59:36","modified_gmt":"2022-03-24T16:59:36","slug":"aussichtsorte-und-spaziergaenge","status":"publish","type":"page","link":"https:\/\/astoria-spa.cz\/de\/lokalitaet\/aussichtsorte-und-spaziergaenge\/","title":{"rendered":"Aussichtsorte und spazierg\u00e4nge"},"content":{"rendered":"<p>Mehrere Aussichtst\u00fcrme, -punkte, Altane und weitere Bauten k\u00f6nnen Sie bei Ihren Streifz\u00fcgen in den Kurbadw\u00e4ldern antreffen, die Karlsbad umgeben. Zur Verf\u00fcgung stehen Ihnen auch mehr als 130 km gekennzeichnete Wege, die Sie zu interessanten Zielen f\u00fchren. Die Pfade in den Kurbadw\u00e4ldern dienen auch als \u201eGel\u00e4ndekur&#8220;, die als Bestandteil der Kurheilung eingeordnet ist.<\/p>\n","protected":false},"excerpt":{"rendered":"<p>Mehrere Aussichtst\u00fcrme, -punkte, Altane und weitere Bauten k\u00f6nnen Sie bei Ihren Streifz\u00fcgen in den Kurbadw\u00e4ldern antreffen, die Karlsbad umgeben. Zur Verf\u00fcgung stehen Ihnen auch mehr als 130 km gekennzeichnete Wege, die Sie zu interessanten Zielen f\u00fchren. Die Pfade in den Kurbadw\u00e4ldern dienen auch als \u201eGel\u00e4ndekur&#8220;, die als Bestandteil der Kurheilung eingeordnet ist.<\/p>\n","protected":false},"author":4,"featured_media":0,"parent":722,"menu_order":60,"comment_status":"closed","ping_status":"closed","template":"template-default-3.php","meta":{"footnotes":""},"categories":[],"class_list":["post-745","page","type-page","status-publish","hentry"],"yoast_head":"<!-- This site is optimized with the Yoast SEO plugin v26.9 - https:\/\/yoast.com\/product\/yoast-seo-wordpress\/ -->\n<title>Aussichtsorte und spazierg\u00e4nge - Astoria Hotel &amp; Medical Spa -<\/title>\n<meta name=\"description\" content=\"Mehrere Aussichtst\u00fcrme, -punkte, Altane und weitere Bauten k\u00f6nnen Sie bei Ihren Streifz\u00fcgen in den Kurbadw\u00e4ldern antreffen, die Karlsbad umgeben. Zur Verf\u00fcgung stehen Ihnen auch mehr als 130 km gekennzeichnete Wege, die Sie zu interessanten Zielen f\u00fchren\" \/>\n<meta name=\"robots\" content=\"index, follow, max-snippet:-1, max-image-preview:large, max-video-preview:-1\" \/>\n<link rel=\"canonical\" href=\"https:\/\/astoria-spa.cz\/de\/lokalitaet\/aussichtsorte-und-spaziergaenge\/\" \/>\n<meta property=\"og:locale\" content=\"de_DE\" \/>\n<meta property=\"og:type\" content=\"article\" \/>\n<meta property=\"og:title\" content=\"Aussichtsorte und spazierg\u00e4nge - Astoria Hotel &amp; Medical Spa -\" \/>\n<meta property=\"og:description\" content=\"Mehrere Aussichtst\u00fcrme, -punkte, Altane und weitere Bauten k\u00f6nnen Sie bei Ihren Streifz\u00fcgen in den Kurbadw\u00e4ldern antreffen, die Karlsbad umgeben. Zur Verf\u00fcgung stehen Ihnen auch mehr als 130 km gekennzeichnete Wege, die Sie zu interessanten Zielen f\u00fchren\" \/>\n<meta property=\"og:url\" content=\"https:\/\/astoria-spa.cz\/de\/lokalitaet\/aussichtsorte-und-spaziergaenge\/\" \/>\n<meta property=\"og:site_name\" content=\"Astoria Hotel &amp; Medical Spa\" \/>\n<meta property=\"article:modified_time\" content=\"2022-03-24T16:59:36+00:00\" \/>\n<meta name=\"twitter:card\" content=\"summary_large_image\" \/>\n<meta name=\"twitter:label1\" content=\"Gesch\u00e4tzte Lesezeit\" \/>\n\t<meta name=\"twitter:data1\" content=\"1 Minute\" \/>\n<script type=\"application\/ld+json\" class=\"yoast-schema-graph\">{\"@context\":\"https:\/\/schema.org\",\"@graph\":[{\"@type\":\"WebPage\",\"@id\":\"https:\/\/astoria-spa.cz\/de\/lokalitaet\/aussichtsorte-und-spaziergaenge\/\",\"url\":\"https:\/\/astoria-spa.cz\/de\/lokalitaet\/aussichtsorte-und-spaziergaenge\/\",\"name\":\"Aussichtsorte und spazierg\u00e4nge - Astoria Hotel & Medical Spa -\",\"isPartOf\":{\"@id\":\"https:\/\/astoria-spa.cz\/de\/#website\"},\"datePublished\":\"2022-03-07T11:29:45+00:00\",\"dateModified\":\"2022-03-24T16:59:36+00:00\",\"description\":\"Mehrere Aussichtst\u00fcrme, -punkte, Altane und weitere Bauten k\u00f6nnen Sie bei Ihren Streifz\u00fcgen in den Kurbadw\u00e4ldern antreffen, die Karlsbad umgeben. Zur Verf\u00fcgung stehen Ihnen auch mehr als 130 km gekennzeichnete Wege, die Sie zu interessanten Zielen f\u00fchren\",\"breadcrumb\":{\"@id\":\"https:\/\/astoria-spa.cz\/de\/lokalitaet\/aussichtsorte-und-spaziergaenge\/#breadcrumb\"},\"inLanguage\":\"de-DE\",\"potentialAction\":[{\"@type\":\"ReadAction\",\"target\":[\"https:\/\/astoria-spa.cz\/de\/lokalitaet\/aussichtsorte-und-spaziergaenge\/\"]}]},{\"@type\":\"BreadcrumbList\",\"@id\":\"https:\/\/astoria-spa.cz\/de\/lokalitaet\/aussichtsorte-und-spaziergaenge\/#breadcrumb\",\"itemListElement\":[{\"@type\":\"ListItem\",\"position\":1,\"name\":\"Home\",\"item\":\"https:\/\/astoria-spa.cz\/de\/\"},{\"@type\":\"ListItem\",\"position\":2,\"name\":\"Lokalit\u00e4t Karlsbader Region\",\"item\":\"https:\/\/astoria-spa.cz\/de\/lokalitaet\/\"},{\"@type\":\"ListItem\",\"position\":3,\"name\":\"Aussichtsorte und spazierg\u00e4nge\"}]},{\"@type\":\"WebSite\",\"@id\":\"https:\/\/astoria-spa.cz\/de\/#website\",\"url\":\"https:\/\/astoria-spa.cz\/de\/\",\"name\":\"Astoria Hotel & Medical Spa\",\"description\":\"Just another ms.decms.eu site\",\"potentialAction\":[{\"@type\":\"SearchAction\",\"target\":{\"@type\":\"EntryPoint\",\"urlTemplate\":\"https:\/\/astoria-spa.cz\/de\/?s={search_term_string}\"},\"query-input\":{\"@type\":\"PropertyValueSpecification\",\"valueRequired\":true,\"valueName\":\"search_term_string\"}}],\"inLanguage\":\"de-DE\"}]}<\/script>\n<!-- \/ Yoast SEO plugin. -->","yoast_head_json":{"title":"Aussichtsorte und spazierg\u00e4nge - Astoria Hotel & Medical Spa -","description":"Mehrere Aussichtst\u00fcrme, -punkte, Altane und weitere Bauten k\u00f6nnen Sie bei Ihren Streifz\u00fcgen in den Kurbadw\u00e4ldern antreffen, die Karlsbad umgeben. Zur Verf\u00fcgung stehen Ihnen auch mehr als 130 km gekennzeichnete Wege, die Sie zu interessanten Zielen f\u00fchren","robots":{"index":"index","follow":"follow","max-snippet":"max-snippet:-1","max-image-preview":"max-image-preview:large","max-video-preview":"max-video-preview:-1"},"canonical":"https:\/\/astoria-spa.cz\/de\/lokalitaet\/aussichtsorte-und-spaziergaenge\/","og_locale":"de_DE","og_type":"article","og_title":"Aussichtsorte und spazierg\u00e4nge - Astoria Hotel & Medical Spa -","og_description":"Mehrere Aussichtst\u00fcrme, -punkte, Altane und weitere Bauten k\u00f6nnen Sie bei Ihren Streifz\u00fcgen in den Kurbadw\u00e4ldern antreffen, die Karlsbad umgeben. Zur Verf\u00fcgung stehen Ihnen auch mehr als 130 km gekennzeichnete Wege, die Sie zu interessanten Zielen f\u00fchren","og_url":"https:\/\/astoria-spa.cz\/de\/lokalitaet\/aussichtsorte-und-spaziergaenge\/","og_site_name":"Astoria Hotel & Medical Spa","article_modified_time":"2022-03-24T16:59:36+00:00","twitter_card":"summary_large_image","twitter_misc":{"Gesch\u00e4tzte Lesezeit":"1 Minute"},"schema":{"@context":"https:\/\/schema.org","@graph":[{"@type":"WebPage","@id":"https:\/\/astoria-spa.cz\/de\/lokalitaet\/aussichtsorte-und-spaziergaenge\/","url":"https:\/\/astoria-spa.cz\/de\/lokalitaet\/aussichtsorte-und-spaziergaenge\/","name":"Aussichtsorte und spazierg\u00e4nge - Astoria Hotel & Medical Spa -","isPartOf":{"@id":"https:\/\/astoria-spa.cz\/de\/#website"},"datePublished":"2022-03-07T11:29:45+00:00","dateModified":"2022-03-24T16:59:36+00:00","description":"Mehrere Aussichtst\u00fcrme, -punkte, Altane und weitere Bauten k\u00f6nnen Sie bei Ihren Streifz\u00fcgen in den Kurbadw\u00e4ldern antreffen, die Karlsbad umgeben. Zur Verf\u00fcgung stehen Ihnen auch mehr als 130 km gekennzeichnete Wege, die Sie zu interessanten Zielen f\u00fchren","breadcrumb":{"@id":"https:\/\/astoria-spa.cz\/de\/lokalitaet\/aussichtsorte-und-spaziergaenge\/#breadcrumb"},"inLanguage":"de-DE","potentialAction":[{"@type":"ReadAction","target":["https:\/\/astoria-spa.cz\/de\/lokalitaet\/aussichtsorte-und-spaziergaenge\/"]}]},{"@type":"BreadcrumbList","@id":"https:\/\/astoria-spa.cz\/de\/lokalitaet\/aussichtsorte-und-spaziergaenge\/#breadcrumb","itemListElement":[{"@type":"ListItem","position":1,"name":"Home","item":"https:\/\/astoria-spa.cz\/de\/"},{"@type":"ListItem","position":2,"name":"Lokalit\u00e4t Karlsbader Region","item":"https:\/\/astoria-spa.cz\/de\/lokalitaet\/"},{"@type":"ListItem","position":3,"name":"Aussichtsorte und spazierg\u00e4nge"}]},{"@type":"WebSite","@id":"https:\/\/astoria-spa.cz\/de\/#website","url":"https:\/\/astoria-spa.cz\/de\/","name":"Astoria Hotel & Medical Spa","description":"Just another ms.decms.eu site","potentialAction":[{"@type":"SearchAction","target":{"@type":"EntryPoint","urlTemplate":"https:\/\/astoria-spa.cz\/de\/?s={search_term_string}"},"query-input":{"@type":"PropertyValueSpecification","valueRequired":true,"valueName":"search_term_string"}}],"inLanguage":"de-DE"}]}},"acf":[],"_links":{"self":[{"href":"https:\/\/astoria-spa.cz\/de\/wp-json\/wp\/v2\/pages\/745","targetHints":{"allow":["GET"]}}],"collection":[{"href":"https:\/\/astoria-spa.cz\/de\/wp-json\/wp\/v2\/pages"}],"about":[{"href":"https:\/\/astoria-spa.cz\/de\/wp-json\/wp\/v2\/types\/page"}],"author":[{"embeddable":true,"href":"https:\/\/astoria-spa.cz\/de\/wp-json\/wp\/v2\/users\/4"}],"replies":[{"embeddable":true,"href":"https:\/\/astoria-spa.cz\/de\/wp-json\/wp\/v2\/comments?post=745"}],"version-history":[{"count":0,"href":"https:\/\/astoria-spa.cz\/de\/wp-json\/wp\/v2\/pages\/745\/revisions"}],"up":[{"embeddable":true,"href":"https:\/\/astoria-spa.cz\/de\/wp-json\/wp\/v2\/pages\/722"}],"wp:attachment":[{"href":"https:\/\/astoria-spa.cz\/de\/wp-json\/wp\/v2\/media?parent=745"}],"wp:term":[{"taxonomy":"category","embeddable":true,"href":"https:\/\/astoria-spa.cz\/de\/wp-json\/wp\/v2\/categories?post=745"}],"curies":[{"name":"wp","href":"https:\/\/api.w.org\/{rel}","templated":true}]}}