{"id":742,"date":"2022-03-07T11:20:32","date_gmt":"2022-03-07T11:20:32","guid":{"rendered":"https:\/\/astoria-hotel-and-medical-spa.ms.decms.eu\/lokalitaet\/mattoni-muzeum\/"},"modified":"2022-03-24T16:54:55","modified_gmt":"2022-03-24T16:54:55","slug":"mattoni-museum","status":"publish","type":"page","link":"https:\/\/astoria-spa.cz\/de\/lokalitaet\/mattoni-museum\/","title":{"rendered":"Mattoni Museum"},"content":{"rendered":"<p>Kommen und erkunden Sie die Geschichte der ber\u00fchmten Marke Mattoni und dessen Gr\u00fcnders Heinrich Mattoni, die bis ins Jahr 1873 zur\u00fcckreicht. Das Geb\u00e4ude in der Gemeinde Kyselka, in dem das erste Museum der Abf\u00fcllung von Mineralwassern steht, tr\u00e4gt den Namen von Dr. Josef L\u00f6schner, Mattonis Mitarbeiter bei der Werbung f\u00fcr die Heilwirkungen von Mineralwassern. L\u00f6schners Pavillon diente zur Zeit seiner Entstehung als Betriebsst\u00e4tte zur Abf\u00fcllung von Mineralwassern aus der gleichnamigen Quelle.<\/p>\n","protected":false},"excerpt":{"rendered":"<p>Kommen und erkunden Sie die Geschichte der ber\u00fchmten Marke Mattoni und dessen Gr\u00fcnders Heinrich Mattoni, die bis ins Jahr 1873 zur\u00fcckreicht. Das Geb\u00e4ude in der Gemeinde Kyselka, in dem das erste Museum der Abf\u00fcllung von Mineralwassern steht, tr\u00e4gt den Namen von Dr. Josef L\u00f6schner, Mattonis Mitarbeiter bei der Werbung f\u00fcr die Heilwirkungen von Mineralwassern. L\u00f6schners [&hellip;]<\/p>\n","protected":false},"author":4,"featured_media":0,"parent":722,"menu_order":50,"comment_status":"closed","ping_status":"closed","template":"template-default-3.php","meta":{"footnotes":""},"categories":[],"class_list":["post-742","page","type-page","status-publish","hentry"],"yoast_head":"<!-- This site is optimized with the Yoast SEO plugin v26.9 - https:\/\/yoast.com\/product\/yoast-seo-wordpress\/ -->\n<title>Mattoni Museum - Astoria Hotel &amp; Medical Spa -<\/title>\n<meta name=\"description\" content=\"Kommen und erkunden Sie die Geschichte der ber\u00fchmten Marke Mattoni und dessen Gr\u00fcnders Heinrich Mattoni, die bis ins Jahr 1873 zur\u00fcckreicht. Das Geb\u00e4ude in der Gemeinde Kyselka, in dem das erste Museum der Abf\u00fcllung von Mineralwassern steht, tr\u00e4gt den Namen von Dr\" \/>\n<meta name=\"robots\" content=\"index, follow, max-snippet:-1, max-image-preview:large, max-video-preview:-1\" \/>\n<link rel=\"canonical\" href=\"https:\/\/astoria-spa.cz\/de\/lokalitaet\/mattoni-museum\/\" \/>\n<meta property=\"og:locale\" content=\"de_DE\" \/>\n<meta property=\"og:type\" content=\"article\" \/>\n<meta property=\"og:title\" content=\"Mattoni Museum - Astoria Hotel &amp; Medical Spa -\" \/>\n<meta property=\"og:description\" content=\"Kommen und erkunden Sie die Geschichte der ber\u00fchmten Marke Mattoni und dessen Gr\u00fcnders Heinrich Mattoni, die bis ins Jahr 1873 zur\u00fcckreicht. Das Geb\u00e4ude in der Gemeinde Kyselka, in dem das erste Museum der Abf\u00fcllung von Mineralwassern steht, tr\u00e4gt den Namen von Dr\" \/>\n<meta property=\"og:url\" content=\"https:\/\/astoria-spa.cz\/de\/lokalitaet\/mattoni-museum\/\" \/>\n<meta property=\"og:site_name\" content=\"Astoria Hotel &amp; Medical Spa\" \/>\n<meta property=\"article:modified_time\" content=\"2022-03-24T16:54:55+00:00\" \/>\n<meta name=\"twitter:card\" content=\"summary_large_image\" \/>\n<meta name=\"twitter:label1\" content=\"Gesch\u00e4tzte Lesezeit\" \/>\n\t<meta name=\"twitter:data1\" content=\"1 Minute\" \/>\n<script type=\"application\/ld+json\" class=\"yoast-schema-graph\">{\"@context\":\"https:\/\/schema.org\",\"@graph\":[{\"@type\":\"WebPage\",\"@id\":\"https:\/\/astoria-spa.cz\/de\/lokalitaet\/mattoni-museum\/\",\"url\":\"https:\/\/astoria-spa.cz\/de\/lokalitaet\/mattoni-museum\/\",\"name\":\"Mattoni Museum - Astoria Hotel & Medical Spa -\",\"isPartOf\":{\"@id\":\"https:\/\/astoria-spa.cz\/de\/#website\"},\"datePublished\":\"2022-03-07T11:20:32+00:00\",\"dateModified\":\"2022-03-24T16:54:55+00:00\",\"description\":\"Kommen und erkunden Sie die Geschichte der ber\u00fchmten Marke Mattoni und dessen Gr\u00fcnders Heinrich Mattoni, die bis ins Jahr 1873 zur\u00fcckreicht. Das Geb\u00e4ude in der Gemeinde Kyselka, in dem das erste Museum der Abf\u00fcllung von Mineralwassern steht, tr\u00e4gt den Namen von Dr\",\"breadcrumb\":{\"@id\":\"https:\/\/astoria-spa.cz\/de\/lokalitaet\/mattoni-museum\/#breadcrumb\"},\"inLanguage\":\"de-DE\",\"potentialAction\":[{\"@type\":\"ReadAction\",\"target\":[\"https:\/\/astoria-spa.cz\/de\/lokalitaet\/mattoni-museum\/\"]}]},{\"@type\":\"BreadcrumbList\",\"@id\":\"https:\/\/astoria-spa.cz\/de\/lokalitaet\/mattoni-museum\/#breadcrumb\",\"itemListElement\":[{\"@type\":\"ListItem\",\"position\":1,\"name\":\"Home\",\"item\":\"https:\/\/astoria-spa.cz\/de\/\"},{\"@type\":\"ListItem\",\"position\":2,\"name\":\"Lokalit\u00e4t Karlsbader Region\",\"item\":\"https:\/\/astoria-spa.cz\/de\/lokalitaet\/\"},{\"@type\":\"ListItem\",\"position\":3,\"name\":\"Mattoni Museum\"}]},{\"@type\":\"WebSite\",\"@id\":\"https:\/\/astoria-spa.cz\/de\/#website\",\"url\":\"https:\/\/astoria-spa.cz\/de\/\",\"name\":\"Astoria Hotel & Medical Spa\",\"description\":\"Just another ms.decms.eu site\",\"potentialAction\":[{\"@type\":\"SearchAction\",\"target\":{\"@type\":\"EntryPoint\",\"urlTemplate\":\"https:\/\/astoria-spa.cz\/de\/?s={search_term_string}\"},\"query-input\":{\"@type\":\"PropertyValueSpecification\",\"valueRequired\":true,\"valueName\":\"search_term_string\"}}],\"inLanguage\":\"de-DE\"}]}<\/script>\n<!-- \/ Yoast SEO plugin. -->","yoast_head_json":{"title":"Mattoni Museum - Astoria Hotel & Medical Spa -","description":"Kommen und erkunden Sie die Geschichte der ber\u00fchmten Marke Mattoni und dessen Gr\u00fcnders Heinrich Mattoni, die bis ins Jahr 1873 zur\u00fcckreicht. Das Geb\u00e4ude in der Gemeinde Kyselka, in dem das erste Museum der Abf\u00fcllung von Mineralwassern steht, tr\u00e4gt den Namen von Dr","robots":{"index":"index","follow":"follow","max-snippet":"max-snippet:-1","max-image-preview":"max-image-preview:large","max-video-preview":"max-video-preview:-1"},"canonical":"https:\/\/astoria-spa.cz\/de\/lokalitaet\/mattoni-museum\/","og_locale":"de_DE","og_type":"article","og_title":"Mattoni Museum - Astoria Hotel & Medical Spa -","og_description":"Kommen und erkunden Sie die Geschichte der ber\u00fchmten Marke Mattoni und dessen Gr\u00fcnders Heinrich Mattoni, die bis ins Jahr 1873 zur\u00fcckreicht. Das Geb\u00e4ude in der Gemeinde Kyselka, in dem das erste Museum der Abf\u00fcllung von Mineralwassern steht, tr\u00e4gt den Namen von Dr","og_url":"https:\/\/astoria-spa.cz\/de\/lokalitaet\/mattoni-museum\/","og_site_name":"Astoria Hotel & Medical Spa","article_modified_time":"2022-03-24T16:54:55+00:00","twitter_card":"summary_large_image","twitter_misc":{"Gesch\u00e4tzte Lesezeit":"1 Minute"},"schema":{"@context":"https:\/\/schema.org","@graph":[{"@type":"WebPage","@id":"https:\/\/astoria-spa.cz\/de\/lokalitaet\/mattoni-museum\/","url":"https:\/\/astoria-spa.cz\/de\/lokalitaet\/mattoni-museum\/","name":"Mattoni Museum - Astoria Hotel & Medical Spa -","isPartOf":{"@id":"https:\/\/astoria-spa.cz\/de\/#website"},"datePublished":"2022-03-07T11:20:32+00:00","dateModified":"2022-03-24T16:54:55+00:00","description":"Kommen und erkunden Sie die Geschichte der ber\u00fchmten Marke Mattoni und dessen Gr\u00fcnders Heinrich Mattoni, die bis ins Jahr 1873 zur\u00fcckreicht. Das Geb\u00e4ude in der Gemeinde Kyselka, in dem das erste Museum der Abf\u00fcllung von Mineralwassern steht, tr\u00e4gt den Namen von Dr","breadcrumb":{"@id":"https:\/\/astoria-spa.cz\/de\/lokalitaet\/mattoni-museum\/#breadcrumb"},"inLanguage":"de-DE","potentialAction":[{"@type":"ReadAction","target":["https:\/\/astoria-spa.cz\/de\/lokalitaet\/mattoni-museum\/"]}]},{"@type":"BreadcrumbList","@id":"https:\/\/astoria-spa.cz\/de\/lokalitaet\/mattoni-museum\/#breadcrumb","itemListElement":[{"@type":"ListItem","position":1,"name":"Home","item":"https:\/\/astoria-spa.cz\/de\/"},{"@type":"ListItem","position":2,"name":"Lokalit\u00e4t Karlsbader Region","item":"https:\/\/astoria-spa.cz\/de\/lokalitaet\/"},{"@type":"ListItem","position":3,"name":"Mattoni Museum"}]},{"@type":"WebSite","@id":"https:\/\/astoria-spa.cz\/de\/#website","url":"https:\/\/astoria-spa.cz\/de\/","name":"Astoria Hotel & Medical Spa","description":"Just another ms.decms.eu site","potentialAction":[{"@type":"SearchAction","target":{"@type":"EntryPoint","urlTemplate":"https:\/\/astoria-spa.cz\/de\/?s={search_term_string}"},"query-input":{"@type":"PropertyValueSpecification","valueRequired":true,"valueName":"search_term_string"}}],"inLanguage":"de-DE"}]}},"acf":[],"_links":{"self":[{"href":"https:\/\/astoria-spa.cz\/de\/wp-json\/wp\/v2\/pages\/742","targetHints":{"allow":["GET"]}}],"collection":[{"href":"https:\/\/astoria-spa.cz\/de\/wp-json\/wp\/v2\/pages"}],"about":[{"href":"https:\/\/astoria-spa.cz\/de\/wp-json\/wp\/v2\/types\/page"}],"author":[{"embeddable":true,"href":"https:\/\/astoria-spa.cz\/de\/wp-json\/wp\/v2\/users\/4"}],"replies":[{"embeddable":true,"href":"https:\/\/astoria-spa.cz\/de\/wp-json\/wp\/v2\/comments?post=742"}],"version-history":[{"count":0,"href":"https:\/\/astoria-spa.cz\/de\/wp-json\/wp\/v2\/pages\/742\/revisions"}],"up":[{"embeddable":true,"href":"https:\/\/astoria-spa.cz\/de\/wp-json\/wp\/v2\/pages\/722"}],"wp:attachment":[{"href":"https:\/\/astoria-spa.cz\/de\/wp-json\/wp\/v2\/media?parent=742"}],"wp:term":[{"taxonomy":"category","embeddable":true,"href":"https:\/\/astoria-spa.cz\/de\/wp-json\/wp\/v2\/categories?post=742"}],"curies":[{"name":"wp","href":"https:\/\/api.w.org\/{rel}","templated":true}]}}