{"id":738,"date":"2022-03-07T11:18:40","date_gmt":"2022-03-07T11:18:40","guid":{"rendered":"https:\/\/astoria-hotel-and-medical-spa.ms.decms.eu\/lokalitaet\/jan-becher-muzeum\/"},"modified":"2022-11-08T23:25:41","modified_gmt":"2022-11-08T23:25:41","slug":"jan-becher-museum","status":"publish","type":"page","link":"https:\/\/astoria-spa.cz\/de\/lokalitaet\/jan-becher-museum\/","title":{"rendered":"Jan-Becher-Museum"},"content":{"rendered":"<p>Jedes Jahr zieht dieses Museum Tausende von Liebhabern des Kr\u00e4uterlik\u00f6rs an, die in den Bann des Becherovka (Karlsbader Becher-Bitter) geraten sind und einen Einblick in seine farbenfrohe, bemerkenswerte und oft bewegte Vergangenheit, seine Herstellung und die Geheimnisse, die ihn umgeben, erhalten wollen. Seit der Zeit seines Gr\u00fcnders wurde das Geb\u00e4ude des heutigen Museums mehrfach umgebaut, die Lik\u00f6rherstellung modernisiert und das duftende Getr\u00e4nk durch das verzweigte Rohrsystem Becherovod weit unter die umliegenden H\u00e4user geleitet.<\/p>\n<p>Die urspr\u00fcnglich gl\u00e4sernen Lik\u00f6rleitungen, welche die einzelnen Keller miteinander verbanden, die steinernen Deckengew\u00f6lbe, die uralten F\u00e4sser, die gl\u00e4sernen Rundungen der alten Flaschen und das vergilbte Papier ihrer Etiketten &#8230;, das ist die Welt des Becherovka, die auch Sie entdecken k\u00f6nnen.<\/p>\n","protected":false},"excerpt":{"rendered":"<p>Jedes Jahr zieht dieses Museum Tausende von Liebhabern des Kr\u00e4uterlik\u00f6rs an, die in den Bann des Becherovka (Karlsbader Becher-Bitter) geraten sind und einen Einblick in seine farbenfrohe, bemerkenswerte und oft bewegte Vergangenheit, seine Herstellung und die Geheimnisse, die ihn umgeben, erhalten wollen. Seit der Zeit seines Gr\u00fcnders wurde das Geb\u00e4ude des heutigen Museums mehrfach umgebaut, [&hellip;]<\/p>\n","protected":false},"author":4,"featured_media":0,"parent":722,"menu_order":40,"comment_status":"closed","ping_status":"closed","template":"template-default-3.php","meta":{"footnotes":""},"categories":[],"class_list":["post-738","page","type-page","status-publish","hentry"],"yoast_head":"<!-- This site is optimized with the Yoast SEO plugin v26.9 - https:\/\/yoast.com\/product\/yoast-seo-wordpress\/ -->\n<title>Jan-Becher-Museum - Astoria Hotel &amp; Medical Spa -<\/title>\n<meta name=\"description\" content=\"Jedes Jahr zieht dieses Museum Tausende von Liebhabern des Kr\u00e4uterlik\u00f6rs an, die in den Bann des Becherovka (Karlsbader Becher-Bitter) geraten sind und einen Einblick in seine farbenfrohe, bemerkenswerte und oft bewegte Vergangenheit, seine Herstellung und die Geheimnisse, die ihn umgeben, erhalten wollen. Seit der Zeit seines Gr\u00fcnders wurde das Geb\u00e4ude des heutigen Museums mehrfach umgebaut, die Lik\u00f6rherstellung modernisiert und das duftende Getr\u00e4nk durch das verzweigte Rohrsystem Becherovod weit unter die umliegenden H\u00e4user geleitet.  Die urspr\u00fcnglich gl\u00e4sernen Lik\u00f6rleitungen, welche die einzelnen Keller miteinander verbanden, die steinernen Deckengew\u00f6lbe, die uralten F\u00e4sser, die gl\u00e4sernen Rundungen der alten Flaschen und das vergilbte Papier ihrer Etiketten ..., das ist die Welt des Becherovka, die auch Sie entdecken k\u00f6nnen.\" \/>\n<meta name=\"robots\" content=\"index, follow, max-snippet:-1, max-image-preview:large, max-video-preview:-1\" \/>\n<link rel=\"canonical\" href=\"https:\/\/astoria-spa.cz\/de\/lokalitaet\/jan-becher-museum\/\" \/>\n<meta property=\"og:locale\" content=\"de_DE\" \/>\n<meta property=\"og:type\" content=\"article\" \/>\n<meta property=\"og:title\" content=\"Jan-Becher-Museum - Astoria Hotel &amp; Medical Spa -\" \/>\n<meta property=\"og:description\" content=\"Jedes Jahr zieht dieses Museum Tausende von Liebhabern des Kr\u00e4uterlik\u00f6rs an, die in den Bann des Becherovka (Karlsbader Becher-Bitter) geraten sind und einen Einblick in seine farbenfrohe, bemerkenswerte und oft bewegte Vergangenheit, seine Herstellung und die Geheimnisse, die ihn umgeben, erhalten wollen. Seit der Zeit seines Gr\u00fcnders wurde das Geb\u00e4ude des heutigen Museums mehrfach umgebaut, die Lik\u00f6rherstellung modernisiert und das duftende Getr\u00e4nk durch das verzweigte Rohrsystem Becherovod weit unter die umliegenden H\u00e4user geleitet.  Die urspr\u00fcnglich gl\u00e4sernen Lik\u00f6rleitungen, welche die einzelnen Keller miteinander verbanden, die steinernen Deckengew\u00f6lbe, die uralten F\u00e4sser, die gl\u00e4sernen Rundungen der alten Flaschen und das vergilbte Papier ihrer Etiketten ..., das ist die Welt des Becherovka, die auch Sie entdecken k\u00f6nnen.\" \/>\n<meta property=\"og:url\" content=\"https:\/\/astoria-spa.cz\/de\/lokalitaet\/jan-becher-museum\/\" \/>\n<meta property=\"og:site_name\" content=\"Astoria Hotel &amp; Medical Spa\" \/>\n<meta property=\"article:modified_time\" content=\"2022-11-08T23:25:41+00:00\" \/>\n<meta name=\"twitter:card\" content=\"summary_large_image\" \/>\n<meta name=\"twitter:label1\" content=\"Gesch\u00e4tzte Lesezeit\" \/>\n\t<meta name=\"twitter:data1\" content=\"1 Minute\" \/>\n<script type=\"application\/ld+json\" class=\"yoast-schema-graph\">{\"@context\":\"https:\/\/schema.org\",\"@graph\":[{\"@type\":\"WebPage\",\"@id\":\"https:\/\/astoria-spa.cz\/de\/lokalitaet\/jan-becher-museum\/\",\"url\":\"https:\/\/astoria-spa.cz\/de\/lokalitaet\/jan-becher-museum\/\",\"name\":\"Jan-Becher-Museum - Astoria Hotel & Medical Spa -\",\"isPartOf\":{\"@id\":\"https:\/\/astoria-spa.cz\/de\/#website\"},\"datePublished\":\"2022-03-07T11:18:40+00:00\",\"dateModified\":\"2022-11-08T23:25:41+00:00\",\"description\":\"Jedes Jahr zieht dieses Museum Tausende von Liebhabern des Kr\u00e4uterlik\u00f6rs an, die in den Bann des Becherovka (Karlsbader Becher-Bitter) geraten sind und einen Einblick in seine farbenfrohe, bemerkenswerte und oft bewegte Vergangenheit, seine Herstellung und die Geheimnisse, die ihn umgeben, erhalten wollen. Seit der Zeit seines Gr\u00fcnders wurde das Geb\u00e4ude des heutigen Museums mehrfach umgebaut, die Lik\u00f6rherstellung modernisiert und das duftende Getr\u00e4nk durch das verzweigte Rohrsystem Becherovod weit unter die umliegenden H\u00e4user geleitet. Die urspr\u00fcnglich gl\u00e4sernen Lik\u00f6rleitungen, welche die einzelnen Keller miteinander verbanden, die steinernen Deckengew\u00f6lbe, die uralten F\u00e4sser, die gl\u00e4sernen Rundungen der alten Flaschen und das vergilbte Papier ihrer Etiketten ..., das ist die Welt des Becherovka, die auch Sie entdecken k\u00f6nnen.\",\"breadcrumb\":{\"@id\":\"https:\/\/astoria-spa.cz\/de\/lokalitaet\/jan-becher-museum\/#breadcrumb\"},\"inLanguage\":\"de-DE\",\"potentialAction\":[{\"@type\":\"ReadAction\",\"target\":[\"https:\/\/astoria-spa.cz\/de\/lokalitaet\/jan-becher-museum\/\"]}]},{\"@type\":\"BreadcrumbList\",\"@id\":\"https:\/\/astoria-spa.cz\/de\/lokalitaet\/jan-becher-museum\/#breadcrumb\",\"itemListElement\":[{\"@type\":\"ListItem\",\"position\":1,\"name\":\"Home\",\"item\":\"https:\/\/astoria-spa.cz\/de\/\"},{\"@type\":\"ListItem\",\"position\":2,\"name\":\"Lokalit\u00e4t Karlsbader Region\",\"item\":\"https:\/\/astoria-spa.cz\/de\/lokalitaet\/\"},{\"@type\":\"ListItem\",\"position\":3,\"name\":\"Jan-Becher-Museum\"}]},{\"@type\":\"WebSite\",\"@id\":\"https:\/\/astoria-spa.cz\/de\/#website\",\"url\":\"https:\/\/astoria-spa.cz\/de\/\",\"name\":\"Astoria Hotel & Medical Spa\",\"description\":\"Just another ms.decms.eu site\",\"potentialAction\":[{\"@type\":\"SearchAction\",\"target\":{\"@type\":\"EntryPoint\",\"urlTemplate\":\"https:\/\/astoria-spa.cz\/de\/?s={search_term_string}\"},\"query-input\":{\"@type\":\"PropertyValueSpecification\",\"valueRequired\":true,\"valueName\":\"search_term_string\"}}],\"inLanguage\":\"de-DE\"}]}<\/script>\n<!-- \/ Yoast SEO plugin. -->","yoast_head_json":{"title":"Jan-Becher-Museum - Astoria Hotel & Medical Spa -","description":"Jedes Jahr zieht dieses Museum Tausende von Liebhabern des Kr\u00e4uterlik\u00f6rs an, die in den Bann des Becherovka (Karlsbader Becher-Bitter) geraten sind und einen Einblick in seine farbenfrohe, bemerkenswerte und oft bewegte Vergangenheit, seine Herstellung und die Geheimnisse, die ihn umgeben, erhalten wollen. Seit der Zeit seines Gr\u00fcnders wurde das Geb\u00e4ude des heutigen Museums mehrfach umgebaut, die Lik\u00f6rherstellung modernisiert und das duftende Getr\u00e4nk durch das verzweigte Rohrsystem Becherovod weit unter die umliegenden H\u00e4user geleitet.  Die urspr\u00fcnglich gl\u00e4sernen Lik\u00f6rleitungen, welche die einzelnen Keller miteinander verbanden, die steinernen Deckengew\u00f6lbe, die uralten F\u00e4sser, die gl\u00e4sernen Rundungen der alten Flaschen und das vergilbte Papier ihrer Etiketten ..., das ist die Welt des Becherovka, die auch Sie entdecken k\u00f6nnen.","robots":{"index":"index","follow":"follow","max-snippet":"max-snippet:-1","max-image-preview":"max-image-preview:large","max-video-preview":"max-video-preview:-1"},"canonical":"https:\/\/astoria-spa.cz\/de\/lokalitaet\/jan-becher-museum\/","og_locale":"de_DE","og_type":"article","og_title":"Jan-Becher-Museum - Astoria Hotel & Medical Spa -","og_description":"Jedes Jahr zieht dieses Museum Tausende von Liebhabern des Kr\u00e4uterlik\u00f6rs an, die in den Bann des Becherovka (Karlsbader Becher-Bitter) geraten sind und einen Einblick in seine farbenfrohe, bemerkenswerte und oft bewegte Vergangenheit, seine Herstellung und die Geheimnisse, die ihn umgeben, erhalten wollen. Seit der Zeit seines Gr\u00fcnders wurde das Geb\u00e4ude des heutigen Museums mehrfach umgebaut, die Lik\u00f6rherstellung modernisiert und das duftende Getr\u00e4nk durch das verzweigte Rohrsystem Becherovod weit unter die umliegenden H\u00e4user geleitet.  Die urspr\u00fcnglich gl\u00e4sernen Lik\u00f6rleitungen, welche die einzelnen Keller miteinander verbanden, die steinernen Deckengew\u00f6lbe, die uralten F\u00e4sser, die gl\u00e4sernen Rundungen der alten Flaschen und das vergilbte Papier ihrer Etiketten ..., das ist die Welt des Becherovka, die auch Sie entdecken k\u00f6nnen.","og_url":"https:\/\/astoria-spa.cz\/de\/lokalitaet\/jan-becher-museum\/","og_site_name":"Astoria Hotel & Medical Spa","article_modified_time":"2022-11-08T23:25:41+00:00","twitter_card":"summary_large_image","twitter_misc":{"Gesch\u00e4tzte Lesezeit":"1 Minute"},"schema":{"@context":"https:\/\/schema.org","@graph":[{"@type":"WebPage","@id":"https:\/\/astoria-spa.cz\/de\/lokalitaet\/jan-becher-museum\/","url":"https:\/\/astoria-spa.cz\/de\/lokalitaet\/jan-becher-museum\/","name":"Jan-Becher-Museum - Astoria Hotel & Medical Spa -","isPartOf":{"@id":"https:\/\/astoria-spa.cz\/de\/#website"},"datePublished":"2022-03-07T11:18:40+00:00","dateModified":"2022-11-08T23:25:41+00:00","description":"Jedes Jahr zieht dieses Museum Tausende von Liebhabern des Kr\u00e4uterlik\u00f6rs an, die in den Bann des Becherovka (Karlsbader Becher-Bitter) geraten sind und einen Einblick in seine farbenfrohe, bemerkenswerte und oft bewegte Vergangenheit, seine Herstellung und die Geheimnisse, die ihn umgeben, erhalten wollen. Seit der Zeit seines Gr\u00fcnders wurde das Geb\u00e4ude des heutigen Museums mehrfach umgebaut, die Lik\u00f6rherstellung modernisiert und das duftende Getr\u00e4nk durch das verzweigte Rohrsystem Becherovod weit unter die umliegenden H\u00e4user geleitet. Die urspr\u00fcnglich gl\u00e4sernen Lik\u00f6rleitungen, welche die einzelnen Keller miteinander verbanden, die steinernen Deckengew\u00f6lbe, die uralten F\u00e4sser, die gl\u00e4sernen Rundungen der alten Flaschen und das vergilbte Papier ihrer Etiketten ..., das ist die Welt des Becherovka, die auch Sie entdecken k\u00f6nnen.","breadcrumb":{"@id":"https:\/\/astoria-spa.cz\/de\/lokalitaet\/jan-becher-museum\/#breadcrumb"},"inLanguage":"de-DE","potentialAction":[{"@type":"ReadAction","target":["https:\/\/astoria-spa.cz\/de\/lokalitaet\/jan-becher-museum\/"]}]},{"@type":"BreadcrumbList","@id":"https:\/\/astoria-spa.cz\/de\/lokalitaet\/jan-becher-museum\/#breadcrumb","itemListElement":[{"@type":"ListItem","position":1,"name":"Home","item":"https:\/\/astoria-spa.cz\/de\/"},{"@type":"ListItem","position":2,"name":"Lokalit\u00e4t Karlsbader Region","item":"https:\/\/astoria-spa.cz\/de\/lokalitaet\/"},{"@type":"ListItem","position":3,"name":"Jan-Becher-Museum"}]},{"@type":"WebSite","@id":"https:\/\/astoria-spa.cz\/de\/#website","url":"https:\/\/astoria-spa.cz\/de\/","name":"Astoria Hotel & Medical Spa","description":"Just another ms.decms.eu site","potentialAction":[{"@type":"SearchAction","target":{"@type":"EntryPoint","urlTemplate":"https:\/\/astoria-spa.cz\/de\/?s={search_term_string}"},"query-input":{"@type":"PropertyValueSpecification","valueRequired":true,"valueName":"search_term_string"}}],"inLanguage":"de-DE"}]}},"acf":[],"_links":{"self":[{"href":"https:\/\/astoria-spa.cz\/de\/wp-json\/wp\/v2\/pages\/738","targetHints":{"allow":["GET"]}}],"collection":[{"href":"https:\/\/astoria-spa.cz\/de\/wp-json\/wp\/v2\/pages"}],"about":[{"href":"https:\/\/astoria-spa.cz\/de\/wp-json\/wp\/v2\/types\/page"}],"author":[{"embeddable":true,"href":"https:\/\/astoria-spa.cz\/de\/wp-json\/wp\/v2\/users\/4"}],"replies":[{"embeddable":true,"href":"https:\/\/astoria-spa.cz\/de\/wp-json\/wp\/v2\/comments?post=738"}],"version-history":[{"count":0,"href":"https:\/\/astoria-spa.cz\/de\/wp-json\/wp\/v2\/pages\/738\/revisions"}],"up":[{"embeddable":true,"href":"https:\/\/astoria-spa.cz\/de\/wp-json\/wp\/v2\/pages\/722"}],"wp:attachment":[{"href":"https:\/\/astoria-spa.cz\/de\/wp-json\/wp\/v2\/media?parent=738"}],"wp:term":[{"taxonomy":"category","embeddable":true,"href":"https:\/\/astoria-spa.cz\/de\/wp-json\/wp\/v2\/categories?post=738"}],"curies":[{"name":"wp","href":"https:\/\/api.w.org\/{rel}","templated":true}]}}