{"id":735,"date":"2022-03-07T11:15:52","date_gmt":"2022-03-07T11:15:52","guid":{"rendered":"https:\/\/astoria-hotel-and-medical-spa.ms.decms.eu\/lokalitaet\/sklarna-moser\/"},"modified":"2022-11-08T23:23:43","modified_gmt":"2022-11-08T23:23:43","slug":"glashuette-moser","status":"publish","type":"page","link":"https:\/\/astoria-spa.cz\/de\/lokalitaet\/glashuette-moser\/","title":{"rendered":"Glash\u00fctte Moser"},"content":{"rendered":"<p>G\u00f6nnen Sie sich ein unvergessliches Erlebnis beim Besuch der Glash\u00fctte Moser. Die magische Welt des luxuri\u00f6sen Kristallglases, das noch heute an vielen K\u00f6nigsh\u00f6fen zu finden ist, wird Sie in ihren Bann ziehen. Sie werden traditionelle Verfahren und die Arbeit von Glasmachermeistern in der Produktion sehen. Sie werden den Duft angesengter Holzformen aufnehmen und die \u00fcber 155-j\u00e4hrige Geschichte der Glash\u00fctte einatmen. Am Ende k\u00f6nnen Sie einige der Einzelst\u00fccke in der Verkaufsgalerie erwerben.<\/p>\n","protected":false},"excerpt":{"rendered":"<p>G\u00f6nnen Sie sich ein unvergessliches Erlebnis beim Besuch der Glash\u00fctte Moser. Die magische Welt des luxuri\u00f6sen Kristallglases, das noch heute an vielen K\u00f6nigsh\u00f6fen zu finden ist, wird Sie in ihren Bann ziehen. Sie werden traditionelle Verfahren und die Arbeit von Glasmachermeistern in der Produktion sehen. Sie werden den Duft angesengter Holzformen aufnehmen und die \u00fcber [&hellip;]<\/p>\n","protected":false},"author":4,"featured_media":0,"parent":722,"menu_order":30,"comment_status":"closed","ping_status":"closed","template":"template-default-3.php","meta":{"footnotes":""},"categories":[],"class_list":["post-735","page","type-page","status-publish","hentry"],"yoast_head":"<!-- This site is optimized with the Yoast SEO plugin v26.9 - https:\/\/yoast.com\/product\/yoast-seo-wordpress\/ -->\n<title>Glash\u00fctte Moser - Astoria Hotel &amp; Medical Spa -<\/title>\n<meta name=\"description\" content=\"G\u00f6nnen Sie sich ein unvergessliches Erlebnis beim Besuch der Glash\u00fctte Moser. Die magische Welt des luxuri\u00f6sen Kristallglases, das noch heute an vielen K\u00f6nigsh\u00f6fen zu finden ist, wird Sie in ihren Bann ziehen\" \/>\n<meta name=\"robots\" content=\"index, follow, max-snippet:-1, max-image-preview:large, max-video-preview:-1\" \/>\n<link rel=\"canonical\" href=\"https:\/\/astoria-spa.cz\/de\/lokalitaet\/glashuette-moser\/\" \/>\n<meta property=\"og:locale\" content=\"de_DE\" \/>\n<meta property=\"og:type\" content=\"article\" \/>\n<meta property=\"og:title\" content=\"Glash\u00fctte Moser - Astoria Hotel &amp; Medical Spa -\" \/>\n<meta property=\"og:description\" content=\"G\u00f6nnen Sie sich ein unvergessliches Erlebnis beim Besuch der Glash\u00fctte Moser. Die magische Welt des luxuri\u00f6sen Kristallglases, das noch heute an vielen K\u00f6nigsh\u00f6fen zu finden ist, wird Sie in ihren Bann ziehen\" \/>\n<meta property=\"og:url\" content=\"https:\/\/astoria-spa.cz\/de\/lokalitaet\/glashuette-moser\/\" \/>\n<meta property=\"og:site_name\" content=\"Astoria Hotel &amp; Medical Spa\" \/>\n<meta property=\"article:modified_time\" content=\"2022-11-08T23:23:43+00:00\" \/>\n<meta name=\"twitter:card\" content=\"summary_large_image\" \/>\n<meta name=\"twitter:label1\" content=\"Gesch\u00e4tzte Lesezeit\" \/>\n\t<meta name=\"twitter:data1\" content=\"1 Minute\" \/>\n<script type=\"application\/ld+json\" class=\"yoast-schema-graph\">{\"@context\":\"https:\/\/schema.org\",\"@graph\":[{\"@type\":\"WebPage\",\"@id\":\"https:\/\/astoria-spa.cz\/de\/lokalitaet\/glashuette-moser\/\",\"url\":\"https:\/\/astoria-spa.cz\/de\/lokalitaet\/glashuette-moser\/\",\"name\":\"Glash\u00fctte Moser - Astoria Hotel & Medical Spa -\",\"isPartOf\":{\"@id\":\"https:\/\/astoria-spa.cz\/de\/#website\"},\"datePublished\":\"2022-03-07T11:15:52+00:00\",\"dateModified\":\"2022-11-08T23:23:43+00:00\",\"description\":\"G\u00f6nnen Sie sich ein unvergessliches Erlebnis beim Besuch der Glash\u00fctte Moser. Die magische Welt des luxuri\u00f6sen Kristallglases, das noch heute an vielen K\u00f6nigsh\u00f6fen zu finden ist, wird Sie in ihren Bann ziehen\",\"breadcrumb\":{\"@id\":\"https:\/\/astoria-spa.cz\/de\/lokalitaet\/glashuette-moser\/#breadcrumb\"},\"inLanguage\":\"de-DE\",\"potentialAction\":[{\"@type\":\"ReadAction\",\"target\":[\"https:\/\/astoria-spa.cz\/de\/lokalitaet\/glashuette-moser\/\"]}]},{\"@type\":\"BreadcrumbList\",\"@id\":\"https:\/\/astoria-spa.cz\/de\/lokalitaet\/glashuette-moser\/#breadcrumb\",\"itemListElement\":[{\"@type\":\"ListItem\",\"position\":1,\"name\":\"Home\",\"item\":\"https:\/\/astoria-spa.cz\/de\/\"},{\"@type\":\"ListItem\",\"position\":2,\"name\":\"Lokalit\u00e4t Karlsbader Region\",\"item\":\"https:\/\/astoria-spa.cz\/de\/lokalitaet\/\"},{\"@type\":\"ListItem\",\"position\":3,\"name\":\"Glash\u00fctte Moser\"}]},{\"@type\":\"WebSite\",\"@id\":\"https:\/\/astoria-spa.cz\/de\/#website\",\"url\":\"https:\/\/astoria-spa.cz\/de\/\",\"name\":\"Astoria Hotel & Medical Spa\",\"description\":\"Just another ms.decms.eu site\",\"potentialAction\":[{\"@type\":\"SearchAction\",\"target\":{\"@type\":\"EntryPoint\",\"urlTemplate\":\"https:\/\/astoria-spa.cz\/de\/?s={search_term_string}\"},\"query-input\":{\"@type\":\"PropertyValueSpecification\",\"valueRequired\":true,\"valueName\":\"search_term_string\"}}],\"inLanguage\":\"de-DE\"}]}<\/script>\n<!-- \/ Yoast SEO plugin. -->","yoast_head_json":{"title":"Glash\u00fctte Moser - Astoria Hotel & Medical Spa -","description":"G\u00f6nnen Sie sich ein unvergessliches Erlebnis beim Besuch der Glash\u00fctte Moser. Die magische Welt des luxuri\u00f6sen Kristallglases, das noch heute an vielen K\u00f6nigsh\u00f6fen zu finden ist, wird Sie in ihren Bann ziehen","robots":{"index":"index","follow":"follow","max-snippet":"max-snippet:-1","max-image-preview":"max-image-preview:large","max-video-preview":"max-video-preview:-1"},"canonical":"https:\/\/astoria-spa.cz\/de\/lokalitaet\/glashuette-moser\/","og_locale":"de_DE","og_type":"article","og_title":"Glash\u00fctte Moser - Astoria Hotel & Medical Spa -","og_description":"G\u00f6nnen Sie sich ein unvergessliches Erlebnis beim Besuch der Glash\u00fctte Moser. Die magische Welt des luxuri\u00f6sen Kristallglases, das noch heute an vielen K\u00f6nigsh\u00f6fen zu finden ist, wird Sie in ihren Bann ziehen","og_url":"https:\/\/astoria-spa.cz\/de\/lokalitaet\/glashuette-moser\/","og_site_name":"Astoria Hotel & Medical Spa","article_modified_time":"2022-11-08T23:23:43+00:00","twitter_card":"summary_large_image","twitter_misc":{"Gesch\u00e4tzte Lesezeit":"1 Minute"},"schema":{"@context":"https:\/\/schema.org","@graph":[{"@type":"WebPage","@id":"https:\/\/astoria-spa.cz\/de\/lokalitaet\/glashuette-moser\/","url":"https:\/\/astoria-spa.cz\/de\/lokalitaet\/glashuette-moser\/","name":"Glash\u00fctte Moser - Astoria Hotel & Medical Spa -","isPartOf":{"@id":"https:\/\/astoria-spa.cz\/de\/#website"},"datePublished":"2022-03-07T11:15:52+00:00","dateModified":"2022-11-08T23:23:43+00:00","description":"G\u00f6nnen Sie sich ein unvergessliches Erlebnis beim Besuch der Glash\u00fctte Moser. Die magische Welt des luxuri\u00f6sen Kristallglases, das noch heute an vielen K\u00f6nigsh\u00f6fen zu finden ist, wird Sie in ihren Bann ziehen","breadcrumb":{"@id":"https:\/\/astoria-spa.cz\/de\/lokalitaet\/glashuette-moser\/#breadcrumb"},"inLanguage":"de-DE","potentialAction":[{"@type":"ReadAction","target":["https:\/\/astoria-spa.cz\/de\/lokalitaet\/glashuette-moser\/"]}]},{"@type":"BreadcrumbList","@id":"https:\/\/astoria-spa.cz\/de\/lokalitaet\/glashuette-moser\/#breadcrumb","itemListElement":[{"@type":"ListItem","position":1,"name":"Home","item":"https:\/\/astoria-spa.cz\/de\/"},{"@type":"ListItem","position":2,"name":"Lokalit\u00e4t Karlsbader Region","item":"https:\/\/astoria-spa.cz\/de\/lokalitaet\/"},{"@type":"ListItem","position":3,"name":"Glash\u00fctte Moser"}]},{"@type":"WebSite","@id":"https:\/\/astoria-spa.cz\/de\/#website","url":"https:\/\/astoria-spa.cz\/de\/","name":"Astoria Hotel & Medical Spa","description":"Just another ms.decms.eu site","potentialAction":[{"@type":"SearchAction","target":{"@type":"EntryPoint","urlTemplate":"https:\/\/astoria-spa.cz\/de\/?s={search_term_string}"},"query-input":{"@type":"PropertyValueSpecification","valueRequired":true,"valueName":"search_term_string"}}],"inLanguage":"de-DE"}]}},"acf":[],"_links":{"self":[{"href":"https:\/\/astoria-spa.cz\/de\/wp-json\/wp\/v2\/pages\/735","targetHints":{"allow":["GET"]}}],"collection":[{"href":"https:\/\/astoria-spa.cz\/de\/wp-json\/wp\/v2\/pages"}],"about":[{"href":"https:\/\/astoria-spa.cz\/de\/wp-json\/wp\/v2\/types\/page"}],"author":[{"embeddable":true,"href":"https:\/\/astoria-spa.cz\/de\/wp-json\/wp\/v2\/users\/4"}],"replies":[{"embeddable":true,"href":"https:\/\/astoria-spa.cz\/de\/wp-json\/wp\/v2\/comments?post=735"}],"version-history":[{"count":0,"href":"https:\/\/astoria-spa.cz\/de\/wp-json\/wp\/v2\/pages\/735\/revisions"}],"up":[{"embeddable":true,"href":"https:\/\/astoria-spa.cz\/de\/wp-json\/wp\/v2\/pages\/722"}],"wp:attachment":[{"href":"https:\/\/astoria-spa.cz\/de\/wp-json\/wp\/v2\/media?parent=735"}],"wp:term":[{"taxonomy":"category","embeddable":true,"href":"https:\/\/astoria-spa.cz\/de\/wp-json\/wp\/v2\/categories?post=735"}],"curies":[{"name":"wp","href":"https:\/\/api.w.org\/{rel}","templated":true}]}}