{"id":730,"date":"2022-03-07T11:10:18","date_gmt":"2022-03-07T11:10:18","guid":{"rendered":"https:\/\/astoria-hotel-and-medical-spa.ms.decms.eu\/lokalitaet\/prameny-a-kolonady\/"},"modified":"2022-11-08T23:27:05","modified_gmt":"2022-11-08T23:27:05","slug":"prameny-a-kolonady","status":"publish","type":"page","link":"https:\/\/astoria-spa.cz\/de\/lokalitaet\/prameny-a-kolonady\/","title":{"rendered":"Quellen und Kolonnaden"},"content":{"rendered":"<p>Die Karlsbader Kolonnaden ziehen traditionell die meisten Besucher an. Ob Ihr Kurarzt Ihnen eine Trinkkur verordnet hat oder Sie einfach nur das Wasser der Quellen probieren wollen, in den Kolonnaden werden Sie es finden.<\/p>\n<p>Die bekannteste Kolonnade ist die M\u00fchlbrunnkolonnade, die von dem ber\u00fchmten Architekten Z\u00edtek im Stil der Neorenaissance erbaut wurde. Sein Dach wird von 124 korinthischen S\u00e4ulen getragen, die mit zahlreichen Statuen geschm\u00fcckt sind und am besten von den Balkonen des Astoria-Komplexes aus zu sehen sind. In ihrer N\u00e4he befinden sich mehrere Quellen: die Felsenquelle (Skaln\u00ed), die Libussa-Quelle (Libu\u0161e), die Quelle der F\u00fcrsten Wenzel I. und Wenzel II. (kn\u00ed\u017ee V\u00e1clav I. + II.) der M\u00fchlbrunnen (Ml\u00fdnsk\u00fd) und die Rusalka-Quelle.<\/p>\n","protected":false},"excerpt":{"rendered":"<p>Die Karlsbader Kolonnaden ziehen traditionell die meisten Besucher an. Ob Ihr Kurarzt Ihnen eine Trinkkur verordnet hat oder Sie einfach nur das Wasser der Quellen probieren wollen, in den Kolonnaden werden Sie es finden. Die bekannteste Kolonnade ist die M\u00fchlbrunnkolonnade, die von dem ber\u00fchmten Architekten Z\u00edtek im Stil der Neorenaissance erbaut wurde. Sein Dach wird [&hellip;]<\/p>\n","protected":false},"author":4,"featured_media":0,"parent":722,"menu_order":20,"comment_status":"closed","ping_status":"closed","template":"template-default-3.php","meta":{"footnotes":""},"categories":[],"class_list":["post-730","page","type-page","status-publish","hentry"],"yoast_head":"<!-- This site is optimized with the Yoast SEO plugin v26.9 - https:\/\/yoast.com\/product\/yoast-seo-wordpress\/ -->\n<title>Quellen und Kolonnaden - Astoria Hotel &amp; Medical Spa -<\/title>\n<meta name=\"description\" content=\"Die Karlsbader Kolonnaden ziehen traditionell die meisten Besucher an. Ob Ihr Kurarzt Ihnen eine Trinkkur verordnet hat oder Sie einfach nur das Wasser der Quellen probieren wollen, in den Kolonnaden werden Sie es finden.  Die bekannteste Kolonnade ist die M\u00fchlbrunnkolonnade, die von dem ber\u00fchmten Architekten Z\u00edtek im Stil der Neorenaissance erbaut wurde\" \/>\n<meta name=\"robots\" content=\"index, follow, max-snippet:-1, max-image-preview:large, max-video-preview:-1\" \/>\n<link rel=\"canonical\" href=\"https:\/\/astoria-spa.cz\/de\/lokalitaet\/prameny-a-kolonady\/\" \/>\n<meta property=\"og:locale\" content=\"de_DE\" \/>\n<meta property=\"og:type\" content=\"article\" \/>\n<meta property=\"og:title\" content=\"Quellen und Kolonnaden - Astoria Hotel &amp; Medical Spa -\" \/>\n<meta property=\"og:description\" content=\"Die Karlsbader Kolonnaden ziehen traditionell die meisten Besucher an. Ob Ihr Kurarzt Ihnen eine Trinkkur verordnet hat oder Sie einfach nur das Wasser der Quellen probieren wollen, in den Kolonnaden werden Sie es finden.  Die bekannteste Kolonnade ist die M\u00fchlbrunnkolonnade, die von dem ber\u00fchmten Architekten Z\u00edtek im Stil der Neorenaissance erbaut wurde\" \/>\n<meta property=\"og:url\" content=\"https:\/\/astoria-spa.cz\/de\/lokalitaet\/prameny-a-kolonady\/\" \/>\n<meta property=\"og:site_name\" content=\"Astoria Hotel &amp; Medical Spa\" \/>\n<meta property=\"article:modified_time\" content=\"2022-11-08T23:27:05+00:00\" \/>\n<meta name=\"twitter:card\" content=\"summary_large_image\" \/>\n<meta name=\"twitter:label1\" content=\"Gesch\u00e4tzte Lesezeit\" \/>\n\t<meta name=\"twitter:data1\" content=\"1 Minute\" \/>\n<script type=\"application\/ld+json\" class=\"yoast-schema-graph\">{\"@context\":\"https:\/\/schema.org\",\"@graph\":[{\"@type\":\"WebPage\",\"@id\":\"https:\/\/astoria-spa.cz\/de\/lokalitaet\/prameny-a-kolonady\/\",\"url\":\"https:\/\/astoria-spa.cz\/de\/lokalitaet\/prameny-a-kolonady\/\",\"name\":\"Quellen und Kolonnaden - Astoria Hotel & Medical Spa -\",\"isPartOf\":{\"@id\":\"https:\/\/astoria-spa.cz\/de\/#website\"},\"datePublished\":\"2022-03-07T11:10:18+00:00\",\"dateModified\":\"2022-11-08T23:27:05+00:00\",\"description\":\"Die Karlsbader Kolonnaden ziehen traditionell die meisten Besucher an. Ob Ihr Kurarzt Ihnen eine Trinkkur verordnet hat oder Sie einfach nur das Wasser der Quellen probieren wollen, in den Kolonnaden werden Sie es finden. Die bekannteste Kolonnade ist die M\u00fchlbrunnkolonnade, die von dem ber\u00fchmten Architekten Z\u00edtek im Stil der Neorenaissance erbaut wurde\",\"breadcrumb\":{\"@id\":\"https:\/\/astoria-spa.cz\/de\/lokalitaet\/prameny-a-kolonady\/#breadcrumb\"},\"inLanguage\":\"de-DE\",\"potentialAction\":[{\"@type\":\"ReadAction\",\"target\":[\"https:\/\/astoria-spa.cz\/de\/lokalitaet\/prameny-a-kolonady\/\"]}]},{\"@type\":\"BreadcrumbList\",\"@id\":\"https:\/\/astoria-spa.cz\/de\/lokalitaet\/prameny-a-kolonady\/#breadcrumb\",\"itemListElement\":[{\"@type\":\"ListItem\",\"position\":1,\"name\":\"Home\",\"item\":\"https:\/\/astoria-spa.cz\/de\/\"},{\"@type\":\"ListItem\",\"position\":2,\"name\":\"Lokalit\u00e4t Karlsbader Region\",\"item\":\"https:\/\/astoria-spa.cz\/de\/lokalitaet\/\"},{\"@type\":\"ListItem\",\"position\":3,\"name\":\"Quellen und Kolonnaden\"}]},{\"@type\":\"WebSite\",\"@id\":\"https:\/\/astoria-spa.cz\/de\/#website\",\"url\":\"https:\/\/astoria-spa.cz\/de\/\",\"name\":\"Astoria Hotel & Medical Spa\",\"description\":\"Just another ms.decms.eu site\",\"potentialAction\":[{\"@type\":\"SearchAction\",\"target\":{\"@type\":\"EntryPoint\",\"urlTemplate\":\"https:\/\/astoria-spa.cz\/de\/?s={search_term_string}\"},\"query-input\":{\"@type\":\"PropertyValueSpecification\",\"valueRequired\":true,\"valueName\":\"search_term_string\"}}],\"inLanguage\":\"de-DE\"}]}<\/script>\n<!-- \/ Yoast SEO plugin. -->","yoast_head_json":{"title":"Quellen und Kolonnaden - Astoria Hotel & Medical Spa -","description":"Die Karlsbader Kolonnaden ziehen traditionell die meisten Besucher an. Ob Ihr Kurarzt Ihnen eine Trinkkur verordnet hat oder Sie einfach nur das Wasser der Quellen probieren wollen, in den Kolonnaden werden Sie es finden.  Die bekannteste Kolonnade ist die M\u00fchlbrunnkolonnade, die von dem ber\u00fchmten Architekten Z\u00edtek im Stil der Neorenaissance erbaut wurde","robots":{"index":"index","follow":"follow","max-snippet":"max-snippet:-1","max-image-preview":"max-image-preview:large","max-video-preview":"max-video-preview:-1"},"canonical":"https:\/\/astoria-spa.cz\/de\/lokalitaet\/prameny-a-kolonady\/","og_locale":"de_DE","og_type":"article","og_title":"Quellen und Kolonnaden - Astoria Hotel & Medical Spa -","og_description":"Die Karlsbader Kolonnaden ziehen traditionell die meisten Besucher an. Ob Ihr Kurarzt Ihnen eine Trinkkur verordnet hat oder Sie einfach nur das Wasser der Quellen probieren wollen, in den Kolonnaden werden Sie es finden.  Die bekannteste Kolonnade ist die M\u00fchlbrunnkolonnade, die von dem ber\u00fchmten Architekten Z\u00edtek im Stil der Neorenaissance erbaut wurde","og_url":"https:\/\/astoria-spa.cz\/de\/lokalitaet\/prameny-a-kolonady\/","og_site_name":"Astoria Hotel & Medical Spa","article_modified_time":"2022-11-08T23:27:05+00:00","twitter_card":"summary_large_image","twitter_misc":{"Gesch\u00e4tzte Lesezeit":"1 Minute"},"schema":{"@context":"https:\/\/schema.org","@graph":[{"@type":"WebPage","@id":"https:\/\/astoria-spa.cz\/de\/lokalitaet\/prameny-a-kolonady\/","url":"https:\/\/astoria-spa.cz\/de\/lokalitaet\/prameny-a-kolonady\/","name":"Quellen und Kolonnaden - Astoria Hotel & Medical Spa -","isPartOf":{"@id":"https:\/\/astoria-spa.cz\/de\/#website"},"datePublished":"2022-03-07T11:10:18+00:00","dateModified":"2022-11-08T23:27:05+00:00","description":"Die Karlsbader Kolonnaden ziehen traditionell die meisten Besucher an. Ob Ihr Kurarzt Ihnen eine Trinkkur verordnet hat oder Sie einfach nur das Wasser der Quellen probieren wollen, in den Kolonnaden werden Sie es finden. Die bekannteste Kolonnade ist die M\u00fchlbrunnkolonnade, die von dem ber\u00fchmten Architekten Z\u00edtek im Stil der Neorenaissance erbaut wurde","breadcrumb":{"@id":"https:\/\/astoria-spa.cz\/de\/lokalitaet\/prameny-a-kolonady\/#breadcrumb"},"inLanguage":"de-DE","potentialAction":[{"@type":"ReadAction","target":["https:\/\/astoria-spa.cz\/de\/lokalitaet\/prameny-a-kolonady\/"]}]},{"@type":"BreadcrumbList","@id":"https:\/\/astoria-spa.cz\/de\/lokalitaet\/prameny-a-kolonady\/#breadcrumb","itemListElement":[{"@type":"ListItem","position":1,"name":"Home","item":"https:\/\/astoria-spa.cz\/de\/"},{"@type":"ListItem","position":2,"name":"Lokalit\u00e4t Karlsbader Region","item":"https:\/\/astoria-spa.cz\/de\/lokalitaet\/"},{"@type":"ListItem","position":3,"name":"Quellen und Kolonnaden"}]},{"@type":"WebSite","@id":"https:\/\/astoria-spa.cz\/de\/#website","url":"https:\/\/astoria-spa.cz\/de\/","name":"Astoria Hotel & Medical Spa","description":"Just another ms.decms.eu site","potentialAction":[{"@type":"SearchAction","target":{"@type":"EntryPoint","urlTemplate":"https:\/\/astoria-spa.cz\/de\/?s={search_term_string}"},"query-input":{"@type":"PropertyValueSpecification","valueRequired":true,"valueName":"search_term_string"}}],"inLanguage":"de-DE"}]}},"acf":[],"_links":{"self":[{"href":"https:\/\/astoria-spa.cz\/de\/wp-json\/wp\/v2\/pages\/730","targetHints":{"allow":["GET"]}}],"collection":[{"href":"https:\/\/astoria-spa.cz\/de\/wp-json\/wp\/v2\/pages"}],"about":[{"href":"https:\/\/astoria-spa.cz\/de\/wp-json\/wp\/v2\/types\/page"}],"author":[{"embeddable":true,"href":"https:\/\/astoria-spa.cz\/de\/wp-json\/wp\/v2\/users\/4"}],"replies":[{"embeddable":true,"href":"https:\/\/astoria-spa.cz\/de\/wp-json\/wp\/v2\/comments?post=730"}],"version-history":[{"count":0,"href":"https:\/\/astoria-spa.cz\/de\/wp-json\/wp\/v2\/pages\/730\/revisions"}],"up":[{"embeddable":true,"href":"https:\/\/astoria-spa.cz\/de\/wp-json\/wp\/v2\/pages\/722"}],"wp:attachment":[{"href":"https:\/\/astoria-spa.cz\/de\/wp-json\/wp\/v2\/media?parent=730"}],"wp:term":[{"taxonomy":"category","embeddable":true,"href":"https:\/\/astoria-spa.cz\/de\/wp-json\/wp\/v2\/categories?post=730"}],"curies":[{"name":"wp","href":"https:\/\/api.w.org\/{rel}","templated":true}]}}