{"id":725,"date":"2022-03-07T10:57:58","date_gmt":"2022-03-07T10:57:58","guid":{"rendered":"https:\/\/astoria-hotel-and-medical-spa.ms.decms.eu\/lokalitaet\/mesto-karlovy-vary\/"},"modified":"2022-11-08T23:18:57","modified_gmt":"2022-11-08T23:18:57","slug":"stadt-karlsbad","status":"publish","type":"page","link":"https:\/\/astoria-spa.cz\/de\/lokalitaet\/stadt-karlsbad\/","title":{"rendered":"Die Region Karlovy Vary (Karlsbad)"},"content":{"rendered":"<p>Die Stadt Karlovy Vary (Karlsbad) wurde im 14. Jahrhundert von Kaiser Karl IV. gegr\u00fcndet. Der Legende nach lie\u00df er sie errichten, kurz nachdem seine Jagdgesellschaft zuf\u00e4llig die Thermalquellen entdeckt hatte. Bereits im 16. Jahrhundert erfreute sich der Kurort der Gunst zahlreicher Adelsfamilien und wohlhabender B\u00fcrger. Aufgrund mehrerer Naturkatastrophen sind jedoch nur wenige Geb\u00e4ude aus dieser Zeit erhalten geblieben. Die meisten Baudenkm\u00e4ler stammen aus dem 18. und 19. Jahrhundert, als die Stadt ein \u201eZeitalter des \u00dcberflusses\u201c erlebte. Eine Reihe von Geb\u00e4uden, wie z. B. das Art Deco WOLKER, wurde im opulenten Art-Deco-Stil errichtet.<\/p>\n<p>Heute geh\u00f6rt Karlovy Vary zusammen mit Mari\u00e1nsk\u00e9 L\u00e1zn\u011b (Marienbad) und Franti\u0161kovy L\u00e1zn\u011b (Franzensbad) zum UNESCO-Weltkulturerbe und bietet seinen G\u00e4sten nicht nur professionelle Kurdienstleistungen, sondern auch ein breites Angebot an Kultur-, Sport- und Besichtigungsprogrammen in der Umgebung.<\/p>\n<p>&nbsp;<\/p>\n","protected":false},"excerpt":{"rendered":"<p>Die Stadt Karlovy Vary (Karlsbad) wurde im 14. Jahrhundert von Kaiser Karl IV. gegr\u00fcndet. Der Legende nach lie\u00df er sie errichten, kurz nachdem seine Jagdgesellschaft zuf\u00e4llig die Thermalquellen entdeckt hatte. Bereits im 16. Jahrhundert erfreute sich der Kurort der Gunst zahlreicher Adelsfamilien und wohlhabender B\u00fcrger. Aufgrund mehrerer Naturkatastrophen sind jedoch nur wenige Geb\u00e4ude aus dieser [&hellip;]<\/p>\n","protected":false},"author":4,"featured_media":0,"parent":722,"menu_order":4,"comment_status":"closed","ping_status":"closed","template":"template-default-3.php","meta":{"footnotes":""},"categories":[],"class_list":["post-725","page","type-page","status-publish","hentry"],"yoast_head":"<!-- This site is optimized with the Yoast SEO plugin v26.9 - https:\/\/yoast.com\/product\/yoast-seo-wordpress\/ -->\n<title>Die Region Karlovy Vary (Karlsbad) - Astoria Hotel &amp; Medical Spa -<\/title>\n<meta name=\"description\" content=\"Die Stadt Karlovy Vary (Karlsbad) wurde im 14. Jahrhundert von Kaiser Karl IV\" \/>\n<meta name=\"robots\" content=\"index, follow, max-snippet:-1, max-image-preview:large, max-video-preview:-1\" \/>\n<link rel=\"canonical\" href=\"https:\/\/astoria-spa.cz\/de\/lokalitaet\/stadt-karlsbad\/\" \/>\n<meta property=\"og:locale\" content=\"de_DE\" \/>\n<meta property=\"og:type\" content=\"article\" \/>\n<meta property=\"og:title\" content=\"Die Region Karlovy Vary (Karlsbad) - Astoria Hotel &amp; Medical Spa -\" \/>\n<meta property=\"og:description\" content=\"Die Stadt Karlovy Vary (Karlsbad) wurde im 14. Jahrhundert von Kaiser Karl IV\" \/>\n<meta property=\"og:url\" content=\"https:\/\/astoria-spa.cz\/de\/lokalitaet\/stadt-karlsbad\/\" \/>\n<meta property=\"og:site_name\" content=\"Astoria Hotel &amp; Medical Spa\" \/>\n<meta property=\"article:modified_time\" content=\"2022-11-08T23:18:57+00:00\" \/>\n<meta name=\"twitter:card\" content=\"summary_large_image\" \/>\n<meta name=\"twitter:label1\" content=\"Gesch\u00e4tzte Lesezeit\" \/>\n\t<meta name=\"twitter:data1\" content=\"1 Minute\" \/>\n<script type=\"application\/ld+json\" class=\"yoast-schema-graph\">{\"@context\":\"https:\/\/schema.org\",\"@graph\":[{\"@type\":\"WebPage\",\"@id\":\"https:\/\/astoria-spa.cz\/de\/lokalitaet\/stadt-karlsbad\/\",\"url\":\"https:\/\/astoria-spa.cz\/de\/lokalitaet\/stadt-karlsbad\/\",\"name\":\"Die Region Karlovy Vary (Karlsbad) - Astoria Hotel & Medical Spa -\",\"isPartOf\":{\"@id\":\"https:\/\/astoria-spa.cz\/de\/#website\"},\"datePublished\":\"2022-03-07T10:57:58+00:00\",\"dateModified\":\"2022-11-08T23:18:57+00:00\",\"description\":\"Die Stadt Karlovy Vary (Karlsbad) wurde im 14. Jahrhundert von Kaiser Karl IV\",\"breadcrumb\":{\"@id\":\"https:\/\/astoria-spa.cz\/de\/lokalitaet\/stadt-karlsbad\/#breadcrumb\"},\"inLanguage\":\"de-DE\",\"potentialAction\":[{\"@type\":\"ReadAction\",\"target\":[\"https:\/\/astoria-spa.cz\/de\/lokalitaet\/stadt-karlsbad\/\"]}]},{\"@type\":\"BreadcrumbList\",\"@id\":\"https:\/\/astoria-spa.cz\/de\/lokalitaet\/stadt-karlsbad\/#breadcrumb\",\"itemListElement\":[{\"@type\":\"ListItem\",\"position\":1,\"name\":\"Home\",\"item\":\"https:\/\/astoria-spa.cz\/de\/\"},{\"@type\":\"ListItem\",\"position\":2,\"name\":\"Lokalit\u00e4t Karlsbader Region\",\"item\":\"https:\/\/astoria-spa.cz\/de\/lokalitaet\/\"},{\"@type\":\"ListItem\",\"position\":3,\"name\":\"Die Region Karlovy Vary (Karlsbad)\"}]},{\"@type\":\"WebSite\",\"@id\":\"https:\/\/astoria-spa.cz\/de\/#website\",\"url\":\"https:\/\/astoria-spa.cz\/de\/\",\"name\":\"Astoria Hotel & Medical Spa\",\"description\":\"Just another ms.decms.eu site\",\"potentialAction\":[{\"@type\":\"SearchAction\",\"target\":{\"@type\":\"EntryPoint\",\"urlTemplate\":\"https:\/\/astoria-spa.cz\/de\/?s={search_term_string}\"},\"query-input\":{\"@type\":\"PropertyValueSpecification\",\"valueRequired\":true,\"valueName\":\"search_term_string\"}}],\"inLanguage\":\"de-DE\"}]}<\/script>\n<!-- \/ Yoast SEO plugin. -->","yoast_head_json":{"title":"Die Region Karlovy Vary (Karlsbad) - Astoria Hotel & Medical Spa -","description":"Die Stadt Karlovy Vary (Karlsbad) wurde im 14. Jahrhundert von Kaiser Karl IV","robots":{"index":"index","follow":"follow","max-snippet":"max-snippet:-1","max-image-preview":"max-image-preview:large","max-video-preview":"max-video-preview:-1"},"canonical":"https:\/\/astoria-spa.cz\/de\/lokalitaet\/stadt-karlsbad\/","og_locale":"de_DE","og_type":"article","og_title":"Die Region Karlovy Vary (Karlsbad) - Astoria Hotel & Medical Spa -","og_description":"Die Stadt Karlovy Vary (Karlsbad) wurde im 14. Jahrhundert von Kaiser Karl IV","og_url":"https:\/\/astoria-spa.cz\/de\/lokalitaet\/stadt-karlsbad\/","og_site_name":"Astoria Hotel & Medical Spa","article_modified_time":"2022-11-08T23:18:57+00:00","twitter_card":"summary_large_image","twitter_misc":{"Gesch\u00e4tzte Lesezeit":"1 Minute"},"schema":{"@context":"https:\/\/schema.org","@graph":[{"@type":"WebPage","@id":"https:\/\/astoria-spa.cz\/de\/lokalitaet\/stadt-karlsbad\/","url":"https:\/\/astoria-spa.cz\/de\/lokalitaet\/stadt-karlsbad\/","name":"Die Region Karlovy Vary (Karlsbad) - Astoria Hotel & Medical Spa -","isPartOf":{"@id":"https:\/\/astoria-spa.cz\/de\/#website"},"datePublished":"2022-03-07T10:57:58+00:00","dateModified":"2022-11-08T23:18:57+00:00","description":"Die Stadt Karlovy Vary (Karlsbad) wurde im 14. Jahrhundert von Kaiser Karl IV","breadcrumb":{"@id":"https:\/\/astoria-spa.cz\/de\/lokalitaet\/stadt-karlsbad\/#breadcrumb"},"inLanguage":"de-DE","potentialAction":[{"@type":"ReadAction","target":["https:\/\/astoria-spa.cz\/de\/lokalitaet\/stadt-karlsbad\/"]}]},{"@type":"BreadcrumbList","@id":"https:\/\/astoria-spa.cz\/de\/lokalitaet\/stadt-karlsbad\/#breadcrumb","itemListElement":[{"@type":"ListItem","position":1,"name":"Home","item":"https:\/\/astoria-spa.cz\/de\/"},{"@type":"ListItem","position":2,"name":"Lokalit\u00e4t Karlsbader Region","item":"https:\/\/astoria-spa.cz\/de\/lokalitaet\/"},{"@type":"ListItem","position":3,"name":"Die Region Karlovy Vary (Karlsbad)"}]},{"@type":"WebSite","@id":"https:\/\/astoria-spa.cz\/de\/#website","url":"https:\/\/astoria-spa.cz\/de\/","name":"Astoria Hotel & Medical Spa","description":"Just another ms.decms.eu site","potentialAction":[{"@type":"SearchAction","target":{"@type":"EntryPoint","urlTemplate":"https:\/\/astoria-spa.cz\/de\/?s={search_term_string}"},"query-input":{"@type":"PropertyValueSpecification","valueRequired":true,"valueName":"search_term_string"}}],"inLanguage":"de-DE"}]}},"acf":[],"_links":{"self":[{"href":"https:\/\/astoria-spa.cz\/de\/wp-json\/wp\/v2\/pages\/725","targetHints":{"allow":["GET"]}}],"collection":[{"href":"https:\/\/astoria-spa.cz\/de\/wp-json\/wp\/v2\/pages"}],"about":[{"href":"https:\/\/astoria-spa.cz\/de\/wp-json\/wp\/v2\/types\/page"}],"author":[{"embeddable":true,"href":"https:\/\/astoria-spa.cz\/de\/wp-json\/wp\/v2\/users\/4"}],"replies":[{"embeddable":true,"href":"https:\/\/astoria-spa.cz\/de\/wp-json\/wp\/v2\/comments?post=725"}],"version-history":[{"count":0,"href":"https:\/\/astoria-spa.cz\/de\/wp-json\/wp\/v2\/pages\/725\/revisions"}],"up":[{"embeddable":true,"href":"https:\/\/astoria-spa.cz\/de\/wp-json\/wp\/v2\/pages\/722"}],"wp:attachment":[{"href":"https:\/\/astoria-spa.cz\/de\/wp-json\/wp\/v2\/media?parent=725"}],"wp:term":[{"taxonomy":"category","embeddable":true,"href":"https:\/\/astoria-spa.cz\/de\/wp-json\/wp\/v2\/categories?post=725"}],"curies":[{"name":"wp","href":"https:\/\/api.w.org\/{rel}","templated":true}]}}