{"id":722,"date":"2022-03-07T10:47:23","date_gmt":"2022-03-07T10:47:23","guid":{"rendered":"https:\/\/astoria-hotel-and-medical-spa.ms.decms.eu\/informace-o-regionu\/"},"modified":"2022-11-08T23:15:26","modified_gmt":"2022-11-08T23:15:26","slug":"lokalitaet","status":"publish","type":"page","link":"https:\/\/astoria-spa.cz\/de\/lokalitaet\/","title":{"rendered":"Lokalit\u00e4t Karlsbader Region"},"content":{"rendered":"<p><strong>Geschichte, Wellness und Natur zum Greifen nah<\/strong><\/p>\n<p>Karlovy Vary (Karlsbad) wurde nicht nur durch seine zw\u00f6lf Heilquellen, Kurkolonnaden und Kuren ber\u00fchmt. In der Stadt und ihrer Umgebung gibt es au\u00dferdem eine Reihe von Sehensw\u00fcrdigkeiten, kulturellen Attraktionen und Sportm\u00f6glichkeiten. Die Kurg\u00e4ste unternehmen regelm\u00e4\u00dfig Spazierg\u00e4nge durch die umliegenden W\u00e4lder und genie\u00dfen die atemberaubende Aussicht auf die Stadt, w\u00e4hrend die Kinder eine Fahrt mit der Seilbahn zum Diana-Aussichtsturm, einen Mini-Zoo oder einen Spaziergang durch das St.-Linhart-Gehege mit seinem Dam- und Schwarzwild zu sch\u00e4tzen wissen.<\/p>\n","protected":false},"excerpt":{"rendered":"<p>Geschichte, Wellness und Natur zum Greifen nah Karlovy Vary (Karlsbad) wurde nicht nur durch seine zw\u00f6lf Heilquellen, Kurkolonnaden und Kuren ber\u00fchmt. In der Stadt und ihrer Umgebung gibt es au\u00dferdem eine Reihe von Sehensw\u00fcrdigkeiten, kulturellen Attraktionen und Sportm\u00f6glichkeiten. Die Kurg\u00e4ste unternehmen regelm\u00e4\u00dfig Spazierg\u00e4nge durch die umliegenden W\u00e4lder und genie\u00dfen die atemberaubende Aussicht auf die Stadt, [&hellip;]<\/p>\n","protected":false},"author":4,"featured_media":0,"parent":0,"menu_order":70,"comment_status":"closed","ping_status":"closed","template":"template-default-4.php","meta":{"footnotes":""},"categories":[],"class_list":["post-722","page","type-page","status-publish","hentry"],"yoast_head":"<!-- This site is optimized with the Yoast SEO plugin v26.9 - https:\/\/yoast.com\/product\/yoast-seo-wordpress\/ -->\n<title>Lokalit\u00e4t Karlsbader Region - Astoria Hotel &amp; Medical Spa -<\/title>\n<meta name=\"description\" content=\"Geschichte, Wellness und Natur zum Greifen nah  Karlovy Vary (Karlsbad) wurde nicht nur durch seine zw\u00f6lf Heilquellen, Kurkolonnaden und Kuren ber\u00fchmt. In der Stadt und ihrer Umgebung gibt es au\u00dferdem eine Reihe von Sehensw\u00fcrdigkeiten, kulturellen Attraktionen und Sportm\u00f6glichkeiten\" \/>\n<meta name=\"robots\" content=\"index, follow, max-snippet:-1, max-image-preview:large, max-video-preview:-1\" \/>\n<link rel=\"canonical\" href=\"https:\/\/astoria-spa.cz\/de\/lokalitaet\/\" \/>\n<meta property=\"og:locale\" content=\"de_DE\" \/>\n<meta property=\"og:type\" content=\"article\" \/>\n<meta property=\"og:title\" content=\"Lokalit\u00e4t Karlsbader Region - Astoria Hotel &amp; Medical Spa -\" \/>\n<meta property=\"og:description\" content=\"Geschichte, Wellness und Natur zum Greifen nah  Karlovy Vary (Karlsbad) wurde nicht nur durch seine zw\u00f6lf Heilquellen, Kurkolonnaden und Kuren ber\u00fchmt. In der Stadt und ihrer Umgebung gibt es au\u00dferdem eine Reihe von Sehensw\u00fcrdigkeiten, kulturellen Attraktionen und Sportm\u00f6glichkeiten\" \/>\n<meta property=\"og:url\" content=\"https:\/\/astoria-spa.cz\/de\/lokalitaet\/\" \/>\n<meta property=\"og:site_name\" content=\"Astoria Hotel &amp; Medical Spa\" \/>\n<meta property=\"article:modified_time\" content=\"2022-11-08T23:15:26+00:00\" \/>\n<meta name=\"twitter:card\" content=\"summary_large_image\" \/>\n<meta name=\"twitter:label1\" content=\"Gesch\u00e4tzte Lesezeit\" \/>\n\t<meta name=\"twitter:data1\" content=\"1 Minute\" \/>\n<script type=\"application\/ld+json\" class=\"yoast-schema-graph\">{\"@context\":\"https:\/\/schema.org\",\"@graph\":[{\"@type\":\"WebPage\",\"@id\":\"https:\/\/astoria-spa.cz\/de\/lokalitaet\/\",\"url\":\"https:\/\/astoria-spa.cz\/de\/lokalitaet\/\",\"name\":\"Lokalit\u00e4t Karlsbader Region - Astoria Hotel & Medical Spa -\",\"isPartOf\":{\"@id\":\"https:\/\/astoria-spa.cz\/de\/#website\"},\"datePublished\":\"2022-03-07T10:47:23+00:00\",\"dateModified\":\"2022-11-08T23:15:26+00:00\",\"description\":\"Geschichte, Wellness und Natur zum Greifen nah Karlovy Vary (Karlsbad) wurde nicht nur durch seine zw\u00f6lf Heilquellen, Kurkolonnaden und Kuren ber\u00fchmt. In der Stadt und ihrer Umgebung gibt es au\u00dferdem eine Reihe von Sehensw\u00fcrdigkeiten, kulturellen Attraktionen und Sportm\u00f6glichkeiten\",\"breadcrumb\":{\"@id\":\"https:\/\/astoria-spa.cz\/de\/lokalitaet\/#breadcrumb\"},\"inLanguage\":\"de-DE\",\"potentialAction\":[{\"@type\":\"ReadAction\",\"target\":[\"https:\/\/astoria-spa.cz\/de\/lokalitaet\/\"]}]},{\"@type\":\"BreadcrumbList\",\"@id\":\"https:\/\/astoria-spa.cz\/de\/lokalitaet\/#breadcrumb\",\"itemListElement\":[{\"@type\":\"ListItem\",\"position\":1,\"name\":\"Home\",\"item\":\"https:\/\/astoria-spa.cz\/de\/\"},{\"@type\":\"ListItem\",\"position\":2,\"name\":\"Lokalit\u00e4t Karlsbader Region\"}]},{\"@type\":\"WebSite\",\"@id\":\"https:\/\/astoria-spa.cz\/de\/#website\",\"url\":\"https:\/\/astoria-spa.cz\/de\/\",\"name\":\"Astoria Hotel & Medical Spa\",\"description\":\"Just another ms.decms.eu site\",\"potentialAction\":[{\"@type\":\"SearchAction\",\"target\":{\"@type\":\"EntryPoint\",\"urlTemplate\":\"https:\/\/astoria-spa.cz\/de\/?s={search_term_string}\"},\"query-input\":{\"@type\":\"PropertyValueSpecification\",\"valueRequired\":true,\"valueName\":\"search_term_string\"}}],\"inLanguage\":\"de-DE\"}]}<\/script>\n<!-- \/ Yoast SEO plugin. -->","yoast_head_json":{"title":"Lokalit\u00e4t Karlsbader Region - Astoria Hotel & Medical Spa -","description":"Geschichte, Wellness und Natur zum Greifen nah  Karlovy Vary (Karlsbad) wurde nicht nur durch seine zw\u00f6lf Heilquellen, Kurkolonnaden und Kuren ber\u00fchmt. In der Stadt und ihrer Umgebung gibt es au\u00dferdem eine Reihe von Sehensw\u00fcrdigkeiten, kulturellen Attraktionen und Sportm\u00f6glichkeiten","robots":{"index":"index","follow":"follow","max-snippet":"max-snippet:-1","max-image-preview":"max-image-preview:large","max-video-preview":"max-video-preview:-1"},"canonical":"https:\/\/astoria-spa.cz\/de\/lokalitaet\/","og_locale":"de_DE","og_type":"article","og_title":"Lokalit\u00e4t Karlsbader Region - Astoria Hotel & Medical Spa -","og_description":"Geschichte, Wellness und Natur zum Greifen nah  Karlovy Vary (Karlsbad) wurde nicht nur durch seine zw\u00f6lf Heilquellen, Kurkolonnaden und Kuren ber\u00fchmt. In der Stadt und ihrer Umgebung gibt es au\u00dferdem eine Reihe von Sehensw\u00fcrdigkeiten, kulturellen Attraktionen und Sportm\u00f6glichkeiten","og_url":"https:\/\/astoria-spa.cz\/de\/lokalitaet\/","og_site_name":"Astoria Hotel & Medical Spa","article_modified_time":"2022-11-08T23:15:26+00:00","twitter_card":"summary_large_image","twitter_misc":{"Gesch\u00e4tzte Lesezeit":"1 Minute"},"schema":{"@context":"https:\/\/schema.org","@graph":[{"@type":"WebPage","@id":"https:\/\/astoria-spa.cz\/de\/lokalitaet\/","url":"https:\/\/astoria-spa.cz\/de\/lokalitaet\/","name":"Lokalit\u00e4t Karlsbader Region - Astoria Hotel & Medical Spa -","isPartOf":{"@id":"https:\/\/astoria-spa.cz\/de\/#website"},"datePublished":"2022-03-07T10:47:23+00:00","dateModified":"2022-11-08T23:15:26+00:00","description":"Geschichte, Wellness und Natur zum Greifen nah Karlovy Vary (Karlsbad) wurde nicht nur durch seine zw\u00f6lf Heilquellen, Kurkolonnaden und Kuren ber\u00fchmt. In der Stadt und ihrer Umgebung gibt es au\u00dferdem eine Reihe von Sehensw\u00fcrdigkeiten, kulturellen Attraktionen und Sportm\u00f6glichkeiten","breadcrumb":{"@id":"https:\/\/astoria-spa.cz\/de\/lokalitaet\/#breadcrumb"},"inLanguage":"de-DE","potentialAction":[{"@type":"ReadAction","target":["https:\/\/astoria-spa.cz\/de\/lokalitaet\/"]}]},{"@type":"BreadcrumbList","@id":"https:\/\/astoria-spa.cz\/de\/lokalitaet\/#breadcrumb","itemListElement":[{"@type":"ListItem","position":1,"name":"Home","item":"https:\/\/astoria-spa.cz\/de\/"},{"@type":"ListItem","position":2,"name":"Lokalit\u00e4t Karlsbader Region"}]},{"@type":"WebSite","@id":"https:\/\/astoria-spa.cz\/de\/#website","url":"https:\/\/astoria-spa.cz\/de\/","name":"Astoria Hotel & Medical Spa","description":"Just another ms.decms.eu site","potentialAction":[{"@type":"SearchAction","target":{"@type":"EntryPoint","urlTemplate":"https:\/\/astoria-spa.cz\/de\/?s={search_term_string}"},"query-input":{"@type":"PropertyValueSpecification","valueRequired":true,"valueName":"search_term_string"}}],"inLanguage":"de-DE"}]}},"acf":[],"_links":{"self":[{"href":"https:\/\/astoria-spa.cz\/de\/wp-json\/wp\/v2\/pages\/722","targetHints":{"allow":["GET"]}}],"collection":[{"href":"https:\/\/astoria-spa.cz\/de\/wp-json\/wp\/v2\/pages"}],"about":[{"href":"https:\/\/astoria-spa.cz\/de\/wp-json\/wp\/v2\/types\/page"}],"author":[{"embeddable":true,"href":"https:\/\/astoria-spa.cz\/de\/wp-json\/wp\/v2\/users\/4"}],"replies":[{"embeddable":true,"href":"https:\/\/astoria-spa.cz\/de\/wp-json\/wp\/v2\/comments?post=722"}],"version-history":[{"count":0,"href":"https:\/\/astoria-spa.cz\/de\/wp-json\/wp\/v2\/pages\/722\/revisions"}],"wp:attachment":[{"href":"https:\/\/astoria-spa.cz\/de\/wp-json\/wp\/v2\/media?parent=722"}],"wp:term":[{"taxonomy":"category","embeddable":true,"href":"https:\/\/astoria-spa.cz\/de\/wp-json\/wp\/v2\/categories?post=722"}],"curies":[{"name":"wp","href":"https:\/\/api.w.org\/{rel}","templated":true}]}}