{"id":719,"date":"2022-03-24T15:03:01","date_gmt":"2022-03-24T15:03:01","guid":{"rendered":"https:\/\/astoria-hotel-and-medical-spa.ms.decms.eu\/?page_id=719"},"modified":"2024-09-28T09:48:25","modified_gmt":"2024-09-28T09:48:25","slug":"aufenthaltspaket-relax","status":"publish","type":"page","link":"https:\/\/astoria-spa.cz\/de\/angebote\/aufenthaltspaket-relax\/","title":{"rendered":"Paket Relax 2 N\u00e4chte"},"content":{"rendered":"<ul>\n<li>Begr\u00fc\u00dfungsgetr\u00e4nk<\/li>\n<li>2x Unterkunft im ASTORIA Hotel &amp; Medical Spa (Komplex Astoria oder Depandance Art Deco WOLKER)<\/li>\n<li>2x Fr\u00fchst\u00fccksbuffet<\/li>\n<li>2x Abendessen &#8211;\u00a0Buffetform<\/li>\n<li>1x Bad (Sprudel) Perlbad<\/li>\n<li>1x HydroJet Massage<\/li>\n<li>Freier Eintritt in Schwimmbad und Sauna<\/li>\n<\/ul>\n<p><strong>Preis pro Aufenthalt<\/strong>:<\/p>\n<ul>\n<li>2 Personen (Doppelzimmer ):<\/li>\n<li>1 Person (Einzelzimmer ):<\/li>\n<\/ul>\n<p><strong>Reservation\/Anfragen<\/strong>: Email:\u00a0<a href=\"mailto:reservation@astoria-spa.cz\">reservation@astoria-spa.cz<\/a>\u00a0, Tel: <a href=\"tel:+420353335143\">+420\u00a0353 335 143<\/a><\/p>\n","protected":false},"excerpt":{"rendered":"<p>Begr\u00fc\u00dfungsgetr\u00e4nk 2x Unterkunft im ASTORIA Hotel &amp; Medical Spa (Komplex Astoria oder Depandance Art Deco WOLKER) 2x Fr\u00fchst\u00fccksbuffet 2x Abendessen &#8211;\u00a0Buffetform 1x Bad (Sprudel) Perlbad 1x HydroJet Massage Freier Eintritt in Schwimmbad und Sauna Preis pro Aufenthalt: 2 Personen (Doppelzimmer ): 1 Person (Einzelzimmer ): Reservation\/Anfragen: Email:\u00a0reservation@astoria-spa.cz\u00a0, Tel: +420\u00a0353 335 143<\/p>\n","protected":false},"author":4,"featured_media":0,"parent":700,"menu_order":70,"comment_status":"closed","ping_status":"closed","template":"template-default-3.php","meta":{"footnotes":""},"categories":[28],"class_list":["post-719","page","type-page","status-publish","hentry","category-wellness-de"],"yoast_head":"<!-- This site is optimized with the Yoast SEO plugin v26.9 - https:\/\/yoast.com\/product\/yoast-seo-wordpress\/ -->\n<title>Paket Relax 2 N\u00e4chte - Astoria Hotel &amp; Medical Spa -<\/title>\n<meta name=\"description\" content=\"Begr\u00fc\u00dfungsgetr\u00e4nk  2x Unterkunft im ASTORIA Hotel &amp; Medical Spa (Komplex Astoria oder Depandance Art Deco WOLKER)  2x Fr\u00fchst\u00fccksbuffet  2x Abendessen -\u00a0Buffetform  1x Bad (Sprudel) Perlbad  1x HydroJet Massage  Freier Eintritt in Schwimmbad und Sauna  Preis pro Aufenthalt:   2 Personen (Doppelzimmer ):  1 Person (Einzelzimmer ):  Reservation\/Anfragen: Email:\u00a0reservation@astoria-spa.cz\u00a0, Tel: +420\u00a0353 335 143.\" \/>\n<meta name=\"robots\" content=\"index, follow, max-snippet:-1, max-image-preview:large, max-video-preview:-1\" \/>\n<link rel=\"canonical\" href=\"https:\/\/astoria-spa.cz\/de\/angebote\/aufenthaltspaket-relax\/\" \/>\n<meta property=\"og:locale\" content=\"de_DE\" \/>\n<meta property=\"og:type\" content=\"article\" \/>\n<meta property=\"og:title\" content=\"Paket Relax 2 N\u00e4chte - Astoria Hotel &amp; Medical Spa -\" \/>\n<meta property=\"og:description\" content=\"Begr\u00fc\u00dfungsgetr\u00e4nk  2x Unterkunft im ASTORIA Hotel &amp; Medical Spa (Komplex Astoria oder Depandance Art Deco WOLKER)  2x Fr\u00fchst\u00fccksbuffet  2x Abendessen -\u00a0Buffetform  1x Bad (Sprudel) Perlbad  1x HydroJet Massage  Freier Eintritt in Schwimmbad und Sauna  Preis pro Aufenthalt:   2 Personen (Doppelzimmer ):  1 Person (Einzelzimmer ):  Reservation\/Anfragen: Email:\u00a0reservation@astoria-spa.cz\u00a0, Tel: +420\u00a0353 335 143.\" \/>\n<meta property=\"og:url\" content=\"https:\/\/astoria-spa.cz\/de\/angebote\/aufenthaltspaket-relax\/\" \/>\n<meta property=\"og:site_name\" content=\"Astoria Hotel &amp; Medical Spa\" \/>\n<meta property=\"article:modified_time\" content=\"2024-09-28T09:48:25+00:00\" \/>\n<meta name=\"twitter:card\" content=\"summary_large_image\" \/>\n<meta name=\"twitter:label1\" content=\"Gesch\u00e4tzte Lesezeit\" \/>\n\t<meta name=\"twitter:data1\" content=\"1 Minute\" \/>\n<script type=\"application\/ld+json\" class=\"yoast-schema-graph\">{\"@context\":\"https:\/\/schema.org\",\"@graph\":[{\"@type\":\"WebPage\",\"@id\":\"https:\/\/astoria-spa.cz\/de\/angebote\/aufenthaltspaket-relax\/\",\"url\":\"https:\/\/astoria-spa.cz\/de\/angebote\/aufenthaltspaket-relax\/\",\"name\":\"Paket Relax 2 N\u00e4chte - Astoria Hotel & Medical Spa -\",\"isPartOf\":{\"@id\":\"https:\/\/astoria-spa.cz\/de\/#website\"},\"datePublished\":\"2022-03-24T15:03:01+00:00\",\"dateModified\":\"2024-09-28T09:48:25+00:00\",\"description\":\"\u2022 Begr\u00fc\u00dfungsgetr\u00e4nk \u2022 2x Unterkunft im ASTORIA Hotel &amp; Medical Spa (Komplex Astoria oder Depandance Art Deco WOLKER) \u2022 2x Fr\u00fchst\u00fccksbuffet \u2022 2x Abendessen -\u00a0Buffetform \u2022 1x Bad (Sprudel) Perlbad \u2022 1x HydroJet Massage \u2022 Freier Eintritt in Schwimmbad und Sauna Preis pro Aufenthalt: \u2022 2 Personen (Doppelzimmer ): \u2022 1 Person (Einzelzimmer ): Reservation\/Anfragen: Email:\u00a0reservation@astoria-spa.cz\u00a0, Tel: +420\u00a0353 335 143.\",\"breadcrumb\":{\"@id\":\"https:\/\/astoria-spa.cz\/de\/angebote\/aufenthaltspaket-relax\/#breadcrumb\"},\"inLanguage\":\"de-DE\",\"potentialAction\":[{\"@type\":\"ReadAction\",\"target\":[\"https:\/\/astoria-spa.cz\/de\/angebote\/aufenthaltspaket-relax\/\"]}]},{\"@type\":\"BreadcrumbList\",\"@id\":\"https:\/\/astoria-spa.cz\/de\/angebote\/aufenthaltspaket-relax\/#breadcrumb\",\"itemListElement\":[{\"@type\":\"ListItem\",\"position\":1,\"name\":\"Home\",\"item\":\"https:\/\/astoria-spa.cz\/de\/\"},{\"@type\":\"ListItem\",\"position\":2,\"name\":\"Angebote, Pakete\",\"item\":\"https:\/\/astoria-spa.cz\/de\/angebote\/\"},{\"@type\":\"ListItem\",\"position\":3,\"name\":\"Paket Relax 2 N\u00e4chte\"}]},{\"@type\":\"WebSite\",\"@id\":\"https:\/\/astoria-spa.cz\/de\/#website\",\"url\":\"https:\/\/astoria-spa.cz\/de\/\",\"name\":\"Astoria Hotel & Medical Spa\",\"description\":\"Just another ms.decms.eu site\",\"potentialAction\":[{\"@type\":\"SearchAction\",\"target\":{\"@type\":\"EntryPoint\",\"urlTemplate\":\"https:\/\/astoria-spa.cz\/de\/?s={search_term_string}\"},\"query-input\":{\"@type\":\"PropertyValueSpecification\",\"valueRequired\":true,\"valueName\":\"search_term_string\"}}],\"inLanguage\":\"de-DE\"}]}<\/script>\n<!-- \/ Yoast SEO plugin. -->","yoast_head_json":{"title":"Paket Relax 2 N\u00e4chte - Astoria Hotel & Medical Spa -","description":"Begr\u00fc\u00dfungsgetr\u00e4nk  2x Unterkunft im ASTORIA Hotel &amp; Medical Spa (Komplex Astoria oder Depandance Art Deco WOLKER)  2x Fr\u00fchst\u00fccksbuffet  2x Abendessen -\u00a0Buffetform  1x Bad (Sprudel) Perlbad  1x HydroJet Massage  Freier Eintritt in Schwimmbad und Sauna  Preis pro Aufenthalt:   2 Personen (Doppelzimmer ):  1 Person (Einzelzimmer ):  Reservation\/Anfragen: Email:\u00a0reservation@astoria-spa.cz\u00a0, Tel: +420\u00a0353 335 143.","robots":{"index":"index","follow":"follow","max-snippet":"max-snippet:-1","max-image-preview":"max-image-preview:large","max-video-preview":"max-video-preview:-1"},"canonical":"https:\/\/astoria-spa.cz\/de\/angebote\/aufenthaltspaket-relax\/","og_locale":"de_DE","og_type":"article","og_title":"Paket Relax 2 N\u00e4chte - Astoria Hotel & Medical Spa -","og_description":"Begr\u00fc\u00dfungsgetr\u00e4nk  2x Unterkunft im ASTORIA Hotel &amp; Medical Spa (Komplex Astoria oder Depandance Art Deco WOLKER)  2x Fr\u00fchst\u00fccksbuffet  2x Abendessen -\u00a0Buffetform  1x Bad (Sprudel) Perlbad  1x HydroJet Massage  Freier Eintritt in Schwimmbad und Sauna  Preis pro Aufenthalt:   2 Personen (Doppelzimmer ):  1 Person (Einzelzimmer ):  Reservation\/Anfragen: Email:\u00a0reservation@astoria-spa.cz\u00a0, Tel: +420\u00a0353 335 143.","og_url":"https:\/\/astoria-spa.cz\/de\/angebote\/aufenthaltspaket-relax\/","og_site_name":"Astoria Hotel & Medical Spa","article_modified_time":"2024-09-28T09:48:25+00:00","twitter_card":"summary_large_image","twitter_misc":{"Gesch\u00e4tzte Lesezeit":"1 Minute"},"schema":{"@context":"https:\/\/schema.org","@graph":[{"@type":"WebPage","@id":"https:\/\/astoria-spa.cz\/de\/angebote\/aufenthaltspaket-relax\/","url":"https:\/\/astoria-spa.cz\/de\/angebote\/aufenthaltspaket-relax\/","name":"Paket Relax 2 N\u00e4chte - Astoria Hotel & Medical Spa -","isPartOf":{"@id":"https:\/\/astoria-spa.cz\/de\/#website"},"datePublished":"2022-03-24T15:03:01+00:00","dateModified":"2024-09-28T09:48:25+00:00","description":"\u2022 Begr\u00fc\u00dfungsgetr\u00e4nk \u2022 2x Unterkunft im ASTORIA Hotel &amp; Medical Spa (Komplex Astoria oder Depandance Art Deco WOLKER) \u2022 2x Fr\u00fchst\u00fccksbuffet \u2022 2x Abendessen -\u00a0Buffetform \u2022 1x Bad (Sprudel) Perlbad \u2022 1x HydroJet Massage \u2022 Freier Eintritt in Schwimmbad und Sauna Preis pro Aufenthalt: \u2022 2 Personen (Doppelzimmer ): \u2022 1 Person (Einzelzimmer ): Reservation\/Anfragen: Email:\u00a0reservation@astoria-spa.cz\u00a0, Tel: +420\u00a0353 335 143.","breadcrumb":{"@id":"https:\/\/astoria-spa.cz\/de\/angebote\/aufenthaltspaket-relax\/#breadcrumb"},"inLanguage":"de-DE","potentialAction":[{"@type":"ReadAction","target":["https:\/\/astoria-spa.cz\/de\/angebote\/aufenthaltspaket-relax\/"]}]},{"@type":"BreadcrumbList","@id":"https:\/\/astoria-spa.cz\/de\/angebote\/aufenthaltspaket-relax\/#breadcrumb","itemListElement":[{"@type":"ListItem","position":1,"name":"Home","item":"https:\/\/astoria-spa.cz\/de\/"},{"@type":"ListItem","position":2,"name":"Angebote, Pakete","item":"https:\/\/astoria-spa.cz\/de\/angebote\/"},{"@type":"ListItem","position":3,"name":"Paket Relax 2 N\u00e4chte"}]},{"@type":"WebSite","@id":"https:\/\/astoria-spa.cz\/de\/#website","url":"https:\/\/astoria-spa.cz\/de\/","name":"Astoria Hotel & Medical Spa","description":"Just another ms.decms.eu site","potentialAction":[{"@type":"SearchAction","target":{"@type":"EntryPoint","urlTemplate":"https:\/\/astoria-spa.cz\/de\/?s={search_term_string}"},"query-input":{"@type":"PropertyValueSpecification","valueRequired":true,"valueName":"search_term_string"}}],"inLanguage":"de-DE"}]}},"acf":[],"_links":{"self":[{"href":"https:\/\/astoria-spa.cz\/de\/wp-json\/wp\/v2\/pages\/719","targetHints":{"allow":["GET"]}}],"collection":[{"href":"https:\/\/astoria-spa.cz\/de\/wp-json\/wp\/v2\/pages"}],"about":[{"href":"https:\/\/astoria-spa.cz\/de\/wp-json\/wp\/v2\/types\/page"}],"author":[{"embeddable":true,"href":"https:\/\/astoria-spa.cz\/de\/wp-json\/wp\/v2\/users\/4"}],"replies":[{"embeddable":true,"href":"https:\/\/astoria-spa.cz\/de\/wp-json\/wp\/v2\/comments?post=719"}],"version-history":[{"count":0,"href":"https:\/\/astoria-spa.cz\/de\/wp-json\/wp\/v2\/pages\/719\/revisions"}],"up":[{"embeddable":true,"href":"https:\/\/astoria-spa.cz\/de\/wp-json\/wp\/v2\/pages\/700"}],"wp:attachment":[{"href":"https:\/\/astoria-spa.cz\/de\/wp-json\/wp\/v2\/media?parent=719"}],"wp:term":[{"taxonomy":"category","embeddable":true,"href":"https:\/\/astoria-spa.cz\/de\/wp-json\/wp\/v2\/categories?post=719"}],"curies":[{"name":"wp","href":"https:\/\/api.w.org\/{rel}","templated":true}]}}