{"id":715,"date":"2022-03-24T14:54:16","date_gmt":"2022-03-24T14:54:16","guid":{"rendered":"https:\/\/astoria-hotel-and-medical-spa.ms.decms.eu\/?page_id=715"},"modified":"2022-12-06T13:04:01","modified_gmt":"2022-12-06T13:04:01","slug":"kurpaket-komplexe-heilkur","status":"publish","type":"page","link":"https:\/\/astoria-spa.cz\/de\/angebote\/kurpaket-komplexe-heilkur\/","title":{"rendered":"Kurpaket &#8211; Karlsbader komplexe Heilkur mit VP"},"content":{"rendered":"<p><span id=\"result_box\" lang=\"de\">Unterkunft 7 und mehr N\u00e4chte in gew\u00fcnschten Zimmer Kategorien: Comfort, Comfort Plus, Superior<\/span><\/p>\n<p><strong>Vollpension<\/strong>:<\/p>\n<ul>\n<li><span id=\"result_box\" lang=\"de\">warmes und kaltes Fr\u00fchst\u00fccksbuffet<br \/>\n<\/span><\/li>\n<li><span id=\"result_box\" lang=\"de\">warmes und kaltes Mittagsbuffet inklusive Kaffee, Tee, Wasser<br \/>\n<\/span><\/li>\n<li><span id=\"result_box\" lang=\"de\">Abendessen: warmes und kaltes Mittagsbuffet inklusive Kaffee, Tee, Wasser<\/span><\/li>\n<li><span id=\"result_box\" lang=\"de\">t\u00e4glicher freier Tee im Teeraumdes Hotels &#8211; Auswahl aus 4 verschiedenen Teesorten<br \/>\n<\/span><\/li>\n<li><span id=\"result_box\" lang=\"de\">Erste \u00e4rztliche Eingangsuntersuchung<br \/>\n<\/span><\/li>\n<li><span id=\"result_box\" lang=\"de\">Medizinische Beratung, \u00e4rztliche Ausgangsuntersuchung<br \/>\n<\/span><\/li>\n<li><span id=\"result_box\" lang=\"de\">18 x\u00a0 Kurbehandlungen pro Woche (Anwendungen von Montag bis Samstag)<\/span><\/li>\n<\/ul>\n<p><span id=\"result_box\" lang=\"de\"><strong>Preis pro Aufenthalt<\/strong>: <\/span><\/p>\n<p>Preis ab 530 Eur per Person und 7 N\u00e4chte<\/p>\n<p><span id=\"result_box\" lang=\"de\"><span id=\"result_box\" lang=\"de\">Kurtaxe ist nicht inbegriffen, vor Ort zahlbar<\/span><br \/>\n<\/span><\/p>\n<p><strong>Reservation\/Anfragen<\/strong>: Email:\u00a0<a href=\"mailto:reservation@astoria-spa.cz\">reservation@astoria-spa.cz<\/a>\u00a0, Tel: <a href=\"tel:+420353335143\">+420\u00a0353 335 143<\/a><\/p>\n","protected":false},"excerpt":{"rendered":"<p>Unterkunft 7 und mehr N\u00e4chte in gew\u00fcnschten Zimmer Kategorien: Comfort, Comfort Plus, Superior Vollpension: warmes und kaltes Fr\u00fchst\u00fccksbuffet warmes und kaltes Mittagsbuffet inklusive Kaffee, Tee, Wasser Abendessen: warmes und kaltes Mittagsbuffet inklusive Kaffee, Tee, Wasser t\u00e4glicher freier Tee im Teeraumdes Hotels &#8211; Auswahl aus 4 verschiedenen Teesorten Erste \u00e4rztliche Eingangsuntersuchung Medizinische Beratung, \u00e4rztliche Ausgangsuntersuchung 18 [&hellip;]<\/p>\n","protected":false},"author":4,"featured_media":0,"parent":700,"menu_order":20,"comment_status":"closed","ping_status":"closed","template":"template-default-3.php","meta":{"footnotes":""},"categories":[24],"class_list":["post-715","page","type-page","status-publish","hentry","category-medical-spa-de"],"yoast_head":"<!-- This site is optimized with the Yoast SEO plugin v26.9 - https:\/\/yoast.com\/product\/yoast-seo-wordpress\/ -->\n<title>Kurpaket - Karlsbader komplexe Heilkur mit VP - Astoria Hotel &amp; Medical Spa -<\/title>\n<meta name=\"description\" content=\"Unterkunft 7 und mehr N\u00e4chte in gew\u00fcnschten Zimmer Kategorien: Comfort, Comfort Plus, Superior  Vollpension:   warmes und kaltes Fr\u00fchst\u00fccksbuffet   warmes und kaltes Mittagsbuffet inklusive Kaffee, Tee, Wasser   Abendessen: warmes und kaltes Mittagsbuffet inklusive Kaffee, Tee, Wasser  t\u00e4glicher freier Tee im Teeraumdes Hotels - Auswahl aus 4 verschiedenen Teesorten   Erste \u00e4rztliche Eingangsuntersuchung   Medizinische Beratung, \u00e4rztliche Ausgangsuntersuchung   18 x\u00a0 Kurbehandlungen pro Woche (Anwendungen von Montag bis Samstag)  Preis pro Aufenthalt:   Preis ab 530 Eur per Person und 7 N\u00e4chte  Kurtaxe ist nicht inbegriffen, vor Ort zahlbar   Reservation\/Anfragen: Email:\u00a0reservation@astoria-spa.cz\u00a0, Tel: +420\u00a0353 335 143.\" \/>\n<meta name=\"robots\" content=\"index, follow, max-snippet:-1, max-image-preview:large, max-video-preview:-1\" \/>\n<link rel=\"canonical\" href=\"https:\/\/astoria-spa.cz\/de\/angebote\/kurpaket-komplexe-heilkur\/\" \/>\n<meta property=\"og:locale\" content=\"de_DE\" \/>\n<meta property=\"og:type\" content=\"article\" \/>\n<meta property=\"og:title\" content=\"Kurpaket - Karlsbader komplexe Heilkur mit VP - Astoria Hotel &amp; Medical Spa -\" \/>\n<meta property=\"og:description\" content=\"Unterkunft 7 und mehr N\u00e4chte in gew\u00fcnschten Zimmer Kategorien: Comfort, Comfort Plus, Superior  Vollpension:   warmes und kaltes Fr\u00fchst\u00fccksbuffet   warmes und kaltes Mittagsbuffet inklusive Kaffee, Tee, Wasser   Abendessen: warmes und kaltes Mittagsbuffet inklusive Kaffee, Tee, Wasser  t\u00e4glicher freier Tee im Teeraumdes Hotels - Auswahl aus 4 verschiedenen Teesorten   Erste \u00e4rztliche Eingangsuntersuchung   Medizinische Beratung, \u00e4rztliche Ausgangsuntersuchung   18 x\u00a0 Kurbehandlungen pro Woche (Anwendungen von Montag bis Samstag)  Preis pro Aufenthalt:   Preis ab 530 Eur per Person und 7 N\u00e4chte  Kurtaxe ist nicht inbegriffen, vor Ort zahlbar   Reservation\/Anfragen: Email:\u00a0reservation@astoria-spa.cz\u00a0, Tel: +420\u00a0353 335 143.\" \/>\n<meta property=\"og:url\" content=\"https:\/\/astoria-spa.cz\/de\/angebote\/kurpaket-komplexe-heilkur\/\" \/>\n<meta property=\"og:site_name\" content=\"Astoria Hotel &amp; Medical Spa\" \/>\n<meta property=\"article:modified_time\" content=\"2022-12-06T13:04:01+00:00\" \/>\n<meta name=\"twitter:card\" content=\"summary_large_image\" \/>\n<meta name=\"twitter:label1\" content=\"Gesch\u00e4tzte Lesezeit\" \/>\n\t<meta name=\"twitter:data1\" content=\"1 Minute\" \/>\n<script type=\"application\/ld+json\" class=\"yoast-schema-graph\">{\"@context\":\"https:\/\/schema.org\",\"@graph\":[{\"@type\":\"WebPage\",\"@id\":\"https:\/\/astoria-spa.cz\/de\/angebote\/kurpaket-komplexe-heilkur\/\",\"url\":\"https:\/\/astoria-spa.cz\/de\/angebote\/kurpaket-komplexe-heilkur\/\",\"name\":\"Kurpaket - Karlsbader komplexe Heilkur mit VP - Astoria Hotel & Medical Spa -\",\"isPartOf\":{\"@id\":\"https:\/\/astoria-spa.cz\/de\/#website\"},\"datePublished\":\"2022-03-24T14:54:16+00:00\",\"dateModified\":\"2022-12-06T13:04:01+00:00\",\"description\":\"Unterkunft 7 und mehr N\u00e4chte in gew\u00fcnschten Zimmer Kategorien: Comfort, Comfort Plus, Superior Vollpension: \u2022 warmes und kaltes Fr\u00fchst\u00fccksbuffet \u2022 warmes und kaltes Mittagsbuffet inklusive Kaffee, Tee, Wasser \u2022 Abendessen: warmes und kaltes Mittagsbuffet inklusive Kaffee, Tee, Wasser \u2022 t\u00e4glicher freier Tee im Teeraumdes Hotels - Auswahl aus 4 verschiedenen Teesorten \u2022 Erste \u00e4rztliche Eingangsuntersuchung \u2022 Medizinische Beratung, \u00e4rztliche Ausgangsuntersuchung \u2022 18 x\u00a0 Kurbehandlungen pro Woche (Anwendungen von Montag bis Samstag) Preis pro Aufenthalt: Preis ab 530 Eur per Person und 7 N\u00e4chte Kurtaxe ist nicht inbegriffen, vor Ort zahlbar Reservation\/Anfragen: Email:\u00a0reservation@astoria-spa.cz\u00a0, Tel: +420\u00a0353 335 143.\",\"breadcrumb\":{\"@id\":\"https:\/\/astoria-spa.cz\/de\/angebote\/kurpaket-komplexe-heilkur\/#breadcrumb\"},\"inLanguage\":\"de-DE\",\"potentialAction\":[{\"@type\":\"ReadAction\",\"target\":[\"https:\/\/astoria-spa.cz\/de\/angebote\/kurpaket-komplexe-heilkur\/\"]}]},{\"@type\":\"BreadcrumbList\",\"@id\":\"https:\/\/astoria-spa.cz\/de\/angebote\/kurpaket-komplexe-heilkur\/#breadcrumb\",\"itemListElement\":[{\"@type\":\"ListItem\",\"position\":1,\"name\":\"Home\",\"item\":\"https:\/\/astoria-spa.cz\/de\/\"},{\"@type\":\"ListItem\",\"position\":2,\"name\":\"Angebote, Pakete\",\"item\":\"https:\/\/astoria-spa.cz\/de\/angebote\/\"},{\"@type\":\"ListItem\",\"position\":3,\"name\":\"Kurpaket &#8211; Karlsbader komplexe Heilkur mit VP\"}]},{\"@type\":\"WebSite\",\"@id\":\"https:\/\/astoria-spa.cz\/de\/#website\",\"url\":\"https:\/\/astoria-spa.cz\/de\/\",\"name\":\"Astoria Hotel & Medical Spa\",\"description\":\"Just another ms.decms.eu site\",\"potentialAction\":[{\"@type\":\"SearchAction\",\"target\":{\"@type\":\"EntryPoint\",\"urlTemplate\":\"https:\/\/astoria-spa.cz\/de\/?s={search_term_string}\"},\"query-input\":{\"@type\":\"PropertyValueSpecification\",\"valueRequired\":true,\"valueName\":\"search_term_string\"}}],\"inLanguage\":\"de-DE\"}]}<\/script>\n<!-- \/ Yoast SEO plugin. -->","yoast_head_json":{"title":"Kurpaket - Karlsbader komplexe Heilkur mit VP - Astoria Hotel & Medical Spa -","description":"Unterkunft 7 und mehr N\u00e4chte in gew\u00fcnschten Zimmer Kategorien: Comfort, Comfort Plus, Superior  Vollpension:   warmes und kaltes Fr\u00fchst\u00fccksbuffet   warmes und kaltes Mittagsbuffet inklusive Kaffee, Tee, Wasser   Abendessen: warmes und kaltes Mittagsbuffet inklusive Kaffee, Tee, Wasser  t\u00e4glicher freier Tee im Teeraumdes Hotels - Auswahl aus 4 verschiedenen Teesorten   Erste \u00e4rztliche Eingangsuntersuchung   Medizinische Beratung, \u00e4rztliche Ausgangsuntersuchung   18 x\u00a0 Kurbehandlungen pro Woche (Anwendungen von Montag bis Samstag)  Preis pro Aufenthalt:   Preis ab 530 Eur per Person und 7 N\u00e4chte  Kurtaxe ist nicht inbegriffen, vor Ort zahlbar   Reservation\/Anfragen: Email:\u00a0reservation@astoria-spa.cz\u00a0, Tel: +420\u00a0353 335 143.","robots":{"index":"index","follow":"follow","max-snippet":"max-snippet:-1","max-image-preview":"max-image-preview:large","max-video-preview":"max-video-preview:-1"},"canonical":"https:\/\/astoria-spa.cz\/de\/angebote\/kurpaket-komplexe-heilkur\/","og_locale":"de_DE","og_type":"article","og_title":"Kurpaket - Karlsbader komplexe Heilkur mit VP - Astoria Hotel & Medical Spa -","og_description":"Unterkunft 7 und mehr N\u00e4chte in gew\u00fcnschten Zimmer Kategorien: Comfort, Comfort Plus, Superior  Vollpension:   warmes und kaltes Fr\u00fchst\u00fccksbuffet   warmes und kaltes Mittagsbuffet inklusive Kaffee, Tee, Wasser   Abendessen: warmes und kaltes Mittagsbuffet inklusive Kaffee, Tee, Wasser  t\u00e4glicher freier Tee im Teeraumdes Hotels - Auswahl aus 4 verschiedenen Teesorten   Erste \u00e4rztliche Eingangsuntersuchung   Medizinische Beratung, \u00e4rztliche Ausgangsuntersuchung   18 x\u00a0 Kurbehandlungen pro Woche (Anwendungen von Montag bis Samstag)  Preis pro Aufenthalt:   Preis ab 530 Eur per Person und 7 N\u00e4chte  Kurtaxe ist nicht inbegriffen, vor Ort zahlbar   Reservation\/Anfragen: Email:\u00a0reservation@astoria-spa.cz\u00a0, Tel: +420\u00a0353 335 143.","og_url":"https:\/\/astoria-spa.cz\/de\/angebote\/kurpaket-komplexe-heilkur\/","og_site_name":"Astoria Hotel & Medical Spa","article_modified_time":"2022-12-06T13:04:01+00:00","twitter_card":"summary_large_image","twitter_misc":{"Gesch\u00e4tzte Lesezeit":"1 Minute"},"schema":{"@context":"https:\/\/schema.org","@graph":[{"@type":"WebPage","@id":"https:\/\/astoria-spa.cz\/de\/angebote\/kurpaket-komplexe-heilkur\/","url":"https:\/\/astoria-spa.cz\/de\/angebote\/kurpaket-komplexe-heilkur\/","name":"Kurpaket - Karlsbader komplexe Heilkur mit VP - Astoria Hotel & Medical Spa -","isPartOf":{"@id":"https:\/\/astoria-spa.cz\/de\/#website"},"datePublished":"2022-03-24T14:54:16+00:00","dateModified":"2022-12-06T13:04:01+00:00","description":"Unterkunft 7 und mehr N\u00e4chte in gew\u00fcnschten Zimmer Kategorien: Comfort, Comfort Plus, Superior Vollpension: \u2022 warmes und kaltes Fr\u00fchst\u00fccksbuffet \u2022 warmes und kaltes Mittagsbuffet inklusive Kaffee, Tee, Wasser \u2022 Abendessen: warmes und kaltes Mittagsbuffet inklusive Kaffee, Tee, Wasser \u2022 t\u00e4glicher freier Tee im Teeraumdes Hotels - Auswahl aus 4 verschiedenen Teesorten \u2022 Erste \u00e4rztliche Eingangsuntersuchung \u2022 Medizinische Beratung, \u00e4rztliche Ausgangsuntersuchung \u2022 18 x\u00a0 Kurbehandlungen pro Woche (Anwendungen von Montag bis Samstag) Preis pro Aufenthalt: Preis ab 530 Eur per Person und 7 N\u00e4chte Kurtaxe ist nicht inbegriffen, vor Ort zahlbar Reservation\/Anfragen: Email:\u00a0reservation@astoria-spa.cz\u00a0, Tel: +420\u00a0353 335 143.","breadcrumb":{"@id":"https:\/\/astoria-spa.cz\/de\/angebote\/kurpaket-komplexe-heilkur\/#breadcrumb"},"inLanguage":"de-DE","potentialAction":[{"@type":"ReadAction","target":["https:\/\/astoria-spa.cz\/de\/angebote\/kurpaket-komplexe-heilkur\/"]}]},{"@type":"BreadcrumbList","@id":"https:\/\/astoria-spa.cz\/de\/angebote\/kurpaket-komplexe-heilkur\/#breadcrumb","itemListElement":[{"@type":"ListItem","position":1,"name":"Home","item":"https:\/\/astoria-spa.cz\/de\/"},{"@type":"ListItem","position":2,"name":"Angebote, Pakete","item":"https:\/\/astoria-spa.cz\/de\/angebote\/"},{"@type":"ListItem","position":3,"name":"Kurpaket &#8211; Karlsbader komplexe Heilkur mit VP"}]},{"@type":"WebSite","@id":"https:\/\/astoria-spa.cz\/de\/#website","url":"https:\/\/astoria-spa.cz\/de\/","name":"Astoria Hotel & Medical Spa","description":"Just another ms.decms.eu site","potentialAction":[{"@type":"SearchAction","target":{"@type":"EntryPoint","urlTemplate":"https:\/\/astoria-spa.cz\/de\/?s={search_term_string}"},"query-input":{"@type":"PropertyValueSpecification","valueRequired":true,"valueName":"search_term_string"}}],"inLanguage":"de-DE"}]}},"acf":[],"_links":{"self":[{"href":"https:\/\/astoria-spa.cz\/de\/wp-json\/wp\/v2\/pages\/715","targetHints":{"allow":["GET"]}}],"collection":[{"href":"https:\/\/astoria-spa.cz\/de\/wp-json\/wp\/v2\/pages"}],"about":[{"href":"https:\/\/astoria-spa.cz\/de\/wp-json\/wp\/v2\/types\/page"}],"author":[{"embeddable":true,"href":"https:\/\/astoria-spa.cz\/de\/wp-json\/wp\/v2\/users\/4"}],"replies":[{"embeddable":true,"href":"https:\/\/astoria-spa.cz\/de\/wp-json\/wp\/v2\/comments?post=715"}],"version-history":[{"count":0,"href":"https:\/\/astoria-spa.cz\/de\/wp-json\/wp\/v2\/pages\/715\/revisions"}],"up":[{"embeddable":true,"href":"https:\/\/astoria-spa.cz\/de\/wp-json\/wp\/v2\/pages\/700"}],"wp:attachment":[{"href":"https:\/\/astoria-spa.cz\/de\/wp-json\/wp\/v2\/media?parent=715"}],"wp:term":[{"taxonomy":"category","embeddable":true,"href":"https:\/\/astoria-spa.cz\/de\/wp-json\/wp\/v2\/categories?post=715"}],"curies":[{"name":"wp","href":"https:\/\/api.w.org\/{rel}","templated":true}]}}