{"id":709,"date":"2022-03-24T14:13:11","date_gmt":"2022-03-24T14:13:11","guid":{"rendered":"https:\/\/astoria-hotel-and-medical-spa.ms.decms.eu\/?page_id=709"},"modified":"2022-12-06T13:30:31","modified_gmt":"2022-12-06T13:30:31","slug":"paket-relax-4-naechte-fuer-2-personen","status":"publish","type":"page","link":"https:\/\/astoria-spa.cz\/de\/angebote\/paket-relax-4-naechte-fuer-2-personen\/","title":{"rendered":"Paket Relax 4 N\u00e4chte f\u00fcr 2 Personen"},"content":{"rendered":"<h2>Inhalt des Aufenthaltspakets<\/h2>\n<ul>\n<li>Willkommensgetr\u00e4nk<\/li>\n<li>4 x Unterkunft im ASTORIA Hotel &amp; Medical Spa (zentraler Komplex Astoria) in einer Doppelzimmerkategorie mit Blick auf die M\u00fchlenkolonnade: Comfort Plus oder Superior<\/li>\n<li>4 x reichhaltiges Fr\u00fchst\u00fcck in Form eines warmen und kalten Buffets<\/li>\n<li>4 x Abendessen &#8211; warmes und kaltes Buffet, Wasser auf dem Tisch kostenlos<\/li>\n<li>1 x Mineralbad (karlsbader Sprudelwasser)<\/li>\n<li>1 x klassische Teilmassage<\/li>\n<li>1 x Salztherapie (Salzgrotte)<\/li>\n<li>1 x HydroJet Massage<\/li>\n<li>Freier Zugang zum Pool und zur Sauna w\u00e4hrend der \u00d6ffnungszeiten Freier<\/li>\n<li>Eintritt in die Teestube des Hotels (11-20 Uhr)<\/li>\n<\/ul>\n<p><strong>Preis pro Paket pro Aufenthalt<\/strong>:<\/p>\n<p>2\u00a0Personen im DZ:<\/p>\n<p><strong>Reservation\/Anfragen<\/strong>: Email:\u00a0<a href=\"mailto:reservation@astoria-spa.cz\">reservation@astoria-spa.cz<\/a>\u00a0, Tel: <a href=\"tel:+420353335143\">+420\u00a0353 335 143<\/a><\/p>\n","protected":false},"excerpt":{"rendered":"<p>Inhalt des Aufenthaltspakets Willkommensgetr\u00e4nk 4 x Unterkunft im ASTORIA Hotel &amp; Medical Spa (zentraler Komplex Astoria) in einer Doppelzimmerkategorie mit Blick auf die M\u00fchlenkolonnade: Comfort Plus oder Superior 4 x reichhaltiges Fr\u00fchst\u00fcck in Form eines warmen und kalten Buffets 4 x Abendessen &#8211; warmes und kaltes Buffet, Wasser auf dem Tisch kostenlos 1 x Mineralbad [&hellip;]<\/p>\n","protected":false},"author":4,"featured_media":477,"parent":700,"menu_order":80,"comment_status":"closed","ping_status":"closed","template":"template-default-3.php","meta":{"footnotes":""},"categories":[28],"class_list":["post-709","page","type-page","status-publish","has-post-thumbnail","hentry","category-wellness-de"],"yoast_head":"<!-- This site is optimized with the Yoast SEO plugin v26.9 - https:\/\/yoast.com\/product\/yoast-seo-wordpress\/ -->\n<title>Paket Relax 4 N\u00e4chte f\u00fcr 2 Personen - Astoria Hotel &amp; Medical Spa -<\/title>\n<meta name=\"description\" content=\"Inhalt des Aufenthaltspakets   Willkommensgetr\u00e4nk  4 x Unterkunft im ASTORIA Hotel &amp; Medical Spa (zentraler Komplex Astoria) in einer Doppelzimmerkategorie mit Blick auf die M\u00fchlenkolonnade: Comfort Plus oder Superior  4 x reichhaltiges Fr\u00fchst\u00fcck in Form eines warmen und kalten Buffets  4 x Abendessen - warmes und kaltes Buffet, Wasser auf dem Tisch kostenlos  1 x Mineralbad (karlsbader Sprudelwasser)  1 x klassische Teilmassage  1 x Salztherapie (Salzgrotte)  1 x HydroJet Massage  Freier Zugang zum Pool und zur Sauna w\u00e4hrend der \u00d6ffnungszeiten Freier  Eintritt in die Teestube des Hotels (11-20 Uhr)  Preis pro Paket pro Aufenthalt:  2\u00a0Personen im DZ:  Reservation\/Anfragen: Email:\u00a0reservation@astoria-spa.cz\u00a0, Tel: +420\u00a0353 335 143.\" \/>\n<meta name=\"robots\" content=\"index, follow, max-snippet:-1, max-image-preview:large, max-video-preview:-1\" \/>\n<link rel=\"canonical\" href=\"https:\/\/astoria-spa.cz\/de\/angebote\/paket-relax-4-naechte-fuer-2-personen\/\" \/>\n<meta property=\"og:locale\" content=\"de_DE\" \/>\n<meta property=\"og:type\" content=\"article\" \/>\n<meta property=\"og:title\" content=\"Paket Relax 4 N\u00e4chte f\u00fcr 2 Personen - Astoria Hotel &amp; Medical Spa -\" \/>\n<meta property=\"og:description\" content=\"Inhalt des Aufenthaltspakets   Willkommensgetr\u00e4nk  4 x Unterkunft im ASTORIA Hotel &amp; Medical Spa (zentraler Komplex Astoria) in einer Doppelzimmerkategorie mit Blick auf die M\u00fchlenkolonnade: Comfort Plus oder Superior  4 x reichhaltiges Fr\u00fchst\u00fcck in Form eines warmen und kalten Buffets  4 x Abendessen - warmes und kaltes Buffet, Wasser auf dem Tisch kostenlos  1 x Mineralbad (karlsbader Sprudelwasser)  1 x klassische Teilmassage  1 x Salztherapie (Salzgrotte)  1 x HydroJet Massage  Freier Zugang zum Pool und zur Sauna w\u00e4hrend der \u00d6ffnungszeiten Freier  Eintritt in die Teestube des Hotels (11-20 Uhr)  Preis pro Paket pro Aufenthalt:  2\u00a0Personen im DZ:  Reservation\/Anfragen: Email:\u00a0reservation@astoria-spa.cz\u00a0, Tel: +420\u00a0353 335 143.\" \/>\n<meta property=\"og:url\" content=\"https:\/\/astoria-spa.cz\/de\/angebote\/paket-relax-4-naechte-fuer-2-personen\/\" \/>\n<meta property=\"og:site_name\" content=\"Astoria Hotel &amp; Medical Spa\" \/>\n<meta property=\"article:modified_time\" content=\"2022-12-06T13:30:31+00:00\" \/>\n<meta property=\"og:image\" content=\"https:\/\/astoria-spa.cz\/wp-content\/uploads\/sites\/420\/2022\/03\/relax_n.jpg\" \/>\n\t<meta property=\"og:image:width\" content=\"510\" \/>\n\t<meta property=\"og:image:height\" content=\"286\" \/>\n\t<meta property=\"og:image:type\" content=\"image\/jpeg\" \/>\n<meta name=\"twitter:card\" content=\"summary_large_image\" \/>\n<meta name=\"twitter:label1\" content=\"Gesch\u00e4tzte Lesezeit\" \/>\n\t<meta name=\"twitter:data1\" content=\"1 Minute\" \/>\n<script type=\"application\/ld+json\" class=\"yoast-schema-graph\">{\"@context\":\"https:\/\/schema.org\",\"@graph\":[{\"@type\":\"WebPage\",\"@id\":\"https:\/\/astoria-spa.cz\/de\/angebote\/paket-relax-4-naechte-fuer-2-personen\/\",\"url\":\"https:\/\/astoria-spa.cz\/de\/angebote\/paket-relax-4-naechte-fuer-2-personen\/\",\"name\":\"Paket Relax 4 N\u00e4chte f\u00fcr 2 Personen - Astoria Hotel & Medical Spa -\",\"isPartOf\":{\"@id\":\"https:\/\/astoria-spa.cz\/de\/#website\"},\"primaryImageOfPage\":{\"@id\":\"https:\/\/astoria-spa.cz\/de\/angebote\/paket-relax-4-naechte-fuer-2-personen\/#primaryimage\"},\"image\":{\"@id\":\"https:\/\/astoria-spa.cz\/de\/angebote\/paket-relax-4-naechte-fuer-2-personen\/#primaryimage\"},\"thumbnailUrl\":\"https:\/\/astoria-spa.cz\/wp-content\/uploads\/sites\/420\/2022\/03\/relax_n.jpg\",\"datePublished\":\"2022-03-24T14:13:11+00:00\",\"dateModified\":\"2022-12-06T13:30:31+00:00\",\"description\":\"Inhalt des Aufenthaltspakets \u2022 Willkommensgetr\u00e4nk \u2022 4 x Unterkunft im ASTORIA Hotel &amp; Medical Spa (zentraler Komplex Astoria) in einer Doppelzimmerkategorie mit Blick auf die M\u00fchlenkolonnade: Comfort Plus oder Superior \u2022 4 x reichhaltiges Fr\u00fchst\u00fcck in Form eines warmen und kalten Buffets \u2022 4 x Abendessen - warmes und kaltes Buffet, Wasser auf dem Tisch kostenlos \u2022 1 x Mineralbad (karlsbader Sprudelwasser) \u2022 1 x klassische Teilmassage \u2022 1 x Salztherapie (Salzgrotte) \u2022 1 x HydroJet Massage \u2022 Freier Zugang zum Pool und zur Sauna w\u00e4hrend der \u00d6ffnungszeiten Freier \u2022 Eintritt in die Teestube des Hotels (11-20 Uhr) Preis pro Paket pro Aufenthalt: 2\u00a0Personen im DZ: Reservation\/Anfragen: Email:\u00a0reservation@astoria-spa.cz\u00a0, Tel: +420\u00a0353 335 143.\",\"breadcrumb\":{\"@id\":\"https:\/\/astoria-spa.cz\/de\/angebote\/paket-relax-4-naechte-fuer-2-personen\/#breadcrumb\"},\"inLanguage\":\"de-DE\",\"potentialAction\":[{\"@type\":\"ReadAction\",\"target\":[\"https:\/\/astoria-spa.cz\/de\/angebote\/paket-relax-4-naechte-fuer-2-personen\/\"]}]},{\"@type\":\"ImageObject\",\"inLanguage\":\"de-DE\",\"@id\":\"https:\/\/astoria-spa.cz\/de\/angebote\/paket-relax-4-naechte-fuer-2-personen\/#primaryimage\",\"url\":\"https:\/\/astoria-spa.cz\/wp-content\/uploads\/sites\/420\/2022\/03\/relax_n.jpg\",\"contentUrl\":\"https:\/\/astoria-spa.cz\/wp-content\/uploads\/sites\/420\/2022\/03\/relax_n.jpg\",\"width\":510,\"height\":286},{\"@type\":\"BreadcrumbList\",\"@id\":\"https:\/\/astoria-spa.cz\/de\/angebote\/paket-relax-4-naechte-fuer-2-personen\/#breadcrumb\",\"itemListElement\":[{\"@type\":\"ListItem\",\"position\":1,\"name\":\"Home\",\"item\":\"https:\/\/astoria-spa.cz\/de\/\"},{\"@type\":\"ListItem\",\"position\":2,\"name\":\"Angebote, Pakete\",\"item\":\"https:\/\/astoria-spa.cz\/de\/angebote\/\"},{\"@type\":\"ListItem\",\"position\":3,\"name\":\"Paket Relax 4 N\u00e4chte f\u00fcr 2 Personen\"}]},{\"@type\":\"WebSite\",\"@id\":\"https:\/\/astoria-spa.cz\/de\/#website\",\"url\":\"https:\/\/astoria-spa.cz\/de\/\",\"name\":\"Astoria Hotel & Medical Spa\",\"description\":\"Just another ms.decms.eu site\",\"potentialAction\":[{\"@type\":\"SearchAction\",\"target\":{\"@type\":\"EntryPoint\",\"urlTemplate\":\"https:\/\/astoria-spa.cz\/de\/?s={search_term_string}\"},\"query-input\":{\"@type\":\"PropertyValueSpecification\",\"valueRequired\":true,\"valueName\":\"search_term_string\"}}],\"inLanguage\":\"de-DE\"}]}<\/script>\n<!-- \/ Yoast SEO plugin. -->","yoast_head_json":{"title":"Paket Relax 4 N\u00e4chte f\u00fcr 2 Personen - Astoria Hotel & Medical Spa -","description":"Inhalt des Aufenthaltspakets   Willkommensgetr\u00e4nk  4 x Unterkunft im ASTORIA Hotel &amp; Medical Spa (zentraler Komplex Astoria) in einer Doppelzimmerkategorie mit Blick auf die M\u00fchlenkolonnade: Comfort Plus oder Superior  4 x reichhaltiges Fr\u00fchst\u00fcck in Form eines warmen und kalten Buffets  4 x Abendessen - warmes und kaltes Buffet, Wasser auf dem Tisch kostenlos  1 x Mineralbad (karlsbader Sprudelwasser)  1 x klassische Teilmassage  1 x Salztherapie (Salzgrotte)  1 x HydroJet Massage  Freier Zugang zum Pool und zur Sauna w\u00e4hrend der \u00d6ffnungszeiten Freier  Eintritt in die Teestube des Hotels (11-20 Uhr)  Preis pro Paket pro Aufenthalt:  2\u00a0Personen im DZ:  Reservation\/Anfragen: Email:\u00a0reservation@astoria-spa.cz\u00a0, Tel: +420\u00a0353 335 143.","robots":{"index":"index","follow":"follow","max-snippet":"max-snippet:-1","max-image-preview":"max-image-preview:large","max-video-preview":"max-video-preview:-1"},"canonical":"https:\/\/astoria-spa.cz\/de\/angebote\/paket-relax-4-naechte-fuer-2-personen\/","og_locale":"de_DE","og_type":"article","og_title":"Paket Relax 4 N\u00e4chte f\u00fcr 2 Personen - Astoria Hotel & Medical Spa -","og_description":"Inhalt des Aufenthaltspakets   Willkommensgetr\u00e4nk  4 x Unterkunft im ASTORIA Hotel &amp; Medical Spa (zentraler Komplex Astoria) in einer Doppelzimmerkategorie mit Blick auf die M\u00fchlenkolonnade: Comfort Plus oder Superior  4 x reichhaltiges Fr\u00fchst\u00fcck in Form eines warmen und kalten Buffets  4 x Abendessen - warmes und kaltes Buffet, Wasser auf dem Tisch kostenlos  1 x Mineralbad (karlsbader Sprudelwasser)  1 x klassische Teilmassage  1 x Salztherapie (Salzgrotte)  1 x HydroJet Massage  Freier Zugang zum Pool und zur Sauna w\u00e4hrend der \u00d6ffnungszeiten Freier  Eintritt in die Teestube des Hotels (11-20 Uhr)  Preis pro Paket pro Aufenthalt:  2\u00a0Personen im DZ:  Reservation\/Anfragen: Email:\u00a0reservation@astoria-spa.cz\u00a0, Tel: +420\u00a0353 335 143.","og_url":"https:\/\/astoria-spa.cz\/de\/angebote\/paket-relax-4-naechte-fuer-2-personen\/","og_site_name":"Astoria Hotel & Medical Spa","article_modified_time":"2022-12-06T13:30:31+00:00","og_image":[{"width":510,"height":286,"url":"https:\/\/astoria-spa.cz\/wp-content\/uploads\/sites\/420\/2022\/03\/relax_n.jpg","type":"image\/jpeg"}],"twitter_card":"summary_large_image","twitter_misc":{"Gesch\u00e4tzte Lesezeit":"1 Minute"},"schema":{"@context":"https:\/\/schema.org","@graph":[{"@type":"WebPage","@id":"https:\/\/astoria-spa.cz\/de\/angebote\/paket-relax-4-naechte-fuer-2-personen\/","url":"https:\/\/astoria-spa.cz\/de\/angebote\/paket-relax-4-naechte-fuer-2-personen\/","name":"Paket Relax 4 N\u00e4chte f\u00fcr 2 Personen - Astoria Hotel & Medical Spa -","isPartOf":{"@id":"https:\/\/astoria-spa.cz\/de\/#website"},"primaryImageOfPage":{"@id":"https:\/\/astoria-spa.cz\/de\/angebote\/paket-relax-4-naechte-fuer-2-personen\/#primaryimage"},"image":{"@id":"https:\/\/astoria-spa.cz\/de\/angebote\/paket-relax-4-naechte-fuer-2-personen\/#primaryimage"},"thumbnailUrl":"https:\/\/astoria-spa.cz\/wp-content\/uploads\/sites\/420\/2022\/03\/relax_n.jpg","datePublished":"2022-03-24T14:13:11+00:00","dateModified":"2022-12-06T13:30:31+00:00","description":"Inhalt des Aufenthaltspakets \u2022 Willkommensgetr\u00e4nk \u2022 4 x Unterkunft im ASTORIA Hotel &amp; Medical Spa (zentraler Komplex Astoria) in einer Doppelzimmerkategorie mit Blick auf die M\u00fchlenkolonnade: Comfort Plus oder Superior \u2022 4 x reichhaltiges Fr\u00fchst\u00fcck in Form eines warmen und kalten Buffets \u2022 4 x Abendessen - warmes und kaltes Buffet, Wasser auf dem Tisch kostenlos \u2022 1 x Mineralbad (karlsbader Sprudelwasser) \u2022 1 x klassische Teilmassage \u2022 1 x Salztherapie (Salzgrotte) \u2022 1 x HydroJet Massage \u2022 Freier Zugang zum Pool und zur Sauna w\u00e4hrend der \u00d6ffnungszeiten Freier \u2022 Eintritt in die Teestube des Hotels (11-20 Uhr) Preis pro Paket pro Aufenthalt: 2\u00a0Personen im DZ: Reservation\/Anfragen: Email:\u00a0reservation@astoria-spa.cz\u00a0, Tel: +420\u00a0353 335 143.","breadcrumb":{"@id":"https:\/\/astoria-spa.cz\/de\/angebote\/paket-relax-4-naechte-fuer-2-personen\/#breadcrumb"},"inLanguage":"de-DE","potentialAction":[{"@type":"ReadAction","target":["https:\/\/astoria-spa.cz\/de\/angebote\/paket-relax-4-naechte-fuer-2-personen\/"]}]},{"@type":"ImageObject","inLanguage":"de-DE","@id":"https:\/\/astoria-spa.cz\/de\/angebote\/paket-relax-4-naechte-fuer-2-personen\/#primaryimage","url":"https:\/\/astoria-spa.cz\/wp-content\/uploads\/sites\/420\/2022\/03\/relax_n.jpg","contentUrl":"https:\/\/astoria-spa.cz\/wp-content\/uploads\/sites\/420\/2022\/03\/relax_n.jpg","width":510,"height":286},{"@type":"BreadcrumbList","@id":"https:\/\/astoria-spa.cz\/de\/angebote\/paket-relax-4-naechte-fuer-2-personen\/#breadcrumb","itemListElement":[{"@type":"ListItem","position":1,"name":"Home","item":"https:\/\/astoria-spa.cz\/de\/"},{"@type":"ListItem","position":2,"name":"Angebote, Pakete","item":"https:\/\/astoria-spa.cz\/de\/angebote\/"},{"@type":"ListItem","position":3,"name":"Paket Relax 4 N\u00e4chte f\u00fcr 2 Personen"}]},{"@type":"WebSite","@id":"https:\/\/astoria-spa.cz\/de\/#website","url":"https:\/\/astoria-spa.cz\/de\/","name":"Astoria Hotel & Medical Spa","description":"Just another ms.decms.eu site","potentialAction":[{"@type":"SearchAction","target":{"@type":"EntryPoint","urlTemplate":"https:\/\/astoria-spa.cz\/de\/?s={search_term_string}"},"query-input":{"@type":"PropertyValueSpecification","valueRequired":true,"valueName":"search_term_string"}}],"inLanguage":"de-DE"}]}},"acf":[],"_links":{"self":[{"href":"https:\/\/astoria-spa.cz\/de\/wp-json\/wp\/v2\/pages\/709","targetHints":{"allow":["GET"]}}],"collection":[{"href":"https:\/\/astoria-spa.cz\/de\/wp-json\/wp\/v2\/pages"}],"about":[{"href":"https:\/\/astoria-spa.cz\/de\/wp-json\/wp\/v2\/types\/page"}],"author":[{"embeddable":true,"href":"https:\/\/astoria-spa.cz\/de\/wp-json\/wp\/v2\/users\/4"}],"replies":[{"embeddable":true,"href":"https:\/\/astoria-spa.cz\/de\/wp-json\/wp\/v2\/comments?post=709"}],"version-history":[{"count":0,"href":"https:\/\/astoria-spa.cz\/de\/wp-json\/wp\/v2\/pages\/709\/revisions"}],"up":[{"embeddable":true,"href":"https:\/\/astoria-spa.cz\/de\/wp-json\/wp\/v2\/pages\/700"}],"wp:featuredmedia":[{"embeddable":true,"href":"https:\/\/astoria-spa.cz\/de\/wp-json\/wp\/v2\/media\/477"}],"wp:attachment":[{"href":"https:\/\/astoria-spa.cz\/de\/wp-json\/wp\/v2\/media?parent=709"}],"wp:term":[{"taxonomy":"category","embeddable":true,"href":"https:\/\/astoria-spa.cz\/de\/wp-json\/wp\/v2\/categories?post=709"}],"curies":[{"name":"wp","href":"https:\/\/api.w.org\/{rel}","templated":true}]}}