{"id":695,"date":"2022-03-07T09:01:30","date_gmt":"2022-03-07T09:01:30","guid":{"rendered":"https:\/\/astoria-hotel-and-medical-spa.ms.decms.eu\/verpflegung\/restaurace\/"},"modified":"2022-11-08T23:09:27","modified_gmt":"2022-11-08T23:09:27","slug":"restaurant","status":"publish","type":"page","link":"https:\/\/astoria-spa.cz\/de\/verpflegung\/restaurant\/","title":{"rendered":"Restaurant"},"content":{"rendered":"<p>Fr\u00fchst\u00fcck, Mittag- und Abendessen werden im Restaurant des Astoria-Komplexes in Form eines Buffets geboten, bei dem jeder f\u00fcndig wird. Das Restaurant hat eine Kapazit\u00e4t von 155 Pl\u00e4tzen, und die G\u00e4ste k\u00f6nnen von dort einen zauberhaften Ausblick auf das gr\u00f6\u00dfte Wahrzeichen Karlsbads, die M\u00fchlbrunnkolonnade, genie\u00dfen.<\/p>\n","protected":false},"excerpt":{"rendered":"<p>Fr\u00fchst\u00fcck, Mittag- und Abendessen werden im Restaurant des Astoria-Komplexes in Form eines Buffets geboten, bei dem jeder f\u00fcndig wird. Das Restaurant hat eine Kapazit\u00e4t von 155 Pl\u00e4tzen, und die G\u00e4ste k\u00f6nnen von dort einen zauberhaften Ausblick auf das gr\u00f6\u00dfte Wahrzeichen Karlsbads, die M\u00fchlbrunnkolonnade, genie\u00dfen.<\/p>\n","protected":false},"author":4,"featured_media":0,"parent":676,"menu_order":50,"comment_status":"closed","ping_status":"closed","template":"template-single-restaurant.php","meta":{"footnotes":""},"categories":[],"class_list":["post-695","page","type-page","status-publish","hentry"],"yoast_head":"<!-- This site is optimized with the Yoast SEO plugin v26.9 - https:\/\/yoast.com\/product\/yoast-seo-wordpress\/ -->\n<title>Restaurant - Astoria Hotel &amp; Medical Spa -<\/title>\n<meta name=\"description\" content=\"Fr\u00fchst\u00fcck, Mittag- und Abendessen werden im Restaurant des Astoria-Komplexes in Form eines Buffets geboten, bei dem jeder f\u00fcndig wird. Das Restaurant hat eine Kapazit\u00e4t von 155 Pl\u00e4tzen, und die G\u00e4ste k\u00f6nnen von dort einen zauberhaften Ausblick auf das gr\u00f6\u00dfte Wahrzeichen Karlsbads, die M\u00fchlbrunnkolonnade, genie\u00dfen.\" \/>\n<meta name=\"robots\" content=\"index, follow, max-snippet:-1, max-image-preview:large, max-video-preview:-1\" \/>\n<link rel=\"canonical\" href=\"https:\/\/astoria-spa.cz\/de\/verpflegung\/restaurant\/\" \/>\n<meta property=\"og:locale\" content=\"de_DE\" \/>\n<meta property=\"og:type\" content=\"article\" \/>\n<meta property=\"og:title\" content=\"Restaurant - Astoria Hotel &amp; Medical Spa -\" \/>\n<meta property=\"og:description\" content=\"Fr\u00fchst\u00fcck, Mittag- und Abendessen werden im Restaurant des Astoria-Komplexes in Form eines Buffets geboten, bei dem jeder f\u00fcndig wird. Das Restaurant hat eine Kapazit\u00e4t von 155 Pl\u00e4tzen, und die G\u00e4ste k\u00f6nnen von dort einen zauberhaften Ausblick auf das gr\u00f6\u00dfte Wahrzeichen Karlsbads, die M\u00fchlbrunnkolonnade, genie\u00dfen.\" \/>\n<meta property=\"og:url\" content=\"https:\/\/astoria-spa.cz\/de\/verpflegung\/restaurant\/\" \/>\n<meta property=\"og:site_name\" content=\"Astoria Hotel &amp; Medical Spa\" \/>\n<meta property=\"article:modified_time\" content=\"2022-11-08T23:09:27+00:00\" \/>\n<meta name=\"twitter:card\" content=\"summary_large_image\" \/>\n<meta name=\"twitter:label1\" content=\"Gesch\u00e4tzte Lesezeit\" \/>\n\t<meta name=\"twitter:data1\" content=\"1 Minute\" \/>\n<script type=\"application\/ld+json\" class=\"yoast-schema-graph\">{\"@context\":\"https:\/\/schema.org\",\"@graph\":[{\"@type\":\"WebPage\",\"@id\":\"https:\/\/astoria-spa.cz\/de\/verpflegung\/restaurant\/\",\"url\":\"https:\/\/astoria-spa.cz\/de\/verpflegung\/restaurant\/\",\"name\":\"Restaurant - Astoria Hotel & Medical Spa -\",\"isPartOf\":{\"@id\":\"https:\/\/astoria-spa.cz\/de\/#website\"},\"datePublished\":\"2022-03-07T09:01:30+00:00\",\"dateModified\":\"2022-11-08T23:09:27+00:00\",\"description\":\"Fr\u00fchst\u00fcck, Mittag- und Abendessen werden im Restaurant des Astoria-Komplexes in Form eines Buffets geboten, bei dem jeder f\u00fcndig wird. Das Restaurant hat eine Kapazit\u00e4t von 155 Pl\u00e4tzen, und die G\u00e4ste k\u00f6nnen von dort einen zauberhaften Ausblick auf das gr\u00f6\u00dfte Wahrzeichen Karlsbads, die M\u00fchlbrunnkolonnade, genie\u00dfen.\",\"breadcrumb\":{\"@id\":\"https:\/\/astoria-spa.cz\/de\/verpflegung\/restaurant\/#breadcrumb\"},\"inLanguage\":\"de-DE\",\"potentialAction\":[{\"@type\":\"ReadAction\",\"target\":[\"https:\/\/astoria-spa.cz\/de\/verpflegung\/restaurant\/\"]}]},{\"@type\":\"BreadcrumbList\",\"@id\":\"https:\/\/astoria-spa.cz\/de\/verpflegung\/restaurant\/#breadcrumb\",\"itemListElement\":[{\"@type\":\"ListItem\",\"position\":1,\"name\":\"Home\",\"item\":\"https:\/\/astoria-spa.cz\/de\/\"},{\"@type\":\"ListItem\",\"position\":2,\"name\":\"Verpflegung\",\"item\":\"https:\/\/astoria-spa.cz\/de\/verpflegung\/\"},{\"@type\":\"ListItem\",\"position\":3,\"name\":\"Restaurant\"}]},{\"@type\":\"WebSite\",\"@id\":\"https:\/\/astoria-spa.cz\/de\/#website\",\"url\":\"https:\/\/astoria-spa.cz\/de\/\",\"name\":\"Astoria Hotel & Medical Spa\",\"description\":\"Just another ms.decms.eu site\",\"potentialAction\":[{\"@type\":\"SearchAction\",\"target\":{\"@type\":\"EntryPoint\",\"urlTemplate\":\"https:\/\/astoria-spa.cz\/de\/?s={search_term_string}\"},\"query-input\":{\"@type\":\"PropertyValueSpecification\",\"valueRequired\":true,\"valueName\":\"search_term_string\"}}],\"inLanguage\":\"de-DE\"}]}<\/script>\n<!-- \/ Yoast SEO plugin. -->","yoast_head_json":{"title":"Restaurant - Astoria Hotel & Medical Spa -","description":"Fr\u00fchst\u00fcck, Mittag- und Abendessen werden im Restaurant des Astoria-Komplexes in Form eines Buffets geboten, bei dem jeder f\u00fcndig wird. Das Restaurant hat eine Kapazit\u00e4t von 155 Pl\u00e4tzen, und die G\u00e4ste k\u00f6nnen von dort einen zauberhaften Ausblick auf das gr\u00f6\u00dfte Wahrzeichen Karlsbads, die M\u00fchlbrunnkolonnade, genie\u00dfen.","robots":{"index":"index","follow":"follow","max-snippet":"max-snippet:-1","max-image-preview":"max-image-preview:large","max-video-preview":"max-video-preview:-1"},"canonical":"https:\/\/astoria-spa.cz\/de\/verpflegung\/restaurant\/","og_locale":"de_DE","og_type":"article","og_title":"Restaurant - Astoria Hotel & Medical Spa -","og_description":"Fr\u00fchst\u00fcck, Mittag- und Abendessen werden im Restaurant des Astoria-Komplexes in Form eines Buffets geboten, bei dem jeder f\u00fcndig wird. Das Restaurant hat eine Kapazit\u00e4t von 155 Pl\u00e4tzen, und die G\u00e4ste k\u00f6nnen von dort einen zauberhaften Ausblick auf das gr\u00f6\u00dfte Wahrzeichen Karlsbads, die M\u00fchlbrunnkolonnade, genie\u00dfen.","og_url":"https:\/\/astoria-spa.cz\/de\/verpflegung\/restaurant\/","og_site_name":"Astoria Hotel & Medical Spa","article_modified_time":"2022-11-08T23:09:27+00:00","twitter_card":"summary_large_image","twitter_misc":{"Gesch\u00e4tzte Lesezeit":"1 Minute"},"schema":{"@context":"https:\/\/schema.org","@graph":[{"@type":"WebPage","@id":"https:\/\/astoria-spa.cz\/de\/verpflegung\/restaurant\/","url":"https:\/\/astoria-spa.cz\/de\/verpflegung\/restaurant\/","name":"Restaurant - Astoria Hotel & Medical Spa -","isPartOf":{"@id":"https:\/\/astoria-spa.cz\/de\/#website"},"datePublished":"2022-03-07T09:01:30+00:00","dateModified":"2022-11-08T23:09:27+00:00","description":"Fr\u00fchst\u00fcck, Mittag- und Abendessen werden im Restaurant des Astoria-Komplexes in Form eines Buffets geboten, bei dem jeder f\u00fcndig wird. Das Restaurant hat eine Kapazit\u00e4t von 155 Pl\u00e4tzen, und die G\u00e4ste k\u00f6nnen von dort einen zauberhaften Ausblick auf das gr\u00f6\u00dfte Wahrzeichen Karlsbads, die M\u00fchlbrunnkolonnade, genie\u00dfen.","breadcrumb":{"@id":"https:\/\/astoria-spa.cz\/de\/verpflegung\/restaurant\/#breadcrumb"},"inLanguage":"de-DE","potentialAction":[{"@type":"ReadAction","target":["https:\/\/astoria-spa.cz\/de\/verpflegung\/restaurant\/"]}]},{"@type":"BreadcrumbList","@id":"https:\/\/astoria-spa.cz\/de\/verpflegung\/restaurant\/#breadcrumb","itemListElement":[{"@type":"ListItem","position":1,"name":"Home","item":"https:\/\/astoria-spa.cz\/de\/"},{"@type":"ListItem","position":2,"name":"Verpflegung","item":"https:\/\/astoria-spa.cz\/de\/verpflegung\/"},{"@type":"ListItem","position":3,"name":"Restaurant"}]},{"@type":"WebSite","@id":"https:\/\/astoria-spa.cz\/de\/#website","url":"https:\/\/astoria-spa.cz\/de\/","name":"Astoria Hotel & Medical Spa","description":"Just another ms.decms.eu site","potentialAction":[{"@type":"SearchAction","target":{"@type":"EntryPoint","urlTemplate":"https:\/\/astoria-spa.cz\/de\/?s={search_term_string}"},"query-input":{"@type":"PropertyValueSpecification","valueRequired":true,"valueName":"search_term_string"}}],"inLanguage":"de-DE"}]}},"acf":[],"_links":{"self":[{"href":"https:\/\/astoria-spa.cz\/de\/wp-json\/wp\/v2\/pages\/695","targetHints":{"allow":["GET"]}}],"collection":[{"href":"https:\/\/astoria-spa.cz\/de\/wp-json\/wp\/v2\/pages"}],"about":[{"href":"https:\/\/astoria-spa.cz\/de\/wp-json\/wp\/v2\/types\/page"}],"author":[{"embeddable":true,"href":"https:\/\/astoria-spa.cz\/de\/wp-json\/wp\/v2\/users\/4"}],"replies":[{"embeddable":true,"href":"https:\/\/astoria-spa.cz\/de\/wp-json\/wp\/v2\/comments?post=695"}],"version-history":[{"count":0,"href":"https:\/\/astoria-spa.cz\/de\/wp-json\/wp\/v2\/pages\/695\/revisions"}],"up":[{"embeddable":true,"href":"https:\/\/astoria-spa.cz\/de\/wp-json\/wp\/v2\/pages\/676"}],"wp:attachment":[{"href":"https:\/\/astoria-spa.cz\/de\/wp-json\/wp\/v2\/media?parent=695"}],"wp:term":[{"taxonomy":"category","embeddable":true,"href":"https:\/\/astoria-spa.cz\/de\/wp-json\/wp\/v2\/categories?post=695"}],"curies":[{"name":"wp","href":"https:\/\/api.w.org\/{rel}","templated":true}]}}