{"id":682,"date":"2022-03-07T08:33:47","date_gmt":"2022-03-07T08:33:47","guid":{"rendered":"https:\/\/astoria-hotel-and-medical-spa.ms.decms.eu\/verpflegung\/cajovna\/"},"modified":"2024-09-30T14:04:53","modified_gmt":"2024-09-30T14:04:53","slug":"teeraum","status":"publish","type":"page","link":"https:\/\/astoria-spa.cz\/de\/verpflegung\/teeraum\/","title":{"rendered":"Teeraum"},"content":{"rendered":"<p>Ob Sie nun f\u00fcr ein Wochenende oder zu einem Kuraufenthalt kommen, unsere gem\u00fctliche Teestube im Hotel d\u00fcrfen Sie nicht auslassen. Wir br\u00fchen t\u00e4glich 4 Teesorten f\u00fcr Sie auf \u2013 schwarzen Tee, schwarzen aromatisierten Tee, gelben, wei\u00dfen und gr\u00fcnen Tee und in der letzten Kanne \u201eNicht-Tees\u201c (Rooibos, Kr\u00e4uter- oder Fr\u00fcchtetees). Au\u00dferdem gibt es eine kleine s\u00fc\u00dfe Aufmerksamkeit. Das aktuelle Angebot finden Sie t\u00e4glich direkt in der Teestube, einer Oase der Ruhe und Behaglichkeit. Bequeme Sessel laden zum Entspannen ein, und in den Regalen stehen viele lesenswerte B\u00fccher. Neu steht Ihnen hier eine Kaffeemaschine zur Verf\u00fcgung und im neu eingerichteten, gem\u00fctlichen Atrium k\u00f6nnen Sie einen guten Kaffee genie\u00dfen. Teestube: 8:00 &#8211; 20:00 Uhr.<\/p>\n","protected":false},"excerpt":{"rendered":"<p>Ob Sie nun f\u00fcr ein Wochenende oder zu einem Kuraufenthalt kommen, unsere gem\u00fctliche Teestube im Hotel d\u00fcrfen Sie nicht auslassen. Wir br\u00fchen t\u00e4glich 4 Teesorten f\u00fcr Sie auf \u2013 schwarzen Tee, schwarzen aromatisierten Tee, gelben, wei\u00dfen und gr\u00fcnen Tee und in der letzten Kanne \u201eNicht-Tees\u201c (Rooibos, Kr\u00e4uter- oder Fr\u00fcchtetees). Au\u00dferdem gibt es eine kleine s\u00fc\u00dfe [&hellip;]<\/p>\n","protected":false},"author":4,"featured_media":0,"parent":676,"menu_order":20,"comment_status":"closed","ping_status":"closed","template":"template-single-restaurant.php","meta":{"footnotes":""},"categories":[],"class_list":["post-682","page","type-page","status-publish","hentry"],"yoast_head":"<!-- This site is optimized with the Yoast SEO plugin v26.9 - https:\/\/yoast.com\/product\/yoast-seo-wordpress\/ -->\n<title>Teeraum - Astoria Hotel &amp; Medical Spa -<\/title>\n<meta name=\"description\" content=\"Ob Sie nun f\u00fcr ein Wochenende oder zu einem Kuraufenthalt kommen, unsere gem\u00fctliche Teestube im Hotel d\u00fcrfen Sie nicht auslassen. Wir br\u00fchen t\u00e4glich 4 Teesorten f\u00fcr Sie auf \u2013 schwarzen Tee, schwarzen aromatisierten Tee, gelben, wei\u00dfen und gr\u00fcnen Tee und in der letzten Kanne \u201eNicht-Tees\u201c (Rooibos, Kr\u00e4uter- oder Fr\u00fcchtetees)\" \/>\n<meta name=\"robots\" content=\"index, follow, max-snippet:-1, max-image-preview:large, max-video-preview:-1\" \/>\n<link rel=\"canonical\" href=\"https:\/\/astoria-spa.cz\/de\/verpflegung\/teeraum\/\" \/>\n<meta property=\"og:locale\" content=\"de_DE\" \/>\n<meta property=\"og:type\" content=\"article\" \/>\n<meta property=\"og:title\" content=\"Teeraum - Astoria Hotel &amp; Medical Spa -\" \/>\n<meta property=\"og:description\" content=\"Ob Sie nun f\u00fcr ein Wochenende oder zu einem Kuraufenthalt kommen, unsere gem\u00fctliche Teestube im Hotel d\u00fcrfen Sie nicht auslassen. Wir br\u00fchen t\u00e4glich 4 Teesorten f\u00fcr Sie auf \u2013 schwarzen Tee, schwarzen aromatisierten Tee, gelben, wei\u00dfen und gr\u00fcnen Tee und in der letzten Kanne \u201eNicht-Tees\u201c (Rooibos, Kr\u00e4uter- oder Fr\u00fcchtetees)\" \/>\n<meta property=\"og:url\" content=\"https:\/\/astoria-spa.cz\/de\/verpflegung\/teeraum\/\" \/>\n<meta property=\"og:site_name\" content=\"Astoria Hotel &amp; Medical Spa\" \/>\n<meta property=\"article:modified_time\" content=\"2024-09-30T14:04:53+00:00\" \/>\n<meta name=\"twitter:card\" content=\"summary_large_image\" \/>\n<meta name=\"twitter:label1\" content=\"Gesch\u00e4tzte Lesezeit\" \/>\n\t<meta name=\"twitter:data1\" content=\"1 Minute\" \/>\n<script type=\"application\/ld+json\" class=\"yoast-schema-graph\">{\"@context\":\"https:\/\/schema.org\",\"@graph\":[{\"@type\":\"WebPage\",\"@id\":\"https:\/\/astoria-spa.cz\/de\/verpflegung\/teeraum\/\",\"url\":\"https:\/\/astoria-spa.cz\/de\/verpflegung\/teeraum\/\",\"name\":\"Teeraum - Astoria Hotel & Medical Spa -\",\"isPartOf\":{\"@id\":\"https:\/\/astoria-spa.cz\/de\/#website\"},\"datePublished\":\"2022-03-07T08:33:47+00:00\",\"dateModified\":\"2024-09-30T14:04:53+00:00\",\"description\":\"Ob Sie nun f\u00fcr ein Wochenende oder zu einem Kuraufenthalt kommen, unsere gem\u00fctliche Teestube im Hotel d\u00fcrfen Sie nicht auslassen. Wir br\u00fchen t\u00e4glich 4 Teesorten f\u00fcr Sie auf \u2013 schwarzen Tee, schwarzen aromatisierten Tee, gelben, wei\u00dfen und gr\u00fcnen Tee und in der letzten Kanne \u201eNicht-Tees\u201c (Rooibos, Kr\u00e4uter- oder Fr\u00fcchtetees)\",\"breadcrumb\":{\"@id\":\"https:\/\/astoria-spa.cz\/de\/verpflegung\/teeraum\/#breadcrumb\"},\"inLanguage\":\"de-DE\",\"potentialAction\":[{\"@type\":\"ReadAction\",\"target\":[\"https:\/\/astoria-spa.cz\/de\/verpflegung\/teeraum\/\"]}]},{\"@type\":\"BreadcrumbList\",\"@id\":\"https:\/\/astoria-spa.cz\/de\/verpflegung\/teeraum\/#breadcrumb\",\"itemListElement\":[{\"@type\":\"ListItem\",\"position\":1,\"name\":\"Home\",\"item\":\"https:\/\/astoria-spa.cz\/de\/\"},{\"@type\":\"ListItem\",\"position\":2,\"name\":\"Verpflegung\",\"item\":\"https:\/\/astoria-spa.cz\/de\/verpflegung\/\"},{\"@type\":\"ListItem\",\"position\":3,\"name\":\"Teeraum\"}]},{\"@type\":\"WebSite\",\"@id\":\"https:\/\/astoria-spa.cz\/de\/#website\",\"url\":\"https:\/\/astoria-spa.cz\/de\/\",\"name\":\"Astoria Hotel & Medical Spa\",\"description\":\"Just another ms.decms.eu site\",\"potentialAction\":[{\"@type\":\"SearchAction\",\"target\":{\"@type\":\"EntryPoint\",\"urlTemplate\":\"https:\/\/astoria-spa.cz\/de\/?s={search_term_string}\"},\"query-input\":{\"@type\":\"PropertyValueSpecification\",\"valueRequired\":true,\"valueName\":\"search_term_string\"}}],\"inLanguage\":\"de-DE\"}]}<\/script>\n<!-- \/ Yoast SEO plugin. -->","yoast_head_json":{"title":"Teeraum - Astoria Hotel & Medical Spa -","description":"Ob Sie nun f\u00fcr ein Wochenende oder zu einem Kuraufenthalt kommen, unsere gem\u00fctliche Teestube im Hotel d\u00fcrfen Sie nicht auslassen. Wir br\u00fchen t\u00e4glich 4 Teesorten f\u00fcr Sie auf \u2013 schwarzen Tee, schwarzen aromatisierten Tee, gelben, wei\u00dfen und gr\u00fcnen Tee und in der letzten Kanne \u201eNicht-Tees\u201c (Rooibos, Kr\u00e4uter- oder Fr\u00fcchtetees)","robots":{"index":"index","follow":"follow","max-snippet":"max-snippet:-1","max-image-preview":"max-image-preview:large","max-video-preview":"max-video-preview:-1"},"canonical":"https:\/\/astoria-spa.cz\/de\/verpflegung\/teeraum\/","og_locale":"de_DE","og_type":"article","og_title":"Teeraum - Astoria Hotel & Medical Spa -","og_description":"Ob Sie nun f\u00fcr ein Wochenende oder zu einem Kuraufenthalt kommen, unsere gem\u00fctliche Teestube im Hotel d\u00fcrfen Sie nicht auslassen. Wir br\u00fchen t\u00e4glich 4 Teesorten f\u00fcr Sie auf \u2013 schwarzen Tee, schwarzen aromatisierten Tee, gelben, wei\u00dfen und gr\u00fcnen Tee und in der letzten Kanne \u201eNicht-Tees\u201c (Rooibos, Kr\u00e4uter- oder Fr\u00fcchtetees)","og_url":"https:\/\/astoria-spa.cz\/de\/verpflegung\/teeraum\/","og_site_name":"Astoria Hotel & Medical Spa","article_modified_time":"2024-09-30T14:04:53+00:00","twitter_card":"summary_large_image","twitter_misc":{"Gesch\u00e4tzte Lesezeit":"1 Minute"},"schema":{"@context":"https:\/\/schema.org","@graph":[{"@type":"WebPage","@id":"https:\/\/astoria-spa.cz\/de\/verpflegung\/teeraum\/","url":"https:\/\/astoria-spa.cz\/de\/verpflegung\/teeraum\/","name":"Teeraum - Astoria Hotel & Medical Spa -","isPartOf":{"@id":"https:\/\/astoria-spa.cz\/de\/#website"},"datePublished":"2022-03-07T08:33:47+00:00","dateModified":"2024-09-30T14:04:53+00:00","description":"Ob Sie nun f\u00fcr ein Wochenende oder zu einem Kuraufenthalt kommen, unsere gem\u00fctliche Teestube im Hotel d\u00fcrfen Sie nicht auslassen. Wir br\u00fchen t\u00e4glich 4 Teesorten f\u00fcr Sie auf \u2013 schwarzen Tee, schwarzen aromatisierten Tee, gelben, wei\u00dfen und gr\u00fcnen Tee und in der letzten Kanne \u201eNicht-Tees\u201c (Rooibos, Kr\u00e4uter- oder Fr\u00fcchtetees)","breadcrumb":{"@id":"https:\/\/astoria-spa.cz\/de\/verpflegung\/teeraum\/#breadcrumb"},"inLanguage":"de-DE","potentialAction":[{"@type":"ReadAction","target":["https:\/\/astoria-spa.cz\/de\/verpflegung\/teeraum\/"]}]},{"@type":"BreadcrumbList","@id":"https:\/\/astoria-spa.cz\/de\/verpflegung\/teeraum\/#breadcrumb","itemListElement":[{"@type":"ListItem","position":1,"name":"Home","item":"https:\/\/astoria-spa.cz\/de\/"},{"@type":"ListItem","position":2,"name":"Verpflegung","item":"https:\/\/astoria-spa.cz\/de\/verpflegung\/"},{"@type":"ListItem","position":3,"name":"Teeraum"}]},{"@type":"WebSite","@id":"https:\/\/astoria-spa.cz\/de\/#website","url":"https:\/\/astoria-spa.cz\/de\/","name":"Astoria Hotel & Medical Spa","description":"Just another ms.decms.eu site","potentialAction":[{"@type":"SearchAction","target":{"@type":"EntryPoint","urlTemplate":"https:\/\/astoria-spa.cz\/de\/?s={search_term_string}"},"query-input":{"@type":"PropertyValueSpecification","valueRequired":true,"valueName":"search_term_string"}}],"inLanguage":"de-DE"}]}},"acf":[],"_links":{"self":[{"href":"https:\/\/astoria-spa.cz\/de\/wp-json\/wp\/v2\/pages\/682","targetHints":{"allow":["GET"]}}],"collection":[{"href":"https:\/\/astoria-spa.cz\/de\/wp-json\/wp\/v2\/pages"}],"about":[{"href":"https:\/\/astoria-spa.cz\/de\/wp-json\/wp\/v2\/types\/page"}],"author":[{"embeddable":true,"href":"https:\/\/astoria-spa.cz\/de\/wp-json\/wp\/v2\/users\/4"}],"replies":[{"embeddable":true,"href":"https:\/\/astoria-spa.cz\/de\/wp-json\/wp\/v2\/comments?post=682"}],"version-history":[{"count":0,"href":"https:\/\/astoria-spa.cz\/de\/wp-json\/wp\/v2\/pages\/682\/revisions"}],"up":[{"embeddable":true,"href":"https:\/\/astoria-spa.cz\/de\/wp-json\/wp\/v2\/pages\/676"}],"wp:attachment":[{"href":"https:\/\/astoria-spa.cz\/de\/wp-json\/wp\/v2\/media?parent=682"}],"wp:term":[{"taxonomy":"category","embeddable":true,"href":"https:\/\/astoria-spa.cz\/de\/wp-json\/wp\/v2\/categories?post=682"}],"curies":[{"name":"wp","href":"https:\/\/api.w.org\/{rel}","templated":true}]}}