{"id":679,"date":"2022-03-07T08:06:54","date_gmt":"2022-03-07T08:06:54","guid":{"rendered":"https:\/\/astoria-hotel-and-medical-spa.ms.decms.eu\/verpflegung\/stravovani\/"},"modified":"2022-11-08T22:47:37","modified_gmt":"2022-11-08T22:47:37","slug":"verpflegung","status":"publish","type":"page","link":"https:\/\/astoria-spa.cz\/de\/verpflegung\/verpflegung\/","title":{"rendered":"Ausgezeichnete Speisen den ganzen Tag \u00fcber"},"content":{"rendered":"<p>Wir bereiten Fr\u00fchst\u00fcck, Mittag- und Abendessen f\u00fcr unsere G\u00e4ste so zu, dass wirklich jeder die Wahl hat. Die Buffets umfassen verschiedene warme Gerichte, darunter Di\u00e4tgerichte oder vegetarische K\u00fcche, kalte Sch\u00fcsseln und Salate, Aufschnitt, K\u00e4se und nat\u00fcrlich auch Desserts aus eigener Herstellung. Nicht nur die Kinder wissen es zu sch\u00e4tzen, dass t\u00e4glich Eis gereicht wird.<\/p>\n<p>Zus\u00e4tzlich zur Getr\u00e4nkekarte gibt es zum Mittag- und Abendessen kostenlos Wasser, Tee und Kaffee. Au\u00dferdem k\u00f6nnen die G\u00e4ste in unserer Teestube t\u00e4glich 4 Teesorten genie\u00dfen.<\/p>\n","protected":false},"excerpt":{"rendered":"<p>Wir bereiten Fr\u00fchst\u00fcck, Mittag- und Abendessen f\u00fcr unsere G\u00e4ste so zu, dass wirklich jeder die Wahl hat. Die Buffets umfassen verschiedene warme Gerichte, darunter Di\u00e4tgerichte oder vegetarische K\u00fcche, kalte Sch\u00fcsseln und Salate, Aufschnitt, K\u00e4se und nat\u00fcrlich auch Desserts aus eigener Herstellung. Nicht nur die Kinder wissen es zu sch\u00e4tzen, dass t\u00e4glich Eis gereicht wird. Zus\u00e4tzlich [&hellip;]<\/p>\n","protected":false},"author":4,"featured_media":0,"parent":676,"menu_order":10,"comment_status":"closed","ping_status":"closed","template":"template-single-restaurant.php","meta":{"footnotes":""},"categories":[],"class_list":["post-679","page","type-page","status-publish","hentry"],"yoast_head":"<!-- This site is optimized with the Yoast SEO plugin v26.9 - https:\/\/yoast.com\/product\/yoast-seo-wordpress\/ -->\n<title>Ausgezeichnete Speisen den ganzen Tag \u00fcber - Astoria Hotel &amp; Medical Spa -<\/title>\n<meta name=\"description\" content=\"Wir bereiten Fr\u00fchst\u00fcck, Mittag- und Abendessen f\u00fcr unsere G\u00e4ste so zu, dass wirklich jeder die Wahl hat. Die Buffets umfassen verschiedene warme Gerichte, darunter Di\u00e4tgerichte oder vegetarische K\u00fcche, kalte Sch\u00fcsseln und Salate, Aufschnitt, K\u00e4se und nat\u00fcrlich auch Desserts aus eigener Herstellung\" \/>\n<meta name=\"robots\" content=\"index, follow, max-snippet:-1, max-image-preview:large, max-video-preview:-1\" \/>\n<link rel=\"canonical\" href=\"https:\/\/astoria-spa.cz\/de\/verpflegung\/verpflegung\/\" \/>\n<meta property=\"og:locale\" content=\"de_DE\" \/>\n<meta property=\"og:type\" content=\"article\" \/>\n<meta property=\"og:title\" content=\"Ausgezeichnete Speisen den ganzen Tag \u00fcber - Astoria Hotel &amp; Medical Spa -\" \/>\n<meta property=\"og:description\" content=\"Wir bereiten Fr\u00fchst\u00fcck, Mittag- und Abendessen f\u00fcr unsere G\u00e4ste so zu, dass wirklich jeder die Wahl hat. Die Buffets umfassen verschiedene warme Gerichte, darunter Di\u00e4tgerichte oder vegetarische K\u00fcche, kalte Sch\u00fcsseln und Salate, Aufschnitt, K\u00e4se und nat\u00fcrlich auch Desserts aus eigener Herstellung\" \/>\n<meta property=\"og:url\" content=\"https:\/\/astoria-spa.cz\/de\/verpflegung\/verpflegung\/\" \/>\n<meta property=\"og:site_name\" content=\"Astoria Hotel &amp; Medical Spa\" \/>\n<meta property=\"article:modified_time\" content=\"2022-11-08T22:47:37+00:00\" \/>\n<meta name=\"twitter:card\" content=\"summary_large_image\" \/>\n<meta name=\"twitter:label1\" content=\"Gesch\u00e4tzte Lesezeit\" \/>\n\t<meta name=\"twitter:data1\" content=\"1 Minute\" \/>\n<script type=\"application\/ld+json\" class=\"yoast-schema-graph\">{\"@context\":\"https:\/\/schema.org\",\"@graph\":[{\"@type\":\"WebPage\",\"@id\":\"https:\/\/astoria-spa.cz\/de\/verpflegung\/verpflegung\/\",\"url\":\"https:\/\/astoria-spa.cz\/de\/verpflegung\/verpflegung\/\",\"name\":\"Ausgezeichnete Speisen den ganzen Tag \u00fcber - Astoria Hotel & Medical Spa -\",\"isPartOf\":{\"@id\":\"https:\/\/astoria-spa.cz\/de\/#website\"},\"datePublished\":\"2022-03-07T08:06:54+00:00\",\"dateModified\":\"2022-11-08T22:47:37+00:00\",\"description\":\"Wir bereiten Fr\u00fchst\u00fcck, Mittag- und Abendessen f\u00fcr unsere G\u00e4ste so zu, dass wirklich jeder die Wahl hat. Die Buffets umfassen verschiedene warme Gerichte, darunter Di\u00e4tgerichte oder vegetarische K\u00fcche, kalte Sch\u00fcsseln und Salate, Aufschnitt, K\u00e4se und nat\u00fcrlich auch Desserts aus eigener Herstellung\",\"breadcrumb\":{\"@id\":\"https:\/\/astoria-spa.cz\/de\/verpflegung\/verpflegung\/#breadcrumb\"},\"inLanguage\":\"de-DE\",\"potentialAction\":[{\"@type\":\"ReadAction\",\"target\":[\"https:\/\/astoria-spa.cz\/de\/verpflegung\/verpflegung\/\"]}]},{\"@type\":\"BreadcrumbList\",\"@id\":\"https:\/\/astoria-spa.cz\/de\/verpflegung\/verpflegung\/#breadcrumb\",\"itemListElement\":[{\"@type\":\"ListItem\",\"position\":1,\"name\":\"Home\",\"item\":\"https:\/\/astoria-spa.cz\/de\/\"},{\"@type\":\"ListItem\",\"position\":2,\"name\":\"Verpflegung\",\"item\":\"https:\/\/astoria-spa.cz\/de\/verpflegung\/\"},{\"@type\":\"ListItem\",\"position\":3,\"name\":\"Ausgezeichnete Speisen den ganzen Tag \u00fcber\"}]},{\"@type\":\"WebSite\",\"@id\":\"https:\/\/astoria-spa.cz\/de\/#website\",\"url\":\"https:\/\/astoria-spa.cz\/de\/\",\"name\":\"Astoria Hotel & Medical Spa\",\"description\":\"Just another ms.decms.eu site\",\"potentialAction\":[{\"@type\":\"SearchAction\",\"target\":{\"@type\":\"EntryPoint\",\"urlTemplate\":\"https:\/\/astoria-spa.cz\/de\/?s={search_term_string}\"},\"query-input\":{\"@type\":\"PropertyValueSpecification\",\"valueRequired\":true,\"valueName\":\"search_term_string\"}}],\"inLanguage\":\"de-DE\"}]}<\/script>\n<!-- \/ Yoast SEO plugin. -->","yoast_head_json":{"title":"Ausgezeichnete Speisen den ganzen Tag \u00fcber - Astoria Hotel & Medical Spa -","description":"Wir bereiten Fr\u00fchst\u00fcck, Mittag- und Abendessen f\u00fcr unsere G\u00e4ste so zu, dass wirklich jeder die Wahl hat. Die Buffets umfassen verschiedene warme Gerichte, darunter Di\u00e4tgerichte oder vegetarische K\u00fcche, kalte Sch\u00fcsseln und Salate, Aufschnitt, K\u00e4se und nat\u00fcrlich auch Desserts aus eigener Herstellung","robots":{"index":"index","follow":"follow","max-snippet":"max-snippet:-1","max-image-preview":"max-image-preview:large","max-video-preview":"max-video-preview:-1"},"canonical":"https:\/\/astoria-spa.cz\/de\/verpflegung\/verpflegung\/","og_locale":"de_DE","og_type":"article","og_title":"Ausgezeichnete Speisen den ganzen Tag \u00fcber - Astoria Hotel & Medical Spa -","og_description":"Wir bereiten Fr\u00fchst\u00fcck, Mittag- und Abendessen f\u00fcr unsere G\u00e4ste so zu, dass wirklich jeder die Wahl hat. Die Buffets umfassen verschiedene warme Gerichte, darunter Di\u00e4tgerichte oder vegetarische K\u00fcche, kalte Sch\u00fcsseln und Salate, Aufschnitt, K\u00e4se und nat\u00fcrlich auch Desserts aus eigener Herstellung","og_url":"https:\/\/astoria-spa.cz\/de\/verpflegung\/verpflegung\/","og_site_name":"Astoria Hotel & Medical Spa","article_modified_time":"2022-11-08T22:47:37+00:00","twitter_card":"summary_large_image","twitter_misc":{"Gesch\u00e4tzte Lesezeit":"1 Minute"},"schema":{"@context":"https:\/\/schema.org","@graph":[{"@type":"WebPage","@id":"https:\/\/astoria-spa.cz\/de\/verpflegung\/verpflegung\/","url":"https:\/\/astoria-spa.cz\/de\/verpflegung\/verpflegung\/","name":"Ausgezeichnete Speisen den ganzen Tag \u00fcber - Astoria Hotel & Medical Spa -","isPartOf":{"@id":"https:\/\/astoria-spa.cz\/de\/#website"},"datePublished":"2022-03-07T08:06:54+00:00","dateModified":"2022-11-08T22:47:37+00:00","description":"Wir bereiten Fr\u00fchst\u00fcck, Mittag- und Abendessen f\u00fcr unsere G\u00e4ste so zu, dass wirklich jeder die Wahl hat. Die Buffets umfassen verschiedene warme Gerichte, darunter Di\u00e4tgerichte oder vegetarische K\u00fcche, kalte Sch\u00fcsseln und Salate, Aufschnitt, K\u00e4se und nat\u00fcrlich auch Desserts aus eigener Herstellung","breadcrumb":{"@id":"https:\/\/astoria-spa.cz\/de\/verpflegung\/verpflegung\/#breadcrumb"},"inLanguage":"de-DE","potentialAction":[{"@type":"ReadAction","target":["https:\/\/astoria-spa.cz\/de\/verpflegung\/verpflegung\/"]}]},{"@type":"BreadcrumbList","@id":"https:\/\/astoria-spa.cz\/de\/verpflegung\/verpflegung\/#breadcrumb","itemListElement":[{"@type":"ListItem","position":1,"name":"Home","item":"https:\/\/astoria-spa.cz\/de\/"},{"@type":"ListItem","position":2,"name":"Verpflegung","item":"https:\/\/astoria-spa.cz\/de\/verpflegung\/"},{"@type":"ListItem","position":3,"name":"Ausgezeichnete Speisen den ganzen Tag \u00fcber"}]},{"@type":"WebSite","@id":"https:\/\/astoria-spa.cz\/de\/#website","url":"https:\/\/astoria-spa.cz\/de\/","name":"Astoria Hotel & Medical Spa","description":"Just another ms.decms.eu site","potentialAction":[{"@type":"SearchAction","target":{"@type":"EntryPoint","urlTemplate":"https:\/\/astoria-spa.cz\/de\/?s={search_term_string}"},"query-input":{"@type":"PropertyValueSpecification","valueRequired":true,"valueName":"search_term_string"}}],"inLanguage":"de-DE"}]}},"acf":[],"_links":{"self":[{"href":"https:\/\/astoria-spa.cz\/de\/wp-json\/wp\/v2\/pages\/679","targetHints":{"allow":["GET"]}}],"collection":[{"href":"https:\/\/astoria-spa.cz\/de\/wp-json\/wp\/v2\/pages"}],"about":[{"href":"https:\/\/astoria-spa.cz\/de\/wp-json\/wp\/v2\/types\/page"}],"author":[{"embeddable":true,"href":"https:\/\/astoria-spa.cz\/de\/wp-json\/wp\/v2\/users\/4"}],"replies":[{"embeddable":true,"href":"https:\/\/astoria-spa.cz\/de\/wp-json\/wp\/v2\/comments?post=679"}],"version-history":[{"count":0,"href":"https:\/\/astoria-spa.cz\/de\/wp-json\/wp\/v2\/pages\/679\/revisions"}],"up":[{"embeddable":true,"href":"https:\/\/astoria-spa.cz\/de\/wp-json\/wp\/v2\/pages\/676"}],"wp:attachment":[{"href":"https:\/\/astoria-spa.cz\/de\/wp-json\/wp\/v2\/media?parent=679"}],"wp:term":[{"taxonomy":"category","embeddable":true,"href":"https:\/\/astoria-spa.cz\/de\/wp-json\/wp\/v2\/categories?post=679"}],"curies":[{"name":"wp","href":"https:\/\/api.w.org\/{rel}","templated":true}]}}