{"id":676,"date":"2022-03-07T08:00:20","date_gmt":"2022-03-07T08:00:20","guid":{"rendered":"https:\/\/astoria-hotel-and-medical-spa.ms.decms.eu\/stravovani\/"},"modified":"2022-11-08T22:44:35","modified_gmt":"2022-11-08T22:44:35","slug":"verpflegung","status":"publish","type":"page","link":"https:\/\/astoria-spa.cz\/de\/verpflegung\/","title":{"rendered":"Verpflegung"},"content":{"rendered":"<p>Wir sorgen daf\u00fcr, dass unsere G\u00e4ste genau das ausw\u00e4hlen k\u00f6nnen, was sie m\u00f6gen, und richten deshalb immer ein reichhaltiges Buffet an. Wir wollen auch die Kontrolle \u00fcber die Qualit\u00e4t und die Zusammensetzung unserer Gerichte behalten, deshalb bereiten wir alle Gerichte, einschlie\u00dflich der Desserts, in unserer K\u00fcche zu. Wir legen auch Wert auf die Qualit\u00e4t unserer Zutaten und auf Nachhaltigkeit. So unterst\u00fctzen wir lokale Erzeuger. Wir kaufen Fleisch vom Bauernhof Statek Hlinky in den nahe gelegenen Bergen des Slavkovsk\u00fd les (Kaiserwald), einen gro\u00dfen Teil des Gem\u00fcses von lokalen Bauern und Honig von lokalen Imkern. Das Restaurant bietet auch einen herrlichen Blick auf das wundersch\u00f6ne Wahrzeichen von Karlsbad, die M\u00fchlbrunnkolonnade.<\/p>\n","protected":false},"excerpt":{"rendered":"<p>Wir sorgen daf\u00fcr, dass unsere G\u00e4ste genau das ausw\u00e4hlen k\u00f6nnen, was sie m\u00f6gen, und richten deshalb immer ein reichhaltiges Buffet an. Wir wollen auch die Kontrolle \u00fcber die Qualit\u00e4t und die Zusammensetzung unserer Gerichte behalten, deshalb bereiten wir alle Gerichte, einschlie\u00dflich der Desserts, in unserer K\u00fcche zu. Wir legen auch Wert auf die Qualit\u00e4t unserer [&hellip;]<\/p>\n","protected":false},"author":4,"featured_media":0,"parent":0,"menu_order":30,"comment_status":"closed","ping_status":"closed","template":"template-restaurants.php","meta":{"footnotes":""},"categories":[],"class_list":["post-676","page","type-page","status-publish","hentry"],"yoast_head":"<!-- This site is optimized with the Yoast SEO plugin v26.9 - https:\/\/yoast.com\/product\/yoast-seo-wordpress\/ -->\n<title>Verpflegung - Astoria Hotel &amp; Medical Spa -<\/title>\n<meta name=\"description\" content=\"Wir sorgen daf\u00fcr, dass unsere G\u00e4ste genau das ausw\u00e4hlen k\u00f6nnen, was sie m\u00f6gen, und richten deshalb immer ein reichhaltiges Buffet an. Wir wollen auch die Kontrolle \u00fcber die Qualit\u00e4t und die Zusammensetzung unserer Gerichte behalten, deshalb bereiten wir alle Gerichte, einschlie\u00dflich der Desserts, in unserer K\u00fcche zu\" \/>\n<meta name=\"robots\" content=\"index, follow, max-snippet:-1, max-image-preview:large, max-video-preview:-1\" \/>\n<link rel=\"canonical\" href=\"https:\/\/astoria-spa.cz\/de\/verpflegung\/\" \/>\n<meta property=\"og:locale\" content=\"de_DE\" \/>\n<meta property=\"og:type\" content=\"article\" \/>\n<meta property=\"og:title\" content=\"Verpflegung - Astoria Hotel &amp; Medical Spa -\" \/>\n<meta property=\"og:description\" content=\"Wir sorgen daf\u00fcr, dass unsere G\u00e4ste genau das ausw\u00e4hlen k\u00f6nnen, was sie m\u00f6gen, und richten deshalb immer ein reichhaltiges Buffet an. Wir wollen auch die Kontrolle \u00fcber die Qualit\u00e4t und die Zusammensetzung unserer Gerichte behalten, deshalb bereiten wir alle Gerichte, einschlie\u00dflich der Desserts, in unserer K\u00fcche zu\" \/>\n<meta property=\"og:url\" content=\"https:\/\/astoria-spa.cz\/de\/verpflegung\/\" \/>\n<meta property=\"og:site_name\" content=\"Astoria Hotel &amp; Medical Spa\" \/>\n<meta property=\"article:modified_time\" content=\"2022-11-08T22:44:35+00:00\" \/>\n<meta name=\"twitter:card\" content=\"summary_large_image\" \/>\n<meta name=\"twitter:label1\" content=\"Gesch\u00e4tzte Lesezeit\" \/>\n\t<meta name=\"twitter:data1\" content=\"1 Minute\" \/>\n<script type=\"application\/ld+json\" class=\"yoast-schema-graph\">{\"@context\":\"https:\/\/schema.org\",\"@graph\":[{\"@type\":\"WebPage\",\"@id\":\"https:\/\/astoria-spa.cz\/de\/verpflegung\/\",\"url\":\"https:\/\/astoria-spa.cz\/de\/verpflegung\/\",\"name\":\"Verpflegung - Astoria Hotel & Medical Spa -\",\"isPartOf\":{\"@id\":\"https:\/\/astoria-spa.cz\/de\/#website\"},\"datePublished\":\"2022-03-07T08:00:20+00:00\",\"dateModified\":\"2022-11-08T22:44:35+00:00\",\"description\":\"Wir sorgen daf\u00fcr, dass unsere G\u00e4ste genau das ausw\u00e4hlen k\u00f6nnen, was sie m\u00f6gen, und richten deshalb immer ein reichhaltiges Buffet an. Wir wollen auch die Kontrolle \u00fcber die Qualit\u00e4t und die Zusammensetzung unserer Gerichte behalten, deshalb bereiten wir alle Gerichte, einschlie\u00dflich der Desserts, in unserer K\u00fcche zu\",\"breadcrumb\":{\"@id\":\"https:\/\/astoria-spa.cz\/de\/verpflegung\/#breadcrumb\"},\"inLanguage\":\"de-DE\",\"potentialAction\":[{\"@type\":\"ReadAction\",\"target\":[\"https:\/\/astoria-spa.cz\/de\/verpflegung\/\"]}]},{\"@type\":\"BreadcrumbList\",\"@id\":\"https:\/\/astoria-spa.cz\/de\/verpflegung\/#breadcrumb\",\"itemListElement\":[{\"@type\":\"ListItem\",\"position\":1,\"name\":\"Home\",\"item\":\"https:\/\/astoria-spa.cz\/de\/\"},{\"@type\":\"ListItem\",\"position\":2,\"name\":\"Verpflegung\"}]},{\"@type\":\"WebSite\",\"@id\":\"https:\/\/astoria-spa.cz\/de\/#website\",\"url\":\"https:\/\/astoria-spa.cz\/de\/\",\"name\":\"Astoria Hotel & Medical Spa\",\"description\":\"Just another ms.decms.eu site\",\"potentialAction\":[{\"@type\":\"SearchAction\",\"target\":{\"@type\":\"EntryPoint\",\"urlTemplate\":\"https:\/\/astoria-spa.cz\/de\/?s={search_term_string}\"},\"query-input\":{\"@type\":\"PropertyValueSpecification\",\"valueRequired\":true,\"valueName\":\"search_term_string\"}}],\"inLanguage\":\"de-DE\"}]}<\/script>\n<!-- \/ Yoast SEO plugin. -->","yoast_head_json":{"title":"Verpflegung - Astoria Hotel & Medical Spa -","description":"Wir sorgen daf\u00fcr, dass unsere G\u00e4ste genau das ausw\u00e4hlen k\u00f6nnen, was sie m\u00f6gen, und richten deshalb immer ein reichhaltiges Buffet an. Wir wollen auch die Kontrolle \u00fcber die Qualit\u00e4t und die Zusammensetzung unserer Gerichte behalten, deshalb bereiten wir alle Gerichte, einschlie\u00dflich der Desserts, in unserer K\u00fcche zu","robots":{"index":"index","follow":"follow","max-snippet":"max-snippet:-1","max-image-preview":"max-image-preview:large","max-video-preview":"max-video-preview:-1"},"canonical":"https:\/\/astoria-spa.cz\/de\/verpflegung\/","og_locale":"de_DE","og_type":"article","og_title":"Verpflegung - Astoria Hotel & Medical Spa -","og_description":"Wir sorgen daf\u00fcr, dass unsere G\u00e4ste genau das ausw\u00e4hlen k\u00f6nnen, was sie m\u00f6gen, und richten deshalb immer ein reichhaltiges Buffet an. Wir wollen auch die Kontrolle \u00fcber die Qualit\u00e4t und die Zusammensetzung unserer Gerichte behalten, deshalb bereiten wir alle Gerichte, einschlie\u00dflich der Desserts, in unserer K\u00fcche zu","og_url":"https:\/\/astoria-spa.cz\/de\/verpflegung\/","og_site_name":"Astoria Hotel & Medical Spa","article_modified_time":"2022-11-08T22:44:35+00:00","twitter_card":"summary_large_image","twitter_misc":{"Gesch\u00e4tzte Lesezeit":"1 Minute"},"schema":{"@context":"https:\/\/schema.org","@graph":[{"@type":"WebPage","@id":"https:\/\/astoria-spa.cz\/de\/verpflegung\/","url":"https:\/\/astoria-spa.cz\/de\/verpflegung\/","name":"Verpflegung - Astoria Hotel & Medical Spa -","isPartOf":{"@id":"https:\/\/astoria-spa.cz\/de\/#website"},"datePublished":"2022-03-07T08:00:20+00:00","dateModified":"2022-11-08T22:44:35+00:00","description":"Wir sorgen daf\u00fcr, dass unsere G\u00e4ste genau das ausw\u00e4hlen k\u00f6nnen, was sie m\u00f6gen, und richten deshalb immer ein reichhaltiges Buffet an. Wir wollen auch die Kontrolle \u00fcber die Qualit\u00e4t und die Zusammensetzung unserer Gerichte behalten, deshalb bereiten wir alle Gerichte, einschlie\u00dflich der Desserts, in unserer K\u00fcche zu","breadcrumb":{"@id":"https:\/\/astoria-spa.cz\/de\/verpflegung\/#breadcrumb"},"inLanguage":"de-DE","potentialAction":[{"@type":"ReadAction","target":["https:\/\/astoria-spa.cz\/de\/verpflegung\/"]}]},{"@type":"BreadcrumbList","@id":"https:\/\/astoria-spa.cz\/de\/verpflegung\/#breadcrumb","itemListElement":[{"@type":"ListItem","position":1,"name":"Home","item":"https:\/\/astoria-spa.cz\/de\/"},{"@type":"ListItem","position":2,"name":"Verpflegung"}]},{"@type":"WebSite","@id":"https:\/\/astoria-spa.cz\/de\/#website","url":"https:\/\/astoria-spa.cz\/de\/","name":"Astoria Hotel & Medical Spa","description":"Just another ms.decms.eu site","potentialAction":[{"@type":"SearchAction","target":{"@type":"EntryPoint","urlTemplate":"https:\/\/astoria-spa.cz\/de\/?s={search_term_string}"},"query-input":{"@type":"PropertyValueSpecification","valueRequired":true,"valueName":"search_term_string"}}],"inLanguage":"de-DE"}]}},"acf":[],"_links":{"self":[{"href":"https:\/\/astoria-spa.cz\/de\/wp-json\/wp\/v2\/pages\/676","targetHints":{"allow":["GET"]}}],"collection":[{"href":"https:\/\/astoria-spa.cz\/de\/wp-json\/wp\/v2\/pages"}],"about":[{"href":"https:\/\/astoria-spa.cz\/de\/wp-json\/wp\/v2\/types\/page"}],"author":[{"embeddable":true,"href":"https:\/\/astoria-spa.cz\/de\/wp-json\/wp\/v2\/users\/4"}],"replies":[{"embeddable":true,"href":"https:\/\/astoria-spa.cz\/de\/wp-json\/wp\/v2\/comments?post=676"}],"version-history":[{"count":0,"href":"https:\/\/astoria-spa.cz\/de\/wp-json\/wp\/v2\/pages\/676\/revisions"}],"wp:attachment":[{"href":"https:\/\/astoria-spa.cz\/de\/wp-json\/wp\/v2\/media?parent=676"}],"wp:term":[{"taxonomy":"category","embeddable":true,"href":"https:\/\/astoria-spa.cz\/de\/wp-json\/wp\/v2\/categories?post=676"}],"curies":[{"name":"wp","href":"https:\/\/api.w.org\/{rel}","templated":true}]}}