{"id":670,"date":"2022-03-04T16:59:29","date_gmt":"2022-03-04T16:59:29","guid":{"rendered":"https:\/\/astoria-hotel-and-medical-spa.ms.decms.eu\/medical-spa-wellness\/wellness-procedury\/"},"modified":"2024-02-19T14:00:59","modified_gmt":"2024-02-19T14:00:59","slug":"wellnessprozeduren","status":"publish","type":"page","link":"https:\/\/astoria-spa.cz\/de\/medical-spa-wellness\/wellnessprozeduren\/","title":{"rendered":"Wellnessprozeduren"},"content":{"rendered":"<p>Wir haben f\u00fcr Sie Wellness-Programme vorbereitet, die Ihnen helfen, wieder ins k\u00f6rperliche und seelische Gleichgewicht zu kommen. Unsere Wellnessprogramme bringen Gesundheit, Entspannung und Sch\u00f6nheit. Gleichzeitig sind sie wichtig f\u00fcr die Pr\u00e4vention verschiedener Zivilisationskrankheiten. Sie beginnen mit einem Trink-, Ess- und Bewegungsprogramm, traditionelle Karlsbader B\u00e4der, kombiniert mit beispielsweise einer Aromamassage, sind eine hervorragende Entspannung.<\/p>\n","protected":false},"excerpt":{"rendered":"<p>Wir haben f\u00fcr Sie Wellness-Programme vorbereitet, die Ihnen helfen, wieder ins k\u00f6rperliche und seelische Gleichgewicht zu kommen. Unsere Wellnessprogramme bringen Gesundheit, Entspannung und Sch\u00f6nheit. Gleichzeitig sind sie wichtig f\u00fcr die Pr\u00e4vention verschiedener Zivilisationskrankheiten. Sie beginnen mit einem Trink-, Ess- und Bewegungsprogramm, traditionelle Karlsbader B\u00e4der, kombiniert mit beispielsweise einer Aromamassage, sind eine hervorragende Entspannung.<\/p>\n","protected":false},"author":4,"featured_media":0,"parent":604,"menu_order":180,"comment_status":"closed","ping_status":"closed","template":"template-default-3.php","meta":{"footnotes":""},"categories":[28],"class_list":["post-670","page","type-page","status-publish","hentry","category-wellness-de"],"yoast_head":"<!-- This site is optimized with the Yoast SEO plugin v26.9 - https:\/\/yoast.com\/product\/yoast-seo-wordpress\/ -->\n<title>Wellnessprozeduren - Astoria Hotel &amp; Medical Spa -<\/title>\n<meta name=\"description\" content=\"Wir haben f\u00fcr Sie Wellness-Programme vorbereitet, die Ihnen helfen, wieder ins k\u00f6rperliche und seelische Gleichgewicht zu kommen. Unsere Wellnessprogramme bringen Gesundheit, Entspannung und Sch\u00f6nheit\" \/>\n<meta name=\"robots\" content=\"index, follow, max-snippet:-1, max-image-preview:large, max-video-preview:-1\" \/>\n<link rel=\"canonical\" href=\"https:\/\/astoria-spa.cz\/de\/medical-spa-wellness\/wellnessprozeduren\/\" \/>\n<meta property=\"og:locale\" content=\"de_DE\" \/>\n<meta property=\"og:type\" content=\"article\" \/>\n<meta property=\"og:title\" content=\"Wellnessprozeduren - Astoria Hotel &amp; Medical Spa -\" \/>\n<meta property=\"og:description\" content=\"Wir haben f\u00fcr Sie Wellness-Programme vorbereitet, die Ihnen helfen, wieder ins k\u00f6rperliche und seelische Gleichgewicht zu kommen. Unsere Wellnessprogramme bringen Gesundheit, Entspannung und Sch\u00f6nheit\" \/>\n<meta property=\"og:url\" content=\"https:\/\/astoria-spa.cz\/de\/medical-spa-wellness\/wellnessprozeduren\/\" \/>\n<meta property=\"og:site_name\" content=\"Astoria Hotel &amp; Medical Spa\" \/>\n<meta property=\"article:modified_time\" content=\"2024-02-19T14:00:59+00:00\" \/>\n<meta name=\"twitter:card\" content=\"summary_large_image\" \/>\n<meta name=\"twitter:label1\" content=\"Gesch\u00e4tzte Lesezeit\" \/>\n\t<meta name=\"twitter:data1\" content=\"1 Minute\" \/>\n<script type=\"application\/ld+json\" class=\"yoast-schema-graph\">{\"@context\":\"https:\/\/schema.org\",\"@graph\":[{\"@type\":\"WebPage\",\"@id\":\"https:\/\/astoria-spa.cz\/de\/medical-spa-wellness\/wellnessprozeduren\/\",\"url\":\"https:\/\/astoria-spa.cz\/de\/medical-spa-wellness\/wellnessprozeduren\/\",\"name\":\"Wellnessprozeduren - Astoria Hotel & Medical Spa -\",\"isPartOf\":{\"@id\":\"https:\/\/astoria-spa.cz\/de\/#website\"},\"datePublished\":\"2022-03-04T16:59:29+00:00\",\"dateModified\":\"2024-02-19T14:00:59+00:00\",\"description\":\"Wir haben f\u00fcr Sie Wellness-Programme vorbereitet, die Ihnen helfen, wieder ins k\u00f6rperliche und seelische Gleichgewicht zu kommen. Unsere Wellnessprogramme bringen Gesundheit, Entspannung und Sch\u00f6nheit\",\"breadcrumb\":{\"@id\":\"https:\/\/astoria-spa.cz\/de\/medical-spa-wellness\/wellnessprozeduren\/#breadcrumb\"},\"inLanguage\":\"de-DE\",\"potentialAction\":[{\"@type\":\"ReadAction\",\"target\":[\"https:\/\/astoria-spa.cz\/de\/medical-spa-wellness\/wellnessprozeduren\/\"]}]},{\"@type\":\"BreadcrumbList\",\"@id\":\"https:\/\/astoria-spa.cz\/de\/medical-spa-wellness\/wellnessprozeduren\/#breadcrumb\",\"itemListElement\":[{\"@type\":\"ListItem\",\"position\":1,\"name\":\"Home\",\"item\":\"https:\/\/astoria-spa.cz\/de\/\"},{\"@type\":\"ListItem\",\"position\":2,\"name\":\"Medical Spa &amp; Wellness\",\"item\":\"https:\/\/astoria-spa.cz\/de\/medical-spa-wellness\/\"},{\"@type\":\"ListItem\",\"position\":3,\"name\":\"Wellnessprozeduren\"}]},{\"@type\":\"WebSite\",\"@id\":\"https:\/\/astoria-spa.cz\/de\/#website\",\"url\":\"https:\/\/astoria-spa.cz\/de\/\",\"name\":\"Astoria Hotel & Medical Spa\",\"description\":\"Just another ms.decms.eu site\",\"potentialAction\":[{\"@type\":\"SearchAction\",\"target\":{\"@type\":\"EntryPoint\",\"urlTemplate\":\"https:\/\/astoria-spa.cz\/de\/?s={search_term_string}\"},\"query-input\":{\"@type\":\"PropertyValueSpecification\",\"valueRequired\":true,\"valueName\":\"search_term_string\"}}],\"inLanguage\":\"de-DE\"}]}<\/script>\n<!-- \/ Yoast SEO plugin. -->","yoast_head_json":{"title":"Wellnessprozeduren - Astoria Hotel & Medical Spa -","description":"Wir haben f\u00fcr Sie Wellness-Programme vorbereitet, die Ihnen helfen, wieder ins k\u00f6rperliche und seelische Gleichgewicht zu kommen. Unsere Wellnessprogramme bringen Gesundheit, Entspannung und Sch\u00f6nheit","robots":{"index":"index","follow":"follow","max-snippet":"max-snippet:-1","max-image-preview":"max-image-preview:large","max-video-preview":"max-video-preview:-1"},"canonical":"https:\/\/astoria-spa.cz\/de\/medical-spa-wellness\/wellnessprozeduren\/","og_locale":"de_DE","og_type":"article","og_title":"Wellnessprozeduren - Astoria Hotel & Medical Spa -","og_description":"Wir haben f\u00fcr Sie Wellness-Programme vorbereitet, die Ihnen helfen, wieder ins k\u00f6rperliche und seelische Gleichgewicht zu kommen. Unsere Wellnessprogramme bringen Gesundheit, Entspannung und Sch\u00f6nheit","og_url":"https:\/\/astoria-spa.cz\/de\/medical-spa-wellness\/wellnessprozeduren\/","og_site_name":"Astoria Hotel & Medical Spa","article_modified_time":"2024-02-19T14:00:59+00:00","twitter_card":"summary_large_image","twitter_misc":{"Gesch\u00e4tzte Lesezeit":"1 Minute"},"schema":{"@context":"https:\/\/schema.org","@graph":[{"@type":"WebPage","@id":"https:\/\/astoria-spa.cz\/de\/medical-spa-wellness\/wellnessprozeduren\/","url":"https:\/\/astoria-spa.cz\/de\/medical-spa-wellness\/wellnessprozeduren\/","name":"Wellnessprozeduren - Astoria Hotel & Medical Spa -","isPartOf":{"@id":"https:\/\/astoria-spa.cz\/de\/#website"},"datePublished":"2022-03-04T16:59:29+00:00","dateModified":"2024-02-19T14:00:59+00:00","description":"Wir haben f\u00fcr Sie Wellness-Programme vorbereitet, die Ihnen helfen, wieder ins k\u00f6rperliche und seelische Gleichgewicht zu kommen. Unsere Wellnessprogramme bringen Gesundheit, Entspannung und Sch\u00f6nheit","breadcrumb":{"@id":"https:\/\/astoria-spa.cz\/de\/medical-spa-wellness\/wellnessprozeduren\/#breadcrumb"},"inLanguage":"de-DE","potentialAction":[{"@type":"ReadAction","target":["https:\/\/astoria-spa.cz\/de\/medical-spa-wellness\/wellnessprozeduren\/"]}]},{"@type":"BreadcrumbList","@id":"https:\/\/astoria-spa.cz\/de\/medical-spa-wellness\/wellnessprozeduren\/#breadcrumb","itemListElement":[{"@type":"ListItem","position":1,"name":"Home","item":"https:\/\/astoria-spa.cz\/de\/"},{"@type":"ListItem","position":2,"name":"Medical Spa &amp; Wellness","item":"https:\/\/astoria-spa.cz\/de\/medical-spa-wellness\/"},{"@type":"ListItem","position":3,"name":"Wellnessprozeduren"}]},{"@type":"WebSite","@id":"https:\/\/astoria-spa.cz\/de\/#website","url":"https:\/\/astoria-spa.cz\/de\/","name":"Astoria Hotel & Medical Spa","description":"Just another ms.decms.eu site","potentialAction":[{"@type":"SearchAction","target":{"@type":"EntryPoint","urlTemplate":"https:\/\/astoria-spa.cz\/de\/?s={search_term_string}"},"query-input":{"@type":"PropertyValueSpecification","valueRequired":true,"valueName":"search_term_string"}}],"inLanguage":"de-DE"}]}},"acf":[],"_links":{"self":[{"href":"https:\/\/astoria-spa.cz\/de\/wp-json\/wp\/v2\/pages\/670","targetHints":{"allow":["GET"]}}],"collection":[{"href":"https:\/\/astoria-spa.cz\/de\/wp-json\/wp\/v2\/pages"}],"about":[{"href":"https:\/\/astoria-spa.cz\/de\/wp-json\/wp\/v2\/types\/page"}],"author":[{"embeddable":true,"href":"https:\/\/astoria-spa.cz\/de\/wp-json\/wp\/v2\/users\/4"}],"replies":[{"embeddable":true,"href":"https:\/\/astoria-spa.cz\/de\/wp-json\/wp\/v2\/comments?post=670"}],"version-history":[{"count":0,"href":"https:\/\/astoria-spa.cz\/de\/wp-json\/wp\/v2\/pages\/670\/revisions"}],"up":[{"embeddable":true,"href":"https:\/\/astoria-spa.cz\/de\/wp-json\/wp\/v2\/pages\/604"}],"wp:attachment":[{"href":"https:\/\/astoria-spa.cz\/de\/wp-json\/wp\/v2\/media?parent=670"}],"wp:term":[{"taxonomy":"category","embeddable":true,"href":"https:\/\/astoria-spa.cz\/de\/wp-json\/wp\/v2\/categories?post=670"}],"curies":[{"name":"wp","href":"https:\/\/api.w.org\/{rel}","templated":true}]}}