{"id":664,"date":"2022-03-04T16:40:29","date_gmt":"2022-03-04T16:40:29","guid":{"rendered":"https:\/\/astoria-hotel-and-medical-spa.ms.decms.eu\/medical-spa-wellness\/solna-terapie\/"},"modified":"2022-10-15T12:07:43","modified_gmt":"2022-10-15T12:07:43","slug":"salztherapie","status":"publish","type":"page","link":"https:\/\/astoria-spa.cz\/de\/medical-spa-wellness\/salztherapie\/","title":{"rendered":"Salztherapie"},"content":{"rendered":"<p>Die Salzgrotte gibt Ihnen das Gef\u00fchl, am Meer zu sein.\u00a0 Saubere Luft mit optimaler Luftfeuchtigkeit, angereichert mit Ionen, hilft bei einer Vielzahl von Beschwerden wie Asthma, Bronchitis und Erkrankungen der oberen Atemwege. Sie tr\u00e4gt zur Verbesserung der Schilddr\u00fcsenfunktion bei und lindert Herz- und Blutgef\u00e4\u00dferkrankungen. Sie hilft, hohen Blutdruck auszugleichen und ist wirksam bei der Behandlung des Nervensystems. Die in den Salzen enthaltenen Mineralien wirken sich sehr positiv auf die Ober- und Unterhaut aus und helfen, M\u00fcdigkeit zu beseitigen.<\/p>\n","protected":false},"excerpt":{"rendered":"<p>Die Salzgrotte gibt Ihnen das Gef\u00fchl, am Meer zu sein.\u00a0 Saubere Luft mit optimaler Luftfeuchtigkeit, angereichert mit Ionen, hilft bei einer Vielzahl von Beschwerden wie Asthma, Bronchitis und Erkrankungen der oberen Atemwege. Sie tr\u00e4gt zur Verbesserung der Schilddr\u00fcsenfunktion bei und lindert Herz- und Blutgef\u00e4\u00dferkrankungen. Sie hilft, hohen Blutdruck auszugleichen und ist wirksam bei der Behandlung [&hellip;]<\/p>\n","protected":false},"author":4,"featured_media":0,"parent":604,"menu_order":160,"comment_status":"closed","ping_status":"closed","template":"template-default-3.php","meta":{"footnotes":""},"categories":[24,28],"class_list":["post-664","page","type-page","status-publish","hentry","category-medical-spa-de","category-wellness-de"],"yoast_head":"<!-- This site is optimized with the Yoast SEO plugin v26.9 - https:\/\/yoast.com\/product\/yoast-seo-wordpress\/ -->\n<title>Salztherapie - Astoria Hotel &amp; Medical Spa -<\/title>\n<meta name=\"description\" content=\"Die Salzgrotte gibt Ihnen das Gef\u00fchl, am Meer zu sein.\u00a0 Saubere Luft mit optimaler Luftfeuchtigkeit, angereichert mit Ionen, hilft bei einer Vielzahl von Beschwerden wie Asthma, Bronchitis und Erkrankungen der oberen Atemwege. Sie tr\u00e4gt zur Verbesserung der Schilddr\u00fcsenfunktion bei und lindert Herz- und Blutgef\u00e4\u00dferkrankungen\" \/>\n<meta name=\"robots\" content=\"index, follow, max-snippet:-1, max-image-preview:large, max-video-preview:-1\" \/>\n<link rel=\"canonical\" href=\"https:\/\/astoria-spa.cz\/de\/medical-spa-wellness\/salztherapie\/\" \/>\n<meta property=\"og:locale\" content=\"de_DE\" \/>\n<meta property=\"og:type\" content=\"article\" \/>\n<meta property=\"og:title\" content=\"Salztherapie - Astoria Hotel &amp; Medical Spa -\" \/>\n<meta property=\"og:description\" content=\"Die Salzgrotte gibt Ihnen das Gef\u00fchl, am Meer zu sein.\u00a0 Saubere Luft mit optimaler Luftfeuchtigkeit, angereichert mit Ionen, hilft bei einer Vielzahl von Beschwerden wie Asthma, Bronchitis und Erkrankungen der oberen Atemwege. Sie tr\u00e4gt zur Verbesserung der Schilddr\u00fcsenfunktion bei und lindert Herz- und Blutgef\u00e4\u00dferkrankungen\" \/>\n<meta property=\"og:url\" content=\"https:\/\/astoria-spa.cz\/de\/medical-spa-wellness\/salztherapie\/\" \/>\n<meta property=\"og:site_name\" content=\"Astoria Hotel &amp; Medical Spa\" \/>\n<meta property=\"article:modified_time\" content=\"2022-10-15T12:07:43+00:00\" \/>\n<meta name=\"twitter:card\" content=\"summary_large_image\" \/>\n<meta name=\"twitter:label1\" content=\"Gesch\u00e4tzte Lesezeit\" \/>\n\t<meta name=\"twitter:data1\" content=\"1 Minute\" \/>\n<script type=\"application\/ld+json\" class=\"yoast-schema-graph\">{\"@context\":\"https:\/\/schema.org\",\"@graph\":[{\"@type\":\"WebPage\",\"@id\":\"https:\/\/astoria-spa.cz\/de\/medical-spa-wellness\/salztherapie\/\",\"url\":\"https:\/\/astoria-spa.cz\/de\/medical-spa-wellness\/salztherapie\/\",\"name\":\"Salztherapie - Astoria Hotel & Medical Spa -\",\"isPartOf\":{\"@id\":\"https:\/\/astoria-spa.cz\/de\/#website\"},\"datePublished\":\"2022-03-04T16:40:29+00:00\",\"dateModified\":\"2022-10-15T12:07:43+00:00\",\"description\":\"Die Salzgrotte gibt Ihnen das Gef\u00fchl, am Meer zu sein.\u00a0 Saubere Luft mit optimaler Luftfeuchtigkeit, angereichert mit Ionen, hilft bei einer Vielzahl von Beschwerden wie Asthma, Bronchitis und Erkrankungen der oberen Atemwege. Sie tr\u00e4gt zur Verbesserung der Schilddr\u00fcsenfunktion bei und lindert Herz- und Blutgef\u00e4\u00dferkrankungen\",\"breadcrumb\":{\"@id\":\"https:\/\/astoria-spa.cz\/de\/medical-spa-wellness\/salztherapie\/#breadcrumb\"},\"inLanguage\":\"de-DE\",\"potentialAction\":[{\"@type\":\"ReadAction\",\"target\":[\"https:\/\/astoria-spa.cz\/de\/medical-spa-wellness\/salztherapie\/\"]}]},{\"@type\":\"BreadcrumbList\",\"@id\":\"https:\/\/astoria-spa.cz\/de\/medical-spa-wellness\/salztherapie\/#breadcrumb\",\"itemListElement\":[{\"@type\":\"ListItem\",\"position\":1,\"name\":\"Home\",\"item\":\"https:\/\/astoria-spa.cz\/de\/\"},{\"@type\":\"ListItem\",\"position\":2,\"name\":\"Medical Spa &amp; Wellness\",\"item\":\"https:\/\/astoria-spa.cz\/de\/medical-spa-wellness\/\"},{\"@type\":\"ListItem\",\"position\":3,\"name\":\"Salztherapie\"}]},{\"@type\":\"WebSite\",\"@id\":\"https:\/\/astoria-spa.cz\/de\/#website\",\"url\":\"https:\/\/astoria-spa.cz\/de\/\",\"name\":\"Astoria Hotel & Medical Spa\",\"description\":\"Just another ms.decms.eu site\",\"potentialAction\":[{\"@type\":\"SearchAction\",\"target\":{\"@type\":\"EntryPoint\",\"urlTemplate\":\"https:\/\/astoria-spa.cz\/de\/?s={search_term_string}\"},\"query-input\":{\"@type\":\"PropertyValueSpecification\",\"valueRequired\":true,\"valueName\":\"search_term_string\"}}],\"inLanguage\":\"de-DE\"}]}<\/script>\n<!-- \/ Yoast SEO plugin. -->","yoast_head_json":{"title":"Salztherapie - Astoria Hotel & Medical Spa -","description":"Die Salzgrotte gibt Ihnen das Gef\u00fchl, am Meer zu sein.\u00a0 Saubere Luft mit optimaler Luftfeuchtigkeit, angereichert mit Ionen, hilft bei einer Vielzahl von Beschwerden wie Asthma, Bronchitis und Erkrankungen der oberen Atemwege. Sie tr\u00e4gt zur Verbesserung der Schilddr\u00fcsenfunktion bei und lindert Herz- und Blutgef\u00e4\u00dferkrankungen","robots":{"index":"index","follow":"follow","max-snippet":"max-snippet:-1","max-image-preview":"max-image-preview:large","max-video-preview":"max-video-preview:-1"},"canonical":"https:\/\/astoria-spa.cz\/de\/medical-spa-wellness\/salztherapie\/","og_locale":"de_DE","og_type":"article","og_title":"Salztherapie - Astoria Hotel & Medical Spa -","og_description":"Die Salzgrotte gibt Ihnen das Gef\u00fchl, am Meer zu sein.\u00a0 Saubere Luft mit optimaler Luftfeuchtigkeit, angereichert mit Ionen, hilft bei einer Vielzahl von Beschwerden wie Asthma, Bronchitis und Erkrankungen der oberen Atemwege. Sie tr\u00e4gt zur Verbesserung der Schilddr\u00fcsenfunktion bei und lindert Herz- und Blutgef\u00e4\u00dferkrankungen","og_url":"https:\/\/astoria-spa.cz\/de\/medical-spa-wellness\/salztherapie\/","og_site_name":"Astoria Hotel & Medical Spa","article_modified_time":"2022-10-15T12:07:43+00:00","twitter_card":"summary_large_image","twitter_misc":{"Gesch\u00e4tzte Lesezeit":"1 Minute"},"schema":{"@context":"https:\/\/schema.org","@graph":[{"@type":"WebPage","@id":"https:\/\/astoria-spa.cz\/de\/medical-spa-wellness\/salztherapie\/","url":"https:\/\/astoria-spa.cz\/de\/medical-spa-wellness\/salztherapie\/","name":"Salztherapie - Astoria Hotel & Medical Spa -","isPartOf":{"@id":"https:\/\/astoria-spa.cz\/de\/#website"},"datePublished":"2022-03-04T16:40:29+00:00","dateModified":"2022-10-15T12:07:43+00:00","description":"Die Salzgrotte gibt Ihnen das Gef\u00fchl, am Meer zu sein.\u00a0 Saubere Luft mit optimaler Luftfeuchtigkeit, angereichert mit Ionen, hilft bei einer Vielzahl von Beschwerden wie Asthma, Bronchitis und Erkrankungen der oberen Atemwege. Sie tr\u00e4gt zur Verbesserung der Schilddr\u00fcsenfunktion bei und lindert Herz- und Blutgef\u00e4\u00dferkrankungen","breadcrumb":{"@id":"https:\/\/astoria-spa.cz\/de\/medical-spa-wellness\/salztherapie\/#breadcrumb"},"inLanguage":"de-DE","potentialAction":[{"@type":"ReadAction","target":["https:\/\/astoria-spa.cz\/de\/medical-spa-wellness\/salztherapie\/"]}]},{"@type":"BreadcrumbList","@id":"https:\/\/astoria-spa.cz\/de\/medical-spa-wellness\/salztherapie\/#breadcrumb","itemListElement":[{"@type":"ListItem","position":1,"name":"Home","item":"https:\/\/astoria-spa.cz\/de\/"},{"@type":"ListItem","position":2,"name":"Medical Spa &amp; Wellness","item":"https:\/\/astoria-spa.cz\/de\/medical-spa-wellness\/"},{"@type":"ListItem","position":3,"name":"Salztherapie"}]},{"@type":"WebSite","@id":"https:\/\/astoria-spa.cz\/de\/#website","url":"https:\/\/astoria-spa.cz\/de\/","name":"Astoria Hotel & Medical Spa","description":"Just another ms.decms.eu site","potentialAction":[{"@type":"SearchAction","target":{"@type":"EntryPoint","urlTemplate":"https:\/\/astoria-spa.cz\/de\/?s={search_term_string}"},"query-input":{"@type":"PropertyValueSpecification","valueRequired":true,"valueName":"search_term_string"}}],"inLanguage":"de-DE"}]}},"acf":[],"_links":{"self":[{"href":"https:\/\/astoria-spa.cz\/de\/wp-json\/wp\/v2\/pages\/664","targetHints":{"allow":["GET"]}}],"collection":[{"href":"https:\/\/astoria-spa.cz\/de\/wp-json\/wp\/v2\/pages"}],"about":[{"href":"https:\/\/astoria-spa.cz\/de\/wp-json\/wp\/v2\/types\/page"}],"author":[{"embeddable":true,"href":"https:\/\/astoria-spa.cz\/de\/wp-json\/wp\/v2\/users\/4"}],"replies":[{"embeddable":true,"href":"https:\/\/astoria-spa.cz\/de\/wp-json\/wp\/v2\/comments?post=664"}],"version-history":[{"count":0,"href":"https:\/\/astoria-spa.cz\/de\/wp-json\/wp\/v2\/pages\/664\/revisions"}],"up":[{"embeddable":true,"href":"https:\/\/astoria-spa.cz\/de\/wp-json\/wp\/v2\/pages\/604"}],"wp:attachment":[{"href":"https:\/\/astoria-spa.cz\/de\/wp-json\/wp\/v2\/media?parent=664"}],"wp:term":[{"taxonomy":"category","embeddable":true,"href":"https:\/\/astoria-spa.cz\/de\/wp-json\/wp\/v2\/categories?post=664"}],"curies":[{"name":"wp","href":"https:\/\/api.w.org\/{rel}","templated":true}]}}