{"id":656,"date":"2022-03-04T16:06:39","date_gmt":"2022-03-04T16:06:39","guid":{"rendered":"https:\/\/astoria-hotel-and-medical-spa.ms.decms.eu\/medical-spa-wellness\/co2-terapie\/"},"modified":"2022-10-15T12:05:11","modified_gmt":"2022-10-15T12:05:11","slug":"co2-therapie","status":"publish","type":"page","link":"https:\/\/astoria-spa.cz\/de\/medical-spa-wellness\/co2-therapie\/","title":{"rendered":"CO2 &#8211; CarboxyTherapie"},"content":{"rendered":"<p><strong>Bei einem CO<sub>2<\/sub>-Trockenbad <\/strong>packen wir Sie in einen speziellen Beutel ein, der mit Kohlendioxidgas gef\u00fcllt ist. Das Gas wird \u00fcber die Haut in den K\u00f6rper aufgenommen, wodurch das Gewebe besser durchblutet, die Heilung beschleunigt und der K\u00f6rper regeneriert wird. Die Muskelerm\u00fcdung verschwindet allm\u00e4hlich und der Blutdruck wird reguliert. Das Bad wird am ganzen K\u00f6rper oder nur teilweise (untere K\u00f6rperh\u00e4lfte) angewendet.<\/p>\n<p>Unser Angebot: <strong>Trockenes CO<sub>2<\/sub> Bad \/ Gasinjektionen \/ Pneumopunktur<\/strong><\/p>\n<p>&nbsp;<\/p>\n","protected":false},"excerpt":{"rendered":"<p>Bei einem CO2-Trockenbad packen wir Sie in einen speziellen Beutel ein, der mit Kohlendioxidgas gef\u00fcllt ist. Das Gas wird \u00fcber die Haut in den K\u00f6rper aufgenommen, wodurch das Gewebe besser durchblutet, die Heilung beschleunigt und der K\u00f6rper regeneriert wird. Die Muskelerm\u00fcdung verschwindet allm\u00e4hlich und der Blutdruck wird reguliert. Das Bad wird am ganzen K\u00f6rper oder [&hellip;]<\/p>\n","protected":false},"author":4,"featured_media":0,"parent":604,"menu_order":140,"comment_status":"closed","ping_status":"closed","template":"template-default-3.php","meta":{"footnotes":""},"categories":[24],"class_list":["post-656","page","type-page","status-publish","hentry","category-medical-spa-de"],"yoast_head":"<!-- This site is optimized with the Yoast SEO plugin v26.9 - https:\/\/yoast.com\/product\/yoast-seo-wordpress\/ -->\n<title>CO2 - CarboxyTherapie - Astoria Hotel &amp; Medical Spa -<\/title>\n<meta name=\"description\" content=\"Bei einem CO2-Trockenbad packen wir Sie in einen speziellen Beutel ein, der mit Kohlendioxidgas gef\u00fcllt ist. Das Gas wird \u00fcber die Haut in den K\u00f6rper aufgenommen, wodurch das Gewebe besser durchblutet, die Heilung beschleunigt und der K\u00f6rper regeneriert wird\" \/>\n<meta name=\"robots\" content=\"index, follow, max-snippet:-1, max-image-preview:large, max-video-preview:-1\" \/>\n<link rel=\"canonical\" href=\"https:\/\/astoria-spa.cz\/de\/medical-spa-wellness\/co2-therapie\/\" \/>\n<meta property=\"og:locale\" content=\"de_DE\" \/>\n<meta property=\"og:type\" content=\"article\" \/>\n<meta property=\"og:title\" content=\"CO2 - CarboxyTherapie - Astoria Hotel &amp; Medical Spa -\" \/>\n<meta property=\"og:description\" content=\"Bei einem CO2-Trockenbad packen wir Sie in einen speziellen Beutel ein, der mit Kohlendioxidgas gef\u00fcllt ist. Das Gas wird \u00fcber die Haut in den K\u00f6rper aufgenommen, wodurch das Gewebe besser durchblutet, die Heilung beschleunigt und der K\u00f6rper regeneriert wird\" \/>\n<meta property=\"og:url\" content=\"https:\/\/astoria-spa.cz\/de\/medical-spa-wellness\/co2-therapie\/\" \/>\n<meta property=\"og:site_name\" content=\"Astoria Hotel &amp; Medical Spa\" \/>\n<meta property=\"article:modified_time\" content=\"2022-10-15T12:05:11+00:00\" \/>\n<meta name=\"twitter:card\" content=\"summary_large_image\" \/>\n<meta name=\"twitter:label1\" content=\"Gesch\u00e4tzte Lesezeit\" \/>\n\t<meta name=\"twitter:data1\" content=\"1 Minute\" \/>\n<script type=\"application\/ld+json\" class=\"yoast-schema-graph\">{\"@context\":\"https:\/\/schema.org\",\"@graph\":[{\"@type\":\"WebPage\",\"@id\":\"https:\/\/astoria-spa.cz\/de\/medical-spa-wellness\/co2-therapie\/\",\"url\":\"https:\/\/astoria-spa.cz\/de\/medical-spa-wellness\/co2-therapie\/\",\"name\":\"CO2 - CarboxyTherapie - Astoria Hotel & Medical Spa -\",\"isPartOf\":{\"@id\":\"https:\/\/astoria-spa.cz\/de\/#website\"},\"datePublished\":\"2022-03-04T16:06:39+00:00\",\"dateModified\":\"2022-10-15T12:05:11+00:00\",\"description\":\"Bei einem CO2-Trockenbad packen wir Sie in einen speziellen Beutel ein, der mit Kohlendioxidgas gef\u00fcllt ist. Das Gas wird \u00fcber die Haut in den K\u00f6rper aufgenommen, wodurch das Gewebe besser durchblutet, die Heilung beschleunigt und der K\u00f6rper regeneriert wird\",\"breadcrumb\":{\"@id\":\"https:\/\/astoria-spa.cz\/de\/medical-spa-wellness\/co2-therapie\/#breadcrumb\"},\"inLanguage\":\"de-DE\",\"potentialAction\":[{\"@type\":\"ReadAction\",\"target\":[\"https:\/\/astoria-spa.cz\/de\/medical-spa-wellness\/co2-therapie\/\"]}]},{\"@type\":\"BreadcrumbList\",\"@id\":\"https:\/\/astoria-spa.cz\/de\/medical-spa-wellness\/co2-therapie\/#breadcrumb\",\"itemListElement\":[{\"@type\":\"ListItem\",\"position\":1,\"name\":\"Home\",\"item\":\"https:\/\/astoria-spa.cz\/de\/\"},{\"@type\":\"ListItem\",\"position\":2,\"name\":\"Medical Spa &amp; Wellness\",\"item\":\"https:\/\/astoria-spa.cz\/de\/medical-spa-wellness\/\"},{\"@type\":\"ListItem\",\"position\":3,\"name\":\"CO2 &#8211; CarboxyTherapie\"}]},{\"@type\":\"WebSite\",\"@id\":\"https:\/\/astoria-spa.cz\/de\/#website\",\"url\":\"https:\/\/astoria-spa.cz\/de\/\",\"name\":\"Astoria Hotel & Medical Spa\",\"description\":\"Just another ms.decms.eu site\",\"potentialAction\":[{\"@type\":\"SearchAction\",\"target\":{\"@type\":\"EntryPoint\",\"urlTemplate\":\"https:\/\/astoria-spa.cz\/de\/?s={search_term_string}\"},\"query-input\":{\"@type\":\"PropertyValueSpecification\",\"valueRequired\":true,\"valueName\":\"search_term_string\"}}],\"inLanguage\":\"de-DE\"}]}<\/script>\n<!-- \/ Yoast SEO plugin. -->","yoast_head_json":{"title":"CO2 - CarboxyTherapie - Astoria Hotel & Medical Spa -","description":"Bei einem CO2-Trockenbad packen wir Sie in einen speziellen Beutel ein, der mit Kohlendioxidgas gef\u00fcllt ist. Das Gas wird \u00fcber die Haut in den K\u00f6rper aufgenommen, wodurch das Gewebe besser durchblutet, die Heilung beschleunigt und der K\u00f6rper regeneriert wird","robots":{"index":"index","follow":"follow","max-snippet":"max-snippet:-1","max-image-preview":"max-image-preview:large","max-video-preview":"max-video-preview:-1"},"canonical":"https:\/\/astoria-spa.cz\/de\/medical-spa-wellness\/co2-therapie\/","og_locale":"de_DE","og_type":"article","og_title":"CO2 - CarboxyTherapie - Astoria Hotel & Medical Spa -","og_description":"Bei einem CO2-Trockenbad packen wir Sie in einen speziellen Beutel ein, der mit Kohlendioxidgas gef\u00fcllt ist. Das Gas wird \u00fcber die Haut in den K\u00f6rper aufgenommen, wodurch das Gewebe besser durchblutet, die Heilung beschleunigt und der K\u00f6rper regeneriert wird","og_url":"https:\/\/astoria-spa.cz\/de\/medical-spa-wellness\/co2-therapie\/","og_site_name":"Astoria Hotel & Medical Spa","article_modified_time":"2022-10-15T12:05:11+00:00","twitter_card":"summary_large_image","twitter_misc":{"Gesch\u00e4tzte Lesezeit":"1 Minute"},"schema":{"@context":"https:\/\/schema.org","@graph":[{"@type":"WebPage","@id":"https:\/\/astoria-spa.cz\/de\/medical-spa-wellness\/co2-therapie\/","url":"https:\/\/astoria-spa.cz\/de\/medical-spa-wellness\/co2-therapie\/","name":"CO2 - CarboxyTherapie - Astoria Hotel & Medical Spa -","isPartOf":{"@id":"https:\/\/astoria-spa.cz\/de\/#website"},"datePublished":"2022-03-04T16:06:39+00:00","dateModified":"2022-10-15T12:05:11+00:00","description":"Bei einem CO2-Trockenbad packen wir Sie in einen speziellen Beutel ein, der mit Kohlendioxidgas gef\u00fcllt ist. Das Gas wird \u00fcber die Haut in den K\u00f6rper aufgenommen, wodurch das Gewebe besser durchblutet, die Heilung beschleunigt und der K\u00f6rper regeneriert wird","breadcrumb":{"@id":"https:\/\/astoria-spa.cz\/de\/medical-spa-wellness\/co2-therapie\/#breadcrumb"},"inLanguage":"de-DE","potentialAction":[{"@type":"ReadAction","target":["https:\/\/astoria-spa.cz\/de\/medical-spa-wellness\/co2-therapie\/"]}]},{"@type":"BreadcrumbList","@id":"https:\/\/astoria-spa.cz\/de\/medical-spa-wellness\/co2-therapie\/#breadcrumb","itemListElement":[{"@type":"ListItem","position":1,"name":"Home","item":"https:\/\/astoria-spa.cz\/de\/"},{"@type":"ListItem","position":2,"name":"Medical Spa &amp; Wellness","item":"https:\/\/astoria-spa.cz\/de\/medical-spa-wellness\/"},{"@type":"ListItem","position":3,"name":"CO2 &#8211; CarboxyTherapie"}]},{"@type":"WebSite","@id":"https:\/\/astoria-spa.cz\/de\/#website","url":"https:\/\/astoria-spa.cz\/de\/","name":"Astoria Hotel & Medical Spa","description":"Just another ms.decms.eu site","potentialAction":[{"@type":"SearchAction","target":{"@type":"EntryPoint","urlTemplate":"https:\/\/astoria-spa.cz\/de\/?s={search_term_string}"},"query-input":{"@type":"PropertyValueSpecification","valueRequired":true,"valueName":"search_term_string"}}],"inLanguage":"de-DE"}]}},"acf":[],"_links":{"self":[{"href":"https:\/\/astoria-spa.cz\/de\/wp-json\/wp\/v2\/pages\/656","targetHints":{"allow":["GET"]}}],"collection":[{"href":"https:\/\/astoria-spa.cz\/de\/wp-json\/wp\/v2\/pages"}],"about":[{"href":"https:\/\/astoria-spa.cz\/de\/wp-json\/wp\/v2\/types\/page"}],"author":[{"embeddable":true,"href":"https:\/\/astoria-spa.cz\/de\/wp-json\/wp\/v2\/users\/4"}],"replies":[{"embeddable":true,"href":"https:\/\/astoria-spa.cz\/de\/wp-json\/wp\/v2\/comments?post=656"}],"version-history":[{"count":0,"href":"https:\/\/astoria-spa.cz\/de\/wp-json\/wp\/v2\/pages\/656\/revisions"}],"up":[{"embeddable":true,"href":"https:\/\/astoria-spa.cz\/de\/wp-json\/wp\/v2\/pages\/604"}],"wp:attachment":[{"href":"https:\/\/astoria-spa.cz\/de\/wp-json\/wp\/v2\/media?parent=656"}],"wp:term":[{"taxonomy":"category","embeddable":true,"href":"https:\/\/astoria-spa.cz\/de\/wp-json\/wp\/v2\/categories?post=656"}],"curies":[{"name":"wp","href":"https:\/\/api.w.org\/{rel}","templated":true}]}}