{"id":646,"date":"2022-03-04T15:17:34","date_gmt":"2022-03-04T15:17:34","guid":{"rendered":"https:\/\/astoria-hotel-and-medical-spa.ms.decms.eu\/medical-spa-wellness\/oxygenoterapie\/"},"modified":"2022-10-15T12:00:57","modified_gmt":"2022-10-15T12:00:57","slug":"oxygenotherapie","status":"publish","type":"page","link":"https:\/\/astoria-spa.cz\/de\/medical-spa-wellness\/oxygenotherapie\/","title":{"rendered":"Oxygentherapie"},"content":{"rendered":"<p>Bei dieser regenerativen Behandlung wird befeuchteter Sauerstoff \u00fcber eine Maske eingeatmet. Dies f\u00fchrt zur Regeneration des Gewebes und erh\u00f6ht die k\u00f6rperliche sowie geistige Leistungsf\u00e4higkeit. Die Kur hilft auch, die Zellalterung zu verlangsamen, die Abwehrkr\u00e4fte zu st\u00e4rken, die Genesung zu beschleunigen und den K\u00f6rper von Schadstoffen aus der Luft oder vom Rauchen zu befreien. Die Wirkung der Behandlung wird durch die Verabreichung von Antioxidantien unterst\u00fctzt.<\/p>\n","protected":false},"excerpt":{"rendered":"<p>Bei dieser regenerativen Behandlung wird befeuchteter Sauerstoff \u00fcber eine Maske eingeatmet. Dies f\u00fchrt zur Regeneration des Gewebes und erh\u00f6ht die k\u00f6rperliche sowie geistige Leistungsf\u00e4higkeit. Die Kur hilft auch, die Zellalterung zu verlangsamen, die Abwehrkr\u00e4fte zu st\u00e4rken, die Genesung zu beschleunigen und den K\u00f6rper von Schadstoffen aus der Luft oder vom Rauchen zu befreien. Die Wirkung [&hellip;]<\/p>\n","protected":false},"author":4,"featured_media":0,"parent":604,"menu_order":110,"comment_status":"closed","ping_status":"closed","template":"template-default-3.php","meta":{"footnotes":""},"categories":[24],"class_list":["post-646","page","type-page","status-publish","hentry","category-medical-spa-de"],"yoast_head":"<!-- This site is optimized with the Yoast SEO plugin v26.9 - https:\/\/yoast.com\/product\/yoast-seo-wordpress\/ -->\n<title>Oxygentherapie - Astoria Hotel &amp; Medical Spa -<\/title>\n<meta name=\"description\" content=\"Bei dieser regenerativen Behandlung wird befeuchteter Sauerstoff \u00fcber eine Maske eingeatmet. Dies f\u00fchrt zur Regeneration des Gewebes und erh\u00f6ht die k\u00f6rperliche sowie geistige Leistungsf\u00e4higkeit\" \/>\n<meta name=\"robots\" content=\"index, follow, max-snippet:-1, max-image-preview:large, max-video-preview:-1\" \/>\n<link rel=\"canonical\" href=\"https:\/\/astoria-spa.cz\/de\/medical-spa-wellness\/oxygenotherapie\/\" \/>\n<meta property=\"og:locale\" content=\"de_DE\" \/>\n<meta property=\"og:type\" content=\"article\" \/>\n<meta property=\"og:title\" content=\"Oxygentherapie - Astoria Hotel &amp; Medical Spa -\" \/>\n<meta property=\"og:description\" content=\"Bei dieser regenerativen Behandlung wird befeuchteter Sauerstoff \u00fcber eine Maske eingeatmet. Dies f\u00fchrt zur Regeneration des Gewebes und erh\u00f6ht die k\u00f6rperliche sowie geistige Leistungsf\u00e4higkeit\" \/>\n<meta property=\"og:url\" content=\"https:\/\/astoria-spa.cz\/de\/medical-spa-wellness\/oxygenotherapie\/\" \/>\n<meta property=\"og:site_name\" content=\"Astoria Hotel &amp; Medical Spa\" \/>\n<meta property=\"article:modified_time\" content=\"2022-10-15T12:00:57+00:00\" \/>\n<meta name=\"twitter:card\" content=\"summary_large_image\" \/>\n<meta name=\"twitter:label1\" content=\"Gesch\u00e4tzte Lesezeit\" \/>\n\t<meta name=\"twitter:data1\" content=\"1 Minute\" \/>\n<script type=\"application\/ld+json\" class=\"yoast-schema-graph\">{\"@context\":\"https:\/\/schema.org\",\"@graph\":[{\"@type\":\"WebPage\",\"@id\":\"https:\/\/astoria-spa.cz\/de\/medical-spa-wellness\/oxygenotherapie\/\",\"url\":\"https:\/\/astoria-spa.cz\/de\/medical-spa-wellness\/oxygenotherapie\/\",\"name\":\"Oxygentherapie - Astoria Hotel & Medical Spa -\",\"isPartOf\":{\"@id\":\"https:\/\/astoria-spa.cz\/de\/#website\"},\"datePublished\":\"2022-03-04T15:17:34+00:00\",\"dateModified\":\"2022-10-15T12:00:57+00:00\",\"description\":\"Bei dieser regenerativen Behandlung wird befeuchteter Sauerstoff \u00fcber eine Maske eingeatmet. Dies f\u00fchrt zur Regeneration des Gewebes und erh\u00f6ht die k\u00f6rperliche sowie geistige Leistungsf\u00e4higkeit\",\"breadcrumb\":{\"@id\":\"https:\/\/astoria-spa.cz\/de\/medical-spa-wellness\/oxygenotherapie\/#breadcrumb\"},\"inLanguage\":\"de-DE\",\"potentialAction\":[{\"@type\":\"ReadAction\",\"target\":[\"https:\/\/astoria-spa.cz\/de\/medical-spa-wellness\/oxygenotherapie\/\"]}]},{\"@type\":\"BreadcrumbList\",\"@id\":\"https:\/\/astoria-spa.cz\/de\/medical-spa-wellness\/oxygenotherapie\/#breadcrumb\",\"itemListElement\":[{\"@type\":\"ListItem\",\"position\":1,\"name\":\"Home\",\"item\":\"https:\/\/astoria-spa.cz\/de\/\"},{\"@type\":\"ListItem\",\"position\":2,\"name\":\"Medical Spa &amp; Wellness\",\"item\":\"https:\/\/astoria-spa.cz\/de\/medical-spa-wellness\/\"},{\"@type\":\"ListItem\",\"position\":3,\"name\":\"Oxygentherapie\"}]},{\"@type\":\"WebSite\",\"@id\":\"https:\/\/astoria-spa.cz\/de\/#website\",\"url\":\"https:\/\/astoria-spa.cz\/de\/\",\"name\":\"Astoria Hotel & Medical Spa\",\"description\":\"Just another ms.decms.eu site\",\"potentialAction\":[{\"@type\":\"SearchAction\",\"target\":{\"@type\":\"EntryPoint\",\"urlTemplate\":\"https:\/\/astoria-spa.cz\/de\/?s={search_term_string}\"},\"query-input\":{\"@type\":\"PropertyValueSpecification\",\"valueRequired\":true,\"valueName\":\"search_term_string\"}}],\"inLanguage\":\"de-DE\"}]}<\/script>\n<!-- \/ Yoast SEO plugin. -->","yoast_head_json":{"title":"Oxygentherapie - Astoria Hotel & Medical Spa -","description":"Bei dieser regenerativen Behandlung wird befeuchteter Sauerstoff \u00fcber eine Maske eingeatmet. Dies f\u00fchrt zur Regeneration des Gewebes und erh\u00f6ht die k\u00f6rperliche sowie geistige Leistungsf\u00e4higkeit","robots":{"index":"index","follow":"follow","max-snippet":"max-snippet:-1","max-image-preview":"max-image-preview:large","max-video-preview":"max-video-preview:-1"},"canonical":"https:\/\/astoria-spa.cz\/de\/medical-spa-wellness\/oxygenotherapie\/","og_locale":"de_DE","og_type":"article","og_title":"Oxygentherapie - Astoria Hotel & Medical Spa -","og_description":"Bei dieser regenerativen Behandlung wird befeuchteter Sauerstoff \u00fcber eine Maske eingeatmet. Dies f\u00fchrt zur Regeneration des Gewebes und erh\u00f6ht die k\u00f6rperliche sowie geistige Leistungsf\u00e4higkeit","og_url":"https:\/\/astoria-spa.cz\/de\/medical-spa-wellness\/oxygenotherapie\/","og_site_name":"Astoria Hotel & Medical Spa","article_modified_time":"2022-10-15T12:00:57+00:00","twitter_card":"summary_large_image","twitter_misc":{"Gesch\u00e4tzte Lesezeit":"1 Minute"},"schema":{"@context":"https:\/\/schema.org","@graph":[{"@type":"WebPage","@id":"https:\/\/astoria-spa.cz\/de\/medical-spa-wellness\/oxygenotherapie\/","url":"https:\/\/astoria-spa.cz\/de\/medical-spa-wellness\/oxygenotherapie\/","name":"Oxygentherapie - Astoria Hotel & Medical Spa -","isPartOf":{"@id":"https:\/\/astoria-spa.cz\/de\/#website"},"datePublished":"2022-03-04T15:17:34+00:00","dateModified":"2022-10-15T12:00:57+00:00","description":"Bei dieser regenerativen Behandlung wird befeuchteter Sauerstoff \u00fcber eine Maske eingeatmet. Dies f\u00fchrt zur Regeneration des Gewebes und erh\u00f6ht die k\u00f6rperliche sowie geistige Leistungsf\u00e4higkeit","breadcrumb":{"@id":"https:\/\/astoria-spa.cz\/de\/medical-spa-wellness\/oxygenotherapie\/#breadcrumb"},"inLanguage":"de-DE","potentialAction":[{"@type":"ReadAction","target":["https:\/\/astoria-spa.cz\/de\/medical-spa-wellness\/oxygenotherapie\/"]}]},{"@type":"BreadcrumbList","@id":"https:\/\/astoria-spa.cz\/de\/medical-spa-wellness\/oxygenotherapie\/#breadcrumb","itemListElement":[{"@type":"ListItem","position":1,"name":"Home","item":"https:\/\/astoria-spa.cz\/de\/"},{"@type":"ListItem","position":2,"name":"Medical Spa &amp; Wellness","item":"https:\/\/astoria-spa.cz\/de\/medical-spa-wellness\/"},{"@type":"ListItem","position":3,"name":"Oxygentherapie"}]},{"@type":"WebSite","@id":"https:\/\/astoria-spa.cz\/de\/#website","url":"https:\/\/astoria-spa.cz\/de\/","name":"Astoria Hotel & Medical Spa","description":"Just another ms.decms.eu site","potentialAction":[{"@type":"SearchAction","target":{"@type":"EntryPoint","urlTemplate":"https:\/\/astoria-spa.cz\/de\/?s={search_term_string}"},"query-input":{"@type":"PropertyValueSpecification","valueRequired":true,"valueName":"search_term_string"}}],"inLanguage":"de-DE"}]}},"acf":[],"_links":{"self":[{"href":"https:\/\/astoria-spa.cz\/de\/wp-json\/wp\/v2\/pages\/646","targetHints":{"allow":["GET"]}}],"collection":[{"href":"https:\/\/astoria-spa.cz\/de\/wp-json\/wp\/v2\/pages"}],"about":[{"href":"https:\/\/astoria-spa.cz\/de\/wp-json\/wp\/v2\/types\/page"}],"author":[{"embeddable":true,"href":"https:\/\/astoria-spa.cz\/de\/wp-json\/wp\/v2\/users\/4"}],"replies":[{"embeddable":true,"href":"https:\/\/astoria-spa.cz\/de\/wp-json\/wp\/v2\/comments?post=646"}],"version-history":[{"count":0,"href":"https:\/\/astoria-spa.cz\/de\/wp-json\/wp\/v2\/pages\/646\/revisions"}],"up":[{"embeddable":true,"href":"https:\/\/astoria-spa.cz\/de\/wp-json\/wp\/v2\/pages\/604"}],"wp:attachment":[{"href":"https:\/\/astoria-spa.cz\/de\/wp-json\/wp\/v2\/media?parent=646"}],"wp:term":[{"taxonomy":"category","embeddable":true,"href":"https:\/\/astoria-spa.cz\/de\/wp-json\/wp\/v2\/categories?post=646"}],"curies":[{"name":"wp","href":"https:\/\/api.w.org\/{rel}","templated":true}]}}