{"id":637,"date":"2022-03-04T15:00:58","date_gmt":"2022-03-04T15:00:58","guid":{"rendered":"https:\/\/astoria-hotel-and-medical-spa.ms.decms.eu\/medical-spa-wellness\/masaze\/"},"modified":"2022-10-15T11:57:13","modified_gmt":"2022-10-15T11:57:13","slug":"massagen","status":"publish","type":"page","link":"https:\/\/astoria-spa.cz\/de\/medical-spa-wellness\/massagen\/","title":{"rendered":"Massage"},"content":{"rendered":"<p>Kennen Sie etwas Angenehmeres als eine Handmassage mit \u00d6l oder Emulsion, die den ganzen K\u00f6rper vom Nacken bis zu den Zehen entspannt? Dar\u00fcber hinaus sorgt die klassische Massage f\u00fcr eine hervorragende Durchblutung des Gewebes, so dass Schadstoffe viel schneller aus dem K\u00f6rper geschwemmt werden.<\/p>\n<p>Die klassische Teilmassage umfasst den Nacken und den R\u00fccken, w\u00e4hrend die Vollmassage die oberen und unteren Gliedma\u00dfen behandelt. Mit der Entspannung geht eine allm\u00e4hliche Linderung von R\u00fccken-, Glieder- und Gelenkschmerzen einher. Massagen l\u00f6sen auch psychische und muskul\u00e4re Verspannungen.<\/p>\n<p><strong>Vergessen Sie nicht, Ihre Lieblingsmassage zu w\u00e4hlen: klassische Teil- und Ganzk\u00f6rpermassage, Teil- und Ganzk\u00f6rper-Aromamassage, Wirbels\u00e4ule-Reflexzonenmassage, Fu\u00dfreflexzonenmassage, Honig-Detox-Massage, Anti-Cellulite-Massage oder HydroJet-Massage auf dem Wasserbett.<\/strong><\/p>\n","protected":false},"excerpt":{"rendered":"<p>Kennen Sie etwas Angenehmeres als eine Handmassage mit \u00d6l oder Emulsion, die den ganzen K\u00f6rper vom Nacken bis zu den Zehen entspannt? Dar\u00fcber hinaus sorgt die klassische Massage f\u00fcr eine hervorragende Durchblutung des Gewebes, so dass Schadstoffe viel schneller aus dem K\u00f6rper geschwemmt werden. Die klassische Teilmassage umfasst den Nacken und den R\u00fccken, w\u00e4hrend die [&hellip;]<\/p>\n","protected":false},"author":4,"featured_media":0,"parent":604,"menu_order":90,"comment_status":"closed","ping_status":"closed","template":"template-default-3.php","meta":{"footnotes":""},"categories":[24,28],"class_list":["post-637","page","type-page","status-publish","hentry","category-medical-spa-de","category-wellness-de"],"yoast_head":"<!-- This site is optimized with the Yoast SEO plugin v26.9 - https:\/\/yoast.com\/product\/yoast-seo-wordpress\/ -->\n<title>Massage - Astoria Hotel &amp; Medical Spa -<\/title>\n<meta name=\"description\" content=\"Kennen Sie etwas Angenehmeres als eine Handmassage mit \u00d6l oder Emulsion, die den ganzen K\u00f6rper vom Nacken bis zu den Zehen entspannt? Dar\u00fcber hinaus sorgt die klassische Massage f\u00fcr eine hervorragende Durchblutung des Gewebes, so dass Schadstoffe viel schneller aus dem K\u00f6rper geschwemmt werden.  Die klassische Teilmassage umfasst den Nacken und den R\u00fccken, w\u00e4hrend die Vollmassage die oberen und unteren Gliedma\u00dfen behandelt. Mit der Entspannung geht eine allm\u00e4hliche Linderung von R\u00fccken-, Glieder- und Gelenkschmerzen einher\" \/>\n<meta name=\"robots\" content=\"index, follow, max-snippet:-1, max-image-preview:large, max-video-preview:-1\" \/>\n<link rel=\"canonical\" href=\"https:\/\/astoria-spa.cz\/de\/medical-spa-wellness\/massagen\/\" \/>\n<meta property=\"og:locale\" content=\"de_DE\" \/>\n<meta property=\"og:type\" content=\"article\" \/>\n<meta property=\"og:title\" content=\"Massage - Astoria Hotel &amp; Medical Spa -\" \/>\n<meta property=\"og:description\" content=\"Kennen Sie etwas Angenehmeres als eine Handmassage mit \u00d6l oder Emulsion, die den ganzen K\u00f6rper vom Nacken bis zu den Zehen entspannt? Dar\u00fcber hinaus sorgt die klassische Massage f\u00fcr eine hervorragende Durchblutung des Gewebes, so dass Schadstoffe viel schneller aus dem K\u00f6rper geschwemmt werden.  Die klassische Teilmassage umfasst den Nacken und den R\u00fccken, w\u00e4hrend die Vollmassage die oberen und unteren Gliedma\u00dfen behandelt. Mit der Entspannung geht eine allm\u00e4hliche Linderung von R\u00fccken-, Glieder- und Gelenkschmerzen einher\" \/>\n<meta property=\"og:url\" content=\"https:\/\/astoria-spa.cz\/de\/medical-spa-wellness\/massagen\/\" \/>\n<meta property=\"og:site_name\" content=\"Astoria Hotel &amp; Medical Spa\" \/>\n<meta property=\"article:modified_time\" content=\"2022-10-15T11:57:13+00:00\" \/>\n<meta name=\"twitter:card\" content=\"summary_large_image\" \/>\n<meta name=\"twitter:label1\" content=\"Gesch\u00e4tzte Lesezeit\" \/>\n\t<meta name=\"twitter:data1\" content=\"1 Minute\" \/>\n<script type=\"application\/ld+json\" class=\"yoast-schema-graph\">{\"@context\":\"https:\/\/schema.org\",\"@graph\":[{\"@type\":\"WebPage\",\"@id\":\"https:\/\/astoria-spa.cz\/de\/medical-spa-wellness\/massagen\/\",\"url\":\"https:\/\/astoria-spa.cz\/de\/medical-spa-wellness\/massagen\/\",\"name\":\"Massage - Astoria Hotel & Medical Spa -\",\"isPartOf\":{\"@id\":\"https:\/\/astoria-spa.cz\/de\/#website\"},\"datePublished\":\"2022-03-04T15:00:58+00:00\",\"dateModified\":\"2022-10-15T11:57:13+00:00\",\"description\":\"Kennen Sie etwas Angenehmeres als eine Handmassage mit \u00d6l oder Emulsion, die den ganzen K\u00f6rper vom Nacken bis zu den Zehen entspannt? Dar\u00fcber hinaus sorgt die klassische Massage f\u00fcr eine hervorragende Durchblutung des Gewebes, so dass Schadstoffe viel schneller aus dem K\u00f6rper geschwemmt werden. Die klassische Teilmassage umfasst den Nacken und den R\u00fccken, w\u00e4hrend die Vollmassage die oberen und unteren Gliedma\u00dfen behandelt. Mit der Entspannung geht eine allm\u00e4hliche Linderung von R\u00fccken-, Glieder- und Gelenkschmerzen einher\",\"breadcrumb\":{\"@id\":\"https:\/\/astoria-spa.cz\/de\/medical-spa-wellness\/massagen\/#breadcrumb\"},\"inLanguage\":\"de-DE\",\"potentialAction\":[{\"@type\":\"ReadAction\",\"target\":[\"https:\/\/astoria-spa.cz\/de\/medical-spa-wellness\/massagen\/\"]}]},{\"@type\":\"BreadcrumbList\",\"@id\":\"https:\/\/astoria-spa.cz\/de\/medical-spa-wellness\/massagen\/#breadcrumb\",\"itemListElement\":[{\"@type\":\"ListItem\",\"position\":1,\"name\":\"Home\",\"item\":\"https:\/\/astoria-spa.cz\/de\/\"},{\"@type\":\"ListItem\",\"position\":2,\"name\":\"Medical Spa &amp; Wellness\",\"item\":\"https:\/\/astoria-spa.cz\/de\/medical-spa-wellness\/\"},{\"@type\":\"ListItem\",\"position\":3,\"name\":\"Massage\"}]},{\"@type\":\"WebSite\",\"@id\":\"https:\/\/astoria-spa.cz\/de\/#website\",\"url\":\"https:\/\/astoria-spa.cz\/de\/\",\"name\":\"Astoria Hotel & Medical Spa\",\"description\":\"Just another ms.decms.eu site\",\"potentialAction\":[{\"@type\":\"SearchAction\",\"target\":{\"@type\":\"EntryPoint\",\"urlTemplate\":\"https:\/\/astoria-spa.cz\/de\/?s={search_term_string}\"},\"query-input\":{\"@type\":\"PropertyValueSpecification\",\"valueRequired\":true,\"valueName\":\"search_term_string\"}}],\"inLanguage\":\"de-DE\"}]}<\/script>\n<!-- \/ Yoast SEO plugin. -->","yoast_head_json":{"title":"Massage - Astoria Hotel & Medical Spa -","description":"Kennen Sie etwas Angenehmeres als eine Handmassage mit \u00d6l oder Emulsion, die den ganzen K\u00f6rper vom Nacken bis zu den Zehen entspannt? Dar\u00fcber hinaus sorgt die klassische Massage f\u00fcr eine hervorragende Durchblutung des Gewebes, so dass Schadstoffe viel schneller aus dem K\u00f6rper geschwemmt werden.  Die klassische Teilmassage umfasst den Nacken und den R\u00fccken, w\u00e4hrend die Vollmassage die oberen und unteren Gliedma\u00dfen behandelt. Mit der Entspannung geht eine allm\u00e4hliche Linderung von R\u00fccken-, Glieder- und Gelenkschmerzen einher","robots":{"index":"index","follow":"follow","max-snippet":"max-snippet:-1","max-image-preview":"max-image-preview:large","max-video-preview":"max-video-preview:-1"},"canonical":"https:\/\/astoria-spa.cz\/de\/medical-spa-wellness\/massagen\/","og_locale":"de_DE","og_type":"article","og_title":"Massage - Astoria Hotel & Medical Spa -","og_description":"Kennen Sie etwas Angenehmeres als eine Handmassage mit \u00d6l oder Emulsion, die den ganzen K\u00f6rper vom Nacken bis zu den Zehen entspannt? Dar\u00fcber hinaus sorgt die klassische Massage f\u00fcr eine hervorragende Durchblutung des Gewebes, so dass Schadstoffe viel schneller aus dem K\u00f6rper geschwemmt werden.  Die klassische Teilmassage umfasst den Nacken und den R\u00fccken, w\u00e4hrend die Vollmassage die oberen und unteren Gliedma\u00dfen behandelt. Mit der Entspannung geht eine allm\u00e4hliche Linderung von R\u00fccken-, Glieder- und Gelenkschmerzen einher","og_url":"https:\/\/astoria-spa.cz\/de\/medical-spa-wellness\/massagen\/","og_site_name":"Astoria Hotel & Medical Spa","article_modified_time":"2022-10-15T11:57:13+00:00","twitter_card":"summary_large_image","twitter_misc":{"Gesch\u00e4tzte Lesezeit":"1 Minute"},"schema":{"@context":"https:\/\/schema.org","@graph":[{"@type":"WebPage","@id":"https:\/\/astoria-spa.cz\/de\/medical-spa-wellness\/massagen\/","url":"https:\/\/astoria-spa.cz\/de\/medical-spa-wellness\/massagen\/","name":"Massage - Astoria Hotel & Medical Spa -","isPartOf":{"@id":"https:\/\/astoria-spa.cz\/de\/#website"},"datePublished":"2022-03-04T15:00:58+00:00","dateModified":"2022-10-15T11:57:13+00:00","description":"Kennen Sie etwas Angenehmeres als eine Handmassage mit \u00d6l oder Emulsion, die den ganzen K\u00f6rper vom Nacken bis zu den Zehen entspannt? Dar\u00fcber hinaus sorgt die klassische Massage f\u00fcr eine hervorragende Durchblutung des Gewebes, so dass Schadstoffe viel schneller aus dem K\u00f6rper geschwemmt werden. Die klassische Teilmassage umfasst den Nacken und den R\u00fccken, w\u00e4hrend die Vollmassage die oberen und unteren Gliedma\u00dfen behandelt. Mit der Entspannung geht eine allm\u00e4hliche Linderung von R\u00fccken-, Glieder- und Gelenkschmerzen einher","breadcrumb":{"@id":"https:\/\/astoria-spa.cz\/de\/medical-spa-wellness\/massagen\/#breadcrumb"},"inLanguage":"de-DE","potentialAction":[{"@type":"ReadAction","target":["https:\/\/astoria-spa.cz\/de\/medical-spa-wellness\/massagen\/"]}]},{"@type":"BreadcrumbList","@id":"https:\/\/astoria-spa.cz\/de\/medical-spa-wellness\/massagen\/#breadcrumb","itemListElement":[{"@type":"ListItem","position":1,"name":"Home","item":"https:\/\/astoria-spa.cz\/de\/"},{"@type":"ListItem","position":2,"name":"Medical Spa &amp; Wellness","item":"https:\/\/astoria-spa.cz\/de\/medical-spa-wellness\/"},{"@type":"ListItem","position":3,"name":"Massage"}]},{"@type":"WebSite","@id":"https:\/\/astoria-spa.cz\/de\/#website","url":"https:\/\/astoria-spa.cz\/de\/","name":"Astoria Hotel & Medical Spa","description":"Just another ms.decms.eu site","potentialAction":[{"@type":"SearchAction","target":{"@type":"EntryPoint","urlTemplate":"https:\/\/astoria-spa.cz\/de\/?s={search_term_string}"},"query-input":{"@type":"PropertyValueSpecification","valueRequired":true,"valueName":"search_term_string"}}],"inLanguage":"de-DE"}]}},"acf":[],"_links":{"self":[{"href":"https:\/\/astoria-spa.cz\/de\/wp-json\/wp\/v2\/pages\/637","targetHints":{"allow":["GET"]}}],"collection":[{"href":"https:\/\/astoria-spa.cz\/de\/wp-json\/wp\/v2\/pages"}],"about":[{"href":"https:\/\/astoria-spa.cz\/de\/wp-json\/wp\/v2\/types\/page"}],"author":[{"embeddable":true,"href":"https:\/\/astoria-spa.cz\/de\/wp-json\/wp\/v2\/users\/4"}],"replies":[{"embeddable":true,"href":"https:\/\/astoria-spa.cz\/de\/wp-json\/wp\/v2\/comments?post=637"}],"version-history":[{"count":0,"href":"https:\/\/astoria-spa.cz\/de\/wp-json\/wp\/v2\/pages\/637\/revisions"}],"up":[{"embeddable":true,"href":"https:\/\/astoria-spa.cz\/de\/wp-json\/wp\/v2\/pages\/604"}],"wp:attachment":[{"href":"https:\/\/astoria-spa.cz\/de\/wp-json\/wp\/v2\/media?parent=637"}],"wp:term":[{"taxonomy":"category","embeddable":true,"href":"https:\/\/astoria-spa.cz\/de\/wp-json\/wp\/v2\/categories?post=637"}],"curies":[{"name":"wp","href":"https:\/\/api.w.org\/{rel}","templated":true}]}}