{"id":633,"date":"2022-03-04T14:50:15","date_gmt":"2022-03-04T14:50:15","guid":{"rendered":"https:\/\/astoria-hotel-and-medical-spa.ms.decms.eu\/medical-spa-wellness\/fyzikalni-terapie\/"},"modified":"2022-10-15T11:48:26","modified_gmt":"2022-10-15T11:48:26","slug":"physikalische-therapie","status":"publish","type":"page","link":"https:\/\/astoria-spa.cz\/de\/medical-spa-wellness\/physikalische-therapie\/","title":{"rendered":"Physiotherapie"},"content":{"rendered":"<p>Ein breites Spektrum unterschiedlichster Behandlungen zielt vor allem auf die Korrektur und Vorbeugung von Problemen des Bewegungsapparats ab. Alle Methoden tragen dazu bei, die Funktionsf\u00e4higkeit des K\u00f6rpers zu verbessern. Sie beseitigen die Schmerzen und bringen den K\u00f6rper ins Gleichgewicht. Unsere Fachleute beraten Sie bei der Auswahl der am besten geeigneten Methoden.<\/p>\n<p>Therapieangebot: <strong>Elektrotherapie (diadynamische Str\u00f6me, Endo-Vaco, Tr\u00e4bert-Str\u00f6me, Solux, Interferenzstr\u00f6me), Magnettherapie, Ultraschall, Laser, Lymphdrainage.<\/strong><\/p>\n","protected":false},"excerpt":{"rendered":"<p>Ein breites Spektrum unterschiedlichster Behandlungen zielt vor allem auf die Korrektur und Vorbeugung von Problemen des Bewegungsapparats ab. Alle Methoden tragen dazu bei, die Funktionsf\u00e4higkeit des K\u00f6rpers zu verbessern. Sie beseitigen die Schmerzen und bringen den K\u00f6rper ins Gleichgewicht. Unsere Fachleute beraten Sie bei der Auswahl der am besten geeigneten Methoden. Therapieangebot: Elektrotherapie (diadynamische Str\u00f6me, [&hellip;]<\/p>\n","protected":false},"author":4,"featured_media":0,"parent":604,"menu_order":70,"comment_status":"closed","ping_status":"closed","template":"template-default-3.php","meta":{"footnotes":""},"categories":[24],"class_list":["post-633","page","type-page","status-publish","hentry","category-medical-spa-de"],"yoast_head":"<!-- This site is optimized with the Yoast SEO plugin v26.9 - https:\/\/yoast.com\/product\/yoast-seo-wordpress\/ -->\n<title>Physiotherapie - Astoria Hotel &amp; Medical Spa -<\/title>\n<meta name=\"description\" content=\"Ein breites Spektrum unterschiedlichster Behandlungen zielt vor allem auf die Korrektur und Vorbeugung von Problemen des Bewegungsapparats ab. Alle Methoden tragen dazu bei, die Funktionsf\u00e4higkeit des K\u00f6rpers zu verbessern\" \/>\n<meta name=\"robots\" content=\"index, follow, max-snippet:-1, max-image-preview:large, max-video-preview:-1\" \/>\n<link rel=\"canonical\" href=\"https:\/\/astoria-spa.cz\/de\/medical-spa-wellness\/physikalische-therapie\/\" \/>\n<meta property=\"og:locale\" content=\"de_DE\" \/>\n<meta property=\"og:type\" content=\"article\" \/>\n<meta property=\"og:title\" content=\"Physiotherapie - Astoria Hotel &amp; Medical Spa -\" \/>\n<meta property=\"og:description\" content=\"Ein breites Spektrum unterschiedlichster Behandlungen zielt vor allem auf die Korrektur und Vorbeugung von Problemen des Bewegungsapparats ab. Alle Methoden tragen dazu bei, die Funktionsf\u00e4higkeit des K\u00f6rpers zu verbessern\" \/>\n<meta property=\"og:url\" content=\"https:\/\/astoria-spa.cz\/de\/medical-spa-wellness\/physikalische-therapie\/\" \/>\n<meta property=\"og:site_name\" content=\"Astoria Hotel &amp; Medical Spa\" \/>\n<meta property=\"article:modified_time\" content=\"2022-10-15T11:48:26+00:00\" \/>\n<meta name=\"twitter:card\" content=\"summary_large_image\" \/>\n<meta name=\"twitter:label1\" content=\"Gesch\u00e4tzte Lesezeit\" \/>\n\t<meta name=\"twitter:data1\" content=\"1 Minute\" \/>\n<script type=\"application\/ld+json\" class=\"yoast-schema-graph\">{\"@context\":\"https:\/\/schema.org\",\"@graph\":[{\"@type\":\"WebPage\",\"@id\":\"https:\/\/astoria-spa.cz\/de\/medical-spa-wellness\/physikalische-therapie\/\",\"url\":\"https:\/\/astoria-spa.cz\/de\/medical-spa-wellness\/physikalische-therapie\/\",\"name\":\"Physiotherapie - Astoria Hotel & Medical Spa -\",\"isPartOf\":{\"@id\":\"https:\/\/astoria-spa.cz\/de\/#website\"},\"datePublished\":\"2022-03-04T14:50:15+00:00\",\"dateModified\":\"2022-10-15T11:48:26+00:00\",\"description\":\"Ein breites Spektrum unterschiedlichster Behandlungen zielt vor allem auf die Korrektur und Vorbeugung von Problemen des Bewegungsapparats ab. Alle Methoden tragen dazu bei, die Funktionsf\u00e4higkeit des K\u00f6rpers zu verbessern\",\"breadcrumb\":{\"@id\":\"https:\/\/astoria-spa.cz\/de\/medical-spa-wellness\/physikalische-therapie\/#breadcrumb\"},\"inLanguage\":\"de-DE\",\"potentialAction\":[{\"@type\":\"ReadAction\",\"target\":[\"https:\/\/astoria-spa.cz\/de\/medical-spa-wellness\/physikalische-therapie\/\"]}]},{\"@type\":\"BreadcrumbList\",\"@id\":\"https:\/\/astoria-spa.cz\/de\/medical-spa-wellness\/physikalische-therapie\/#breadcrumb\",\"itemListElement\":[{\"@type\":\"ListItem\",\"position\":1,\"name\":\"Home\",\"item\":\"https:\/\/astoria-spa.cz\/de\/\"},{\"@type\":\"ListItem\",\"position\":2,\"name\":\"Medical Spa &amp; Wellness\",\"item\":\"https:\/\/astoria-spa.cz\/de\/medical-spa-wellness\/\"},{\"@type\":\"ListItem\",\"position\":3,\"name\":\"Physiotherapie\"}]},{\"@type\":\"WebSite\",\"@id\":\"https:\/\/astoria-spa.cz\/de\/#website\",\"url\":\"https:\/\/astoria-spa.cz\/de\/\",\"name\":\"Astoria Hotel & Medical Spa\",\"description\":\"Just another ms.decms.eu site\",\"potentialAction\":[{\"@type\":\"SearchAction\",\"target\":{\"@type\":\"EntryPoint\",\"urlTemplate\":\"https:\/\/astoria-spa.cz\/de\/?s={search_term_string}\"},\"query-input\":{\"@type\":\"PropertyValueSpecification\",\"valueRequired\":true,\"valueName\":\"search_term_string\"}}],\"inLanguage\":\"de-DE\"}]}<\/script>\n<!-- \/ Yoast SEO plugin. -->","yoast_head_json":{"title":"Physiotherapie - Astoria Hotel & Medical Spa -","description":"Ein breites Spektrum unterschiedlichster Behandlungen zielt vor allem auf die Korrektur und Vorbeugung von Problemen des Bewegungsapparats ab. Alle Methoden tragen dazu bei, die Funktionsf\u00e4higkeit des K\u00f6rpers zu verbessern","robots":{"index":"index","follow":"follow","max-snippet":"max-snippet:-1","max-image-preview":"max-image-preview:large","max-video-preview":"max-video-preview:-1"},"canonical":"https:\/\/astoria-spa.cz\/de\/medical-spa-wellness\/physikalische-therapie\/","og_locale":"de_DE","og_type":"article","og_title":"Physiotherapie - Astoria Hotel & Medical Spa -","og_description":"Ein breites Spektrum unterschiedlichster Behandlungen zielt vor allem auf die Korrektur und Vorbeugung von Problemen des Bewegungsapparats ab. Alle Methoden tragen dazu bei, die Funktionsf\u00e4higkeit des K\u00f6rpers zu verbessern","og_url":"https:\/\/astoria-spa.cz\/de\/medical-spa-wellness\/physikalische-therapie\/","og_site_name":"Astoria Hotel & Medical Spa","article_modified_time":"2022-10-15T11:48:26+00:00","twitter_card":"summary_large_image","twitter_misc":{"Gesch\u00e4tzte Lesezeit":"1 Minute"},"schema":{"@context":"https:\/\/schema.org","@graph":[{"@type":"WebPage","@id":"https:\/\/astoria-spa.cz\/de\/medical-spa-wellness\/physikalische-therapie\/","url":"https:\/\/astoria-spa.cz\/de\/medical-spa-wellness\/physikalische-therapie\/","name":"Physiotherapie - Astoria Hotel & Medical Spa -","isPartOf":{"@id":"https:\/\/astoria-spa.cz\/de\/#website"},"datePublished":"2022-03-04T14:50:15+00:00","dateModified":"2022-10-15T11:48:26+00:00","description":"Ein breites Spektrum unterschiedlichster Behandlungen zielt vor allem auf die Korrektur und Vorbeugung von Problemen des Bewegungsapparats ab. Alle Methoden tragen dazu bei, die Funktionsf\u00e4higkeit des K\u00f6rpers zu verbessern","breadcrumb":{"@id":"https:\/\/astoria-spa.cz\/de\/medical-spa-wellness\/physikalische-therapie\/#breadcrumb"},"inLanguage":"de-DE","potentialAction":[{"@type":"ReadAction","target":["https:\/\/astoria-spa.cz\/de\/medical-spa-wellness\/physikalische-therapie\/"]}]},{"@type":"BreadcrumbList","@id":"https:\/\/astoria-spa.cz\/de\/medical-spa-wellness\/physikalische-therapie\/#breadcrumb","itemListElement":[{"@type":"ListItem","position":1,"name":"Home","item":"https:\/\/astoria-spa.cz\/de\/"},{"@type":"ListItem","position":2,"name":"Medical Spa &amp; Wellness","item":"https:\/\/astoria-spa.cz\/de\/medical-spa-wellness\/"},{"@type":"ListItem","position":3,"name":"Physiotherapie"}]},{"@type":"WebSite","@id":"https:\/\/astoria-spa.cz\/de\/#website","url":"https:\/\/astoria-spa.cz\/de\/","name":"Astoria Hotel & Medical Spa","description":"Just another ms.decms.eu site","potentialAction":[{"@type":"SearchAction","target":{"@type":"EntryPoint","urlTemplate":"https:\/\/astoria-spa.cz\/de\/?s={search_term_string}"},"query-input":{"@type":"PropertyValueSpecification","valueRequired":true,"valueName":"search_term_string"}}],"inLanguage":"de-DE"}]}},"acf":[],"_links":{"self":[{"href":"https:\/\/astoria-spa.cz\/de\/wp-json\/wp\/v2\/pages\/633","targetHints":{"allow":["GET"]}}],"collection":[{"href":"https:\/\/astoria-spa.cz\/de\/wp-json\/wp\/v2\/pages"}],"about":[{"href":"https:\/\/astoria-spa.cz\/de\/wp-json\/wp\/v2\/types\/page"}],"author":[{"embeddable":true,"href":"https:\/\/astoria-spa.cz\/de\/wp-json\/wp\/v2\/users\/4"}],"replies":[{"embeddable":true,"href":"https:\/\/astoria-spa.cz\/de\/wp-json\/wp\/v2\/comments?post=633"}],"version-history":[{"count":0,"href":"https:\/\/astoria-spa.cz\/de\/wp-json\/wp\/v2\/pages\/633\/revisions"}],"up":[{"embeddable":true,"href":"https:\/\/astoria-spa.cz\/de\/wp-json\/wp\/v2\/pages\/604"}],"wp:attachment":[{"href":"https:\/\/astoria-spa.cz\/de\/wp-json\/wp\/v2\/media?parent=633"}],"wp:term":[{"taxonomy":"category","embeddable":true,"href":"https:\/\/astoria-spa.cz\/de\/wp-json\/wp\/v2\/categories?post=633"}],"curies":[{"name":"wp","href":"https:\/\/api.w.org\/{rel}","templated":true}]}}