{"id":629,"date":"2022-03-04T14:27:24","date_gmt":"2022-03-04T14:27:24","guid":{"rendered":"https:\/\/astoria-hotel-and-medical-spa.ms.decms.eu\/medical-spa-wellness\/lecebna-a-telesna-terapie\/"},"modified":"2022-10-15T11:54:26","modified_gmt":"2022-10-15T11:54:26","slug":"heilsame-koerpertherapie","status":"publish","type":"page","link":"https:\/\/astoria-spa.cz\/de\/medical-spa-wellness\/heilsame-koerpertherapie\/","title":{"rendered":"Heilsame K\u00f6rpertherapie"},"content":{"rendered":"<p>Die Therapie in Form von Bewegung unter Anleitung erfahrener Physiotherapeuten wirkt wohltuend auf den gesamten Bewegungsapparat. Es hilft, den K\u00f6rper zu bewegen und lindert Schmerzen.<\/p>\n<p>Sie k\u00f6nnen <strong>Hydrokinesiotherapie (\u00dcbungen im Pool) oder individuelle \u00dcbungen ausprobieren.<\/strong><\/p>\n","protected":false},"excerpt":{"rendered":"<p>Die Therapie in Form von Bewegung unter Anleitung erfahrener Physiotherapeuten wirkt wohltuend auf den gesamten Bewegungsapparat. Es hilft, den K\u00f6rper zu bewegen und lindert Schmerzen. Sie k\u00f6nnen Hydrokinesiotherapie (\u00dcbungen im Pool) oder individuelle \u00dcbungen ausprobieren.<\/p>\n","protected":false},"author":4,"featured_media":0,"parent":604,"menu_order":60,"comment_status":"closed","ping_status":"closed","template":"template-default-3.php","meta":{"footnotes":""},"categories":[24],"class_list":["post-629","page","type-page","status-publish","hentry","category-medical-spa-de"],"yoast_head":"<!-- This site is optimized with the Yoast SEO plugin v26.9 - https:\/\/yoast.com\/product\/yoast-seo-wordpress\/ -->\n<title>Heilsame K\u00f6rpertherapie - Astoria Hotel &amp; Medical Spa -<\/title>\n<meta name=\"description\" content=\"Die Therapie in Form von Bewegung unter Anleitung erfahrener Physiotherapeuten wirkt wohltuend auf den gesamten Bewegungsapparat. Es hilft, den K\u00f6rper zu bewegen und lindert Schmerzen.  Sie k\u00f6nnen Hydrokinesiotherapie (\u00dcbungen im Pool) oder individuelle \u00dcbungen ausprobieren.\" \/>\n<meta name=\"robots\" content=\"index, follow, max-snippet:-1, max-image-preview:large, max-video-preview:-1\" \/>\n<link rel=\"canonical\" href=\"https:\/\/astoria-spa.cz\/de\/medical-spa-wellness\/heilsame-koerpertherapie\/\" \/>\n<meta property=\"og:locale\" content=\"de_DE\" \/>\n<meta property=\"og:type\" content=\"article\" \/>\n<meta property=\"og:title\" content=\"Heilsame K\u00f6rpertherapie - Astoria Hotel &amp; Medical Spa -\" \/>\n<meta property=\"og:description\" content=\"Die Therapie in Form von Bewegung unter Anleitung erfahrener Physiotherapeuten wirkt wohltuend auf den gesamten Bewegungsapparat. Es hilft, den K\u00f6rper zu bewegen und lindert Schmerzen.  Sie k\u00f6nnen Hydrokinesiotherapie (\u00dcbungen im Pool) oder individuelle \u00dcbungen ausprobieren.\" \/>\n<meta property=\"og:url\" content=\"https:\/\/astoria-spa.cz\/de\/medical-spa-wellness\/heilsame-koerpertherapie\/\" \/>\n<meta property=\"og:site_name\" content=\"Astoria Hotel &amp; Medical Spa\" \/>\n<meta property=\"article:modified_time\" content=\"2022-10-15T11:54:26+00:00\" \/>\n<meta name=\"twitter:card\" content=\"summary_large_image\" \/>\n<meta name=\"twitter:label1\" content=\"Gesch\u00e4tzte Lesezeit\" \/>\n\t<meta name=\"twitter:data1\" content=\"1 Minute\" \/>\n<script type=\"application\/ld+json\" class=\"yoast-schema-graph\">{\"@context\":\"https:\/\/schema.org\",\"@graph\":[{\"@type\":\"WebPage\",\"@id\":\"https:\/\/astoria-spa.cz\/de\/medical-spa-wellness\/heilsame-koerpertherapie\/\",\"url\":\"https:\/\/astoria-spa.cz\/de\/medical-spa-wellness\/heilsame-koerpertherapie\/\",\"name\":\"Heilsame K\u00f6rpertherapie - Astoria Hotel & Medical Spa -\",\"isPartOf\":{\"@id\":\"https:\/\/astoria-spa.cz\/de\/#website\"},\"datePublished\":\"2022-03-04T14:27:24+00:00\",\"dateModified\":\"2022-10-15T11:54:26+00:00\",\"description\":\"Die Therapie in Form von Bewegung unter Anleitung erfahrener Physiotherapeuten wirkt wohltuend auf den gesamten Bewegungsapparat. Es hilft, den K\u00f6rper zu bewegen und lindert Schmerzen. Sie k\u00f6nnen Hydrokinesiotherapie (\u00dcbungen im Pool) oder individuelle \u00dcbungen ausprobieren.\",\"breadcrumb\":{\"@id\":\"https:\/\/astoria-spa.cz\/de\/medical-spa-wellness\/heilsame-koerpertherapie\/#breadcrumb\"},\"inLanguage\":\"de-DE\",\"potentialAction\":[{\"@type\":\"ReadAction\",\"target\":[\"https:\/\/astoria-spa.cz\/de\/medical-spa-wellness\/heilsame-koerpertherapie\/\"]}]},{\"@type\":\"BreadcrumbList\",\"@id\":\"https:\/\/astoria-spa.cz\/de\/medical-spa-wellness\/heilsame-koerpertherapie\/#breadcrumb\",\"itemListElement\":[{\"@type\":\"ListItem\",\"position\":1,\"name\":\"Home\",\"item\":\"https:\/\/astoria-spa.cz\/de\/\"},{\"@type\":\"ListItem\",\"position\":2,\"name\":\"Medical Spa &amp; Wellness\",\"item\":\"https:\/\/astoria-spa.cz\/de\/medical-spa-wellness\/\"},{\"@type\":\"ListItem\",\"position\":3,\"name\":\"Heilsame K\u00f6rpertherapie\"}]},{\"@type\":\"WebSite\",\"@id\":\"https:\/\/astoria-spa.cz\/de\/#website\",\"url\":\"https:\/\/astoria-spa.cz\/de\/\",\"name\":\"Astoria Hotel & Medical Spa\",\"description\":\"Just another ms.decms.eu site\",\"potentialAction\":[{\"@type\":\"SearchAction\",\"target\":{\"@type\":\"EntryPoint\",\"urlTemplate\":\"https:\/\/astoria-spa.cz\/de\/?s={search_term_string}\"},\"query-input\":{\"@type\":\"PropertyValueSpecification\",\"valueRequired\":true,\"valueName\":\"search_term_string\"}}],\"inLanguage\":\"de-DE\"}]}<\/script>\n<!-- \/ Yoast SEO plugin. -->","yoast_head_json":{"title":"Heilsame K\u00f6rpertherapie - Astoria Hotel & Medical Spa -","description":"Die Therapie in Form von Bewegung unter Anleitung erfahrener Physiotherapeuten wirkt wohltuend auf den gesamten Bewegungsapparat. Es hilft, den K\u00f6rper zu bewegen und lindert Schmerzen.  Sie k\u00f6nnen Hydrokinesiotherapie (\u00dcbungen im Pool) oder individuelle \u00dcbungen ausprobieren.","robots":{"index":"index","follow":"follow","max-snippet":"max-snippet:-1","max-image-preview":"max-image-preview:large","max-video-preview":"max-video-preview:-1"},"canonical":"https:\/\/astoria-spa.cz\/de\/medical-spa-wellness\/heilsame-koerpertherapie\/","og_locale":"de_DE","og_type":"article","og_title":"Heilsame K\u00f6rpertherapie - Astoria Hotel & Medical Spa -","og_description":"Die Therapie in Form von Bewegung unter Anleitung erfahrener Physiotherapeuten wirkt wohltuend auf den gesamten Bewegungsapparat. Es hilft, den K\u00f6rper zu bewegen und lindert Schmerzen.  Sie k\u00f6nnen Hydrokinesiotherapie (\u00dcbungen im Pool) oder individuelle \u00dcbungen ausprobieren.","og_url":"https:\/\/astoria-spa.cz\/de\/medical-spa-wellness\/heilsame-koerpertherapie\/","og_site_name":"Astoria Hotel & Medical Spa","article_modified_time":"2022-10-15T11:54:26+00:00","twitter_card":"summary_large_image","twitter_misc":{"Gesch\u00e4tzte Lesezeit":"1 Minute"},"schema":{"@context":"https:\/\/schema.org","@graph":[{"@type":"WebPage","@id":"https:\/\/astoria-spa.cz\/de\/medical-spa-wellness\/heilsame-koerpertherapie\/","url":"https:\/\/astoria-spa.cz\/de\/medical-spa-wellness\/heilsame-koerpertherapie\/","name":"Heilsame K\u00f6rpertherapie - Astoria Hotel & Medical Spa -","isPartOf":{"@id":"https:\/\/astoria-spa.cz\/de\/#website"},"datePublished":"2022-03-04T14:27:24+00:00","dateModified":"2022-10-15T11:54:26+00:00","description":"Die Therapie in Form von Bewegung unter Anleitung erfahrener Physiotherapeuten wirkt wohltuend auf den gesamten Bewegungsapparat. Es hilft, den K\u00f6rper zu bewegen und lindert Schmerzen. Sie k\u00f6nnen Hydrokinesiotherapie (\u00dcbungen im Pool) oder individuelle \u00dcbungen ausprobieren.","breadcrumb":{"@id":"https:\/\/astoria-spa.cz\/de\/medical-spa-wellness\/heilsame-koerpertherapie\/#breadcrumb"},"inLanguage":"de-DE","potentialAction":[{"@type":"ReadAction","target":["https:\/\/astoria-spa.cz\/de\/medical-spa-wellness\/heilsame-koerpertherapie\/"]}]},{"@type":"BreadcrumbList","@id":"https:\/\/astoria-spa.cz\/de\/medical-spa-wellness\/heilsame-koerpertherapie\/#breadcrumb","itemListElement":[{"@type":"ListItem","position":1,"name":"Home","item":"https:\/\/astoria-spa.cz\/de\/"},{"@type":"ListItem","position":2,"name":"Medical Spa &amp; Wellness","item":"https:\/\/astoria-spa.cz\/de\/medical-spa-wellness\/"},{"@type":"ListItem","position":3,"name":"Heilsame K\u00f6rpertherapie"}]},{"@type":"WebSite","@id":"https:\/\/astoria-spa.cz\/de\/#website","url":"https:\/\/astoria-spa.cz\/de\/","name":"Astoria Hotel & Medical Spa","description":"Just another ms.decms.eu site","potentialAction":[{"@type":"SearchAction","target":{"@type":"EntryPoint","urlTemplate":"https:\/\/astoria-spa.cz\/de\/?s={search_term_string}"},"query-input":{"@type":"PropertyValueSpecification","valueRequired":true,"valueName":"search_term_string"}}],"inLanguage":"de-DE"}]}},"acf":[],"_links":{"self":[{"href":"https:\/\/astoria-spa.cz\/de\/wp-json\/wp\/v2\/pages\/629","targetHints":{"allow":["GET"]}}],"collection":[{"href":"https:\/\/astoria-spa.cz\/de\/wp-json\/wp\/v2\/pages"}],"about":[{"href":"https:\/\/astoria-spa.cz\/de\/wp-json\/wp\/v2\/types\/page"}],"author":[{"embeddable":true,"href":"https:\/\/astoria-spa.cz\/de\/wp-json\/wp\/v2\/users\/4"}],"replies":[{"embeddable":true,"href":"https:\/\/astoria-spa.cz\/de\/wp-json\/wp\/v2\/comments?post=629"}],"version-history":[{"count":0,"href":"https:\/\/astoria-spa.cz\/de\/wp-json\/wp\/v2\/pages\/629\/revisions"}],"up":[{"embeddable":true,"href":"https:\/\/astoria-spa.cz\/de\/wp-json\/wp\/v2\/pages\/604"}],"wp:attachment":[{"href":"https:\/\/astoria-spa.cz\/de\/wp-json\/wp\/v2\/media?parent=629"}],"wp:term":[{"taxonomy":"category","embeddable":true,"href":"https:\/\/astoria-spa.cz\/de\/wp-json\/wp\/v2\/categories?post=629"}],"curies":[{"name":"wp","href":"https:\/\/api.w.org\/{rel}","templated":true}]}}