{"id":626,"date":"2022-03-04T11:31:02","date_gmt":"2022-03-04T11:31:02","guid":{"rendered":"https:\/\/astoria-hotel-and-medical-spa.ms.decms.eu\/medical-spa-wellness\/hydroterapie\/"},"modified":"2022-10-15T11:49:15","modified_gmt":"2022-10-15T11:49:15","slug":"hydrotherapie","status":"publish","type":"page","link":"https:\/\/astoria-spa.cz\/de\/medical-spa-wellness\/hydrotherapie\/","title":{"rendered":"Hydrotherapie"},"content":{"rendered":"<p>Wir verwenden f\u00fcr die Hydrotherapie ausschlie\u00dflich das nat\u00fcrliche Karlsbader Mineralwasser. Seine 100%ige Qualit\u00e4t wird durch eine separate Einspeisung aus einer nahe gelegenen Quelle gew\u00e4hrleistet. Die Rehabilitation ist also maximal wirksam und bringt gro\u00dfartige Ergebnisse.<\/p>\n<p>Die <strong>Hydrotherapie in unserem Thermalbad umfasst: B\u00e4der in Sprudelmineralwasser\u00a0<\/strong>(Kohlens\u00e4ure, Sprudel, Zusatzmittel, Ganzk\u00f6rper-Whirlpool, Moor)<strong>.<\/strong><\/p>\n<p>Bewegung als Medizin<\/p>\n<p>Die Bewegungstherapie unter Anleitung erfahrener Physiotherapeuten wirkt sich wohltuend auf den gesamten Bewegungsapparat aus. Sie hilft dem K\u00f6rper auf die Spr\u00fcnge und lindert Schmerzen.<\/p>\n<p><strong>Sie k\u00f6nnen auch Hydrokinesiotherapie (\u00dcbungen im Schwimmbad) oder individuelle \u00dcbungen ausprobieren.<\/strong><\/p>\n","protected":false},"excerpt":{"rendered":"<p>Wir verwenden f\u00fcr die Hydrotherapie ausschlie\u00dflich das nat\u00fcrliche Karlsbader Mineralwasser. Seine 100%ige Qualit\u00e4t wird durch eine separate Einspeisung aus einer nahe gelegenen Quelle gew\u00e4hrleistet. Die Rehabilitation ist also maximal wirksam und bringt gro\u00dfartige Ergebnisse. Die Hydrotherapie in unserem Thermalbad umfasst: B\u00e4der in Sprudelmineralwasser\u00a0(Kohlens\u00e4ure, Sprudel, Zusatzmittel, Ganzk\u00f6rper-Whirlpool, Moor). Bewegung als Medizin Die Bewegungstherapie unter Anleitung erfahrener [&hellip;]<\/p>\n","protected":false},"author":4,"featured_media":0,"parent":604,"menu_order":50,"comment_status":"closed","ping_status":"closed","template":"template-default-3.php","meta":{"footnotes":""},"categories":[24],"class_list":["post-626","page","type-page","status-publish","hentry","category-medical-spa-de"],"yoast_head":"<!-- This site is optimized with the Yoast SEO plugin v26.9 - https:\/\/yoast.com\/product\/yoast-seo-wordpress\/ -->\n<title>Hydrotherapie - Astoria Hotel &amp; Medical Spa -<\/title>\n<meta name=\"description\" content=\"Wir verwenden f\u00fcr die Hydrotherapie ausschlie\u00dflich das nat\u00fcrliche Karlsbader Mineralwasser. Seine 100%ige Qualit\u00e4t wird durch eine separate Einspeisung aus einer nahe gelegenen Quelle gew\u00e4hrleistet\" \/>\n<meta name=\"robots\" content=\"index, follow, max-snippet:-1, max-image-preview:large, max-video-preview:-1\" \/>\n<link rel=\"canonical\" href=\"https:\/\/astoria-spa.cz\/de\/medical-spa-wellness\/hydrotherapie\/\" \/>\n<meta property=\"og:locale\" content=\"de_DE\" \/>\n<meta property=\"og:type\" content=\"article\" \/>\n<meta property=\"og:title\" content=\"Hydrotherapie - Astoria Hotel &amp; Medical Spa -\" \/>\n<meta property=\"og:description\" content=\"Wir verwenden f\u00fcr die Hydrotherapie ausschlie\u00dflich das nat\u00fcrliche Karlsbader Mineralwasser. Seine 100%ige Qualit\u00e4t wird durch eine separate Einspeisung aus einer nahe gelegenen Quelle gew\u00e4hrleistet\" \/>\n<meta property=\"og:url\" content=\"https:\/\/astoria-spa.cz\/de\/medical-spa-wellness\/hydrotherapie\/\" \/>\n<meta property=\"og:site_name\" content=\"Astoria Hotel &amp; Medical Spa\" \/>\n<meta property=\"article:modified_time\" content=\"2022-10-15T11:49:15+00:00\" \/>\n<meta name=\"twitter:card\" content=\"summary_large_image\" \/>\n<meta name=\"twitter:label1\" content=\"Gesch\u00e4tzte Lesezeit\" \/>\n\t<meta name=\"twitter:data1\" content=\"1 Minute\" \/>\n<script type=\"application\/ld+json\" class=\"yoast-schema-graph\">{\"@context\":\"https:\/\/schema.org\",\"@graph\":[{\"@type\":\"WebPage\",\"@id\":\"https:\/\/astoria-spa.cz\/de\/medical-spa-wellness\/hydrotherapie\/\",\"url\":\"https:\/\/astoria-spa.cz\/de\/medical-spa-wellness\/hydrotherapie\/\",\"name\":\"Hydrotherapie - Astoria Hotel & Medical Spa -\",\"isPartOf\":{\"@id\":\"https:\/\/astoria-spa.cz\/de\/#website\"},\"datePublished\":\"2022-03-04T11:31:02+00:00\",\"dateModified\":\"2022-10-15T11:49:15+00:00\",\"description\":\"Wir verwenden f\u00fcr die Hydrotherapie ausschlie\u00dflich das nat\u00fcrliche Karlsbader Mineralwasser. Seine 100%ige Qualit\u00e4t wird durch eine separate Einspeisung aus einer nahe gelegenen Quelle gew\u00e4hrleistet\",\"breadcrumb\":{\"@id\":\"https:\/\/astoria-spa.cz\/de\/medical-spa-wellness\/hydrotherapie\/#breadcrumb\"},\"inLanguage\":\"de-DE\",\"potentialAction\":[{\"@type\":\"ReadAction\",\"target\":[\"https:\/\/astoria-spa.cz\/de\/medical-spa-wellness\/hydrotherapie\/\"]}]},{\"@type\":\"BreadcrumbList\",\"@id\":\"https:\/\/astoria-spa.cz\/de\/medical-spa-wellness\/hydrotherapie\/#breadcrumb\",\"itemListElement\":[{\"@type\":\"ListItem\",\"position\":1,\"name\":\"Home\",\"item\":\"https:\/\/astoria-spa.cz\/de\/\"},{\"@type\":\"ListItem\",\"position\":2,\"name\":\"Medical Spa &amp; Wellness\",\"item\":\"https:\/\/astoria-spa.cz\/de\/medical-spa-wellness\/\"},{\"@type\":\"ListItem\",\"position\":3,\"name\":\"Hydrotherapie\"}]},{\"@type\":\"WebSite\",\"@id\":\"https:\/\/astoria-spa.cz\/de\/#website\",\"url\":\"https:\/\/astoria-spa.cz\/de\/\",\"name\":\"Astoria Hotel & Medical Spa\",\"description\":\"Just another ms.decms.eu site\",\"potentialAction\":[{\"@type\":\"SearchAction\",\"target\":{\"@type\":\"EntryPoint\",\"urlTemplate\":\"https:\/\/astoria-spa.cz\/de\/?s={search_term_string}\"},\"query-input\":{\"@type\":\"PropertyValueSpecification\",\"valueRequired\":true,\"valueName\":\"search_term_string\"}}],\"inLanguage\":\"de-DE\"}]}<\/script>\n<!-- \/ Yoast SEO plugin. -->","yoast_head_json":{"title":"Hydrotherapie - Astoria Hotel & Medical Spa -","description":"Wir verwenden f\u00fcr die Hydrotherapie ausschlie\u00dflich das nat\u00fcrliche Karlsbader Mineralwasser. Seine 100%ige Qualit\u00e4t wird durch eine separate Einspeisung aus einer nahe gelegenen Quelle gew\u00e4hrleistet","robots":{"index":"index","follow":"follow","max-snippet":"max-snippet:-1","max-image-preview":"max-image-preview:large","max-video-preview":"max-video-preview:-1"},"canonical":"https:\/\/astoria-spa.cz\/de\/medical-spa-wellness\/hydrotherapie\/","og_locale":"de_DE","og_type":"article","og_title":"Hydrotherapie - Astoria Hotel & Medical Spa -","og_description":"Wir verwenden f\u00fcr die Hydrotherapie ausschlie\u00dflich das nat\u00fcrliche Karlsbader Mineralwasser. Seine 100%ige Qualit\u00e4t wird durch eine separate Einspeisung aus einer nahe gelegenen Quelle gew\u00e4hrleistet","og_url":"https:\/\/astoria-spa.cz\/de\/medical-spa-wellness\/hydrotherapie\/","og_site_name":"Astoria Hotel & Medical Spa","article_modified_time":"2022-10-15T11:49:15+00:00","twitter_card":"summary_large_image","twitter_misc":{"Gesch\u00e4tzte Lesezeit":"1 Minute"},"schema":{"@context":"https:\/\/schema.org","@graph":[{"@type":"WebPage","@id":"https:\/\/astoria-spa.cz\/de\/medical-spa-wellness\/hydrotherapie\/","url":"https:\/\/astoria-spa.cz\/de\/medical-spa-wellness\/hydrotherapie\/","name":"Hydrotherapie - Astoria Hotel & Medical Spa -","isPartOf":{"@id":"https:\/\/astoria-spa.cz\/de\/#website"},"datePublished":"2022-03-04T11:31:02+00:00","dateModified":"2022-10-15T11:49:15+00:00","description":"Wir verwenden f\u00fcr die Hydrotherapie ausschlie\u00dflich das nat\u00fcrliche Karlsbader Mineralwasser. Seine 100%ige Qualit\u00e4t wird durch eine separate Einspeisung aus einer nahe gelegenen Quelle gew\u00e4hrleistet","breadcrumb":{"@id":"https:\/\/astoria-spa.cz\/de\/medical-spa-wellness\/hydrotherapie\/#breadcrumb"},"inLanguage":"de-DE","potentialAction":[{"@type":"ReadAction","target":["https:\/\/astoria-spa.cz\/de\/medical-spa-wellness\/hydrotherapie\/"]}]},{"@type":"BreadcrumbList","@id":"https:\/\/astoria-spa.cz\/de\/medical-spa-wellness\/hydrotherapie\/#breadcrumb","itemListElement":[{"@type":"ListItem","position":1,"name":"Home","item":"https:\/\/astoria-spa.cz\/de\/"},{"@type":"ListItem","position":2,"name":"Medical Spa &amp; Wellness","item":"https:\/\/astoria-spa.cz\/de\/medical-spa-wellness\/"},{"@type":"ListItem","position":3,"name":"Hydrotherapie"}]},{"@type":"WebSite","@id":"https:\/\/astoria-spa.cz\/de\/#website","url":"https:\/\/astoria-spa.cz\/de\/","name":"Astoria Hotel & Medical Spa","description":"Just another ms.decms.eu site","potentialAction":[{"@type":"SearchAction","target":{"@type":"EntryPoint","urlTemplate":"https:\/\/astoria-spa.cz\/de\/?s={search_term_string}"},"query-input":{"@type":"PropertyValueSpecification","valueRequired":true,"valueName":"search_term_string"}}],"inLanguage":"de-DE"}]}},"acf":[],"_links":{"self":[{"href":"https:\/\/astoria-spa.cz\/de\/wp-json\/wp\/v2\/pages\/626","targetHints":{"allow":["GET"]}}],"collection":[{"href":"https:\/\/astoria-spa.cz\/de\/wp-json\/wp\/v2\/pages"}],"about":[{"href":"https:\/\/astoria-spa.cz\/de\/wp-json\/wp\/v2\/types\/page"}],"author":[{"embeddable":true,"href":"https:\/\/astoria-spa.cz\/de\/wp-json\/wp\/v2\/users\/4"}],"replies":[{"embeddable":true,"href":"https:\/\/astoria-spa.cz\/de\/wp-json\/wp\/v2\/comments?post=626"}],"version-history":[{"count":0,"href":"https:\/\/astoria-spa.cz\/de\/wp-json\/wp\/v2\/pages\/626\/revisions"}],"up":[{"embeddable":true,"href":"https:\/\/astoria-spa.cz\/de\/wp-json\/wp\/v2\/pages\/604"}],"wp:attachment":[{"href":"https:\/\/astoria-spa.cz\/de\/wp-json\/wp\/v2\/media?parent=626"}],"wp:term":[{"taxonomy":"category","embeddable":true,"href":"https:\/\/astoria-spa.cz\/de\/wp-json\/wp\/v2\/categories?post=626"}],"curies":[{"name":"wp","href":"https:\/\/api.w.org\/{rel}","templated":true}]}}