{"id":621,"date":"2022-03-04T10:47:30","date_gmt":"2022-03-04T10:47:30","guid":{"rendered":"https:\/\/astoria-hotel-and-medical-spa.ms.decms.eu\/medical-spa-wellness\/thajske-masaze-tawan\/"},"modified":"2026-02-02T07:55:28","modified_gmt":"2026-02-02T07:55:28","slug":"thailandische-massagen-tawan","status":"publish","type":"page","link":"https:\/\/astoria-spa.cz\/de\/medical-spa-wellness\/thailandische-massagen-tawan\/","title":{"rendered":"Thailandische Massage TAWAN"},"content":{"rendered":"<p>G\u00f6nnen Sie sich nach einem anstrengenden Tag eine echte Thai-Massage. Ob Sie eine klassische, \u00d6l- oder Aromamassage bevorzugen, Sie k\u00f6nnen sie tags\u00fcber, abends oder am Wochenende genie\u00dfen. Wir beraten Sie an der Hotelrezeption \u00fcber die Wahl der Massageart und die Buchung von Terminen.<\/p>\n<p><a href=\"https:\/\/astoria-spa.cz\/wp-content\/uploads\/sites\/420\/2026\/02\/TAWAN-od-01.01.26.pdf\"><strong><u>PREISLISTE f\u00fcr Massagen<\/u><\/strong><\/a><\/p>\n","protected":false},"excerpt":{"rendered":"<p>G\u00f6nnen Sie sich nach einem anstrengenden Tag eine echte Thai-Massage. Ob Sie eine klassische, \u00d6l- oder Aromamassage bevorzugen, Sie k\u00f6nnen sie tags\u00fcber, abends oder am Wochenende genie\u00dfen. Wir beraten Sie an der Hotelrezeption \u00fcber die Wahl der Massageart und die Buchung von Terminen. PREISLISTE f\u00fcr Massagen<\/p>\n","protected":false},"author":4,"featured_media":0,"parent":604,"menu_order":40,"comment_status":"closed","ping_status":"closed","template":"template-default-3.php","meta":{"footnotes":""},"categories":[28],"class_list":["post-621","page","type-page","status-publish","hentry","category-wellness-de"],"yoast_head":"<!-- This site is optimized with the Yoast SEO plugin v26.9 - https:\/\/yoast.com\/product\/yoast-seo-wordpress\/ -->\n<title>Thailandische Massage TAWAN - Astoria Hotel &amp; Medical Spa -<\/title>\n<meta name=\"description\" content=\"G\u00f6nnen Sie sich nach einem anstrengenden Tag eine echte Thai-Massage. Ob Sie eine klassische, \u00d6l- oder Aromamassage bevorzugen, Sie k\u00f6nnen sie tags\u00fcber, abends oder am Wochenende genie\u00dfen\" \/>\n<meta name=\"robots\" content=\"index, follow, max-snippet:-1, max-image-preview:large, max-video-preview:-1\" \/>\n<link rel=\"canonical\" href=\"https:\/\/astoria-spa.cz\/de\/medical-spa-wellness\/thailandische-massagen-tawan\/\" \/>\n<meta property=\"og:locale\" content=\"de_DE\" \/>\n<meta property=\"og:type\" content=\"article\" \/>\n<meta property=\"og:title\" content=\"Thailandische Massage TAWAN - Astoria Hotel &amp; Medical Spa -\" \/>\n<meta property=\"og:description\" content=\"G\u00f6nnen Sie sich nach einem anstrengenden Tag eine echte Thai-Massage. Ob Sie eine klassische, \u00d6l- oder Aromamassage bevorzugen, Sie k\u00f6nnen sie tags\u00fcber, abends oder am Wochenende genie\u00dfen\" \/>\n<meta property=\"og:url\" content=\"https:\/\/astoria-spa.cz\/de\/medical-spa-wellness\/thailandische-massagen-tawan\/\" \/>\n<meta property=\"og:site_name\" content=\"Astoria Hotel &amp; Medical Spa\" \/>\n<meta property=\"article:modified_time\" content=\"2026-02-02T07:55:28+00:00\" \/>\n<meta name=\"twitter:card\" content=\"summary_large_image\" \/>\n<meta name=\"twitter:label1\" content=\"Gesch\u00e4tzte Lesezeit\" \/>\n\t<meta name=\"twitter:data1\" content=\"1 Minute\" \/>\n<script type=\"application\/ld+json\" class=\"yoast-schema-graph\">{\"@context\":\"https:\/\/schema.org\",\"@graph\":[{\"@type\":\"WebPage\",\"@id\":\"https:\/\/astoria-spa.cz\/de\/medical-spa-wellness\/thailandische-massagen-tawan\/\",\"url\":\"https:\/\/astoria-spa.cz\/de\/medical-spa-wellness\/thailandische-massagen-tawan\/\",\"name\":\"Thailandische Massage TAWAN - Astoria Hotel & Medical Spa -\",\"isPartOf\":{\"@id\":\"https:\/\/astoria-spa.cz\/de\/#website\"},\"datePublished\":\"2022-03-04T10:47:30+00:00\",\"dateModified\":\"2026-02-02T07:55:28+00:00\",\"description\":\"G\u00f6nnen Sie sich nach einem anstrengenden Tag eine echte Thai-Massage. Ob Sie eine klassische, \u00d6l- oder Aromamassage bevorzugen, Sie k\u00f6nnen sie tags\u00fcber, abends oder am Wochenende genie\u00dfen\",\"breadcrumb\":{\"@id\":\"https:\/\/astoria-spa.cz\/de\/medical-spa-wellness\/thailandische-massagen-tawan\/#breadcrumb\"},\"inLanguage\":\"de-DE\",\"potentialAction\":[{\"@type\":\"ReadAction\",\"target\":[\"https:\/\/astoria-spa.cz\/de\/medical-spa-wellness\/thailandische-massagen-tawan\/\"]}]},{\"@type\":\"BreadcrumbList\",\"@id\":\"https:\/\/astoria-spa.cz\/de\/medical-spa-wellness\/thailandische-massagen-tawan\/#breadcrumb\",\"itemListElement\":[{\"@type\":\"ListItem\",\"position\":1,\"name\":\"Home\",\"item\":\"https:\/\/astoria-spa.cz\/de\/\"},{\"@type\":\"ListItem\",\"position\":2,\"name\":\"Medical Spa &amp; Wellness\",\"item\":\"https:\/\/astoria-spa.cz\/de\/medical-spa-wellness\/\"},{\"@type\":\"ListItem\",\"position\":3,\"name\":\"Thailandische Massage TAWAN\"}]},{\"@type\":\"WebSite\",\"@id\":\"https:\/\/astoria-spa.cz\/de\/#website\",\"url\":\"https:\/\/astoria-spa.cz\/de\/\",\"name\":\"Astoria Hotel & Medical Spa\",\"description\":\"Just another ms.decms.eu site\",\"potentialAction\":[{\"@type\":\"SearchAction\",\"target\":{\"@type\":\"EntryPoint\",\"urlTemplate\":\"https:\/\/astoria-spa.cz\/de\/?s={search_term_string}\"},\"query-input\":{\"@type\":\"PropertyValueSpecification\",\"valueRequired\":true,\"valueName\":\"search_term_string\"}}],\"inLanguage\":\"de-DE\"}]}<\/script>\n<!-- \/ Yoast SEO plugin. -->","yoast_head_json":{"title":"Thailandische Massage TAWAN - Astoria Hotel & Medical Spa -","description":"G\u00f6nnen Sie sich nach einem anstrengenden Tag eine echte Thai-Massage. Ob Sie eine klassische, \u00d6l- oder Aromamassage bevorzugen, Sie k\u00f6nnen sie tags\u00fcber, abends oder am Wochenende genie\u00dfen","robots":{"index":"index","follow":"follow","max-snippet":"max-snippet:-1","max-image-preview":"max-image-preview:large","max-video-preview":"max-video-preview:-1"},"canonical":"https:\/\/astoria-spa.cz\/de\/medical-spa-wellness\/thailandische-massagen-tawan\/","og_locale":"de_DE","og_type":"article","og_title":"Thailandische Massage TAWAN - Astoria Hotel & Medical Spa -","og_description":"G\u00f6nnen Sie sich nach einem anstrengenden Tag eine echte Thai-Massage. Ob Sie eine klassische, \u00d6l- oder Aromamassage bevorzugen, Sie k\u00f6nnen sie tags\u00fcber, abends oder am Wochenende genie\u00dfen","og_url":"https:\/\/astoria-spa.cz\/de\/medical-spa-wellness\/thailandische-massagen-tawan\/","og_site_name":"Astoria Hotel & Medical Spa","article_modified_time":"2026-02-02T07:55:28+00:00","twitter_card":"summary_large_image","twitter_misc":{"Gesch\u00e4tzte Lesezeit":"1 Minute"},"schema":{"@context":"https:\/\/schema.org","@graph":[{"@type":"WebPage","@id":"https:\/\/astoria-spa.cz\/de\/medical-spa-wellness\/thailandische-massagen-tawan\/","url":"https:\/\/astoria-spa.cz\/de\/medical-spa-wellness\/thailandische-massagen-tawan\/","name":"Thailandische Massage TAWAN - Astoria Hotel & Medical Spa -","isPartOf":{"@id":"https:\/\/astoria-spa.cz\/de\/#website"},"datePublished":"2022-03-04T10:47:30+00:00","dateModified":"2026-02-02T07:55:28+00:00","description":"G\u00f6nnen Sie sich nach einem anstrengenden Tag eine echte Thai-Massage. Ob Sie eine klassische, \u00d6l- oder Aromamassage bevorzugen, Sie k\u00f6nnen sie tags\u00fcber, abends oder am Wochenende genie\u00dfen","breadcrumb":{"@id":"https:\/\/astoria-spa.cz\/de\/medical-spa-wellness\/thailandische-massagen-tawan\/#breadcrumb"},"inLanguage":"de-DE","potentialAction":[{"@type":"ReadAction","target":["https:\/\/astoria-spa.cz\/de\/medical-spa-wellness\/thailandische-massagen-tawan\/"]}]},{"@type":"BreadcrumbList","@id":"https:\/\/astoria-spa.cz\/de\/medical-spa-wellness\/thailandische-massagen-tawan\/#breadcrumb","itemListElement":[{"@type":"ListItem","position":1,"name":"Home","item":"https:\/\/astoria-spa.cz\/de\/"},{"@type":"ListItem","position":2,"name":"Medical Spa &amp; Wellness","item":"https:\/\/astoria-spa.cz\/de\/medical-spa-wellness\/"},{"@type":"ListItem","position":3,"name":"Thailandische Massage TAWAN"}]},{"@type":"WebSite","@id":"https:\/\/astoria-spa.cz\/de\/#website","url":"https:\/\/astoria-spa.cz\/de\/","name":"Astoria Hotel & Medical Spa","description":"Just another ms.decms.eu site","potentialAction":[{"@type":"SearchAction","target":{"@type":"EntryPoint","urlTemplate":"https:\/\/astoria-spa.cz\/de\/?s={search_term_string}"},"query-input":{"@type":"PropertyValueSpecification","valueRequired":true,"valueName":"search_term_string"}}],"inLanguage":"de-DE"}]}},"acf":[],"_links":{"self":[{"href":"https:\/\/astoria-spa.cz\/de\/wp-json\/wp\/v2\/pages\/621","targetHints":{"allow":["GET"]}}],"collection":[{"href":"https:\/\/astoria-spa.cz\/de\/wp-json\/wp\/v2\/pages"}],"about":[{"href":"https:\/\/astoria-spa.cz\/de\/wp-json\/wp\/v2\/types\/page"}],"author":[{"embeddable":true,"href":"https:\/\/astoria-spa.cz\/de\/wp-json\/wp\/v2\/users\/4"}],"replies":[{"embeddable":true,"href":"https:\/\/astoria-spa.cz\/de\/wp-json\/wp\/v2\/comments?post=621"}],"version-history":[{"count":0,"href":"https:\/\/astoria-spa.cz\/de\/wp-json\/wp\/v2\/pages\/621\/revisions"}],"up":[{"embeddable":true,"href":"https:\/\/astoria-spa.cz\/de\/wp-json\/wp\/v2\/pages\/604"}],"wp:attachment":[{"href":"https:\/\/astoria-spa.cz\/de\/wp-json\/wp\/v2\/media?parent=621"}],"wp:term":[{"taxonomy":"category","embeddable":true,"href":"https:\/\/astoria-spa.cz\/de\/wp-json\/wp\/v2\/categories?post=621"}],"curies":[{"name":"wp","href":"https:\/\/api.w.org\/{rel}","templated":true}]}}