{"id":613,"date":"2022-03-22T16:16:33","date_gmt":"2022-03-22T16:16:33","guid":{"rendered":"https:\/\/astoria-hotel-and-medical-spa.ms.decms.eu\/?page_id=613"},"modified":"2024-12-17T20:33:33","modified_gmt":"2024-12-17T20:33:33","slug":"neu-wellness-zentrum","status":"publish","type":"page","link":"https:\/\/astoria-spa.cz\/de\/medical-spa-wellness\/neu-wellness-zentrum\/","title":{"rendered":"Neues Wellness Zentrum"},"content":{"rendered":"<p>Genie\u00dfen Sie perfekte Entspannung im neuen Wellness-Center mit einem Pool samt Gegenstromanlage, Massaged\u00fcsen, Massagebank und Bodensprudelmassage. Drei Saunen (Finnische Sauna, Dampfbad und Aromasauna), 3 Erlebnisduschen oder auch der Kneippgang bringen das Blut in Wallung und befreien den K\u00f6rper von Stress.\u00a0 Es gibt 3 Entspannungsr\u00e4ume, in denen Sie eine Tasse warmen Tee oder ein Glas Wasser mit Zitrone und Kr\u00e4utern genie\u00dfen k\u00f6nnen.<\/p>\n<p>Seien Sie vorsichtig, auch bei st\u00e4ndiger Pflege ist es dort ziemlich rutschig, nehmen Sie also Hausschuhe mit Gummisohlen mit.<\/p>\n","protected":false},"excerpt":{"rendered":"<p>Genie\u00dfen Sie perfekte Entspannung im neuen Wellness-Center mit einem Pool samt Gegenstromanlage, Massaged\u00fcsen, Massagebank und Bodensprudelmassage. Drei Saunen (Finnische Sauna, Dampfbad und Aromasauna), 3 Erlebnisduschen oder auch der Kneippgang bringen das Blut in Wallung und befreien den K\u00f6rper von Stress.\u00a0 Es gibt 3 Entspannungsr\u00e4ume, in denen Sie eine Tasse warmen Tee oder ein Glas Wasser [&hellip;]<\/p>\n","protected":false},"author":4,"featured_media":0,"parent":604,"menu_order":20,"comment_status":"closed","ping_status":"closed","template":"template-default-3.php","meta":{"footnotes":""},"categories":[28],"class_list":["post-613","page","type-page","status-publish","hentry","category-wellness-de"],"yoast_head":"<!-- This site is optimized with the Yoast SEO plugin v26.9 - https:\/\/yoast.com\/product\/yoast-seo-wordpress\/ -->\n<title>Neues Wellness Zentrum - Astoria Hotel &amp; Medical Spa -<\/title>\n<meta name=\"description\" content=\"Genie\u00dfen Sie perfekte Entspannung im neuen Wellness-Center mit einem Pool samt Gegenstromanlage, Massaged\u00fcsen, Massagebank und Bodensprudelmassage. Drei Saunen (Finnische Sauna, Dampfbad und Aromasauna), 3 Erlebnisduschen oder auch der Kneippgang bringen das Blut in Wallung und befreien den K\u00f6rper von Stress.\u00a0 Es gibt 3 Entspannungsr\u00e4ume, in denen Sie eine Tasse warmen Tee oder ein Glas Wasser mit Zitrone und Kr\u00e4utern genie\u00dfen k\u00f6nnen.  Seien Sie vorsichtig, auch bei st\u00e4ndiger Pflege ist es dort ziemlich rutschig, nehmen Sie also Hausschuhe mit Gummisohlen mit.\" \/>\n<meta name=\"robots\" content=\"index, follow, max-snippet:-1, max-image-preview:large, max-video-preview:-1\" \/>\n<link rel=\"canonical\" href=\"https:\/\/astoria-spa.cz\/de\/medical-spa-wellness\/neu-wellness-zentrum\/\" \/>\n<meta property=\"og:locale\" content=\"de_DE\" \/>\n<meta property=\"og:type\" content=\"article\" \/>\n<meta property=\"og:title\" content=\"Neues Wellness Zentrum - Astoria Hotel &amp; Medical Spa -\" \/>\n<meta property=\"og:description\" content=\"Genie\u00dfen Sie perfekte Entspannung im neuen Wellness-Center mit einem Pool samt Gegenstromanlage, Massaged\u00fcsen, Massagebank und Bodensprudelmassage. Drei Saunen (Finnische Sauna, Dampfbad und Aromasauna), 3 Erlebnisduschen oder auch der Kneippgang bringen das Blut in Wallung und befreien den K\u00f6rper von Stress.\u00a0 Es gibt 3 Entspannungsr\u00e4ume, in denen Sie eine Tasse warmen Tee oder ein Glas Wasser mit Zitrone und Kr\u00e4utern genie\u00dfen k\u00f6nnen.  Seien Sie vorsichtig, auch bei st\u00e4ndiger Pflege ist es dort ziemlich rutschig, nehmen Sie also Hausschuhe mit Gummisohlen mit.\" \/>\n<meta property=\"og:url\" content=\"https:\/\/astoria-spa.cz\/de\/medical-spa-wellness\/neu-wellness-zentrum\/\" \/>\n<meta property=\"og:site_name\" content=\"Astoria Hotel &amp; Medical Spa\" \/>\n<meta property=\"article:modified_time\" content=\"2024-12-17T20:33:33+00:00\" \/>\n<meta name=\"twitter:card\" content=\"summary_large_image\" \/>\n<meta name=\"twitter:label1\" content=\"Gesch\u00e4tzte Lesezeit\" \/>\n\t<meta name=\"twitter:data1\" content=\"1 Minute\" \/>\n<script type=\"application\/ld+json\" class=\"yoast-schema-graph\">{\"@context\":\"https:\/\/schema.org\",\"@graph\":[{\"@type\":\"WebPage\",\"@id\":\"https:\/\/astoria-spa.cz\/de\/medical-spa-wellness\/neu-wellness-zentrum\/\",\"url\":\"https:\/\/astoria-spa.cz\/de\/medical-spa-wellness\/neu-wellness-zentrum\/\",\"name\":\"Neues Wellness Zentrum - Astoria Hotel & Medical Spa -\",\"isPartOf\":{\"@id\":\"https:\/\/astoria-spa.cz\/de\/#website\"},\"datePublished\":\"2022-03-22T16:16:33+00:00\",\"dateModified\":\"2024-12-17T20:33:33+00:00\",\"description\":\"Genie\u00dfen Sie perfekte Entspannung im neuen Wellness-Center mit einem Pool samt Gegenstromanlage, Massaged\u00fcsen, Massagebank und Bodensprudelmassage. Drei Saunen (Finnische Sauna, Dampfbad und Aromasauna), 3 Erlebnisduschen oder auch der Kneippgang bringen das Blut in Wallung und befreien den K\u00f6rper von Stress.\u00a0 Es gibt 3 Entspannungsr\u00e4ume, in denen Sie eine Tasse warmen Tee oder ein Glas Wasser mit Zitrone und Kr\u00e4utern genie\u00dfen k\u00f6nnen. Seien Sie vorsichtig, auch bei st\u00e4ndiger Pflege ist es dort ziemlich rutschig, nehmen Sie also Hausschuhe mit Gummisohlen mit.\",\"breadcrumb\":{\"@id\":\"https:\/\/astoria-spa.cz\/de\/medical-spa-wellness\/neu-wellness-zentrum\/#breadcrumb\"},\"inLanguage\":\"de-DE\",\"potentialAction\":[{\"@type\":\"ReadAction\",\"target\":[\"https:\/\/astoria-spa.cz\/de\/medical-spa-wellness\/neu-wellness-zentrum\/\"]}]},{\"@type\":\"BreadcrumbList\",\"@id\":\"https:\/\/astoria-spa.cz\/de\/medical-spa-wellness\/neu-wellness-zentrum\/#breadcrumb\",\"itemListElement\":[{\"@type\":\"ListItem\",\"position\":1,\"name\":\"Home\",\"item\":\"https:\/\/astoria-spa.cz\/de\/\"},{\"@type\":\"ListItem\",\"position\":2,\"name\":\"Medical Spa &amp; Wellness\",\"item\":\"https:\/\/astoria-spa.cz\/de\/medical-spa-wellness\/\"},{\"@type\":\"ListItem\",\"position\":3,\"name\":\"Neues Wellness Zentrum\"}]},{\"@type\":\"WebSite\",\"@id\":\"https:\/\/astoria-spa.cz\/de\/#website\",\"url\":\"https:\/\/astoria-spa.cz\/de\/\",\"name\":\"Astoria Hotel & Medical Spa\",\"description\":\"Just another ms.decms.eu site\",\"potentialAction\":[{\"@type\":\"SearchAction\",\"target\":{\"@type\":\"EntryPoint\",\"urlTemplate\":\"https:\/\/astoria-spa.cz\/de\/?s={search_term_string}\"},\"query-input\":{\"@type\":\"PropertyValueSpecification\",\"valueRequired\":true,\"valueName\":\"search_term_string\"}}],\"inLanguage\":\"de-DE\"}]}<\/script>\n<!-- \/ Yoast SEO plugin. -->","yoast_head_json":{"title":"Neues Wellness Zentrum - Astoria Hotel & Medical Spa -","description":"Genie\u00dfen Sie perfekte Entspannung im neuen Wellness-Center mit einem Pool samt Gegenstromanlage, Massaged\u00fcsen, Massagebank und Bodensprudelmassage. Drei Saunen (Finnische Sauna, Dampfbad und Aromasauna), 3 Erlebnisduschen oder auch der Kneippgang bringen das Blut in Wallung und befreien den K\u00f6rper von Stress.\u00a0 Es gibt 3 Entspannungsr\u00e4ume, in denen Sie eine Tasse warmen Tee oder ein Glas Wasser mit Zitrone und Kr\u00e4utern genie\u00dfen k\u00f6nnen.  Seien Sie vorsichtig, auch bei st\u00e4ndiger Pflege ist es dort ziemlich rutschig, nehmen Sie also Hausschuhe mit Gummisohlen mit.","robots":{"index":"index","follow":"follow","max-snippet":"max-snippet:-1","max-image-preview":"max-image-preview:large","max-video-preview":"max-video-preview:-1"},"canonical":"https:\/\/astoria-spa.cz\/de\/medical-spa-wellness\/neu-wellness-zentrum\/","og_locale":"de_DE","og_type":"article","og_title":"Neues Wellness Zentrum - Astoria Hotel & Medical Spa -","og_description":"Genie\u00dfen Sie perfekte Entspannung im neuen Wellness-Center mit einem Pool samt Gegenstromanlage, Massaged\u00fcsen, Massagebank und Bodensprudelmassage. Drei Saunen (Finnische Sauna, Dampfbad und Aromasauna), 3 Erlebnisduschen oder auch der Kneippgang bringen das Blut in Wallung und befreien den K\u00f6rper von Stress.\u00a0 Es gibt 3 Entspannungsr\u00e4ume, in denen Sie eine Tasse warmen Tee oder ein Glas Wasser mit Zitrone und Kr\u00e4utern genie\u00dfen k\u00f6nnen.  Seien Sie vorsichtig, auch bei st\u00e4ndiger Pflege ist es dort ziemlich rutschig, nehmen Sie also Hausschuhe mit Gummisohlen mit.","og_url":"https:\/\/astoria-spa.cz\/de\/medical-spa-wellness\/neu-wellness-zentrum\/","og_site_name":"Astoria Hotel & Medical Spa","article_modified_time":"2024-12-17T20:33:33+00:00","twitter_card":"summary_large_image","twitter_misc":{"Gesch\u00e4tzte Lesezeit":"1 Minute"},"schema":{"@context":"https:\/\/schema.org","@graph":[{"@type":"WebPage","@id":"https:\/\/astoria-spa.cz\/de\/medical-spa-wellness\/neu-wellness-zentrum\/","url":"https:\/\/astoria-spa.cz\/de\/medical-spa-wellness\/neu-wellness-zentrum\/","name":"Neues Wellness Zentrum - Astoria Hotel & Medical Spa -","isPartOf":{"@id":"https:\/\/astoria-spa.cz\/de\/#website"},"datePublished":"2022-03-22T16:16:33+00:00","dateModified":"2024-12-17T20:33:33+00:00","description":"Genie\u00dfen Sie perfekte Entspannung im neuen Wellness-Center mit einem Pool samt Gegenstromanlage, Massaged\u00fcsen, Massagebank und Bodensprudelmassage. Drei Saunen (Finnische Sauna, Dampfbad und Aromasauna), 3 Erlebnisduschen oder auch der Kneippgang bringen das Blut in Wallung und befreien den K\u00f6rper von Stress.\u00a0 Es gibt 3 Entspannungsr\u00e4ume, in denen Sie eine Tasse warmen Tee oder ein Glas Wasser mit Zitrone und Kr\u00e4utern genie\u00dfen k\u00f6nnen. Seien Sie vorsichtig, auch bei st\u00e4ndiger Pflege ist es dort ziemlich rutschig, nehmen Sie also Hausschuhe mit Gummisohlen mit.","breadcrumb":{"@id":"https:\/\/astoria-spa.cz\/de\/medical-spa-wellness\/neu-wellness-zentrum\/#breadcrumb"},"inLanguage":"de-DE","potentialAction":[{"@type":"ReadAction","target":["https:\/\/astoria-spa.cz\/de\/medical-spa-wellness\/neu-wellness-zentrum\/"]}]},{"@type":"BreadcrumbList","@id":"https:\/\/astoria-spa.cz\/de\/medical-spa-wellness\/neu-wellness-zentrum\/#breadcrumb","itemListElement":[{"@type":"ListItem","position":1,"name":"Home","item":"https:\/\/astoria-spa.cz\/de\/"},{"@type":"ListItem","position":2,"name":"Medical Spa &amp; Wellness","item":"https:\/\/astoria-spa.cz\/de\/medical-spa-wellness\/"},{"@type":"ListItem","position":3,"name":"Neues Wellness Zentrum"}]},{"@type":"WebSite","@id":"https:\/\/astoria-spa.cz\/de\/#website","url":"https:\/\/astoria-spa.cz\/de\/","name":"Astoria Hotel & Medical Spa","description":"Just another ms.decms.eu site","potentialAction":[{"@type":"SearchAction","target":{"@type":"EntryPoint","urlTemplate":"https:\/\/astoria-spa.cz\/de\/?s={search_term_string}"},"query-input":{"@type":"PropertyValueSpecification","valueRequired":true,"valueName":"search_term_string"}}],"inLanguage":"de-DE"}]}},"acf":[],"_links":{"self":[{"href":"https:\/\/astoria-spa.cz\/de\/wp-json\/wp\/v2\/pages\/613","targetHints":{"allow":["GET"]}}],"collection":[{"href":"https:\/\/astoria-spa.cz\/de\/wp-json\/wp\/v2\/pages"}],"about":[{"href":"https:\/\/astoria-spa.cz\/de\/wp-json\/wp\/v2\/types\/page"}],"author":[{"embeddable":true,"href":"https:\/\/astoria-spa.cz\/de\/wp-json\/wp\/v2\/users\/4"}],"replies":[{"embeddable":true,"href":"https:\/\/astoria-spa.cz\/de\/wp-json\/wp\/v2\/comments?post=613"}],"version-history":[{"count":0,"href":"https:\/\/astoria-spa.cz\/de\/wp-json\/wp\/v2\/pages\/613\/revisions"}],"up":[{"embeddable":true,"href":"https:\/\/astoria-spa.cz\/de\/wp-json\/wp\/v2\/pages\/604"}],"wp:attachment":[{"href":"https:\/\/astoria-spa.cz\/de\/wp-json\/wp\/v2\/media?parent=613"}],"wp:term":[{"taxonomy":"category","embeddable":true,"href":"https:\/\/astoria-spa.cz\/de\/wp-json\/wp\/v2\/categories?post=613"}],"curies":[{"name":"wp","href":"https:\/\/api.w.org\/{rel}","templated":true}]}}