{"id":607,"date":"2022-03-04T09:15:01","date_gmt":"2022-03-04T09:15:01","guid":{"rendered":"https:\/\/astoria-hotel-and-medical-spa.ms.decms.eu\/medical-spa-wellness\/medical-spa\/"},"modified":"2022-10-15T11:24:15","modified_gmt":"2022-10-15T11:24:15","slug":"medical-spa","status":"publish","type":"page","link":"https:\/\/astoria-spa.cz\/de\/medical-spa-wellness\/medical-spa\/","title":{"rendered":"Medical Spa"},"content":{"rendered":"<p>Wir sind ein registrierter Anbieter von medizinischen Dienstleistungen, das hei\u00dft von Heil- und Rehabilitationsbehandlungen, und das bedeutet, dass wir eines der wenigen Hotels in Karlsbad sind, die medizinische Dienstleistungen auf h\u00f6chstem Niveau anbieten, so dass Ihre Gesundheit in den besten H\u00e4nden ist.<\/p>\n<p>Die heilende Wirkung des Mineralwassers k\u00f6nnen Sie im Balneoprogramm, das Karlsbader Mineralwasser f\u00fcr die Behandlungen verwendet, auf Ihrer eigenen Haut sp\u00fcren. Die n\u00e4chstgelegenen Heilquellen erwarten Sie an der gegen\u00fcberliegenden M\u00fchlbrunnkolonnade, und viele weitere sind zu Fu\u00df erreichbar \u2013 einfach einen Becher nehmen und auf gehts!<\/p>\n<p>Unsere G\u00e4ste kommen am h\u00e4ufigsten zur Behandlung von Erkrankungen des Verdauungstraktes und \u00a0des Bewegungsapparates, Erkrankungen infolge von Stoffwechselst\u00f6rungen aber auch zur Behebung von k\u00f6rperlicher und geistiger Ersch\u00f6pfung zu uns.<\/p>\n<p>Die Heilbehandlungen werden erg\u00e4nzt durch ein Wellness-Center mit Schwimmbad, finnischer Sauna, Dampf- und Kr\u00e4uterbad. Angeboten werden auch entspannende Massagen und B\u00e4der sowie das Ausleihen von Fahrr\u00e4dern oder Nordic-Walking-St\u00f6cken f\u00fcr Wanderungen durch die umliegenden W\u00e4lder.<\/p>\n","protected":false},"excerpt":{"rendered":"<p>Wir sind ein registrierter Anbieter von medizinischen Dienstleistungen, das hei\u00dft von Heil- und Rehabilitationsbehandlungen, und das bedeutet, dass wir eines der wenigen Hotels in Karlsbad sind, die medizinische Dienstleistungen auf h\u00f6chstem Niveau anbieten, so dass Ihre Gesundheit in den besten H\u00e4nden ist. Die heilende Wirkung des Mineralwassers k\u00f6nnen Sie im Balneoprogramm, das Karlsbader Mineralwasser f\u00fcr [&hellip;]<\/p>\n","protected":false},"author":4,"featured_media":0,"parent":604,"menu_order":10,"comment_status":"closed","ping_status":"closed","template":"template-default-3.php","meta":{"footnotes":""},"categories":[24],"class_list":["post-607","page","type-page","status-publish","hentry","category-medical-spa-de"],"yoast_head":"<!-- This site is optimized with the Yoast SEO plugin v26.9 - https:\/\/yoast.com\/product\/yoast-seo-wordpress\/ -->\n<title>Medical Spa - Astoria Hotel &amp; Medical Spa -<\/title>\n<meta name=\"description\" content=\"Wir sind ein registrierter Anbieter von medizinischen Dienstleistungen, das hei\u00dft von Heil- und Rehabilitationsbehandlungen, und das bedeutet, dass wir eines der wenigen Hotels in Karlsbad sind, die medizinische Dienstleistungen auf h\u00f6chstem Niveau anbieten, so dass Ihre Gesundheit in den besten H\u00e4nden ist.  Die heilende Wirkung des Mineralwassers k\u00f6nnen Sie im Balneoprogramm, das Karlsbader Mineralwasser f\u00fcr die Behandlungen verwendet, auf Ihrer eigenen Haut sp\u00fcren. Die n\u00e4chstgelegenen Heilquellen erwarten Sie an der gegen\u00fcberliegenden M\u00fchlbrunnkolonnade, und viele weitere sind zu Fu\u00df erreichbar \u2013 einfach einen Becher nehmen und auf gehts!  Unsere G\u00e4ste kommen am h\u00e4ufigsten zur Behandlung von Erkrankungen des Verdauungstraktes und \u00a0des Bewegungsapparates, Erkrankungen infolge von Stoffwechselst\u00f6rungen aber auch zur Behebung von k\u00f6rperlicher und geistiger Ersch\u00f6pfung zu uns.  Die Heilbehandlungen werden erg\u00e4nzt durch ein Wellness-Center mit Schwimmbad, finnischer Sauna, Dampf- und Kr\u00e4uterbad\" \/>\n<meta name=\"robots\" content=\"index, follow, max-snippet:-1, max-image-preview:large, max-video-preview:-1\" \/>\n<link rel=\"canonical\" href=\"https:\/\/astoria-spa.cz\/de\/medical-spa-wellness\/medical-spa\/\" \/>\n<meta property=\"og:locale\" content=\"de_DE\" \/>\n<meta property=\"og:type\" content=\"article\" \/>\n<meta property=\"og:title\" content=\"Medical Spa - Astoria Hotel &amp; Medical Spa -\" \/>\n<meta property=\"og:description\" content=\"Wir sind ein registrierter Anbieter von medizinischen Dienstleistungen, das hei\u00dft von Heil- und Rehabilitationsbehandlungen, und das bedeutet, dass wir eines der wenigen Hotels in Karlsbad sind, die medizinische Dienstleistungen auf h\u00f6chstem Niveau anbieten, so dass Ihre Gesundheit in den besten H\u00e4nden ist.  Die heilende Wirkung des Mineralwassers k\u00f6nnen Sie im Balneoprogramm, das Karlsbader Mineralwasser f\u00fcr die Behandlungen verwendet, auf Ihrer eigenen Haut sp\u00fcren. Die n\u00e4chstgelegenen Heilquellen erwarten Sie an der gegen\u00fcberliegenden M\u00fchlbrunnkolonnade, und viele weitere sind zu Fu\u00df erreichbar \u2013 einfach einen Becher nehmen und auf gehts!  Unsere G\u00e4ste kommen am h\u00e4ufigsten zur Behandlung von Erkrankungen des Verdauungstraktes und \u00a0des Bewegungsapparates, Erkrankungen infolge von Stoffwechselst\u00f6rungen aber auch zur Behebung von k\u00f6rperlicher und geistiger Ersch\u00f6pfung zu uns.  Die Heilbehandlungen werden erg\u00e4nzt durch ein Wellness-Center mit Schwimmbad, finnischer Sauna, Dampf- und Kr\u00e4uterbad\" \/>\n<meta property=\"og:url\" content=\"https:\/\/astoria-spa.cz\/de\/medical-spa-wellness\/medical-spa\/\" \/>\n<meta property=\"og:site_name\" content=\"Astoria Hotel &amp; Medical Spa\" \/>\n<meta property=\"article:modified_time\" content=\"2022-10-15T11:24:15+00:00\" \/>\n<meta name=\"twitter:card\" content=\"summary_large_image\" \/>\n<meta name=\"twitter:label1\" content=\"Gesch\u00e4tzte Lesezeit\" \/>\n\t<meta name=\"twitter:data1\" content=\"1 Minute\" \/>\n<script type=\"application\/ld+json\" class=\"yoast-schema-graph\">{\"@context\":\"https:\/\/schema.org\",\"@graph\":[{\"@type\":\"WebPage\",\"@id\":\"https:\/\/astoria-spa.cz\/de\/medical-spa-wellness\/medical-spa\/\",\"url\":\"https:\/\/astoria-spa.cz\/de\/medical-spa-wellness\/medical-spa\/\",\"name\":\"Medical Spa - Astoria Hotel & Medical Spa -\",\"isPartOf\":{\"@id\":\"https:\/\/astoria-spa.cz\/de\/#website\"},\"datePublished\":\"2022-03-04T09:15:01+00:00\",\"dateModified\":\"2022-10-15T11:24:15+00:00\",\"description\":\"Wir sind ein registrierter Anbieter von medizinischen Dienstleistungen, das hei\u00dft von Heil- und Rehabilitationsbehandlungen, und das bedeutet, dass wir eines der wenigen Hotels in Karlsbad sind, die medizinische Dienstleistungen auf h\u00f6chstem Niveau anbieten, so dass Ihre Gesundheit in den besten H\u00e4nden ist. Die heilende Wirkung des Mineralwassers k\u00f6nnen Sie im Balneoprogramm, das Karlsbader Mineralwasser f\u00fcr die Behandlungen verwendet, auf Ihrer eigenen Haut sp\u00fcren. Die n\u00e4chstgelegenen Heilquellen erwarten Sie an der gegen\u00fcberliegenden M\u00fchlbrunnkolonnade, und viele weitere sind zu Fu\u00df erreichbar \u2013 einfach einen Becher nehmen und auf gehts! Unsere G\u00e4ste kommen am h\u00e4ufigsten zur Behandlung von Erkrankungen des Verdauungstraktes und \u00a0des Bewegungsapparates, Erkrankungen infolge von Stoffwechselst\u00f6rungen aber auch zur Behebung von k\u00f6rperlicher und geistiger Ersch\u00f6pfung zu uns. Die Heilbehandlungen werden erg\u00e4nzt durch ein Wellness-Center mit Schwimmbad, finnischer Sauna, Dampf- und Kr\u00e4uterbad\",\"breadcrumb\":{\"@id\":\"https:\/\/astoria-spa.cz\/de\/medical-spa-wellness\/medical-spa\/#breadcrumb\"},\"inLanguage\":\"de-DE\",\"potentialAction\":[{\"@type\":\"ReadAction\",\"target\":[\"https:\/\/astoria-spa.cz\/de\/medical-spa-wellness\/medical-spa\/\"]}]},{\"@type\":\"BreadcrumbList\",\"@id\":\"https:\/\/astoria-spa.cz\/de\/medical-spa-wellness\/medical-spa\/#breadcrumb\",\"itemListElement\":[{\"@type\":\"ListItem\",\"position\":1,\"name\":\"Home\",\"item\":\"https:\/\/astoria-spa.cz\/de\/\"},{\"@type\":\"ListItem\",\"position\":2,\"name\":\"Medical Spa &amp; Wellness\",\"item\":\"https:\/\/astoria-spa.cz\/de\/medical-spa-wellness\/\"},{\"@type\":\"ListItem\",\"position\":3,\"name\":\"Medical Spa\"}]},{\"@type\":\"WebSite\",\"@id\":\"https:\/\/astoria-spa.cz\/de\/#website\",\"url\":\"https:\/\/astoria-spa.cz\/de\/\",\"name\":\"Astoria Hotel & Medical Spa\",\"description\":\"Just another ms.decms.eu site\",\"potentialAction\":[{\"@type\":\"SearchAction\",\"target\":{\"@type\":\"EntryPoint\",\"urlTemplate\":\"https:\/\/astoria-spa.cz\/de\/?s={search_term_string}\"},\"query-input\":{\"@type\":\"PropertyValueSpecification\",\"valueRequired\":true,\"valueName\":\"search_term_string\"}}],\"inLanguage\":\"de-DE\"}]}<\/script>\n<!-- \/ Yoast SEO plugin. -->","yoast_head_json":{"title":"Medical Spa - Astoria Hotel & Medical Spa -","description":"Wir sind ein registrierter Anbieter von medizinischen Dienstleistungen, das hei\u00dft von Heil- und Rehabilitationsbehandlungen, und das bedeutet, dass wir eines der wenigen Hotels in Karlsbad sind, die medizinische Dienstleistungen auf h\u00f6chstem Niveau anbieten, so dass Ihre Gesundheit in den besten H\u00e4nden ist.  Die heilende Wirkung des Mineralwassers k\u00f6nnen Sie im Balneoprogramm, das Karlsbader Mineralwasser f\u00fcr die Behandlungen verwendet, auf Ihrer eigenen Haut sp\u00fcren. Die n\u00e4chstgelegenen Heilquellen erwarten Sie an der gegen\u00fcberliegenden M\u00fchlbrunnkolonnade, und viele weitere sind zu Fu\u00df erreichbar \u2013 einfach einen Becher nehmen und auf gehts!  Unsere G\u00e4ste kommen am h\u00e4ufigsten zur Behandlung von Erkrankungen des Verdauungstraktes und \u00a0des Bewegungsapparates, Erkrankungen infolge von Stoffwechselst\u00f6rungen aber auch zur Behebung von k\u00f6rperlicher und geistiger Ersch\u00f6pfung zu uns.  Die Heilbehandlungen werden erg\u00e4nzt durch ein Wellness-Center mit Schwimmbad, finnischer Sauna, Dampf- und Kr\u00e4uterbad","robots":{"index":"index","follow":"follow","max-snippet":"max-snippet:-1","max-image-preview":"max-image-preview:large","max-video-preview":"max-video-preview:-1"},"canonical":"https:\/\/astoria-spa.cz\/de\/medical-spa-wellness\/medical-spa\/","og_locale":"de_DE","og_type":"article","og_title":"Medical Spa - Astoria Hotel & Medical Spa -","og_description":"Wir sind ein registrierter Anbieter von medizinischen Dienstleistungen, das hei\u00dft von Heil- und Rehabilitationsbehandlungen, und das bedeutet, dass wir eines der wenigen Hotels in Karlsbad sind, die medizinische Dienstleistungen auf h\u00f6chstem Niveau anbieten, so dass Ihre Gesundheit in den besten H\u00e4nden ist.  Die heilende Wirkung des Mineralwassers k\u00f6nnen Sie im Balneoprogramm, das Karlsbader Mineralwasser f\u00fcr die Behandlungen verwendet, auf Ihrer eigenen Haut sp\u00fcren. Die n\u00e4chstgelegenen Heilquellen erwarten Sie an der gegen\u00fcberliegenden M\u00fchlbrunnkolonnade, und viele weitere sind zu Fu\u00df erreichbar \u2013 einfach einen Becher nehmen und auf gehts!  Unsere G\u00e4ste kommen am h\u00e4ufigsten zur Behandlung von Erkrankungen des Verdauungstraktes und \u00a0des Bewegungsapparates, Erkrankungen infolge von Stoffwechselst\u00f6rungen aber auch zur Behebung von k\u00f6rperlicher und geistiger Ersch\u00f6pfung zu uns.  Die Heilbehandlungen werden erg\u00e4nzt durch ein Wellness-Center mit Schwimmbad, finnischer Sauna, Dampf- und Kr\u00e4uterbad","og_url":"https:\/\/astoria-spa.cz\/de\/medical-spa-wellness\/medical-spa\/","og_site_name":"Astoria Hotel & Medical Spa","article_modified_time":"2022-10-15T11:24:15+00:00","twitter_card":"summary_large_image","twitter_misc":{"Gesch\u00e4tzte Lesezeit":"1 Minute"},"schema":{"@context":"https:\/\/schema.org","@graph":[{"@type":"WebPage","@id":"https:\/\/astoria-spa.cz\/de\/medical-spa-wellness\/medical-spa\/","url":"https:\/\/astoria-spa.cz\/de\/medical-spa-wellness\/medical-spa\/","name":"Medical Spa - Astoria Hotel & Medical Spa -","isPartOf":{"@id":"https:\/\/astoria-spa.cz\/de\/#website"},"datePublished":"2022-03-04T09:15:01+00:00","dateModified":"2022-10-15T11:24:15+00:00","description":"Wir sind ein registrierter Anbieter von medizinischen Dienstleistungen, das hei\u00dft von Heil- und Rehabilitationsbehandlungen, und das bedeutet, dass wir eines der wenigen Hotels in Karlsbad sind, die medizinische Dienstleistungen auf h\u00f6chstem Niveau anbieten, so dass Ihre Gesundheit in den besten H\u00e4nden ist. Die heilende Wirkung des Mineralwassers k\u00f6nnen Sie im Balneoprogramm, das Karlsbader Mineralwasser f\u00fcr die Behandlungen verwendet, auf Ihrer eigenen Haut sp\u00fcren. Die n\u00e4chstgelegenen Heilquellen erwarten Sie an der gegen\u00fcberliegenden M\u00fchlbrunnkolonnade, und viele weitere sind zu Fu\u00df erreichbar \u2013 einfach einen Becher nehmen und auf gehts! Unsere G\u00e4ste kommen am h\u00e4ufigsten zur Behandlung von Erkrankungen des Verdauungstraktes und \u00a0des Bewegungsapparates, Erkrankungen infolge von Stoffwechselst\u00f6rungen aber auch zur Behebung von k\u00f6rperlicher und geistiger Ersch\u00f6pfung zu uns. Die Heilbehandlungen werden erg\u00e4nzt durch ein Wellness-Center mit Schwimmbad, finnischer Sauna, Dampf- und Kr\u00e4uterbad","breadcrumb":{"@id":"https:\/\/astoria-spa.cz\/de\/medical-spa-wellness\/medical-spa\/#breadcrumb"},"inLanguage":"de-DE","potentialAction":[{"@type":"ReadAction","target":["https:\/\/astoria-spa.cz\/de\/medical-spa-wellness\/medical-spa\/"]}]},{"@type":"BreadcrumbList","@id":"https:\/\/astoria-spa.cz\/de\/medical-spa-wellness\/medical-spa\/#breadcrumb","itemListElement":[{"@type":"ListItem","position":1,"name":"Home","item":"https:\/\/astoria-spa.cz\/de\/"},{"@type":"ListItem","position":2,"name":"Medical Spa &amp; Wellness","item":"https:\/\/astoria-spa.cz\/de\/medical-spa-wellness\/"},{"@type":"ListItem","position":3,"name":"Medical Spa"}]},{"@type":"WebSite","@id":"https:\/\/astoria-spa.cz\/de\/#website","url":"https:\/\/astoria-spa.cz\/de\/","name":"Astoria Hotel & Medical Spa","description":"Just another ms.decms.eu site","potentialAction":[{"@type":"SearchAction","target":{"@type":"EntryPoint","urlTemplate":"https:\/\/astoria-spa.cz\/de\/?s={search_term_string}"},"query-input":{"@type":"PropertyValueSpecification","valueRequired":true,"valueName":"search_term_string"}}],"inLanguage":"de-DE"}]}},"acf":[],"_links":{"self":[{"href":"https:\/\/astoria-spa.cz\/de\/wp-json\/wp\/v2\/pages\/607","targetHints":{"allow":["GET"]}}],"collection":[{"href":"https:\/\/astoria-spa.cz\/de\/wp-json\/wp\/v2\/pages"}],"about":[{"href":"https:\/\/astoria-spa.cz\/de\/wp-json\/wp\/v2\/types\/page"}],"author":[{"embeddable":true,"href":"https:\/\/astoria-spa.cz\/de\/wp-json\/wp\/v2\/users\/4"}],"replies":[{"embeddable":true,"href":"https:\/\/astoria-spa.cz\/de\/wp-json\/wp\/v2\/comments?post=607"}],"version-history":[{"count":0,"href":"https:\/\/astoria-spa.cz\/de\/wp-json\/wp\/v2\/pages\/607\/revisions"}],"up":[{"embeddable":true,"href":"https:\/\/astoria-spa.cz\/de\/wp-json\/wp\/v2\/pages\/604"}],"wp:attachment":[{"href":"https:\/\/astoria-spa.cz\/de\/wp-json\/wp\/v2\/media?parent=607"}],"wp:term":[{"taxonomy":"category","embeddable":true,"href":"https:\/\/astoria-spa.cz\/de\/wp-json\/wp\/v2\/categories?post=607"}],"curies":[{"name":"wp","href":"https:\/\/api.w.org\/{rel}","templated":true}]}}