{"id":604,"date":"2022-03-04T09:13:15","date_gmt":"2022-03-04T09:13:15","guid":{"rendered":"https:\/\/astoria-hotel-and-medical-spa.ms.decms.eu\/medical-spa-wellness\/"},"modified":"2024-12-17T20:16:56","modified_gmt":"2024-12-17T20:16:56","slug":"medical-spa-wellness","status":"publish","type":"page","link":"https:\/\/astoria-spa.cz\/de\/medical-spa-wellness\/","title":{"rendered":"Medical Spa &amp; Wellness"},"content":{"rendered":"<p>Ob Sie zur Heilbehandlung oder zum Entspannen und Auftanken kommen, Sie k\u00f6nnen aus einem breiten Angebot an medizinischen, Rehabilitations- und Wellnessanwendungen w\u00e4hlen. Unser Team medizinischer Fachleute unter der Leitung der Ober\u00e4rztin Frau MUDr. Jaroslava Krabcova wird Ihre Schmerzen lindern, Ihre Muskeln entspannen und Ihre Seele erfrischen.<\/p>\n<p><a href=\"https:\/\/astoria-spa.cz\/wp-content\/uploads\/sites\/420\/2024\/12\/Cenik-Medical-Spa-Wellness-k-20.12.2024.pdf\">Anwendungen und Preisliste<\/a><\/p>\n","protected":false},"excerpt":{"rendered":"<p>Ob Sie zur Heilbehandlung oder zum Entspannen und Auftanken kommen, Sie k\u00f6nnen aus einem breiten Angebot an medizinischen, Rehabilitations- und Wellnessanwendungen w\u00e4hlen. Unser Team medizinischer Fachleute unter der Leitung der Ober\u00e4rztin Frau MUDr. Jaroslava Krabcova wird Ihre Schmerzen lindern, Ihre Muskeln entspannen und Ihre Seele erfrischen. Anwendungen und Preisliste<\/p>\n","protected":false},"author":4,"featured_media":0,"parent":0,"menu_order":26,"comment_status":"closed","ping_status":"closed","template":"template-spa.php","meta":{"footnotes":""},"categories":[],"class_list":["post-604","page","type-page","status-publish","hentry"],"yoast_head":"<!-- This site is optimized with the Yoast SEO plugin v26.9 - https:\/\/yoast.com\/product\/yoast-seo-wordpress\/ -->\n<title>Medical Spa &amp; Wellness - Astoria Hotel &amp; Medical Spa -<\/title>\n<meta name=\"description\" content=\"Ob Sie zur Heilbehandlung oder zum Entspannen und Auftanken kommen, Sie k\u00f6nnen aus einem breiten Angebot an medizinischen, Rehabilitations- und Wellnessanwendungen w\u00e4hlen. Unser Team medizinischer Fachleute unter der Leitung der Ober\u00e4rztin Frau MUDr\" \/>\n<meta name=\"robots\" content=\"index, follow, max-snippet:-1, max-image-preview:large, max-video-preview:-1\" \/>\n<link rel=\"canonical\" href=\"https:\/\/astoria-spa.cz\/de\/medical-spa-wellness\/\" \/>\n<meta property=\"og:locale\" content=\"de_DE\" \/>\n<meta property=\"og:type\" content=\"article\" \/>\n<meta property=\"og:title\" content=\"Medical Spa &amp; Wellness - Astoria Hotel &amp; Medical Spa -\" \/>\n<meta property=\"og:description\" content=\"Ob Sie zur Heilbehandlung oder zum Entspannen und Auftanken kommen, Sie k\u00f6nnen aus einem breiten Angebot an medizinischen, Rehabilitations- und Wellnessanwendungen w\u00e4hlen. Unser Team medizinischer Fachleute unter der Leitung der Ober\u00e4rztin Frau MUDr\" \/>\n<meta property=\"og:url\" content=\"https:\/\/astoria-spa.cz\/de\/medical-spa-wellness\/\" \/>\n<meta property=\"og:site_name\" content=\"Astoria Hotel &amp; Medical Spa\" \/>\n<meta property=\"article:modified_time\" content=\"2024-12-17T20:16:56+00:00\" \/>\n<meta name=\"twitter:card\" content=\"summary_large_image\" \/>\n<meta name=\"twitter:label1\" content=\"Gesch\u00e4tzte Lesezeit\" \/>\n\t<meta name=\"twitter:data1\" content=\"1 Minute\" \/>\n<script type=\"application\/ld+json\" class=\"yoast-schema-graph\">{\"@context\":\"https:\/\/schema.org\",\"@graph\":[{\"@type\":\"WebPage\",\"@id\":\"https:\/\/astoria-spa.cz\/de\/medical-spa-wellness\/\",\"url\":\"https:\/\/astoria-spa.cz\/de\/medical-spa-wellness\/\",\"name\":\"Medical Spa &amp; Wellness - Astoria Hotel & Medical Spa -\",\"isPartOf\":{\"@id\":\"https:\/\/astoria-spa.cz\/de\/#website\"},\"datePublished\":\"2022-03-04T09:13:15+00:00\",\"dateModified\":\"2024-12-17T20:16:56+00:00\",\"description\":\"Ob Sie zur Heilbehandlung oder zum Entspannen und Auftanken kommen, Sie k\u00f6nnen aus einem breiten Angebot an medizinischen, Rehabilitations- und Wellnessanwendungen w\u00e4hlen. Unser Team medizinischer Fachleute unter der Leitung der Ober\u00e4rztin Frau MUDr\",\"breadcrumb\":{\"@id\":\"https:\/\/astoria-spa.cz\/de\/medical-spa-wellness\/#breadcrumb\"},\"inLanguage\":\"de-DE\",\"potentialAction\":[{\"@type\":\"ReadAction\",\"target\":[\"https:\/\/astoria-spa.cz\/de\/medical-spa-wellness\/\"]}]},{\"@type\":\"BreadcrumbList\",\"@id\":\"https:\/\/astoria-spa.cz\/de\/medical-spa-wellness\/#breadcrumb\",\"itemListElement\":[{\"@type\":\"ListItem\",\"position\":1,\"name\":\"Home\",\"item\":\"https:\/\/astoria-spa.cz\/de\/\"},{\"@type\":\"ListItem\",\"position\":2,\"name\":\"Medical Spa &amp; Wellness\"}]},{\"@type\":\"WebSite\",\"@id\":\"https:\/\/astoria-spa.cz\/de\/#website\",\"url\":\"https:\/\/astoria-spa.cz\/de\/\",\"name\":\"Astoria Hotel & Medical Spa\",\"description\":\"Just another ms.decms.eu site\",\"potentialAction\":[{\"@type\":\"SearchAction\",\"target\":{\"@type\":\"EntryPoint\",\"urlTemplate\":\"https:\/\/astoria-spa.cz\/de\/?s={search_term_string}\"},\"query-input\":{\"@type\":\"PropertyValueSpecification\",\"valueRequired\":true,\"valueName\":\"search_term_string\"}}],\"inLanguage\":\"de-DE\"}]}<\/script>\n<!-- \/ Yoast SEO plugin. -->","yoast_head_json":{"title":"Medical Spa &amp; Wellness - Astoria Hotel & Medical Spa -","description":"Ob Sie zur Heilbehandlung oder zum Entspannen und Auftanken kommen, Sie k\u00f6nnen aus einem breiten Angebot an medizinischen, Rehabilitations- und Wellnessanwendungen w\u00e4hlen. Unser Team medizinischer Fachleute unter der Leitung der Ober\u00e4rztin Frau MUDr","robots":{"index":"index","follow":"follow","max-snippet":"max-snippet:-1","max-image-preview":"max-image-preview:large","max-video-preview":"max-video-preview:-1"},"canonical":"https:\/\/astoria-spa.cz\/de\/medical-spa-wellness\/","og_locale":"de_DE","og_type":"article","og_title":"Medical Spa &amp; Wellness - Astoria Hotel & Medical Spa -","og_description":"Ob Sie zur Heilbehandlung oder zum Entspannen und Auftanken kommen, Sie k\u00f6nnen aus einem breiten Angebot an medizinischen, Rehabilitations- und Wellnessanwendungen w\u00e4hlen. Unser Team medizinischer Fachleute unter der Leitung der Ober\u00e4rztin Frau MUDr","og_url":"https:\/\/astoria-spa.cz\/de\/medical-spa-wellness\/","og_site_name":"Astoria Hotel & Medical Spa","article_modified_time":"2024-12-17T20:16:56+00:00","twitter_card":"summary_large_image","twitter_misc":{"Gesch\u00e4tzte Lesezeit":"1 Minute"},"schema":{"@context":"https:\/\/schema.org","@graph":[{"@type":"WebPage","@id":"https:\/\/astoria-spa.cz\/de\/medical-spa-wellness\/","url":"https:\/\/astoria-spa.cz\/de\/medical-spa-wellness\/","name":"Medical Spa &amp; Wellness - Astoria Hotel & Medical Spa -","isPartOf":{"@id":"https:\/\/astoria-spa.cz\/de\/#website"},"datePublished":"2022-03-04T09:13:15+00:00","dateModified":"2024-12-17T20:16:56+00:00","description":"Ob Sie zur Heilbehandlung oder zum Entspannen und Auftanken kommen, Sie k\u00f6nnen aus einem breiten Angebot an medizinischen, Rehabilitations- und Wellnessanwendungen w\u00e4hlen. Unser Team medizinischer Fachleute unter der Leitung der Ober\u00e4rztin Frau MUDr","breadcrumb":{"@id":"https:\/\/astoria-spa.cz\/de\/medical-spa-wellness\/#breadcrumb"},"inLanguage":"de-DE","potentialAction":[{"@type":"ReadAction","target":["https:\/\/astoria-spa.cz\/de\/medical-spa-wellness\/"]}]},{"@type":"BreadcrumbList","@id":"https:\/\/astoria-spa.cz\/de\/medical-spa-wellness\/#breadcrumb","itemListElement":[{"@type":"ListItem","position":1,"name":"Home","item":"https:\/\/astoria-spa.cz\/de\/"},{"@type":"ListItem","position":2,"name":"Medical Spa &amp; Wellness"}]},{"@type":"WebSite","@id":"https:\/\/astoria-spa.cz\/de\/#website","url":"https:\/\/astoria-spa.cz\/de\/","name":"Astoria Hotel & Medical Spa","description":"Just another ms.decms.eu site","potentialAction":[{"@type":"SearchAction","target":{"@type":"EntryPoint","urlTemplate":"https:\/\/astoria-spa.cz\/de\/?s={search_term_string}"},"query-input":{"@type":"PropertyValueSpecification","valueRequired":true,"valueName":"search_term_string"}}],"inLanguage":"de-DE"}]}},"acf":[],"_links":{"self":[{"href":"https:\/\/astoria-spa.cz\/de\/wp-json\/wp\/v2\/pages\/604","targetHints":{"allow":["GET"]}}],"collection":[{"href":"https:\/\/astoria-spa.cz\/de\/wp-json\/wp\/v2\/pages"}],"about":[{"href":"https:\/\/astoria-spa.cz\/de\/wp-json\/wp\/v2\/types\/page"}],"author":[{"embeddable":true,"href":"https:\/\/astoria-spa.cz\/de\/wp-json\/wp\/v2\/users\/4"}],"replies":[{"embeddable":true,"href":"https:\/\/astoria-spa.cz\/de\/wp-json\/wp\/v2\/comments?post=604"}],"version-history":[{"count":0,"href":"https:\/\/astoria-spa.cz\/de\/wp-json\/wp\/v2\/pages\/604\/revisions"}],"wp:attachment":[{"href":"https:\/\/astoria-spa.cz\/de\/wp-json\/wp\/v2\/media?parent=604"}],"wp:term":[{"taxonomy":"category","embeddable":true,"href":"https:\/\/astoria-spa.cz\/de\/wp-json\/wp\/v2\/categories?post=604"}],"curies":[{"name":"wp","href":"https:\/\/api.w.org\/{rel}","templated":true}]}}