{"id":595,"date":"2022-03-03T15:20:48","date_gmt":"2022-03-03T15:20:48","guid":{"rendered":"https:\/\/astoria-hotel-and-medical-spa.ms.decms.eu\/unterkunft\/art-deco-wolker\/wolker-suite-superior\/"},"modified":"2023-01-11T23:44:06","modified_gmt":"2023-01-11T23:44:06","slug":"wolker-suite-superior","status":"publish","type":"page","link":"https:\/\/astoria-spa.cz\/de\/unterkunft\/art-deco-wolker\/wolker-suite-superior\/","title":{"rendered":"WOLKER SUITE SUPERIOR"},"content":{"rendered":"<p>Dieses<strong> gro\u00dfz\u00fcgige Zimmer (45\u00a0m<sup>2<\/sup><\/strong>) ist ideal f\u00fcr Familien mit Kindern, oder wenn Sie hier arbeiten und auch relaxen m\u00f6chten. Das Wohnzimmer ist mit einem Ausziehsofa und einem Kaffee-Set ausgestattet. Genie\u00dfen Sie Ihren Kaffee auf dem Balkon mit einem herrlichen Blick auf die Markt- und die Sprudelkolonnade! F\u00fcr Familien gibt es au\u00dferdem eine zweite separate Toilette.<\/p>\n","protected":false},"excerpt":{"rendered":"<p>Dieses gro\u00dfz\u00fcgige Zimmer (45\u00a0m2) ist ideal f\u00fcr Familien mit Kindern, oder wenn Sie hier arbeiten und auch relaxen m\u00f6chten. Das Wohnzimmer ist mit einem Ausziehsofa und einem Kaffee-Set ausgestattet. Genie\u00dfen Sie Ihren Kaffee auf dem Balkon mit einem herrlichen Blick auf die Markt- und die Sprudelkolonnade! F\u00fcr Familien gibt es au\u00dferdem eine zweite separate Toilette.<\/p>\n","protected":false},"author":4,"featured_media":0,"parent":530,"menu_order":40,"comment_status":"closed","ping_status":"closed","template":"template-single-room.php","meta":{"footnotes":""},"categories":[],"class_list":["post-595","page","type-page","status-publish","hentry"],"yoast_head":"<!-- This site is optimized with the Yoast SEO plugin v26.9 - https:\/\/yoast.com\/product\/yoast-seo-wordpress\/ -->\n<title>WOLKER SUITE SUPERIOR - Astoria Hotel &amp; Medical Spa -<\/title>\n<meta name=\"description\" content=\"Dieses gro\u00dfz\u00fcgige Zimmer (45\u00a0m2) ist ideal f\u00fcr Familien mit Kindern, oder wenn Sie hier arbeiten und auch relaxen m\u00f6chten. Das Wohnzimmer ist mit einem Ausziehsofa und einem Kaffee-Set ausgestattet\" \/>\n<meta name=\"robots\" content=\"index, follow, max-snippet:-1, max-image-preview:large, max-video-preview:-1\" \/>\n<link rel=\"canonical\" href=\"https:\/\/astoria-spa.cz\/de\/unterkunft\/art-deco-wolker\/wolker-suite-superior\/\" \/>\n<meta property=\"og:locale\" content=\"de_DE\" \/>\n<meta property=\"og:type\" content=\"article\" \/>\n<meta property=\"og:title\" content=\"WOLKER SUITE SUPERIOR - Astoria Hotel &amp; Medical Spa -\" \/>\n<meta property=\"og:description\" content=\"Dieses gro\u00dfz\u00fcgige Zimmer (45\u00a0m2) ist ideal f\u00fcr Familien mit Kindern, oder wenn Sie hier arbeiten und auch relaxen m\u00f6chten. Das Wohnzimmer ist mit einem Ausziehsofa und einem Kaffee-Set ausgestattet\" \/>\n<meta property=\"og:url\" content=\"https:\/\/astoria-spa.cz\/de\/unterkunft\/art-deco-wolker\/wolker-suite-superior\/\" \/>\n<meta property=\"og:site_name\" content=\"Astoria Hotel &amp; Medical Spa\" \/>\n<meta property=\"article:modified_time\" content=\"2023-01-11T23:44:06+00:00\" \/>\n<meta name=\"twitter:card\" content=\"summary_large_image\" \/>\n<meta name=\"twitter:label1\" content=\"Gesch\u00e4tzte Lesezeit\" \/>\n\t<meta name=\"twitter:data1\" content=\"1 Minute\" \/>\n<script type=\"application\/ld+json\" class=\"yoast-schema-graph\">{\"@context\":\"https:\/\/schema.org\",\"@graph\":[{\"@type\":\"WebPage\",\"@id\":\"https:\/\/astoria-spa.cz\/de\/unterkunft\/art-deco-wolker\/wolker-suite-superior\/\",\"url\":\"https:\/\/astoria-spa.cz\/de\/unterkunft\/art-deco-wolker\/wolker-suite-superior\/\",\"name\":\"WOLKER SUITE SUPERIOR - Astoria Hotel & Medical Spa -\",\"isPartOf\":{\"@id\":\"https:\/\/astoria-spa.cz\/de\/#website\"},\"datePublished\":\"2022-03-03T15:20:48+00:00\",\"dateModified\":\"2023-01-11T23:44:06+00:00\",\"description\":\"Dieses gro\u00dfz\u00fcgige Zimmer (45\u00a0m2) ist ideal f\u00fcr Familien mit Kindern, oder wenn Sie hier arbeiten und auch relaxen m\u00f6chten. Das Wohnzimmer ist mit einem Ausziehsofa und einem Kaffee-Set ausgestattet\",\"breadcrumb\":{\"@id\":\"https:\/\/astoria-spa.cz\/de\/unterkunft\/art-deco-wolker\/wolker-suite-superior\/#breadcrumb\"},\"inLanguage\":\"de-DE\",\"potentialAction\":[{\"@type\":\"ReadAction\",\"target\":[\"https:\/\/astoria-spa.cz\/de\/unterkunft\/art-deco-wolker\/wolker-suite-superior\/\"]}]},{\"@type\":\"BreadcrumbList\",\"@id\":\"https:\/\/astoria-spa.cz\/de\/unterkunft\/art-deco-wolker\/wolker-suite-superior\/#breadcrumb\",\"itemListElement\":[{\"@type\":\"ListItem\",\"position\":1,\"name\":\"Home\",\"item\":\"https:\/\/astoria-spa.cz\/de\/\"},{\"@type\":\"ListItem\",\"position\":2,\"name\":\"Unterkunft\",\"item\":\"https:\/\/astoria-spa.cz\/de\/unterkunft\/\"},{\"@type\":\"ListItem\",\"position\":3,\"name\":\"Art Deco WOLKER by ASTORIA Hotel &amp; Medical Spa\",\"item\":\"https:\/\/astoria-spa.cz\/de\/unterkunft\/art-deco-wolker\/\"},{\"@type\":\"ListItem\",\"position\":4,\"name\":\"WOLKER SUITE SUPERIOR\"}]},{\"@type\":\"WebSite\",\"@id\":\"https:\/\/astoria-spa.cz\/de\/#website\",\"url\":\"https:\/\/astoria-spa.cz\/de\/\",\"name\":\"Astoria Hotel & Medical Spa\",\"description\":\"Just another ms.decms.eu site\",\"potentialAction\":[{\"@type\":\"SearchAction\",\"target\":{\"@type\":\"EntryPoint\",\"urlTemplate\":\"https:\/\/astoria-spa.cz\/de\/?s={search_term_string}\"},\"query-input\":{\"@type\":\"PropertyValueSpecification\",\"valueRequired\":true,\"valueName\":\"search_term_string\"}}],\"inLanguage\":\"de-DE\"}]}<\/script>\n<!-- \/ Yoast SEO plugin. -->","yoast_head_json":{"title":"WOLKER SUITE SUPERIOR - Astoria Hotel & Medical Spa -","description":"Dieses gro\u00dfz\u00fcgige Zimmer (45\u00a0m2) ist ideal f\u00fcr Familien mit Kindern, oder wenn Sie hier arbeiten und auch relaxen m\u00f6chten. Das Wohnzimmer ist mit einem Ausziehsofa und einem Kaffee-Set ausgestattet","robots":{"index":"index","follow":"follow","max-snippet":"max-snippet:-1","max-image-preview":"max-image-preview:large","max-video-preview":"max-video-preview:-1"},"canonical":"https:\/\/astoria-spa.cz\/de\/unterkunft\/art-deco-wolker\/wolker-suite-superior\/","og_locale":"de_DE","og_type":"article","og_title":"WOLKER SUITE SUPERIOR - Astoria Hotel & Medical Spa -","og_description":"Dieses gro\u00dfz\u00fcgige Zimmer (45\u00a0m2) ist ideal f\u00fcr Familien mit Kindern, oder wenn Sie hier arbeiten und auch relaxen m\u00f6chten. Das Wohnzimmer ist mit einem Ausziehsofa und einem Kaffee-Set ausgestattet","og_url":"https:\/\/astoria-spa.cz\/de\/unterkunft\/art-deco-wolker\/wolker-suite-superior\/","og_site_name":"Astoria Hotel & Medical Spa","article_modified_time":"2023-01-11T23:44:06+00:00","twitter_card":"summary_large_image","twitter_misc":{"Gesch\u00e4tzte Lesezeit":"1 Minute"},"schema":{"@context":"https:\/\/schema.org","@graph":[{"@type":"WebPage","@id":"https:\/\/astoria-spa.cz\/de\/unterkunft\/art-deco-wolker\/wolker-suite-superior\/","url":"https:\/\/astoria-spa.cz\/de\/unterkunft\/art-deco-wolker\/wolker-suite-superior\/","name":"WOLKER SUITE SUPERIOR - Astoria Hotel & Medical Spa -","isPartOf":{"@id":"https:\/\/astoria-spa.cz\/de\/#website"},"datePublished":"2022-03-03T15:20:48+00:00","dateModified":"2023-01-11T23:44:06+00:00","description":"Dieses gro\u00dfz\u00fcgige Zimmer (45\u00a0m2) ist ideal f\u00fcr Familien mit Kindern, oder wenn Sie hier arbeiten und auch relaxen m\u00f6chten. Das Wohnzimmer ist mit einem Ausziehsofa und einem Kaffee-Set ausgestattet","breadcrumb":{"@id":"https:\/\/astoria-spa.cz\/de\/unterkunft\/art-deco-wolker\/wolker-suite-superior\/#breadcrumb"},"inLanguage":"de-DE","potentialAction":[{"@type":"ReadAction","target":["https:\/\/astoria-spa.cz\/de\/unterkunft\/art-deco-wolker\/wolker-suite-superior\/"]}]},{"@type":"BreadcrumbList","@id":"https:\/\/astoria-spa.cz\/de\/unterkunft\/art-deco-wolker\/wolker-suite-superior\/#breadcrumb","itemListElement":[{"@type":"ListItem","position":1,"name":"Home","item":"https:\/\/astoria-spa.cz\/de\/"},{"@type":"ListItem","position":2,"name":"Unterkunft","item":"https:\/\/astoria-spa.cz\/de\/unterkunft\/"},{"@type":"ListItem","position":3,"name":"Art Deco WOLKER by ASTORIA Hotel &amp; Medical Spa","item":"https:\/\/astoria-spa.cz\/de\/unterkunft\/art-deco-wolker\/"},{"@type":"ListItem","position":4,"name":"WOLKER SUITE SUPERIOR"}]},{"@type":"WebSite","@id":"https:\/\/astoria-spa.cz\/de\/#website","url":"https:\/\/astoria-spa.cz\/de\/","name":"Astoria Hotel & Medical Spa","description":"Just another ms.decms.eu site","potentialAction":[{"@type":"SearchAction","target":{"@type":"EntryPoint","urlTemplate":"https:\/\/astoria-spa.cz\/de\/?s={search_term_string}"},"query-input":{"@type":"PropertyValueSpecification","valueRequired":true,"valueName":"search_term_string"}}],"inLanguage":"de-DE"}]}},"acf":[],"_links":{"self":[{"href":"https:\/\/astoria-spa.cz\/de\/wp-json\/wp\/v2\/pages\/595","targetHints":{"allow":["GET"]}}],"collection":[{"href":"https:\/\/astoria-spa.cz\/de\/wp-json\/wp\/v2\/pages"}],"about":[{"href":"https:\/\/astoria-spa.cz\/de\/wp-json\/wp\/v2\/types\/page"}],"author":[{"embeddable":true,"href":"https:\/\/astoria-spa.cz\/de\/wp-json\/wp\/v2\/users\/4"}],"replies":[{"embeddable":true,"href":"https:\/\/astoria-spa.cz\/de\/wp-json\/wp\/v2\/comments?post=595"}],"version-history":[{"count":0,"href":"https:\/\/astoria-spa.cz\/de\/wp-json\/wp\/v2\/pages\/595\/revisions"}],"up":[{"embeddable":true,"href":"https:\/\/astoria-spa.cz\/de\/wp-json\/wp\/v2\/pages\/530"}],"wp:attachment":[{"href":"https:\/\/astoria-spa.cz\/de\/wp-json\/wp\/v2\/media?parent=595"}],"wp:term":[{"taxonomy":"category","embeddable":true,"href":"https:\/\/astoria-spa.cz\/de\/wp-json\/wp\/v2\/categories?post=595"}],"curies":[{"name":"wp","href":"https:\/\/api.w.org\/{rel}","templated":true}]}}