{"id":575,"date":"2022-03-03T13:35:52","date_gmt":"2022-03-03T13:35:52","guid":{"rendered":"https:\/\/astoria-hotel-and-medical-spa.ms.decms.eu\/unterkunft\/astoria-hotel-medical-spa\/astoria-triluzkovy-pokoj-superior\/"},"modified":"2022-03-30T08:07:21","modified_gmt":"2022-03-30T08:07:21","slug":"astoria-triple-room-superior","status":"publish","type":"page","link":"https:\/\/astoria-spa.cz\/de\/unterkunft\/astoria-hotel-medical-spa\/astoria-triple-room-superior\/","title":{"rendered":"ASTORIA TRIPLE ROOM SUPERIOR"},"content":{"rendered":"<p>Mindestens <strong>25\u00a0m<sup>2<\/sup><\/strong>, drei separate Betten mit den Ma\u00dfen von 90 x 200 cm, nebeneinander oder getrennt (Twin), f\u00fcr Nichtraucher, kostenloses WLAN, LED Fernseher mit Satellitenempfang, K\u00fchlschrank, Telefon, Radio, Bad mit Dusche oder Badewanne und Toilette, Tresor direkt im Zimmer oder gegebenenfalls an der Rezeption des Hotels, Kartenschlie\u00dfsystem.<\/p>\n","protected":false},"excerpt":{"rendered":"<p>Mindestens 25\u00a0m2, drei separate Betten mit den Ma\u00dfen von 90 x 200 cm, nebeneinander oder getrennt (Twin), f\u00fcr Nichtraucher, kostenloses WLAN, LED Fernseher mit Satellitenempfang, K\u00fchlschrank, Telefon, Radio, Bad mit Dusche oder Badewanne und Toilette, Tresor direkt im Zimmer oder gegebenenfalls an der Rezeption des Hotels, Kartenschlie\u00dfsystem.<\/p>\n","protected":false},"author":4,"featured_media":0,"parent":525,"menu_order":90,"comment_status":"closed","ping_status":"closed","template":"template-single-room.php","meta":{"footnotes":""},"categories":[],"class_list":["post-575","page","type-page","status-publish","hentry"],"yoast_head":"<!-- This site is optimized with the Yoast SEO plugin v26.9 - https:\/\/yoast.com\/product\/yoast-seo-wordpress\/ -->\n<title>ASTORIA TRIPLE ROOM SUPERIOR - Astoria Hotel &amp; Medical Spa -<\/title>\n<meta name=\"description\" content=\"Mindestens 25\u00a0m2, drei separate Betten mit den Ma\u00dfen von 90 x 200 cm, nebeneinander oder getrennt (Twin), f\u00fcr Nichtraucher, kostenloses WLAN, LED Fernseher mit Satellitenempfang, K\u00fchlschrank, Telefon, Radio, Bad mit Dusche oder Badewanne und Toilette, Tresor direkt im Zimmer oder gegebenenfalls an der Rezeption des Hotels, Kartenschlie\u00dfsystem..\" \/>\n<meta name=\"robots\" content=\"index, follow, max-snippet:-1, max-image-preview:large, max-video-preview:-1\" \/>\n<link rel=\"canonical\" href=\"https:\/\/astoria-spa.cz\/de\/unterkunft\/astoria-hotel-medical-spa\/astoria-triple-room-superior\/\" \/>\n<meta property=\"og:locale\" content=\"de_DE\" \/>\n<meta property=\"og:type\" content=\"article\" \/>\n<meta property=\"og:title\" content=\"ASTORIA TRIPLE ROOM SUPERIOR - Astoria Hotel &amp; Medical Spa -\" \/>\n<meta property=\"og:description\" content=\"Mindestens 25\u00a0m2, drei separate Betten mit den Ma\u00dfen von 90 x 200 cm, nebeneinander oder getrennt (Twin), f\u00fcr Nichtraucher, kostenloses WLAN, LED Fernseher mit Satellitenempfang, K\u00fchlschrank, Telefon, Radio, Bad mit Dusche oder Badewanne und Toilette, Tresor direkt im Zimmer oder gegebenenfalls an der Rezeption des Hotels, Kartenschlie\u00dfsystem..\" \/>\n<meta property=\"og:url\" content=\"https:\/\/astoria-spa.cz\/de\/unterkunft\/astoria-hotel-medical-spa\/astoria-triple-room-superior\/\" \/>\n<meta property=\"og:site_name\" content=\"Astoria Hotel &amp; Medical Spa\" \/>\n<meta property=\"article:modified_time\" content=\"2022-03-30T08:07:21+00:00\" \/>\n<meta name=\"twitter:card\" content=\"summary_large_image\" \/>\n<meta name=\"twitter:label1\" content=\"Gesch\u00e4tzte Lesezeit\" \/>\n\t<meta name=\"twitter:data1\" content=\"1 Minute\" \/>\n<script type=\"application\/ld+json\" class=\"yoast-schema-graph\">{\"@context\":\"https:\/\/schema.org\",\"@graph\":[{\"@type\":\"WebPage\",\"@id\":\"https:\/\/astoria-spa.cz\/de\/unterkunft\/astoria-hotel-medical-spa\/astoria-triple-room-superior\/\",\"url\":\"https:\/\/astoria-spa.cz\/de\/unterkunft\/astoria-hotel-medical-spa\/astoria-triple-room-superior\/\",\"name\":\"ASTORIA TRIPLE ROOM SUPERIOR - Astoria Hotel & Medical Spa -\",\"isPartOf\":{\"@id\":\"https:\/\/astoria-spa.cz\/de\/#website\"},\"datePublished\":\"2022-03-03T13:35:52+00:00\",\"dateModified\":\"2022-03-30T08:07:21+00:00\",\"description\":\"Mindestens 25\u00a0m2, drei separate Betten mit den Ma\u00dfen von 90 x 200 cm, nebeneinander oder getrennt (Twin), f\u00fcr Nichtraucher, kostenloses WLAN, LED Fernseher mit Satellitenempfang, K\u00fchlschrank, Telefon, Radio, Bad mit Dusche oder Badewanne und Toilette, Tresor direkt im Zimmer oder gegebenenfalls an der Rezeption des Hotels, Kartenschlie\u00dfsystem..\",\"breadcrumb\":{\"@id\":\"https:\/\/astoria-spa.cz\/de\/unterkunft\/astoria-hotel-medical-spa\/astoria-triple-room-superior\/#breadcrumb\"},\"inLanguage\":\"de-DE\",\"potentialAction\":[{\"@type\":\"ReadAction\",\"target\":[\"https:\/\/astoria-spa.cz\/de\/unterkunft\/astoria-hotel-medical-spa\/astoria-triple-room-superior\/\"]}]},{\"@type\":\"BreadcrumbList\",\"@id\":\"https:\/\/astoria-spa.cz\/de\/unterkunft\/astoria-hotel-medical-spa\/astoria-triple-room-superior\/#breadcrumb\",\"itemListElement\":[{\"@type\":\"ListItem\",\"position\":1,\"name\":\"Home\",\"item\":\"https:\/\/astoria-spa.cz\/de\/\"},{\"@type\":\"ListItem\",\"position\":2,\"name\":\"Unterkunft\",\"item\":\"https:\/\/astoria-spa.cz\/de\/unterkunft\/\"},{\"@type\":\"ListItem\",\"position\":3,\"name\":\"ASTORIA Hotel &amp; Medical Spa\",\"item\":\"https:\/\/astoria-spa.cz\/de\/unterkunft\/astoria-hotel-medical-spa\/\"},{\"@type\":\"ListItem\",\"position\":4,\"name\":\"ASTORIA TRIPLE ROOM SUPERIOR\"}]},{\"@type\":\"WebSite\",\"@id\":\"https:\/\/astoria-spa.cz\/de\/#website\",\"url\":\"https:\/\/astoria-spa.cz\/de\/\",\"name\":\"Astoria Hotel & Medical Spa\",\"description\":\"Just another ms.decms.eu site\",\"potentialAction\":[{\"@type\":\"SearchAction\",\"target\":{\"@type\":\"EntryPoint\",\"urlTemplate\":\"https:\/\/astoria-spa.cz\/de\/?s={search_term_string}\"},\"query-input\":{\"@type\":\"PropertyValueSpecification\",\"valueRequired\":true,\"valueName\":\"search_term_string\"}}],\"inLanguage\":\"de-DE\"}]}<\/script>\n<!-- \/ Yoast SEO plugin. -->","yoast_head_json":{"title":"ASTORIA TRIPLE ROOM SUPERIOR - Astoria Hotel & Medical Spa -","description":"Mindestens 25\u00a0m2, drei separate Betten mit den Ma\u00dfen von 90 x 200 cm, nebeneinander oder getrennt (Twin), f\u00fcr Nichtraucher, kostenloses WLAN, LED Fernseher mit Satellitenempfang, K\u00fchlschrank, Telefon, Radio, Bad mit Dusche oder Badewanne und Toilette, Tresor direkt im Zimmer oder gegebenenfalls an der Rezeption des Hotels, Kartenschlie\u00dfsystem..","robots":{"index":"index","follow":"follow","max-snippet":"max-snippet:-1","max-image-preview":"max-image-preview:large","max-video-preview":"max-video-preview:-1"},"canonical":"https:\/\/astoria-spa.cz\/de\/unterkunft\/astoria-hotel-medical-spa\/astoria-triple-room-superior\/","og_locale":"de_DE","og_type":"article","og_title":"ASTORIA TRIPLE ROOM SUPERIOR - Astoria Hotel & Medical Spa -","og_description":"Mindestens 25\u00a0m2, drei separate Betten mit den Ma\u00dfen von 90 x 200 cm, nebeneinander oder getrennt (Twin), f\u00fcr Nichtraucher, kostenloses WLAN, LED Fernseher mit Satellitenempfang, K\u00fchlschrank, Telefon, Radio, Bad mit Dusche oder Badewanne und Toilette, Tresor direkt im Zimmer oder gegebenenfalls an der Rezeption des Hotels, Kartenschlie\u00dfsystem..","og_url":"https:\/\/astoria-spa.cz\/de\/unterkunft\/astoria-hotel-medical-spa\/astoria-triple-room-superior\/","og_site_name":"Astoria Hotel & Medical Spa","article_modified_time":"2022-03-30T08:07:21+00:00","twitter_card":"summary_large_image","twitter_misc":{"Gesch\u00e4tzte Lesezeit":"1 Minute"},"schema":{"@context":"https:\/\/schema.org","@graph":[{"@type":"WebPage","@id":"https:\/\/astoria-spa.cz\/de\/unterkunft\/astoria-hotel-medical-spa\/astoria-triple-room-superior\/","url":"https:\/\/astoria-spa.cz\/de\/unterkunft\/astoria-hotel-medical-spa\/astoria-triple-room-superior\/","name":"ASTORIA TRIPLE ROOM SUPERIOR - Astoria Hotel & Medical Spa -","isPartOf":{"@id":"https:\/\/astoria-spa.cz\/de\/#website"},"datePublished":"2022-03-03T13:35:52+00:00","dateModified":"2022-03-30T08:07:21+00:00","description":"Mindestens 25\u00a0m2, drei separate Betten mit den Ma\u00dfen von 90 x 200 cm, nebeneinander oder getrennt (Twin), f\u00fcr Nichtraucher, kostenloses WLAN, LED Fernseher mit Satellitenempfang, K\u00fchlschrank, Telefon, Radio, Bad mit Dusche oder Badewanne und Toilette, Tresor direkt im Zimmer oder gegebenenfalls an der Rezeption des Hotels, Kartenschlie\u00dfsystem..","breadcrumb":{"@id":"https:\/\/astoria-spa.cz\/de\/unterkunft\/astoria-hotel-medical-spa\/astoria-triple-room-superior\/#breadcrumb"},"inLanguage":"de-DE","potentialAction":[{"@type":"ReadAction","target":["https:\/\/astoria-spa.cz\/de\/unterkunft\/astoria-hotel-medical-spa\/astoria-triple-room-superior\/"]}]},{"@type":"BreadcrumbList","@id":"https:\/\/astoria-spa.cz\/de\/unterkunft\/astoria-hotel-medical-spa\/astoria-triple-room-superior\/#breadcrumb","itemListElement":[{"@type":"ListItem","position":1,"name":"Home","item":"https:\/\/astoria-spa.cz\/de\/"},{"@type":"ListItem","position":2,"name":"Unterkunft","item":"https:\/\/astoria-spa.cz\/de\/unterkunft\/"},{"@type":"ListItem","position":3,"name":"ASTORIA Hotel &amp; Medical Spa","item":"https:\/\/astoria-spa.cz\/de\/unterkunft\/astoria-hotel-medical-spa\/"},{"@type":"ListItem","position":4,"name":"ASTORIA TRIPLE ROOM SUPERIOR"}]},{"@type":"WebSite","@id":"https:\/\/astoria-spa.cz\/de\/#website","url":"https:\/\/astoria-spa.cz\/de\/","name":"Astoria Hotel & Medical Spa","description":"Just another ms.decms.eu site","potentialAction":[{"@type":"SearchAction","target":{"@type":"EntryPoint","urlTemplate":"https:\/\/astoria-spa.cz\/de\/?s={search_term_string}"},"query-input":{"@type":"PropertyValueSpecification","valueRequired":true,"valueName":"search_term_string"}}],"inLanguage":"de-DE"}]}},"acf":[],"_links":{"self":[{"href":"https:\/\/astoria-spa.cz\/de\/wp-json\/wp\/v2\/pages\/575","targetHints":{"allow":["GET"]}}],"collection":[{"href":"https:\/\/astoria-spa.cz\/de\/wp-json\/wp\/v2\/pages"}],"about":[{"href":"https:\/\/astoria-spa.cz\/de\/wp-json\/wp\/v2\/types\/page"}],"author":[{"embeddable":true,"href":"https:\/\/astoria-spa.cz\/de\/wp-json\/wp\/v2\/users\/4"}],"replies":[{"embeddable":true,"href":"https:\/\/astoria-spa.cz\/de\/wp-json\/wp\/v2\/comments?post=575"}],"version-history":[{"count":0,"href":"https:\/\/astoria-spa.cz\/de\/wp-json\/wp\/v2\/pages\/575\/revisions"}],"up":[{"embeddable":true,"href":"https:\/\/astoria-spa.cz\/de\/wp-json\/wp\/v2\/pages\/525"}],"wp:attachment":[{"href":"https:\/\/astoria-spa.cz\/de\/wp-json\/wp\/v2\/media?parent=575"}],"wp:term":[{"taxonomy":"category","embeddable":true,"href":"https:\/\/astoria-spa.cz\/de\/wp-json\/wp\/v2\/categories?post=575"}],"curies":[{"name":"wp","href":"https:\/\/api.w.org\/{rel}","templated":true}]}}