{"id":560,"date":"2022-03-03T10:44:09","date_gmt":"2022-03-03T10:44:09","guid":{"rendered":"https:\/\/astoria-hotel-and-medical-spa.ms.decms.eu\/unterkunft\/astoria-hotel-medical-spa\/astoria-dvouluzkovy-pokoj-superior\/"},"modified":"2023-01-11T18:14:11","modified_gmt":"2023-01-11T18:14:11","slug":"astoria-zweibettzimmer-superior","status":"publish","type":"page","link":"https:\/\/astoria-spa.cz\/de\/unterkunft\/astoria-hotel-medical-spa\/astoria-zweibettzimmer-superior\/","title":{"rendered":"ASTORIA ZWEIBETTZIMMER SUPERIOR"},"content":{"rendered":"<p>Ein wirklich gro\u00dfes Zimmer ist ideal f\u00fcr G\u00e4ste, die viel Platz m\u00f6gen. Ein Bademantel mit Hausschuhen f\u00fcr das Wellnesscenter oder ein Set zum Kaffeekochen wird Ihnen auch gefallen, w\u00e4hrend Sie sich entspannen. Der Blick auf die M\u00fchlenkolonnade ist das i-T\u00fcpfelchen.<\/p>\n","protected":false},"excerpt":{"rendered":"<p>Ein wirklich gro\u00dfes Zimmer ist ideal f\u00fcr G\u00e4ste, die viel Platz m\u00f6gen. Ein Bademantel mit Hausschuhen f\u00fcr das Wellnesscenter oder ein Set zum Kaffeekochen wird Ihnen auch gefallen, w\u00e4hrend Sie sich entspannen. Der Blick auf die M\u00fchlenkolonnade ist das i-T\u00fcpfelchen.<\/p>\n","protected":false},"author":4,"featured_media":0,"parent":525,"menu_order":50,"comment_status":"closed","ping_status":"closed","template":"template-single-room.php","meta":{"footnotes":""},"categories":[],"class_list":["post-560","page","type-page","status-publish","hentry"],"yoast_head":"<!-- This site is optimized with the Yoast SEO plugin v26.9 - https:\/\/yoast.com\/product\/yoast-seo-wordpress\/ -->\n<title>ASTORIA ZWEIBETTZIMMER SUPERIOR - Astoria Hotel &amp; Medical Spa -<\/title>\n<meta name=\"description\" content=\"Ein wirklich gro\u00dfes Zimmer ist ideal f\u00fcr G\u00e4ste, die viel Platz m\u00f6gen. Ein Bademantel mit Hausschuhen f\u00fcr das Wellnesscenter oder ein Set zum Kaffeekochen wird Ihnen auch gefallen, w\u00e4hrend Sie sich entspannen\" \/>\n<meta name=\"robots\" content=\"index, follow, max-snippet:-1, max-image-preview:large, max-video-preview:-1\" \/>\n<link rel=\"canonical\" href=\"https:\/\/astoria-spa.cz\/de\/unterkunft\/astoria-hotel-medical-spa\/astoria-zweibettzimmer-superior\/\" \/>\n<meta property=\"og:locale\" content=\"de_DE\" \/>\n<meta property=\"og:type\" content=\"article\" \/>\n<meta property=\"og:title\" content=\"ASTORIA ZWEIBETTZIMMER SUPERIOR - Astoria Hotel &amp; Medical Spa -\" \/>\n<meta property=\"og:description\" content=\"Ein wirklich gro\u00dfes Zimmer ist ideal f\u00fcr G\u00e4ste, die viel Platz m\u00f6gen. Ein Bademantel mit Hausschuhen f\u00fcr das Wellnesscenter oder ein Set zum Kaffeekochen wird Ihnen auch gefallen, w\u00e4hrend Sie sich entspannen\" \/>\n<meta property=\"og:url\" content=\"https:\/\/astoria-spa.cz\/de\/unterkunft\/astoria-hotel-medical-spa\/astoria-zweibettzimmer-superior\/\" \/>\n<meta property=\"og:site_name\" content=\"Astoria Hotel &amp; Medical Spa\" \/>\n<meta property=\"article:modified_time\" content=\"2023-01-11T18:14:11+00:00\" \/>\n<meta name=\"twitter:card\" content=\"summary_large_image\" \/>\n<meta name=\"twitter:label1\" content=\"Gesch\u00e4tzte Lesezeit\" \/>\n\t<meta name=\"twitter:data1\" content=\"1 Minute\" \/>\n<script type=\"application\/ld+json\" class=\"yoast-schema-graph\">{\"@context\":\"https:\/\/schema.org\",\"@graph\":[{\"@type\":\"WebPage\",\"@id\":\"https:\/\/astoria-spa.cz\/de\/unterkunft\/astoria-hotel-medical-spa\/astoria-zweibettzimmer-superior\/\",\"url\":\"https:\/\/astoria-spa.cz\/de\/unterkunft\/astoria-hotel-medical-spa\/astoria-zweibettzimmer-superior\/\",\"name\":\"ASTORIA ZWEIBETTZIMMER SUPERIOR - Astoria Hotel & Medical Spa -\",\"isPartOf\":{\"@id\":\"https:\/\/astoria-spa.cz\/de\/#website\"},\"datePublished\":\"2022-03-03T10:44:09+00:00\",\"dateModified\":\"2023-01-11T18:14:11+00:00\",\"description\":\"Ein wirklich gro\u00dfes Zimmer ist ideal f\u00fcr G\u00e4ste, die viel Platz m\u00f6gen. Ein Bademantel mit Hausschuhen f\u00fcr das Wellnesscenter oder ein Set zum Kaffeekochen wird Ihnen auch gefallen, w\u00e4hrend Sie sich entspannen\",\"breadcrumb\":{\"@id\":\"https:\/\/astoria-spa.cz\/de\/unterkunft\/astoria-hotel-medical-spa\/astoria-zweibettzimmer-superior\/#breadcrumb\"},\"inLanguage\":\"de-DE\",\"potentialAction\":[{\"@type\":\"ReadAction\",\"target\":[\"https:\/\/astoria-spa.cz\/de\/unterkunft\/astoria-hotel-medical-spa\/astoria-zweibettzimmer-superior\/\"]}]},{\"@type\":\"BreadcrumbList\",\"@id\":\"https:\/\/astoria-spa.cz\/de\/unterkunft\/astoria-hotel-medical-spa\/astoria-zweibettzimmer-superior\/#breadcrumb\",\"itemListElement\":[{\"@type\":\"ListItem\",\"position\":1,\"name\":\"Home\",\"item\":\"https:\/\/astoria-spa.cz\/de\/\"},{\"@type\":\"ListItem\",\"position\":2,\"name\":\"Unterkunft\",\"item\":\"https:\/\/astoria-spa.cz\/de\/unterkunft\/\"},{\"@type\":\"ListItem\",\"position\":3,\"name\":\"ASTORIA Hotel &amp; Medical Spa\",\"item\":\"https:\/\/astoria-spa.cz\/de\/unterkunft\/astoria-hotel-medical-spa\/\"},{\"@type\":\"ListItem\",\"position\":4,\"name\":\"ASTORIA ZWEIBETTZIMMER SUPERIOR\"}]},{\"@type\":\"WebSite\",\"@id\":\"https:\/\/astoria-spa.cz\/de\/#website\",\"url\":\"https:\/\/astoria-spa.cz\/de\/\",\"name\":\"Astoria Hotel & Medical Spa\",\"description\":\"Just another ms.decms.eu site\",\"potentialAction\":[{\"@type\":\"SearchAction\",\"target\":{\"@type\":\"EntryPoint\",\"urlTemplate\":\"https:\/\/astoria-spa.cz\/de\/?s={search_term_string}\"},\"query-input\":{\"@type\":\"PropertyValueSpecification\",\"valueRequired\":true,\"valueName\":\"search_term_string\"}}],\"inLanguage\":\"de-DE\"}]}<\/script>\n<!-- \/ Yoast SEO plugin. -->","yoast_head_json":{"title":"ASTORIA ZWEIBETTZIMMER SUPERIOR - Astoria Hotel & Medical Spa -","description":"Ein wirklich gro\u00dfes Zimmer ist ideal f\u00fcr G\u00e4ste, die viel Platz m\u00f6gen. Ein Bademantel mit Hausschuhen f\u00fcr das Wellnesscenter oder ein Set zum Kaffeekochen wird Ihnen auch gefallen, w\u00e4hrend Sie sich entspannen","robots":{"index":"index","follow":"follow","max-snippet":"max-snippet:-1","max-image-preview":"max-image-preview:large","max-video-preview":"max-video-preview:-1"},"canonical":"https:\/\/astoria-spa.cz\/de\/unterkunft\/astoria-hotel-medical-spa\/astoria-zweibettzimmer-superior\/","og_locale":"de_DE","og_type":"article","og_title":"ASTORIA ZWEIBETTZIMMER SUPERIOR - Astoria Hotel & Medical Spa -","og_description":"Ein wirklich gro\u00dfes Zimmer ist ideal f\u00fcr G\u00e4ste, die viel Platz m\u00f6gen. Ein Bademantel mit Hausschuhen f\u00fcr das Wellnesscenter oder ein Set zum Kaffeekochen wird Ihnen auch gefallen, w\u00e4hrend Sie sich entspannen","og_url":"https:\/\/astoria-spa.cz\/de\/unterkunft\/astoria-hotel-medical-spa\/astoria-zweibettzimmer-superior\/","og_site_name":"Astoria Hotel & Medical Spa","article_modified_time":"2023-01-11T18:14:11+00:00","twitter_card":"summary_large_image","twitter_misc":{"Gesch\u00e4tzte Lesezeit":"1 Minute"},"schema":{"@context":"https:\/\/schema.org","@graph":[{"@type":"WebPage","@id":"https:\/\/astoria-spa.cz\/de\/unterkunft\/astoria-hotel-medical-spa\/astoria-zweibettzimmer-superior\/","url":"https:\/\/astoria-spa.cz\/de\/unterkunft\/astoria-hotel-medical-spa\/astoria-zweibettzimmer-superior\/","name":"ASTORIA ZWEIBETTZIMMER SUPERIOR - Astoria Hotel & Medical Spa -","isPartOf":{"@id":"https:\/\/astoria-spa.cz\/de\/#website"},"datePublished":"2022-03-03T10:44:09+00:00","dateModified":"2023-01-11T18:14:11+00:00","description":"Ein wirklich gro\u00dfes Zimmer ist ideal f\u00fcr G\u00e4ste, die viel Platz m\u00f6gen. Ein Bademantel mit Hausschuhen f\u00fcr das Wellnesscenter oder ein Set zum Kaffeekochen wird Ihnen auch gefallen, w\u00e4hrend Sie sich entspannen","breadcrumb":{"@id":"https:\/\/astoria-spa.cz\/de\/unterkunft\/astoria-hotel-medical-spa\/astoria-zweibettzimmer-superior\/#breadcrumb"},"inLanguage":"de-DE","potentialAction":[{"@type":"ReadAction","target":["https:\/\/astoria-spa.cz\/de\/unterkunft\/astoria-hotel-medical-spa\/astoria-zweibettzimmer-superior\/"]}]},{"@type":"BreadcrumbList","@id":"https:\/\/astoria-spa.cz\/de\/unterkunft\/astoria-hotel-medical-spa\/astoria-zweibettzimmer-superior\/#breadcrumb","itemListElement":[{"@type":"ListItem","position":1,"name":"Home","item":"https:\/\/astoria-spa.cz\/de\/"},{"@type":"ListItem","position":2,"name":"Unterkunft","item":"https:\/\/astoria-spa.cz\/de\/unterkunft\/"},{"@type":"ListItem","position":3,"name":"ASTORIA Hotel &amp; Medical Spa","item":"https:\/\/astoria-spa.cz\/de\/unterkunft\/astoria-hotel-medical-spa\/"},{"@type":"ListItem","position":4,"name":"ASTORIA ZWEIBETTZIMMER SUPERIOR"}]},{"@type":"WebSite","@id":"https:\/\/astoria-spa.cz\/de\/#website","url":"https:\/\/astoria-spa.cz\/de\/","name":"Astoria Hotel & Medical Spa","description":"Just another ms.decms.eu site","potentialAction":[{"@type":"SearchAction","target":{"@type":"EntryPoint","urlTemplate":"https:\/\/astoria-spa.cz\/de\/?s={search_term_string}"},"query-input":{"@type":"PropertyValueSpecification","valueRequired":true,"valueName":"search_term_string"}}],"inLanguage":"de-DE"}]}},"acf":[],"_links":{"self":[{"href":"https:\/\/astoria-spa.cz\/de\/wp-json\/wp\/v2\/pages\/560","targetHints":{"allow":["GET"]}}],"collection":[{"href":"https:\/\/astoria-spa.cz\/de\/wp-json\/wp\/v2\/pages"}],"about":[{"href":"https:\/\/astoria-spa.cz\/de\/wp-json\/wp\/v2\/types\/page"}],"author":[{"embeddable":true,"href":"https:\/\/astoria-spa.cz\/de\/wp-json\/wp\/v2\/users\/4"}],"replies":[{"embeddable":true,"href":"https:\/\/astoria-spa.cz\/de\/wp-json\/wp\/v2\/comments?post=560"}],"version-history":[{"count":0,"href":"https:\/\/astoria-spa.cz\/de\/wp-json\/wp\/v2\/pages\/560\/revisions"}],"up":[{"embeddable":true,"href":"https:\/\/astoria-spa.cz\/de\/wp-json\/wp\/v2\/pages\/525"}],"wp:attachment":[{"href":"https:\/\/astoria-spa.cz\/de\/wp-json\/wp\/v2\/media?parent=560"}],"wp:term":[{"taxonomy":"category","embeddable":true,"href":"https:\/\/astoria-spa.cz\/de\/wp-json\/wp\/v2\/categories?post=560"}],"curies":[{"name":"wp","href":"https:\/\/api.w.org\/{rel}","templated":true}]}}