{"id":540,"date":"2022-03-03T08:32:49","date_gmt":"2022-03-03T08:32:49","guid":{"rendered":"https:\/\/astoria-hotel-and-medical-spa.ms.decms.eu\/unterkunft\/astoria-hotel-medical-spa\/astoria-jednoluzkovy-pokoj-comfort-plus\/"},"modified":"2022-10-31T09:54:34","modified_gmt":"2022-10-31T09:54:34","slug":"astoria-einbettzimmer-comfort-plus","status":"publish","type":"page","link":"https:\/\/astoria-spa.cz\/de\/unterkunft\/astoria-hotel-medical-spa\/astoria-einbettzimmer-comfort-plus\/","title":{"rendered":"ASTORIA EINBETTZIMMER COMFORT PLUS"},"content":{"rendered":"<p>Mindestens <strong>14\u00a0m<sup>2<\/sup><\/strong>, Einzelbett mit den Ma\u00dfen von 90 x 200 cm, f\u00fcr Nichtraucher, kostenloses WLAN, LED Fernseher mit Satellitenempfang, K\u00fchlschrank, Telefon, Radio, Bad mit Dusche oder Badewanne und Toilette, Tresor direkt im Zimmer oder gegebenenfalls an der Rezeption des Hotels, Kartenschlie\u00dfsystem.<\/p>\n","protected":false},"excerpt":{"rendered":"<p>Mindestens 14\u00a0m2, Einzelbett mit den Ma\u00dfen von 90 x 200 cm, f\u00fcr Nichtraucher, kostenloses WLAN, LED Fernseher mit Satellitenempfang, K\u00fchlschrank, Telefon, Radio, Bad mit Dusche oder Badewanne und Toilette, Tresor direkt im Zimmer oder gegebenenfalls an der Rezeption des Hotels, Kartenschlie\u00dfsystem.<\/p>\n","protected":false},"author":4,"featured_media":0,"parent":525,"menu_order":20,"comment_status":"closed","ping_status":"closed","template":"template-single-room.php","meta":{"footnotes":""},"categories":[],"class_list":["post-540","page","type-page","status-publish","hentry"],"yoast_head":"<!-- This site is optimized with the Yoast SEO plugin v26.9 - https:\/\/yoast.com\/product\/yoast-seo-wordpress\/ -->\n<title>ASTORIA EINBETTZIMMER COMFORT PLUS - Astoria Hotel &amp; Medical Spa -<\/title>\n<meta name=\"description\" content=\"Mindestens 14\u00a0m2, Einzelbett mit den Ma\u00dfen von 90 x 200 cm, f\u00fcr Nichtraucher, kostenloses WLAN, LED Fernseher mit Satellitenempfang, K\u00fchlschrank, Telefon, Radio, Bad mit Dusche oder Badewanne und Toilette, Tresor direkt im Zimmer oder gegebenenfalls an der Rezeption des Hotels, Kartenschlie\u00dfsystem..\" \/>\n<meta name=\"robots\" content=\"index, follow, max-snippet:-1, max-image-preview:large, max-video-preview:-1\" \/>\n<link rel=\"canonical\" href=\"https:\/\/astoria-spa.cz\/de\/unterkunft\/astoria-hotel-medical-spa\/astoria-einbettzimmer-comfort-plus\/\" \/>\n<meta property=\"og:locale\" content=\"de_DE\" \/>\n<meta property=\"og:type\" content=\"article\" \/>\n<meta property=\"og:title\" content=\"ASTORIA EINBETTZIMMER COMFORT PLUS - Astoria Hotel &amp; Medical Spa -\" \/>\n<meta property=\"og:description\" content=\"Mindestens 14\u00a0m2, Einzelbett mit den Ma\u00dfen von 90 x 200 cm, f\u00fcr Nichtraucher, kostenloses WLAN, LED Fernseher mit Satellitenempfang, K\u00fchlschrank, Telefon, Radio, Bad mit Dusche oder Badewanne und Toilette, Tresor direkt im Zimmer oder gegebenenfalls an der Rezeption des Hotels, Kartenschlie\u00dfsystem..\" \/>\n<meta property=\"og:url\" content=\"https:\/\/astoria-spa.cz\/de\/unterkunft\/astoria-hotel-medical-spa\/astoria-einbettzimmer-comfort-plus\/\" \/>\n<meta property=\"og:site_name\" content=\"Astoria Hotel &amp; Medical Spa\" \/>\n<meta property=\"article:modified_time\" content=\"2022-10-31T09:54:34+00:00\" \/>\n<meta name=\"twitter:card\" content=\"summary_large_image\" \/>\n<meta name=\"twitter:label1\" content=\"Gesch\u00e4tzte Lesezeit\" \/>\n\t<meta name=\"twitter:data1\" content=\"1 Minute\" \/>\n<script type=\"application\/ld+json\" class=\"yoast-schema-graph\">{\"@context\":\"https:\/\/schema.org\",\"@graph\":[{\"@type\":\"WebPage\",\"@id\":\"https:\/\/astoria-spa.cz\/de\/unterkunft\/astoria-hotel-medical-spa\/astoria-einbettzimmer-comfort-plus\/\",\"url\":\"https:\/\/astoria-spa.cz\/de\/unterkunft\/astoria-hotel-medical-spa\/astoria-einbettzimmer-comfort-plus\/\",\"name\":\"ASTORIA EINBETTZIMMER COMFORT PLUS - Astoria Hotel & Medical Spa -\",\"isPartOf\":{\"@id\":\"https:\/\/astoria-spa.cz\/de\/#website\"},\"datePublished\":\"2022-03-03T08:32:49+00:00\",\"dateModified\":\"2022-10-31T09:54:34+00:00\",\"description\":\"Mindestens 14\u00a0m2, Einzelbett mit den Ma\u00dfen von 90 x 200 cm, f\u00fcr Nichtraucher, kostenloses WLAN, LED Fernseher mit Satellitenempfang, K\u00fchlschrank, Telefon, Radio, Bad mit Dusche oder Badewanne und Toilette, Tresor direkt im Zimmer oder gegebenenfalls an der Rezeption des Hotels, Kartenschlie\u00dfsystem..\",\"breadcrumb\":{\"@id\":\"https:\/\/astoria-spa.cz\/de\/unterkunft\/astoria-hotel-medical-spa\/astoria-einbettzimmer-comfort-plus\/#breadcrumb\"},\"inLanguage\":\"de-DE\",\"potentialAction\":[{\"@type\":\"ReadAction\",\"target\":[\"https:\/\/astoria-spa.cz\/de\/unterkunft\/astoria-hotel-medical-spa\/astoria-einbettzimmer-comfort-plus\/\"]}]},{\"@type\":\"BreadcrumbList\",\"@id\":\"https:\/\/astoria-spa.cz\/de\/unterkunft\/astoria-hotel-medical-spa\/astoria-einbettzimmer-comfort-plus\/#breadcrumb\",\"itemListElement\":[{\"@type\":\"ListItem\",\"position\":1,\"name\":\"Home\",\"item\":\"https:\/\/astoria-spa.cz\/de\/\"},{\"@type\":\"ListItem\",\"position\":2,\"name\":\"Unterkunft\",\"item\":\"https:\/\/astoria-spa.cz\/de\/unterkunft\/\"},{\"@type\":\"ListItem\",\"position\":3,\"name\":\"ASTORIA Hotel &amp; Medical Spa\",\"item\":\"https:\/\/astoria-spa.cz\/de\/unterkunft\/astoria-hotel-medical-spa\/\"},{\"@type\":\"ListItem\",\"position\":4,\"name\":\"ASTORIA EINBETTZIMMER COMFORT PLUS\"}]},{\"@type\":\"WebSite\",\"@id\":\"https:\/\/astoria-spa.cz\/de\/#website\",\"url\":\"https:\/\/astoria-spa.cz\/de\/\",\"name\":\"Astoria Hotel & Medical Spa\",\"description\":\"Just another ms.decms.eu site\",\"potentialAction\":[{\"@type\":\"SearchAction\",\"target\":{\"@type\":\"EntryPoint\",\"urlTemplate\":\"https:\/\/astoria-spa.cz\/de\/?s={search_term_string}\"},\"query-input\":{\"@type\":\"PropertyValueSpecification\",\"valueRequired\":true,\"valueName\":\"search_term_string\"}}],\"inLanguage\":\"de-DE\"}]}<\/script>\n<!-- \/ Yoast SEO plugin. -->","yoast_head_json":{"title":"ASTORIA EINBETTZIMMER COMFORT PLUS - Astoria Hotel & Medical Spa -","description":"Mindestens 14\u00a0m2, Einzelbett mit den Ma\u00dfen von 90 x 200 cm, f\u00fcr Nichtraucher, kostenloses WLAN, LED Fernseher mit Satellitenempfang, K\u00fchlschrank, Telefon, Radio, Bad mit Dusche oder Badewanne und Toilette, Tresor direkt im Zimmer oder gegebenenfalls an der Rezeption des Hotels, Kartenschlie\u00dfsystem..","robots":{"index":"index","follow":"follow","max-snippet":"max-snippet:-1","max-image-preview":"max-image-preview:large","max-video-preview":"max-video-preview:-1"},"canonical":"https:\/\/astoria-spa.cz\/de\/unterkunft\/astoria-hotel-medical-spa\/astoria-einbettzimmer-comfort-plus\/","og_locale":"de_DE","og_type":"article","og_title":"ASTORIA EINBETTZIMMER COMFORT PLUS - Astoria Hotel & Medical Spa -","og_description":"Mindestens 14\u00a0m2, Einzelbett mit den Ma\u00dfen von 90 x 200 cm, f\u00fcr Nichtraucher, kostenloses WLAN, LED Fernseher mit Satellitenempfang, K\u00fchlschrank, Telefon, Radio, Bad mit Dusche oder Badewanne und Toilette, Tresor direkt im Zimmer oder gegebenenfalls an der Rezeption des Hotels, Kartenschlie\u00dfsystem..","og_url":"https:\/\/astoria-spa.cz\/de\/unterkunft\/astoria-hotel-medical-spa\/astoria-einbettzimmer-comfort-plus\/","og_site_name":"Astoria Hotel & Medical Spa","article_modified_time":"2022-10-31T09:54:34+00:00","twitter_card":"summary_large_image","twitter_misc":{"Gesch\u00e4tzte Lesezeit":"1 Minute"},"schema":{"@context":"https:\/\/schema.org","@graph":[{"@type":"WebPage","@id":"https:\/\/astoria-spa.cz\/de\/unterkunft\/astoria-hotel-medical-spa\/astoria-einbettzimmer-comfort-plus\/","url":"https:\/\/astoria-spa.cz\/de\/unterkunft\/astoria-hotel-medical-spa\/astoria-einbettzimmer-comfort-plus\/","name":"ASTORIA EINBETTZIMMER COMFORT PLUS - Astoria Hotel & Medical Spa -","isPartOf":{"@id":"https:\/\/astoria-spa.cz\/de\/#website"},"datePublished":"2022-03-03T08:32:49+00:00","dateModified":"2022-10-31T09:54:34+00:00","description":"Mindestens 14\u00a0m2, Einzelbett mit den Ma\u00dfen von 90 x 200 cm, f\u00fcr Nichtraucher, kostenloses WLAN, LED Fernseher mit Satellitenempfang, K\u00fchlschrank, Telefon, Radio, Bad mit Dusche oder Badewanne und Toilette, Tresor direkt im Zimmer oder gegebenenfalls an der Rezeption des Hotels, Kartenschlie\u00dfsystem..","breadcrumb":{"@id":"https:\/\/astoria-spa.cz\/de\/unterkunft\/astoria-hotel-medical-spa\/astoria-einbettzimmer-comfort-plus\/#breadcrumb"},"inLanguage":"de-DE","potentialAction":[{"@type":"ReadAction","target":["https:\/\/astoria-spa.cz\/de\/unterkunft\/astoria-hotel-medical-spa\/astoria-einbettzimmer-comfort-plus\/"]}]},{"@type":"BreadcrumbList","@id":"https:\/\/astoria-spa.cz\/de\/unterkunft\/astoria-hotel-medical-spa\/astoria-einbettzimmer-comfort-plus\/#breadcrumb","itemListElement":[{"@type":"ListItem","position":1,"name":"Home","item":"https:\/\/astoria-spa.cz\/de\/"},{"@type":"ListItem","position":2,"name":"Unterkunft","item":"https:\/\/astoria-spa.cz\/de\/unterkunft\/"},{"@type":"ListItem","position":3,"name":"ASTORIA Hotel &amp; Medical Spa","item":"https:\/\/astoria-spa.cz\/de\/unterkunft\/astoria-hotel-medical-spa\/"},{"@type":"ListItem","position":4,"name":"ASTORIA EINBETTZIMMER COMFORT PLUS"}]},{"@type":"WebSite","@id":"https:\/\/astoria-spa.cz\/de\/#website","url":"https:\/\/astoria-spa.cz\/de\/","name":"Astoria Hotel & Medical Spa","description":"Just another ms.decms.eu site","potentialAction":[{"@type":"SearchAction","target":{"@type":"EntryPoint","urlTemplate":"https:\/\/astoria-spa.cz\/de\/?s={search_term_string}"},"query-input":{"@type":"PropertyValueSpecification","valueRequired":true,"valueName":"search_term_string"}}],"inLanguage":"de-DE"}]}},"acf":[],"_links":{"self":[{"href":"https:\/\/astoria-spa.cz\/de\/wp-json\/wp\/v2\/pages\/540","targetHints":{"allow":["GET"]}}],"collection":[{"href":"https:\/\/astoria-spa.cz\/de\/wp-json\/wp\/v2\/pages"}],"about":[{"href":"https:\/\/astoria-spa.cz\/de\/wp-json\/wp\/v2\/types\/page"}],"author":[{"embeddable":true,"href":"https:\/\/astoria-spa.cz\/de\/wp-json\/wp\/v2\/users\/4"}],"replies":[{"embeddable":true,"href":"https:\/\/astoria-spa.cz\/de\/wp-json\/wp\/v2\/comments?post=540"}],"version-history":[{"count":0,"href":"https:\/\/astoria-spa.cz\/de\/wp-json\/wp\/v2\/pages\/540\/revisions"}],"up":[{"embeddable":true,"href":"https:\/\/astoria-spa.cz\/de\/wp-json\/wp\/v2\/pages\/525"}],"wp:attachment":[{"href":"https:\/\/astoria-spa.cz\/de\/wp-json\/wp\/v2\/media?parent=540"}],"wp:term":[{"taxonomy":"category","embeddable":true,"href":"https:\/\/astoria-spa.cz\/de\/wp-json\/wp\/v2\/categories?post=540"}],"curies":[{"name":"wp","href":"https:\/\/api.w.org\/{rel}","templated":true}]}}