{"id":530,"date":"2022-03-03T14:20:31","date_gmt":"2022-03-03T14:20:31","guid":{"rendered":"https:\/\/astoria-hotel-and-medical-spa.ms.decms.eu\/unterkunft\/art-deco-wolker\/"},"modified":"2024-04-05T16:05:13","modified_gmt":"2024-04-05T16:05:13","slug":"art-deco-wolker","status":"publish","type":"page","link":"https:\/\/astoria-spa.cz\/de\/unterkunft\/art-deco-wolker\/","title":{"rendered":"Art Deco WOLKER by ASTORIA Hotel &amp; Medical Spa"},"content":{"rendered":"<p>Wenn Sie sich von der Hektik der Gesellschaft entspannen m\u00f6chten und dabei den Charme des Jugendstils lieben, w\u00e4hlen Sie das <strong>Art Deco WOLKER by ASTORIA Hotel &amp; Medical Spa. <\/strong>Es steht nur wenige Gehminuten vom Astoria-Komplex entfernt zwischen der Sprudel- und der Marktkolonnade. In den geschmackvoll renovierten Zimmern im Art-D\u00e9co-Stil werden Sie die Atmosph\u00e4re der alten Karlsbader Zeit voll genie\u00dfen k\u00f6nnen. Gr\u00f6\u00dfere Familien werden die Suiten mit zwei Schlafzimmern zu sch\u00e4tzen wissen. Und auf dem Weg zum Restaurant k\u00f6nnen Sie Halt machen und das Wasser von einigen der Heilquellen kosten.<\/p>\n<p>Alle Zimmer sind im Oktober 2020 renoviert worden.<\/p>\n<p class=\"half\">Die Dependance <strong>Art Deco WOLKER by ASTORIA Hotel &amp; Medical Spa. <\/strong>bietet 38 Zimmer an:\u00a0 10 x Einbettzimmer Comfort Plus, 14 x Zweibettzimmer Comfort Plus, 4 x Zweibettzimmer Superior, 6 x\u00a0 Junior Suite Comfort Plus und 4 x Suite Superior.<\/p>\n","protected":false},"excerpt":{"rendered":"<p>Wenn Sie sich von der Hektik der Gesellschaft entspannen m\u00f6chten und dabei den Charme des Jugendstils lieben, w\u00e4hlen Sie das Art Deco WOLKER by ASTORIA Hotel &amp; Medical Spa. Es steht nur wenige Gehminuten vom Astoria-Komplex entfernt zwischen der Sprudel- und der Marktkolonnade. In den geschmackvoll renovierten Zimmern im Art-D\u00e9co-Stil werden Sie die Atmosph\u00e4re der [&hellip;]<\/p>\n","protected":false},"author":4,"featured_media":0,"parent":518,"menu_order":20,"comment_status":"closed","ping_status":"closed","template":"template-rooms.php","meta":{"footnotes":""},"categories":[],"class_list":["post-530","page","type-page","status-publish","hentry"],"yoast_head":"<!-- This site is optimized with the Yoast SEO plugin v26.9 - https:\/\/yoast.com\/product\/yoast-seo-wordpress\/ -->\n<title>Art Deco WOLKER by ASTORIA Hotel &amp; Medical Spa - Astoria Hotel &amp; Medical Spa -<\/title>\n<meta name=\"description\" content=\"Wenn Sie sich von der Hektik der Gesellschaft entspannen m\u00f6chten und dabei den Charme des Jugendstils lieben, w\u00e4hlen Sie das Art Deco WOLKER by ASTORIA Hotel &amp; Medical Spa. Es steht nur wenige Gehminuten vom Astoria-Komplex entfernt zwischen der Sprudel- und der Marktkolonnade\" \/>\n<meta name=\"robots\" content=\"index, follow, max-snippet:-1, max-image-preview:large, max-video-preview:-1\" \/>\n<link rel=\"canonical\" href=\"https:\/\/astoria-spa.cz\/de\/unterkunft\/art-deco-wolker\/\" \/>\n<meta property=\"og:locale\" content=\"de_DE\" \/>\n<meta property=\"og:type\" content=\"article\" \/>\n<meta property=\"og:title\" content=\"Art Deco WOLKER by ASTORIA Hotel &amp; Medical Spa - Astoria Hotel &amp; Medical Spa -\" \/>\n<meta property=\"og:description\" content=\"Wenn Sie sich von der Hektik der Gesellschaft entspannen m\u00f6chten und dabei den Charme des Jugendstils lieben, w\u00e4hlen Sie das Art Deco WOLKER by ASTORIA Hotel &amp; Medical Spa. Es steht nur wenige Gehminuten vom Astoria-Komplex entfernt zwischen der Sprudel- und der Marktkolonnade\" \/>\n<meta property=\"og:url\" content=\"https:\/\/astoria-spa.cz\/de\/unterkunft\/art-deco-wolker\/\" \/>\n<meta property=\"og:site_name\" content=\"Astoria Hotel &amp; Medical Spa\" \/>\n<meta property=\"article:modified_time\" content=\"2024-04-05T16:05:13+00:00\" \/>\n<meta name=\"twitter:card\" content=\"summary_large_image\" \/>\n<meta name=\"twitter:label1\" content=\"Gesch\u00e4tzte Lesezeit\" \/>\n\t<meta name=\"twitter:data1\" content=\"1 Minute\" \/>\n<script type=\"application\/ld+json\" class=\"yoast-schema-graph\">{\"@context\":\"https:\/\/schema.org\",\"@graph\":[{\"@type\":\"WebPage\",\"@id\":\"https:\/\/astoria-spa.cz\/de\/unterkunft\/art-deco-wolker\/\",\"url\":\"https:\/\/astoria-spa.cz\/de\/unterkunft\/art-deco-wolker\/\",\"name\":\"Art Deco WOLKER by ASTORIA Hotel &amp; Medical Spa - Astoria Hotel & Medical Spa -\",\"isPartOf\":{\"@id\":\"https:\/\/astoria-spa.cz\/de\/#website\"},\"datePublished\":\"2022-03-03T14:20:31+00:00\",\"dateModified\":\"2024-04-05T16:05:13+00:00\",\"description\":\"Wenn Sie sich von der Hektik der Gesellschaft entspannen m\u00f6chten und dabei den Charme des Jugendstils lieben, w\u00e4hlen Sie das Art Deco WOLKER by ASTORIA Hotel &amp; Medical Spa. Es steht nur wenige Gehminuten vom Astoria-Komplex entfernt zwischen der Sprudel- und der Marktkolonnade\",\"breadcrumb\":{\"@id\":\"https:\/\/astoria-spa.cz\/de\/unterkunft\/art-deco-wolker\/#breadcrumb\"},\"inLanguage\":\"de-DE\",\"potentialAction\":[{\"@type\":\"ReadAction\",\"target\":[\"https:\/\/astoria-spa.cz\/de\/unterkunft\/art-deco-wolker\/\"]}]},{\"@type\":\"BreadcrumbList\",\"@id\":\"https:\/\/astoria-spa.cz\/de\/unterkunft\/art-deco-wolker\/#breadcrumb\",\"itemListElement\":[{\"@type\":\"ListItem\",\"position\":1,\"name\":\"Home\",\"item\":\"https:\/\/astoria-spa.cz\/de\/\"},{\"@type\":\"ListItem\",\"position\":2,\"name\":\"Unterkunft\",\"item\":\"https:\/\/astoria-spa.cz\/de\/unterkunft\/\"},{\"@type\":\"ListItem\",\"position\":3,\"name\":\"Art Deco WOLKER by ASTORIA Hotel &amp; Medical Spa\"}]},{\"@type\":\"WebSite\",\"@id\":\"https:\/\/astoria-spa.cz\/de\/#website\",\"url\":\"https:\/\/astoria-spa.cz\/de\/\",\"name\":\"Astoria Hotel & Medical Spa\",\"description\":\"Just another ms.decms.eu site\",\"potentialAction\":[{\"@type\":\"SearchAction\",\"target\":{\"@type\":\"EntryPoint\",\"urlTemplate\":\"https:\/\/astoria-spa.cz\/de\/?s={search_term_string}\"},\"query-input\":{\"@type\":\"PropertyValueSpecification\",\"valueRequired\":true,\"valueName\":\"search_term_string\"}}],\"inLanguage\":\"de-DE\"}]}<\/script>\n<!-- \/ Yoast SEO plugin. -->","yoast_head_json":{"title":"Art Deco WOLKER by ASTORIA Hotel &amp; Medical Spa - Astoria Hotel & Medical Spa -","description":"Wenn Sie sich von der Hektik der Gesellschaft entspannen m\u00f6chten und dabei den Charme des Jugendstils lieben, w\u00e4hlen Sie das Art Deco WOLKER by ASTORIA Hotel &amp; Medical Spa. Es steht nur wenige Gehminuten vom Astoria-Komplex entfernt zwischen der Sprudel- und der Marktkolonnade","robots":{"index":"index","follow":"follow","max-snippet":"max-snippet:-1","max-image-preview":"max-image-preview:large","max-video-preview":"max-video-preview:-1"},"canonical":"https:\/\/astoria-spa.cz\/de\/unterkunft\/art-deco-wolker\/","og_locale":"de_DE","og_type":"article","og_title":"Art Deco WOLKER by ASTORIA Hotel &amp; Medical Spa - Astoria Hotel & Medical Spa -","og_description":"Wenn Sie sich von der Hektik der Gesellschaft entspannen m\u00f6chten und dabei den Charme des Jugendstils lieben, w\u00e4hlen Sie das Art Deco WOLKER by ASTORIA Hotel &amp; Medical Spa. Es steht nur wenige Gehminuten vom Astoria-Komplex entfernt zwischen der Sprudel- und der Marktkolonnade","og_url":"https:\/\/astoria-spa.cz\/de\/unterkunft\/art-deco-wolker\/","og_site_name":"Astoria Hotel & Medical Spa","article_modified_time":"2024-04-05T16:05:13+00:00","twitter_card":"summary_large_image","twitter_misc":{"Gesch\u00e4tzte Lesezeit":"1 Minute"},"schema":{"@context":"https:\/\/schema.org","@graph":[{"@type":"WebPage","@id":"https:\/\/astoria-spa.cz\/de\/unterkunft\/art-deco-wolker\/","url":"https:\/\/astoria-spa.cz\/de\/unterkunft\/art-deco-wolker\/","name":"Art Deco WOLKER by ASTORIA Hotel &amp; Medical Spa - Astoria Hotel & Medical Spa -","isPartOf":{"@id":"https:\/\/astoria-spa.cz\/de\/#website"},"datePublished":"2022-03-03T14:20:31+00:00","dateModified":"2024-04-05T16:05:13+00:00","description":"Wenn Sie sich von der Hektik der Gesellschaft entspannen m\u00f6chten und dabei den Charme des Jugendstils lieben, w\u00e4hlen Sie das Art Deco WOLKER by ASTORIA Hotel &amp; Medical Spa. Es steht nur wenige Gehminuten vom Astoria-Komplex entfernt zwischen der Sprudel- und der Marktkolonnade","breadcrumb":{"@id":"https:\/\/astoria-spa.cz\/de\/unterkunft\/art-deco-wolker\/#breadcrumb"},"inLanguage":"de-DE","potentialAction":[{"@type":"ReadAction","target":["https:\/\/astoria-spa.cz\/de\/unterkunft\/art-deco-wolker\/"]}]},{"@type":"BreadcrumbList","@id":"https:\/\/astoria-spa.cz\/de\/unterkunft\/art-deco-wolker\/#breadcrumb","itemListElement":[{"@type":"ListItem","position":1,"name":"Home","item":"https:\/\/astoria-spa.cz\/de\/"},{"@type":"ListItem","position":2,"name":"Unterkunft","item":"https:\/\/astoria-spa.cz\/de\/unterkunft\/"},{"@type":"ListItem","position":3,"name":"Art Deco WOLKER by ASTORIA Hotel &amp; Medical Spa"}]},{"@type":"WebSite","@id":"https:\/\/astoria-spa.cz\/de\/#website","url":"https:\/\/astoria-spa.cz\/de\/","name":"Astoria Hotel & Medical Spa","description":"Just another ms.decms.eu site","potentialAction":[{"@type":"SearchAction","target":{"@type":"EntryPoint","urlTemplate":"https:\/\/astoria-spa.cz\/de\/?s={search_term_string}"},"query-input":{"@type":"PropertyValueSpecification","valueRequired":true,"valueName":"search_term_string"}}],"inLanguage":"de-DE"}]}},"acf":[],"_links":{"self":[{"href":"https:\/\/astoria-spa.cz\/de\/wp-json\/wp\/v2\/pages\/530","targetHints":{"allow":["GET"]}}],"collection":[{"href":"https:\/\/astoria-spa.cz\/de\/wp-json\/wp\/v2\/pages"}],"about":[{"href":"https:\/\/astoria-spa.cz\/de\/wp-json\/wp\/v2\/types\/page"}],"author":[{"embeddable":true,"href":"https:\/\/astoria-spa.cz\/de\/wp-json\/wp\/v2\/users\/4"}],"replies":[{"embeddable":true,"href":"https:\/\/astoria-spa.cz\/de\/wp-json\/wp\/v2\/comments?post=530"}],"version-history":[{"count":0,"href":"https:\/\/astoria-spa.cz\/de\/wp-json\/wp\/v2\/pages\/530\/revisions"}],"up":[{"embeddable":true,"href":"https:\/\/astoria-spa.cz\/de\/wp-json\/wp\/v2\/pages\/518"}],"wp:attachment":[{"href":"https:\/\/astoria-spa.cz\/de\/wp-json\/wp\/v2\/media?parent=530"}],"wp:term":[{"taxonomy":"category","embeddable":true,"href":"https:\/\/astoria-spa.cz\/de\/wp-json\/wp\/v2\/categories?post=530"}],"curies":[{"name":"wp","href":"https:\/\/api.w.org\/{rel}","templated":true}]}}