{"id":525,"date":"2022-03-18T15:19:58","date_gmt":"2022-03-18T15:19:58","guid":{"rendered":"https:\/\/astoria-hotel-and-medical-spa.ms.decms.eu\/unterkunft\/astoria-hotel-medical-spa\/"},"modified":"2022-11-10T05:04:59","modified_gmt":"2022-11-10T05:04:59","slug":"astoria-hotel-medical-spa","status":"publish","type":"page","link":"https:\/\/astoria-spa.cz\/de\/unterkunft\/astoria-hotel-medical-spa\/","title":{"rendered":"ASTORIA Hotel &amp; Medical Spa"},"content":{"rendered":"<p>Die f\u00fcnf miteinander verbundenen historischen Geb\u00e4ude des ASTORIA Hotels bieten alle Dienstleistungen unter einem Dach. Die n\u00e4chstgelegenen Heilquellen sind buchst\u00e4blich nur ein paar Schritte vom Hotel entfernt, und die meisten Zimmer bieten eine Aussicht auf die ber\u00fchmte M\u00fchlbrunnkolonnade.<\/p>\n<p>Im Astoria finden Sie 19 Einzel-, 79 Doppel- und 6 Dreibettzimmer in verschiedenen Kategorien.<\/p>\n<p>Der Astoria-Komplex befindet sich direkt gegen\u00fcber der M\u00fchlbrunnkolonnade, wo Sie das Mineralwasser der ber\u00fchmten Karlsbader Heilquellen kosten k\u00f6nnen.<\/p>\n","protected":false},"excerpt":{"rendered":"<p>Die f\u00fcnf miteinander verbundenen historischen Geb\u00e4ude des ASTORIA Hotels bieten alle Dienstleistungen unter einem Dach. Die n\u00e4chstgelegenen Heilquellen sind buchst\u00e4blich nur ein paar Schritte vom Hotel entfernt, und die meisten Zimmer bieten eine Aussicht auf die ber\u00fchmte M\u00fchlbrunnkolonnade. Im Astoria finden Sie 19 Einzel-, 79 Doppel- und 6 Dreibettzimmer in verschiedenen Kategorien. Der Astoria-Komplex befindet [&hellip;]<\/p>\n","protected":false},"author":4,"featured_media":0,"parent":518,"menu_order":10,"comment_status":"closed","ping_status":"closed","template":"template-rooms.php","meta":{"footnotes":""},"categories":[],"class_list":["post-525","page","type-page","status-publish","hentry"],"yoast_head":"<!-- This site is optimized with the Yoast SEO plugin v26.9 - https:\/\/yoast.com\/product\/yoast-seo-wordpress\/ -->\n<title>ASTORIA Hotel &amp; Medical Spa - Astoria Hotel &amp; Medical Spa -<\/title>\n<meta name=\"description\" content=\"Die f\u00fcnf miteinander verbundenen historischen Geb\u00e4ude des ASTORIA Hotels bieten alle Dienstleistungen unter einem Dach. Die n\u00e4chstgelegenen Heilquellen sind buchst\u00e4blich nur ein paar Schritte vom Hotel entfernt, und die meisten Zimmer bieten eine Aussicht auf die ber\u00fchmte M\u00fchlbrunnkolonnade.  Im Astoria finden Sie 19 Einzel-, 79 Doppel- und 6 Dreibettzimmer in verschiedenen Kategorien.  Der Astoria-Komplex befindet sich direkt gegen\u00fcber der M\u00fchlbrunnkolonnade, wo Sie das Mineralwasser der ber\u00fchmten Karlsbader Heilquellen kosten k\u00f6nnen.\" \/>\n<meta name=\"robots\" content=\"index, follow, max-snippet:-1, max-image-preview:large, max-video-preview:-1\" \/>\n<link rel=\"canonical\" href=\"https:\/\/astoria-spa.cz\/de\/unterkunft\/astoria-hotel-medical-spa\/\" \/>\n<meta property=\"og:locale\" content=\"de_DE\" \/>\n<meta property=\"og:type\" content=\"article\" \/>\n<meta property=\"og:title\" content=\"ASTORIA Hotel &amp; Medical Spa - Astoria Hotel &amp; Medical Spa -\" \/>\n<meta property=\"og:description\" content=\"Die f\u00fcnf miteinander verbundenen historischen Geb\u00e4ude des ASTORIA Hotels bieten alle Dienstleistungen unter einem Dach. Die n\u00e4chstgelegenen Heilquellen sind buchst\u00e4blich nur ein paar Schritte vom Hotel entfernt, und die meisten Zimmer bieten eine Aussicht auf die ber\u00fchmte M\u00fchlbrunnkolonnade.  Im Astoria finden Sie 19 Einzel-, 79 Doppel- und 6 Dreibettzimmer in verschiedenen Kategorien.  Der Astoria-Komplex befindet sich direkt gegen\u00fcber der M\u00fchlbrunnkolonnade, wo Sie das Mineralwasser der ber\u00fchmten Karlsbader Heilquellen kosten k\u00f6nnen.\" \/>\n<meta property=\"og:url\" content=\"https:\/\/astoria-spa.cz\/de\/unterkunft\/astoria-hotel-medical-spa\/\" \/>\n<meta property=\"og:site_name\" content=\"Astoria Hotel &amp; Medical Spa\" \/>\n<meta property=\"article:modified_time\" content=\"2022-11-10T05:04:59+00:00\" \/>\n<meta name=\"twitter:card\" content=\"summary_large_image\" \/>\n<meta name=\"twitter:label1\" content=\"Gesch\u00e4tzte Lesezeit\" \/>\n\t<meta name=\"twitter:data1\" content=\"1 Minute\" \/>\n<script type=\"application\/ld+json\" class=\"yoast-schema-graph\">{\"@context\":\"https:\/\/schema.org\",\"@graph\":[{\"@type\":\"WebPage\",\"@id\":\"https:\/\/astoria-spa.cz\/de\/unterkunft\/astoria-hotel-medical-spa\/\",\"url\":\"https:\/\/astoria-spa.cz\/de\/unterkunft\/astoria-hotel-medical-spa\/\",\"name\":\"ASTORIA Hotel &amp; Medical Spa - Astoria Hotel & Medical Spa -\",\"isPartOf\":{\"@id\":\"https:\/\/astoria-spa.cz\/de\/#website\"},\"datePublished\":\"2022-03-18T15:19:58+00:00\",\"dateModified\":\"2022-11-10T05:04:59+00:00\",\"description\":\"Die f\u00fcnf miteinander verbundenen historischen Geb\u00e4ude des ASTORIA Hotels bieten alle Dienstleistungen unter einem Dach. Die n\u00e4chstgelegenen Heilquellen sind buchst\u00e4blich nur ein paar Schritte vom Hotel entfernt, und die meisten Zimmer bieten eine Aussicht auf die ber\u00fchmte M\u00fchlbrunnkolonnade. Im Astoria finden Sie 19 Einzel-, 79 Doppel- und 6 Dreibettzimmer in verschiedenen Kategorien. Der Astoria-Komplex befindet sich direkt gegen\u00fcber der M\u00fchlbrunnkolonnade, wo Sie das Mineralwasser der ber\u00fchmten Karlsbader Heilquellen kosten k\u00f6nnen.\",\"breadcrumb\":{\"@id\":\"https:\/\/astoria-spa.cz\/de\/unterkunft\/astoria-hotel-medical-spa\/#breadcrumb\"},\"inLanguage\":\"de-DE\",\"potentialAction\":[{\"@type\":\"ReadAction\",\"target\":[\"https:\/\/astoria-spa.cz\/de\/unterkunft\/astoria-hotel-medical-spa\/\"]}]},{\"@type\":\"BreadcrumbList\",\"@id\":\"https:\/\/astoria-spa.cz\/de\/unterkunft\/astoria-hotel-medical-spa\/#breadcrumb\",\"itemListElement\":[{\"@type\":\"ListItem\",\"position\":1,\"name\":\"Home\",\"item\":\"https:\/\/astoria-spa.cz\/de\/\"},{\"@type\":\"ListItem\",\"position\":2,\"name\":\"Unterkunft\",\"item\":\"https:\/\/astoria-spa.cz\/de\/unterkunft\/\"},{\"@type\":\"ListItem\",\"position\":3,\"name\":\"ASTORIA Hotel &amp; Medical Spa\"}]},{\"@type\":\"WebSite\",\"@id\":\"https:\/\/astoria-spa.cz\/de\/#website\",\"url\":\"https:\/\/astoria-spa.cz\/de\/\",\"name\":\"Astoria Hotel & Medical Spa\",\"description\":\"Just another ms.decms.eu site\",\"potentialAction\":[{\"@type\":\"SearchAction\",\"target\":{\"@type\":\"EntryPoint\",\"urlTemplate\":\"https:\/\/astoria-spa.cz\/de\/?s={search_term_string}\"},\"query-input\":{\"@type\":\"PropertyValueSpecification\",\"valueRequired\":true,\"valueName\":\"search_term_string\"}}],\"inLanguage\":\"de-DE\"}]}<\/script>\n<!-- \/ Yoast SEO plugin. -->","yoast_head_json":{"title":"ASTORIA Hotel &amp; Medical Spa - Astoria Hotel & Medical Spa -","description":"Die f\u00fcnf miteinander verbundenen historischen Geb\u00e4ude des ASTORIA Hotels bieten alle Dienstleistungen unter einem Dach. Die n\u00e4chstgelegenen Heilquellen sind buchst\u00e4blich nur ein paar Schritte vom Hotel entfernt, und die meisten Zimmer bieten eine Aussicht auf die ber\u00fchmte M\u00fchlbrunnkolonnade.  Im Astoria finden Sie 19 Einzel-, 79 Doppel- und 6 Dreibettzimmer in verschiedenen Kategorien.  Der Astoria-Komplex befindet sich direkt gegen\u00fcber der M\u00fchlbrunnkolonnade, wo Sie das Mineralwasser der ber\u00fchmten Karlsbader Heilquellen kosten k\u00f6nnen.","robots":{"index":"index","follow":"follow","max-snippet":"max-snippet:-1","max-image-preview":"max-image-preview:large","max-video-preview":"max-video-preview:-1"},"canonical":"https:\/\/astoria-spa.cz\/de\/unterkunft\/astoria-hotel-medical-spa\/","og_locale":"de_DE","og_type":"article","og_title":"ASTORIA Hotel &amp; Medical Spa - Astoria Hotel & Medical Spa -","og_description":"Die f\u00fcnf miteinander verbundenen historischen Geb\u00e4ude des ASTORIA Hotels bieten alle Dienstleistungen unter einem Dach. Die n\u00e4chstgelegenen Heilquellen sind buchst\u00e4blich nur ein paar Schritte vom Hotel entfernt, und die meisten Zimmer bieten eine Aussicht auf die ber\u00fchmte M\u00fchlbrunnkolonnade.  Im Astoria finden Sie 19 Einzel-, 79 Doppel- und 6 Dreibettzimmer in verschiedenen Kategorien.  Der Astoria-Komplex befindet sich direkt gegen\u00fcber der M\u00fchlbrunnkolonnade, wo Sie das Mineralwasser der ber\u00fchmten Karlsbader Heilquellen kosten k\u00f6nnen.","og_url":"https:\/\/astoria-spa.cz\/de\/unterkunft\/astoria-hotel-medical-spa\/","og_site_name":"Astoria Hotel & Medical Spa","article_modified_time":"2022-11-10T05:04:59+00:00","twitter_card":"summary_large_image","twitter_misc":{"Gesch\u00e4tzte Lesezeit":"1 Minute"},"schema":{"@context":"https:\/\/schema.org","@graph":[{"@type":"WebPage","@id":"https:\/\/astoria-spa.cz\/de\/unterkunft\/astoria-hotel-medical-spa\/","url":"https:\/\/astoria-spa.cz\/de\/unterkunft\/astoria-hotel-medical-spa\/","name":"ASTORIA Hotel &amp; Medical Spa - Astoria Hotel & Medical Spa -","isPartOf":{"@id":"https:\/\/astoria-spa.cz\/de\/#website"},"datePublished":"2022-03-18T15:19:58+00:00","dateModified":"2022-11-10T05:04:59+00:00","description":"Die f\u00fcnf miteinander verbundenen historischen Geb\u00e4ude des ASTORIA Hotels bieten alle Dienstleistungen unter einem Dach. Die n\u00e4chstgelegenen Heilquellen sind buchst\u00e4blich nur ein paar Schritte vom Hotel entfernt, und die meisten Zimmer bieten eine Aussicht auf die ber\u00fchmte M\u00fchlbrunnkolonnade. Im Astoria finden Sie 19 Einzel-, 79 Doppel- und 6 Dreibettzimmer in verschiedenen Kategorien. Der Astoria-Komplex befindet sich direkt gegen\u00fcber der M\u00fchlbrunnkolonnade, wo Sie das Mineralwasser der ber\u00fchmten Karlsbader Heilquellen kosten k\u00f6nnen.","breadcrumb":{"@id":"https:\/\/astoria-spa.cz\/de\/unterkunft\/astoria-hotel-medical-spa\/#breadcrumb"},"inLanguage":"de-DE","potentialAction":[{"@type":"ReadAction","target":["https:\/\/astoria-spa.cz\/de\/unterkunft\/astoria-hotel-medical-spa\/"]}]},{"@type":"BreadcrumbList","@id":"https:\/\/astoria-spa.cz\/de\/unterkunft\/astoria-hotel-medical-spa\/#breadcrumb","itemListElement":[{"@type":"ListItem","position":1,"name":"Home","item":"https:\/\/astoria-spa.cz\/de\/"},{"@type":"ListItem","position":2,"name":"Unterkunft","item":"https:\/\/astoria-spa.cz\/de\/unterkunft\/"},{"@type":"ListItem","position":3,"name":"ASTORIA Hotel &amp; Medical Spa"}]},{"@type":"WebSite","@id":"https:\/\/astoria-spa.cz\/de\/#website","url":"https:\/\/astoria-spa.cz\/de\/","name":"Astoria Hotel & Medical Spa","description":"Just another ms.decms.eu site","potentialAction":[{"@type":"SearchAction","target":{"@type":"EntryPoint","urlTemplate":"https:\/\/astoria-spa.cz\/de\/?s={search_term_string}"},"query-input":{"@type":"PropertyValueSpecification","valueRequired":true,"valueName":"search_term_string"}}],"inLanguage":"de-DE"}]}},"acf":[],"_links":{"self":[{"href":"https:\/\/astoria-spa.cz\/de\/wp-json\/wp\/v2\/pages\/525","targetHints":{"allow":["GET"]}}],"collection":[{"href":"https:\/\/astoria-spa.cz\/de\/wp-json\/wp\/v2\/pages"}],"about":[{"href":"https:\/\/astoria-spa.cz\/de\/wp-json\/wp\/v2\/types\/page"}],"author":[{"embeddable":true,"href":"https:\/\/astoria-spa.cz\/de\/wp-json\/wp\/v2\/users\/4"}],"replies":[{"embeddable":true,"href":"https:\/\/astoria-spa.cz\/de\/wp-json\/wp\/v2\/comments?post=525"}],"version-history":[{"count":0,"href":"https:\/\/astoria-spa.cz\/de\/wp-json\/wp\/v2\/pages\/525\/revisions"}],"up":[{"embeddable":true,"href":"https:\/\/astoria-spa.cz\/de\/wp-json\/wp\/v2\/pages\/518"}],"wp:attachment":[{"href":"https:\/\/astoria-spa.cz\/de\/wp-json\/wp\/v2\/media?parent=525"}],"wp:term":[{"taxonomy":"category","embeddable":true,"href":"https:\/\/astoria-spa.cz\/de\/wp-json\/wp\/v2\/categories?post=525"}],"curies":[{"name":"wp","href":"https:\/\/api.w.org\/{rel}","templated":true}]}}