{"id":518,"date":"2022-03-18T14:46:16","date_gmt":"2022-03-18T14:46:16","guid":{"rendered":"https:\/\/astoria-hotel-and-medical-spa.ms.decms.eu\/?page_id=518"},"modified":"2024-04-05T16:12:13","modified_gmt":"2024-04-05T16:12:13","slug":"unterkunft","status":"publish","type":"page","link":"https:\/\/astoria-spa.cz\/de\/unterkunft\/","title":{"rendered":"Unterkunft"},"content":{"rendered":"<p><strong>ASTORIA<\/strong>: Pasteur, T\u0159i lilie, Astoria, Vulk\u00e1n und Gloria: f\u00fcnf Kurh\u00e4user mit dem Charme der Geschichte, die komfortable Zimmer, ein neues Wellness-Zentrum und viele gem\u00fctliche Ecken bieten, in denen man sich in Ruhe unterhalten oder eine Tasse Tee oder Kaffee genie\u00dfen kann.<\/p>\n<p>Im selbst\u00e4ndigen, nur wenige Gehminuten entfernten Haus <strong>Art Deco WOLKER<\/strong> <strong>by ASTORIA Hotel &amp; Medical Spa <\/strong>werden Sie sich nahezu wie in einem Schloss f\u00fchlen. Der Ausblick von den Balkons auf die Marktkolonnade oder die Kirche St. Maria Magdalena ist atemberaubend.<\/p>\n<p>W\u00e4hlen Sie aus 142 Zimmern + 10 <strong>Family Apartments by ASTORIA Hotel &amp; Medical Spa <\/strong>mit Gesundheitsmatratzen f\u00fcr einen erholsamen Schlaf und s\u00fc\u00dfe Tr\u00e4ume. Kinder lassen wir gerne kostenlos (in einem Beistellbett bis zum Alter von 12 Jahren) \u00fcbernachten, und in einigen Zimmern\u00a0 sind auch Haustiere erlaubt.<\/p>\n","protected":false},"excerpt":{"rendered":"<p>ASTORIA: Pasteur, T\u0159i lilie, Astoria, Vulk\u00e1n und Gloria: f\u00fcnf Kurh\u00e4user mit dem Charme der Geschichte, die komfortable Zimmer, ein neues Wellness-Zentrum und viele gem\u00fctliche Ecken bieten, in denen man sich in Ruhe unterhalten oder eine Tasse Tee oder Kaffee genie\u00dfen kann. Im selbst\u00e4ndigen, nur wenige Gehminuten entfernten Haus Art Deco WOLKER by ASTORIA Hotel &amp; [&hellip;]<\/p>\n","protected":false},"author":4,"featured_media":0,"parent":0,"menu_order":10,"comment_status":"closed","ping_status":"closed","template":"template-default-4.php","meta":{"footnotes":""},"categories":[],"class_list":["post-518","page","type-page","status-publish","hentry"],"yoast_head":"<!-- This site is optimized with the Yoast SEO plugin v26.9 - https:\/\/yoast.com\/product\/yoast-seo-wordpress\/ -->\n<title>Unterkunft - Astoria Hotel &amp; Medical Spa -<\/title>\n<meta name=\"description\" content=\"ASTORIA: Pasteur, T\u0159i lilie, Astoria, Vulk\u00e1n und Gloria: f\u00fcnf Kurh\u00e4user mit dem Charme der Geschichte, die komfortable Zimmer, ein neues Wellness-Zentrum und viele gem\u00fctliche Ecken bieten, in denen man sich in Ruhe unterhalten oder eine Tasse Tee oder Kaffee genie\u00dfen kann.  Im selbst\u00e4ndigen, nur wenige Gehminuten entfernten Haus Art Deco WOLKER by ASTORIA Hotel &amp; Medical Spa werden Sie sich nahezu wie in einem Schloss f\u00fchlen. Der Ausblick von den Balkons auf die Marktkolonnade oder die Kirche St\" \/>\n<meta name=\"robots\" content=\"index, follow, max-snippet:-1, max-image-preview:large, max-video-preview:-1\" \/>\n<link rel=\"canonical\" href=\"https:\/\/astoria-spa.cz\/de\/unterkunft\/\" \/>\n<meta property=\"og:locale\" content=\"de_DE\" \/>\n<meta property=\"og:type\" content=\"article\" \/>\n<meta property=\"og:title\" content=\"Unterkunft - Astoria Hotel &amp; Medical Spa -\" \/>\n<meta property=\"og:description\" content=\"ASTORIA: Pasteur, T\u0159i lilie, Astoria, Vulk\u00e1n und Gloria: f\u00fcnf Kurh\u00e4user mit dem Charme der Geschichte, die komfortable Zimmer, ein neues Wellness-Zentrum und viele gem\u00fctliche Ecken bieten, in denen man sich in Ruhe unterhalten oder eine Tasse Tee oder Kaffee genie\u00dfen kann.  Im selbst\u00e4ndigen, nur wenige Gehminuten entfernten Haus Art Deco WOLKER by ASTORIA Hotel &amp; Medical Spa werden Sie sich nahezu wie in einem Schloss f\u00fchlen. Der Ausblick von den Balkons auf die Marktkolonnade oder die Kirche St\" \/>\n<meta property=\"og:url\" content=\"https:\/\/astoria-spa.cz\/de\/unterkunft\/\" \/>\n<meta property=\"og:site_name\" content=\"Astoria Hotel &amp; Medical Spa\" \/>\n<meta property=\"article:modified_time\" content=\"2024-04-05T16:12:13+00:00\" \/>\n<meta name=\"twitter:card\" content=\"summary_large_image\" \/>\n<meta name=\"twitter:label1\" content=\"Gesch\u00e4tzte Lesezeit\" \/>\n\t<meta name=\"twitter:data1\" content=\"1 Minute\" \/>\n<script type=\"application\/ld+json\" class=\"yoast-schema-graph\">{\"@context\":\"https:\/\/schema.org\",\"@graph\":[{\"@type\":\"WebPage\",\"@id\":\"https:\/\/astoria-spa.cz\/de\/unterkunft\/\",\"url\":\"https:\/\/astoria-spa.cz\/de\/unterkunft\/\",\"name\":\"Unterkunft - Astoria Hotel & Medical Spa -\",\"isPartOf\":{\"@id\":\"https:\/\/astoria-spa.cz\/de\/#website\"},\"datePublished\":\"2022-03-18T14:46:16+00:00\",\"dateModified\":\"2024-04-05T16:12:13+00:00\",\"description\":\"ASTORIA: Pasteur, T\u0159i lilie, Astoria, Vulk\u00e1n und Gloria: f\u00fcnf Kurh\u00e4user mit dem Charme der Geschichte, die komfortable Zimmer, ein neues Wellness-Zentrum und viele gem\u00fctliche Ecken bieten, in denen man sich in Ruhe unterhalten oder eine Tasse Tee oder Kaffee genie\u00dfen kann. Im selbst\u00e4ndigen, nur wenige Gehminuten entfernten Haus Art Deco WOLKER by ASTORIA Hotel &amp; Medical Spa werden Sie sich nahezu wie in einem Schloss f\u00fchlen. Der Ausblick von den Balkons auf die Marktkolonnade oder die Kirche St\",\"breadcrumb\":{\"@id\":\"https:\/\/astoria-spa.cz\/de\/unterkunft\/#breadcrumb\"},\"inLanguage\":\"de-DE\",\"potentialAction\":[{\"@type\":\"ReadAction\",\"target\":[\"https:\/\/astoria-spa.cz\/de\/unterkunft\/\"]}]},{\"@type\":\"BreadcrumbList\",\"@id\":\"https:\/\/astoria-spa.cz\/de\/unterkunft\/#breadcrumb\",\"itemListElement\":[{\"@type\":\"ListItem\",\"position\":1,\"name\":\"Home\",\"item\":\"https:\/\/astoria-spa.cz\/de\/\"},{\"@type\":\"ListItem\",\"position\":2,\"name\":\"Unterkunft\"}]},{\"@type\":\"WebSite\",\"@id\":\"https:\/\/astoria-spa.cz\/de\/#website\",\"url\":\"https:\/\/astoria-spa.cz\/de\/\",\"name\":\"Astoria Hotel & Medical Spa\",\"description\":\"Just another ms.decms.eu site\",\"potentialAction\":[{\"@type\":\"SearchAction\",\"target\":{\"@type\":\"EntryPoint\",\"urlTemplate\":\"https:\/\/astoria-spa.cz\/de\/?s={search_term_string}\"},\"query-input\":{\"@type\":\"PropertyValueSpecification\",\"valueRequired\":true,\"valueName\":\"search_term_string\"}}],\"inLanguage\":\"de-DE\"}]}<\/script>\n<!-- \/ Yoast SEO plugin. -->","yoast_head_json":{"title":"Unterkunft - Astoria Hotel & Medical Spa -","description":"ASTORIA: Pasteur, T\u0159i lilie, Astoria, Vulk\u00e1n und Gloria: f\u00fcnf Kurh\u00e4user mit dem Charme der Geschichte, die komfortable Zimmer, ein neues Wellness-Zentrum und viele gem\u00fctliche Ecken bieten, in denen man sich in Ruhe unterhalten oder eine Tasse Tee oder Kaffee genie\u00dfen kann.  Im selbst\u00e4ndigen, nur wenige Gehminuten entfernten Haus Art Deco WOLKER by ASTORIA Hotel &amp; Medical Spa werden Sie sich nahezu wie in einem Schloss f\u00fchlen. Der Ausblick von den Balkons auf die Marktkolonnade oder die Kirche St","robots":{"index":"index","follow":"follow","max-snippet":"max-snippet:-1","max-image-preview":"max-image-preview:large","max-video-preview":"max-video-preview:-1"},"canonical":"https:\/\/astoria-spa.cz\/de\/unterkunft\/","og_locale":"de_DE","og_type":"article","og_title":"Unterkunft - Astoria Hotel & Medical Spa -","og_description":"ASTORIA: Pasteur, T\u0159i lilie, Astoria, Vulk\u00e1n und Gloria: f\u00fcnf Kurh\u00e4user mit dem Charme der Geschichte, die komfortable Zimmer, ein neues Wellness-Zentrum und viele gem\u00fctliche Ecken bieten, in denen man sich in Ruhe unterhalten oder eine Tasse Tee oder Kaffee genie\u00dfen kann.  Im selbst\u00e4ndigen, nur wenige Gehminuten entfernten Haus Art Deco WOLKER by ASTORIA Hotel &amp; Medical Spa werden Sie sich nahezu wie in einem Schloss f\u00fchlen. Der Ausblick von den Balkons auf die Marktkolonnade oder die Kirche St","og_url":"https:\/\/astoria-spa.cz\/de\/unterkunft\/","og_site_name":"Astoria Hotel & Medical Spa","article_modified_time":"2024-04-05T16:12:13+00:00","twitter_card":"summary_large_image","twitter_misc":{"Gesch\u00e4tzte Lesezeit":"1 Minute"},"schema":{"@context":"https:\/\/schema.org","@graph":[{"@type":"WebPage","@id":"https:\/\/astoria-spa.cz\/de\/unterkunft\/","url":"https:\/\/astoria-spa.cz\/de\/unterkunft\/","name":"Unterkunft - Astoria Hotel & Medical Spa -","isPartOf":{"@id":"https:\/\/astoria-spa.cz\/de\/#website"},"datePublished":"2022-03-18T14:46:16+00:00","dateModified":"2024-04-05T16:12:13+00:00","description":"ASTORIA: Pasteur, T\u0159i lilie, Astoria, Vulk\u00e1n und Gloria: f\u00fcnf Kurh\u00e4user mit dem Charme der Geschichte, die komfortable Zimmer, ein neues Wellness-Zentrum und viele gem\u00fctliche Ecken bieten, in denen man sich in Ruhe unterhalten oder eine Tasse Tee oder Kaffee genie\u00dfen kann. Im selbst\u00e4ndigen, nur wenige Gehminuten entfernten Haus Art Deco WOLKER by ASTORIA Hotel &amp; Medical Spa werden Sie sich nahezu wie in einem Schloss f\u00fchlen. Der Ausblick von den Balkons auf die Marktkolonnade oder die Kirche St","breadcrumb":{"@id":"https:\/\/astoria-spa.cz\/de\/unterkunft\/#breadcrumb"},"inLanguage":"de-DE","potentialAction":[{"@type":"ReadAction","target":["https:\/\/astoria-spa.cz\/de\/unterkunft\/"]}]},{"@type":"BreadcrumbList","@id":"https:\/\/astoria-spa.cz\/de\/unterkunft\/#breadcrumb","itemListElement":[{"@type":"ListItem","position":1,"name":"Home","item":"https:\/\/astoria-spa.cz\/de\/"},{"@type":"ListItem","position":2,"name":"Unterkunft"}]},{"@type":"WebSite","@id":"https:\/\/astoria-spa.cz\/de\/#website","url":"https:\/\/astoria-spa.cz\/de\/","name":"Astoria Hotel & Medical Spa","description":"Just another ms.decms.eu site","potentialAction":[{"@type":"SearchAction","target":{"@type":"EntryPoint","urlTemplate":"https:\/\/astoria-spa.cz\/de\/?s={search_term_string}"},"query-input":{"@type":"PropertyValueSpecification","valueRequired":true,"valueName":"search_term_string"}}],"inLanguage":"de-DE"}]}},"acf":[],"_links":{"self":[{"href":"https:\/\/astoria-spa.cz\/de\/wp-json\/wp\/v2\/pages\/518","targetHints":{"allow":["GET"]}}],"collection":[{"href":"https:\/\/astoria-spa.cz\/de\/wp-json\/wp\/v2\/pages"}],"about":[{"href":"https:\/\/astoria-spa.cz\/de\/wp-json\/wp\/v2\/types\/page"}],"author":[{"embeddable":true,"href":"https:\/\/astoria-spa.cz\/de\/wp-json\/wp\/v2\/users\/4"}],"replies":[{"embeddable":true,"href":"https:\/\/astoria-spa.cz\/de\/wp-json\/wp\/v2\/comments?post=518"}],"version-history":[{"count":0,"href":"https:\/\/astoria-spa.cz\/de\/wp-json\/wp\/v2\/pages\/518\/revisions"}],"wp:attachment":[{"href":"https:\/\/astoria-spa.cz\/de\/wp-json\/wp\/v2\/media?parent=518"}],"wp:term":[{"taxonomy":"category","embeddable":true,"href":"https:\/\/astoria-spa.cz\/de\/wp-json\/wp\/v2\/categories?post=518"}],"curies":[{"name":"wp","href":"https:\/\/api.w.org\/{rel}","templated":true}]}}