{"id":4,"date":"2022-03-02T09:08:25","date_gmt":"2022-03-02T09:08:25","guid":{"rendered":"https:\/\/astoria-hotel-and-medical-spa.ms.decms.eu\/sample-page\/"},"modified":"2023-10-04T16:29:36","modified_gmt":"2023-10-04T16:29:36","slug":"sample-page","status":"publish","type":"page","link":"https:\/\/astoria-spa.cz\/de\/","title":{"rendered":"ASTORIA Hotel &amp; Medical Spa"},"content":{"rendered":"<p style=\"text-align: center;\">Sie werden keinen besseren Ort f\u00fcr Ihren Aufenthalt finden, ganz gleich, ob Sie einen Ort zum Entspannen suchen, einen Kuraufenthalt planen oder Sport, Wellness oder Sightseeing erleben und von Ihrem Zimmer aus einen herrlichen Blick auf die Kolonnaden und das historische Zentrum genie\u00dfen m\u00f6chten. Genie\u00dfen Sie ihn mit einer Tasse duftenden Tees aus der Teestube des Hotels. Und vor dem Abendessen sollten Sie sich ein Glas Heilwasser g\u00f6nnen &#8211; die n\u00e4chste Quelle befindet sich direkt gegen\u00fcber dem Haupteingang.<\/p>\n","protected":false},"excerpt":{"rendered":"<p>Sie werden keinen besseren Ort f\u00fcr Ihren Aufenthalt finden, ganz gleich, ob Sie einen Ort zum Entspannen suchen, einen Kuraufenthalt planen oder Sport, Wellness oder Sightseeing erleben und von Ihrem Zimmer aus einen herrlichen Blick auf die Kolonnaden und das historische Zentrum genie\u00dfen m\u00f6chten. Genie\u00dfen Sie ihn mit einer Tasse duftenden Tees aus der Teestube [&hellip;]<\/p>\n","protected":false},"author":4,"featured_media":0,"parent":0,"menu_order":0,"comment_status":"closed","ping_status":"closed","template":"","meta":{"footnotes":""},"categories":[],"class_list":["post-4","page","type-page","status-publish","hentry"],"yoast_head":"<!-- This site is optimized with the Yoast SEO plugin v26.9 - https:\/\/yoast.com\/product\/yoast-seo-wordpress\/ -->\n<title>ASTORIA Hotel &amp; Medical Spa - Astoria Hotel &amp; Medical Spa -<\/title>\n<meta name=\"description\" content=\"Sie werden keinen besseren Ort f\u00fcr Ihren Aufenthalt finden, ganz gleich, ob Sie einen Ort zum Entspannen suchen, einen Kuraufenthalt planen oder Sport, Wellness oder Sightseeing erleben und von Ihrem Zimmer aus einen herrlichen Blick auf die Kolonnaden und das historische Zentrum genie\u00dfen m\u00f6chten. Genie\u00dfen Sie ihn mit einer Tasse duftenden Tees aus der Teestube des Hotels\" \/>\n<meta name=\"robots\" content=\"index, follow, max-snippet:-1, max-image-preview:large, max-video-preview:-1\" \/>\n<link rel=\"canonical\" href=\"https:\/\/astoria-spa.cz\/de\/\" \/>\n<meta property=\"og:locale\" content=\"de_DE\" \/>\n<meta property=\"og:type\" content=\"article\" \/>\n<meta property=\"og:title\" content=\"ASTORIA Hotel &amp; Medical Spa - Astoria Hotel &amp; Medical Spa -\" \/>\n<meta property=\"og:description\" content=\"Sie werden keinen besseren Ort f\u00fcr Ihren Aufenthalt finden, ganz gleich, ob Sie einen Ort zum Entspannen suchen, einen Kuraufenthalt planen oder Sport, Wellness oder Sightseeing erleben und von Ihrem Zimmer aus einen herrlichen Blick auf die Kolonnaden und das historische Zentrum genie\u00dfen m\u00f6chten. Genie\u00dfen Sie ihn mit einer Tasse duftenden Tees aus der Teestube des Hotels\" \/>\n<meta property=\"og:url\" content=\"https:\/\/astoria-spa.cz\/de\/\" \/>\n<meta property=\"og:site_name\" content=\"Astoria Hotel &amp; Medical Spa\" \/>\n<meta property=\"article:modified_time\" content=\"2023-10-04T16:29:36+00:00\" \/>\n<meta name=\"twitter:card\" content=\"summary_large_image\" \/>\n<meta name=\"twitter:label1\" content=\"Gesch\u00e4tzte Lesezeit\" \/>\n\t<meta name=\"twitter:data1\" content=\"1 Minute\" \/>\n<script type=\"application\/ld+json\" class=\"yoast-schema-graph\">{\"@context\":\"https:\/\/schema.org\",\"@graph\":[{\"@type\":\"WebPage\",\"@id\":\"https:\/\/astoria-spa.cz\/de\/\",\"url\":\"https:\/\/astoria-spa.cz\/de\/\",\"name\":\"ASTORIA Hotel &amp; Medical Spa - Astoria Hotel & Medical Spa -\",\"isPartOf\":{\"@id\":\"https:\/\/astoria-spa.cz\/de\/#website\"},\"datePublished\":\"2022-03-02T09:08:25+00:00\",\"dateModified\":\"2023-10-04T16:29:36+00:00\",\"description\":\"Sie werden keinen besseren Ort f\u00fcr Ihren Aufenthalt finden, ganz gleich, ob Sie einen Ort zum Entspannen suchen, einen Kuraufenthalt planen oder Sport, Wellness oder Sightseeing erleben und von Ihrem Zimmer aus einen herrlichen Blick auf die Kolonnaden und das historische Zentrum genie\u00dfen m\u00f6chten. Genie\u00dfen Sie ihn mit einer Tasse duftenden Tees aus der Teestube des Hotels\",\"breadcrumb\":{\"@id\":\"https:\/\/astoria-spa.cz\/de\/#breadcrumb\"},\"inLanguage\":\"de-DE\",\"potentialAction\":[{\"@type\":\"ReadAction\",\"target\":[\"https:\/\/astoria-spa.cz\/de\/\"]}]},{\"@type\":\"BreadcrumbList\",\"@id\":\"https:\/\/astoria-spa.cz\/de\/#breadcrumb\",\"itemListElement\":[{\"@type\":\"ListItem\",\"position\":1,\"name\":\"Home\",\"item\":\"https:\/\/astoria-spa.cz\/de\/\"},{\"@type\":\"ListItem\",\"position\":2,\"name\":\"ASTORIA Hotel &amp; Medical Spa\"}]},{\"@type\":\"WebSite\",\"@id\":\"https:\/\/astoria-spa.cz\/de\/#website\",\"url\":\"https:\/\/astoria-spa.cz\/de\/\",\"name\":\"Astoria Hotel & Medical Spa\",\"description\":\"Just another ms.decms.eu site\",\"potentialAction\":[{\"@type\":\"SearchAction\",\"target\":{\"@type\":\"EntryPoint\",\"urlTemplate\":\"https:\/\/astoria-spa.cz\/de\/?s={search_term_string}\"},\"query-input\":{\"@type\":\"PropertyValueSpecification\",\"valueRequired\":true,\"valueName\":\"search_term_string\"}}],\"inLanguage\":\"de-DE\"}]}<\/script>\n<!-- \/ Yoast SEO plugin. -->","yoast_head_json":{"title":"ASTORIA Hotel &amp; Medical Spa - Astoria Hotel & Medical Spa -","description":"Sie werden keinen besseren Ort f\u00fcr Ihren Aufenthalt finden, ganz gleich, ob Sie einen Ort zum Entspannen suchen, einen Kuraufenthalt planen oder Sport, Wellness oder Sightseeing erleben und von Ihrem Zimmer aus einen herrlichen Blick auf die Kolonnaden und das historische Zentrum genie\u00dfen m\u00f6chten. Genie\u00dfen Sie ihn mit einer Tasse duftenden Tees aus der Teestube des Hotels","robots":{"index":"index","follow":"follow","max-snippet":"max-snippet:-1","max-image-preview":"max-image-preview:large","max-video-preview":"max-video-preview:-1"},"canonical":"https:\/\/astoria-spa.cz\/de\/","og_locale":"de_DE","og_type":"article","og_title":"ASTORIA Hotel &amp; Medical Spa - Astoria Hotel & Medical Spa -","og_description":"Sie werden keinen besseren Ort f\u00fcr Ihren Aufenthalt finden, ganz gleich, ob Sie einen Ort zum Entspannen suchen, einen Kuraufenthalt planen oder Sport, Wellness oder Sightseeing erleben und von Ihrem Zimmer aus einen herrlichen Blick auf die Kolonnaden und das historische Zentrum genie\u00dfen m\u00f6chten. Genie\u00dfen Sie ihn mit einer Tasse duftenden Tees aus der Teestube des Hotels","og_url":"https:\/\/astoria-spa.cz\/de\/","og_site_name":"Astoria Hotel & Medical Spa","article_modified_time":"2023-10-04T16:29:36+00:00","twitter_card":"summary_large_image","twitter_misc":{"Gesch\u00e4tzte Lesezeit":"1 Minute"},"schema":{"@context":"https:\/\/schema.org","@graph":[{"@type":"WebPage","@id":"https:\/\/astoria-spa.cz\/de\/","url":"https:\/\/astoria-spa.cz\/de\/","name":"ASTORIA Hotel &amp; Medical Spa - Astoria Hotel & Medical Spa -","isPartOf":{"@id":"https:\/\/astoria-spa.cz\/de\/#website"},"datePublished":"2022-03-02T09:08:25+00:00","dateModified":"2023-10-04T16:29:36+00:00","description":"Sie werden keinen besseren Ort f\u00fcr Ihren Aufenthalt finden, ganz gleich, ob Sie einen Ort zum Entspannen suchen, einen Kuraufenthalt planen oder Sport, Wellness oder Sightseeing erleben und von Ihrem Zimmer aus einen herrlichen Blick auf die Kolonnaden und das historische Zentrum genie\u00dfen m\u00f6chten. Genie\u00dfen Sie ihn mit einer Tasse duftenden Tees aus der Teestube des Hotels","breadcrumb":{"@id":"https:\/\/astoria-spa.cz\/de\/#breadcrumb"},"inLanguage":"de-DE","potentialAction":[{"@type":"ReadAction","target":["https:\/\/astoria-spa.cz\/de\/"]}]},{"@type":"BreadcrumbList","@id":"https:\/\/astoria-spa.cz\/de\/#breadcrumb","itemListElement":[{"@type":"ListItem","position":1,"name":"Home","item":"https:\/\/astoria-spa.cz\/de\/"},{"@type":"ListItem","position":2,"name":"ASTORIA Hotel &amp; Medical Spa"}]},{"@type":"WebSite","@id":"https:\/\/astoria-spa.cz\/de\/#website","url":"https:\/\/astoria-spa.cz\/de\/","name":"Astoria Hotel & Medical Spa","description":"Just another ms.decms.eu site","potentialAction":[{"@type":"SearchAction","target":{"@type":"EntryPoint","urlTemplate":"https:\/\/astoria-spa.cz\/de\/?s={search_term_string}"},"query-input":{"@type":"PropertyValueSpecification","valueRequired":true,"valueName":"search_term_string"}}],"inLanguage":"de-DE"}]}},"acf":[],"_links":{"self":[{"href":"https:\/\/astoria-spa.cz\/de\/wp-json\/wp\/v2\/pages\/4","targetHints":{"allow":["GET"]}}],"collection":[{"href":"https:\/\/astoria-spa.cz\/de\/wp-json\/wp\/v2\/pages"}],"about":[{"href":"https:\/\/astoria-spa.cz\/de\/wp-json\/wp\/v2\/types\/page"}],"author":[{"embeddable":true,"href":"https:\/\/astoria-spa.cz\/de\/wp-json\/wp\/v2\/users\/4"}],"replies":[{"embeddable":true,"href":"https:\/\/astoria-spa.cz\/de\/wp-json\/wp\/v2\/comments?post=4"}],"version-history":[{"count":0,"href":"https:\/\/astoria-spa.cz\/de\/wp-json\/wp\/v2\/pages\/4\/revisions"}],"wp:attachment":[{"href":"https:\/\/astoria-spa.cz\/de\/wp-json\/wp\/v2\/media?parent=4"}],"wp:term":[{"taxonomy":"category","embeddable":true,"href":"https:\/\/astoria-spa.cz\/de\/wp-json\/wp\/v2\/categories?post=4"}],"curies":[{"name":"wp","href":"https:\/\/api.w.org\/{rel}","templated":true}]}}