{"id":1277,"date":"2023-08-30T10:03:37","date_gmt":"2023-08-30T10:03:37","guid":{"rendered":"https:\/\/astoria-spa.cz\/unterkunft\/family-apartments\/apartman-pro-2-osob\/"},"modified":"2024-09-02T12:24:32","modified_gmt":"2024-09-02T12:24:32","slug":"apartment-fuer-5-personen-2","status":"publish","type":"page","link":"https:\/\/astoria-spa.cz\/de\/unterkunft\/family-apartments\/apartment-fuer-5-personen-2\/","title":{"rendered":"Apartment f\u00fcr 2 Personen"},"content":{"rendered":"<p>Eine Wohnung mit einer Gr\u00f6\u00dfe von 25 m2 verf\u00fcgt nur \u00fcber 2 Festbetten. Auf vorherige Anfrage bei der Buchung ist auch Babybett (Kleinkind bis ca. 2 Jahre) kostenfrei verf\u00fcgbar.<\/p>\n<p>Apartmentausstattung: 1 Schlafzimmer, Flachbild-Smart-TV mit Satellitenempfang, Safe, voll ausgestattete K\u00fcche mit K\u00fchl-Gefrierkombination, Kaffeeset, Induktionskochfeld, Wasserkocher, Mikrowelle, Geschirrsp\u00fcler und Badezimmer mit Bidet-WC, Dusche. und Toilettenartikeln (Kosmetik). \u2013 K\u00f6rper- und Haarshampoo, Sp\u00fclung, Fl\u00fcssigseife, K\u00f6rperlotion). Bettw\u00e4sche, Handt\u00fccher, Tages- und Endreinigung werden vom Reinigungspersonal bereitgestellt und sind im Aufenthaltspreis enthalten.<\/p>\n<p>Alle Zimmer und Bereiche der Family Apartments sind Nichtraucherzimmer und verf\u00fcgen \u00fcber ein gutes WLAN-Signal.<\/p>\n","protected":false},"excerpt":{"rendered":"<p>Eine Wohnung mit einer Gr\u00f6\u00dfe von 25 m2 verf\u00fcgt nur \u00fcber 2 Festbetten. Auf vorherige Anfrage bei der Buchung ist auch Babybett (Kleinkind bis ca. 2 Jahre) kostenfrei verf\u00fcgbar. Apartmentausstattung: 1 Schlafzimmer, Flachbild-Smart-TV mit Satellitenempfang, Safe, voll ausgestattete K\u00fcche mit K\u00fchl-Gefrierkombination, Kaffeeset, Induktionskochfeld, Wasserkocher, Mikrowelle, Geschirrsp\u00fcler und Badezimmer mit Bidet-WC, Dusche. und Toilettenartikeln (Kosmetik). \u2013 [&hellip;]<\/p>\n","protected":false},"author":4,"featured_media":0,"parent":1270,"menu_order":20,"comment_status":"closed","ping_status":"closed","template":"template-single-room.php","meta":{"footnotes":""},"categories":[],"class_list":["post-1277","page","type-page","status-publish","hentry"],"yoast_head":"<!-- This site is optimized with the Yoast SEO plugin v26.9 - https:\/\/yoast.com\/product\/yoast-seo-wordpress\/ -->\n<title>Apartment f\u00fcr 2 Personen - Astoria Hotel &amp; Medical Spa -<\/title>\n<meta name=\"description\" content=\"Eine Wohnung mit einer Gr\u00f6\u00dfe von 25 m2 verf\u00fcgt nur \u00fcber 2 Festbetten. Auf vorherige Anfrage bei der Buchung ist auch Babybett (Kleinkind bis ca\" \/>\n<meta name=\"robots\" content=\"index, follow, max-snippet:-1, max-image-preview:large, max-video-preview:-1\" \/>\n<link rel=\"canonical\" href=\"https:\/\/astoria-spa.cz\/de\/unterkunft\/family-apartments\/apartment-fuer-5-personen-2\/\" \/>\n<meta property=\"og:locale\" content=\"de_DE\" \/>\n<meta property=\"og:type\" content=\"article\" \/>\n<meta property=\"og:title\" content=\"Apartment f\u00fcr 2 Personen - Astoria Hotel &amp; Medical Spa -\" \/>\n<meta property=\"og:description\" content=\"Eine Wohnung mit einer Gr\u00f6\u00dfe von 25 m2 verf\u00fcgt nur \u00fcber 2 Festbetten. Auf vorherige Anfrage bei der Buchung ist auch Babybett (Kleinkind bis ca\" \/>\n<meta property=\"og:url\" content=\"https:\/\/astoria-spa.cz\/de\/unterkunft\/family-apartments\/apartment-fuer-5-personen-2\/\" \/>\n<meta property=\"og:site_name\" content=\"Astoria Hotel &amp; Medical Spa\" \/>\n<meta property=\"article:modified_time\" content=\"2024-09-02T12:24:32+00:00\" \/>\n<meta name=\"twitter:card\" content=\"summary_large_image\" \/>\n<meta name=\"twitter:label1\" content=\"Gesch\u00e4tzte Lesezeit\" \/>\n\t<meta name=\"twitter:data1\" content=\"1 Minute\" \/>\n<script type=\"application\/ld+json\" class=\"yoast-schema-graph\">{\"@context\":\"https:\/\/schema.org\",\"@graph\":[{\"@type\":\"WebPage\",\"@id\":\"https:\/\/astoria-spa.cz\/de\/unterkunft\/family-apartments\/apartment-fuer-5-personen-2\/\",\"url\":\"https:\/\/astoria-spa.cz\/de\/unterkunft\/family-apartments\/apartment-fuer-5-personen-2\/\",\"name\":\"Apartment f\u00fcr 2 Personen - Astoria Hotel & Medical Spa -\",\"isPartOf\":{\"@id\":\"https:\/\/astoria-spa.cz\/de\/#website\"},\"datePublished\":\"2023-08-30T10:03:37+00:00\",\"dateModified\":\"2024-09-02T12:24:32+00:00\",\"description\":\"Eine Wohnung mit einer Gr\u00f6\u00dfe von 25 m2 verf\u00fcgt nur \u00fcber 2 Festbetten. Auf vorherige Anfrage bei der Buchung ist auch Babybett (Kleinkind bis ca\",\"breadcrumb\":{\"@id\":\"https:\/\/astoria-spa.cz\/de\/unterkunft\/family-apartments\/apartment-fuer-5-personen-2\/#breadcrumb\"},\"inLanguage\":\"de-DE\",\"potentialAction\":[{\"@type\":\"ReadAction\",\"target\":[\"https:\/\/astoria-spa.cz\/de\/unterkunft\/family-apartments\/apartment-fuer-5-personen-2\/\"]}]},{\"@type\":\"BreadcrumbList\",\"@id\":\"https:\/\/astoria-spa.cz\/de\/unterkunft\/family-apartments\/apartment-fuer-5-personen-2\/#breadcrumb\",\"itemListElement\":[{\"@type\":\"ListItem\",\"position\":1,\"name\":\"Home\",\"item\":\"https:\/\/astoria-spa.cz\/de\/\"},{\"@type\":\"ListItem\",\"position\":2,\"name\":\"Unterkunft\",\"item\":\"https:\/\/astoria-spa.cz\/de\/unterkunft\/\"},{\"@type\":\"ListItem\",\"position\":3,\"name\":\"Family Apartments by ASTORIA Hotel &amp; Medical Spa\",\"item\":\"https:\/\/astoria-spa.cz\/de\/unterkunft\/family-apartments\/\"},{\"@type\":\"ListItem\",\"position\":4,\"name\":\"Apartment f\u00fcr 2 Personen\"}]},{\"@type\":\"WebSite\",\"@id\":\"https:\/\/astoria-spa.cz\/de\/#website\",\"url\":\"https:\/\/astoria-spa.cz\/de\/\",\"name\":\"Astoria Hotel & Medical Spa\",\"description\":\"Just another ms.decms.eu site\",\"potentialAction\":[{\"@type\":\"SearchAction\",\"target\":{\"@type\":\"EntryPoint\",\"urlTemplate\":\"https:\/\/astoria-spa.cz\/de\/?s={search_term_string}\"},\"query-input\":{\"@type\":\"PropertyValueSpecification\",\"valueRequired\":true,\"valueName\":\"search_term_string\"}}],\"inLanguage\":\"de-DE\"}]}<\/script>\n<!-- \/ Yoast SEO plugin. -->","yoast_head_json":{"title":"Apartment f\u00fcr 2 Personen - Astoria Hotel & Medical Spa -","description":"Eine Wohnung mit einer Gr\u00f6\u00dfe von 25 m2 verf\u00fcgt nur \u00fcber 2 Festbetten. Auf vorherige Anfrage bei der Buchung ist auch Babybett (Kleinkind bis ca","robots":{"index":"index","follow":"follow","max-snippet":"max-snippet:-1","max-image-preview":"max-image-preview:large","max-video-preview":"max-video-preview:-1"},"canonical":"https:\/\/astoria-spa.cz\/de\/unterkunft\/family-apartments\/apartment-fuer-5-personen-2\/","og_locale":"de_DE","og_type":"article","og_title":"Apartment f\u00fcr 2 Personen - Astoria Hotel & Medical Spa -","og_description":"Eine Wohnung mit einer Gr\u00f6\u00dfe von 25 m2 verf\u00fcgt nur \u00fcber 2 Festbetten. Auf vorherige Anfrage bei der Buchung ist auch Babybett (Kleinkind bis ca","og_url":"https:\/\/astoria-spa.cz\/de\/unterkunft\/family-apartments\/apartment-fuer-5-personen-2\/","og_site_name":"Astoria Hotel & Medical Spa","article_modified_time":"2024-09-02T12:24:32+00:00","twitter_card":"summary_large_image","twitter_misc":{"Gesch\u00e4tzte Lesezeit":"1 Minute"},"schema":{"@context":"https:\/\/schema.org","@graph":[{"@type":"WebPage","@id":"https:\/\/astoria-spa.cz\/de\/unterkunft\/family-apartments\/apartment-fuer-5-personen-2\/","url":"https:\/\/astoria-spa.cz\/de\/unterkunft\/family-apartments\/apartment-fuer-5-personen-2\/","name":"Apartment f\u00fcr 2 Personen - Astoria Hotel & Medical Spa -","isPartOf":{"@id":"https:\/\/astoria-spa.cz\/de\/#website"},"datePublished":"2023-08-30T10:03:37+00:00","dateModified":"2024-09-02T12:24:32+00:00","description":"Eine Wohnung mit einer Gr\u00f6\u00dfe von 25 m2 verf\u00fcgt nur \u00fcber 2 Festbetten. Auf vorherige Anfrage bei der Buchung ist auch Babybett (Kleinkind bis ca","breadcrumb":{"@id":"https:\/\/astoria-spa.cz\/de\/unterkunft\/family-apartments\/apartment-fuer-5-personen-2\/#breadcrumb"},"inLanguage":"de-DE","potentialAction":[{"@type":"ReadAction","target":["https:\/\/astoria-spa.cz\/de\/unterkunft\/family-apartments\/apartment-fuer-5-personen-2\/"]}]},{"@type":"BreadcrumbList","@id":"https:\/\/astoria-spa.cz\/de\/unterkunft\/family-apartments\/apartment-fuer-5-personen-2\/#breadcrumb","itemListElement":[{"@type":"ListItem","position":1,"name":"Home","item":"https:\/\/astoria-spa.cz\/de\/"},{"@type":"ListItem","position":2,"name":"Unterkunft","item":"https:\/\/astoria-spa.cz\/de\/unterkunft\/"},{"@type":"ListItem","position":3,"name":"Family Apartments by ASTORIA Hotel &amp; Medical Spa","item":"https:\/\/astoria-spa.cz\/de\/unterkunft\/family-apartments\/"},{"@type":"ListItem","position":4,"name":"Apartment f\u00fcr 2 Personen"}]},{"@type":"WebSite","@id":"https:\/\/astoria-spa.cz\/de\/#website","url":"https:\/\/astoria-spa.cz\/de\/","name":"Astoria Hotel & Medical Spa","description":"Just another ms.decms.eu site","potentialAction":[{"@type":"SearchAction","target":{"@type":"EntryPoint","urlTemplate":"https:\/\/astoria-spa.cz\/de\/?s={search_term_string}"},"query-input":{"@type":"PropertyValueSpecification","valueRequired":true,"valueName":"search_term_string"}}],"inLanguage":"de-DE"}]}},"acf":[],"_links":{"self":[{"href":"https:\/\/astoria-spa.cz\/de\/wp-json\/wp\/v2\/pages\/1277","targetHints":{"allow":["GET"]}}],"collection":[{"href":"https:\/\/astoria-spa.cz\/de\/wp-json\/wp\/v2\/pages"}],"about":[{"href":"https:\/\/astoria-spa.cz\/de\/wp-json\/wp\/v2\/types\/page"}],"author":[{"embeddable":true,"href":"https:\/\/astoria-spa.cz\/de\/wp-json\/wp\/v2\/users\/4"}],"replies":[{"embeddable":true,"href":"https:\/\/astoria-spa.cz\/de\/wp-json\/wp\/v2\/comments?post=1277"}],"version-history":[{"count":0,"href":"https:\/\/astoria-spa.cz\/de\/wp-json\/wp\/v2\/pages\/1277\/revisions"}],"up":[{"embeddable":true,"href":"https:\/\/astoria-spa.cz\/de\/wp-json\/wp\/v2\/pages\/1270"}],"wp:attachment":[{"href":"https:\/\/astoria-spa.cz\/de\/wp-json\/wp\/v2\/media?parent=1277"}],"wp:term":[{"taxonomy":"category","embeddable":true,"href":"https:\/\/astoria-spa.cz\/de\/wp-json\/wp\/v2\/categories?post=1277"}],"curies":[{"name":"wp","href":"https:\/\/api.w.org\/{rel}","templated":true}]}}