{"id":1270,"date":"2023-08-30T08:53:44","date_gmt":"2023-08-30T08:53:44","guid":{"rendered":"https:\/\/astoria-spa.cz\/?page_id=1270"},"modified":"2024-02-27T16:56:04","modified_gmt":"2024-02-27T16:56:04","slug":"family-apartments","status":"publish","type":"page","link":"https:\/\/astoria-spa.cz\/de\/unterkunft\/family-apartments\/","title":{"rendered":"Family Apartments by ASTORIA Hotel &amp; Medical Spa"},"content":{"rendered":"<p>Das Geb\u00e4ude <strong>Family Apartments by ASTORIA Hotel &amp; Medical Spa<\/strong> hat eine einzigartige Lage, direkt im Kur- und historischen Zentrum von Karlsbad, nur wenige Schritte von der Hauptkolonnade der Karlsbader M\u00fchlenkolonnade. Entfernt. In der N\u00e4he aller Sehensw\u00fcrdigkeiten der Stadt. Die umliegenden Karlsbader Kurw\u00e4lder sind nur wenige Schritte entfernt und laden zu Spazierg\u00e4ngen, Sport und Entspannung ein.<\/p>\n<p>F\u00fcr alle Wohnungen steht in den Gemeinschaftsr\u00e4umen ein <strong>Technikraum<\/strong> mit Waschmaschine zur Verf\u00fcgung (inkl. Waschpulver), Trockner, B\u00fcgeleisen, B\u00fcgelbrett, Waschbecken und eine gro\u00dfe Heizleiter zum Trocknen der Kleidung. Im Erdgeschoss des Hauses gibt es ein <strong>Kinderspielzimmer<\/strong> mit Kletterger\u00fcsten, Kinderspielzeug (Das Spielzimmer steht nur G\u00e4sten der Family Apartments zur Verf\u00fcgung), einen <strong>Fahrradabstellraum<\/strong> (inkl. M\u00f6glichkeit zum Aufladen von Elektrofahrr\u00e4dern) und einen Platz f\u00fcr Kinderwagen. Auf der R\u00fcckseite des Hauses gibt es eine <strong>Au\u00dfenterrasse mit Sitzgelegenheiten<\/strong> f\u00fcr G\u00e4ste.<\/p>\n<p>Family Apartments befinden sich in der N\u00e4he des \u00fcbergeordneten Kur- und Wellnesshotels ASTORIA Hotel &amp; Medical Spa, welches verf\u00fcgt \u00fcber eine 24-Stunden-Rezeption, an der die G\u00e4ste alle Dienstleistungen vom Mahlzeiten in Buffetform (Fr\u00fchst\u00fcck, Mittagessen, Abendessen), Wellnesszentren (Schwimmbad, 3 Saunen, Kneipp-Pfad, Ruher\u00e4ume), Kuranwendugen mit professionellem medizinischem Personal (B\u00e4der, Massagen, Therapie usw.) und auch Sch\u00f6nheitssalon und Shop CARL&#8217;S Kosmetik oder Thai-Massagen TAWAN buchen und nutzen k\u00f6nnen.<\/p>\n","protected":false},"excerpt":{"rendered":"<p>Das Geb\u00e4ude Family Apartments by ASTORIA Hotel &amp; Medical Spa hat eine einzigartige Lage, direkt im Kur- und historischen Zentrum von Karlsbad, nur wenige Schritte von der Hauptkolonnade der Karlsbader M\u00fchlenkolonnade. Entfernt. In der N\u00e4he aller Sehensw\u00fcrdigkeiten der Stadt. Die umliegenden Karlsbader Kurw\u00e4lder sind nur wenige Schritte entfernt und laden zu Spazierg\u00e4ngen, Sport und Entspannung [&hellip;]<\/p>\n","protected":false},"author":4,"featured_media":0,"parent":518,"menu_order":25,"comment_status":"closed","ping_status":"closed","template":"template-rooms.php","meta":{"footnotes":""},"categories":[],"class_list":["post-1270","page","type-page","status-publish","hentry"],"yoast_head":"<!-- This site is optimized with the Yoast SEO plugin v26.9 - https:\/\/yoast.com\/product\/yoast-seo-wordpress\/ -->\n<title>Family Apartments by ASTORIA Hotel &amp; Medical Spa - Astoria Hotel &amp; Medical Spa -<\/title>\n<meta name=\"description\" content=\"Das Geb\u00e4ude Family Apartments by ASTORIA Hotel &amp; Medical Spa hat eine einzigartige Lage, direkt im Kur- und historischen Zentrum von Karlsbad, nur wenige Schritte von der Hauptkolonnade der Karlsbader M\u00fchlenkolonnade. Entfernt\" \/>\n<meta name=\"robots\" content=\"index, follow, max-snippet:-1, max-image-preview:large, max-video-preview:-1\" \/>\n<link rel=\"canonical\" href=\"https:\/\/astoria-spa.cz\/de\/unterkunft\/family-apartments\/\" \/>\n<meta property=\"og:locale\" content=\"de_DE\" \/>\n<meta property=\"og:type\" content=\"article\" \/>\n<meta property=\"og:title\" content=\"Family Apartments by ASTORIA Hotel &amp; Medical Spa - Astoria Hotel &amp; Medical Spa -\" \/>\n<meta property=\"og:description\" content=\"Das Geb\u00e4ude Family Apartments by ASTORIA Hotel &amp; Medical Spa hat eine einzigartige Lage, direkt im Kur- und historischen Zentrum von Karlsbad, nur wenige Schritte von der Hauptkolonnade der Karlsbader M\u00fchlenkolonnade. Entfernt\" \/>\n<meta property=\"og:url\" content=\"https:\/\/astoria-spa.cz\/de\/unterkunft\/family-apartments\/\" \/>\n<meta property=\"og:site_name\" content=\"Astoria Hotel &amp; Medical Spa\" \/>\n<meta property=\"article:modified_time\" content=\"2024-02-27T16:56:04+00:00\" \/>\n<meta name=\"twitter:card\" content=\"summary_large_image\" \/>\n<meta name=\"twitter:label1\" content=\"Gesch\u00e4tzte Lesezeit\" \/>\n\t<meta name=\"twitter:data1\" content=\"1 Minute\" \/>\n<script type=\"application\/ld+json\" class=\"yoast-schema-graph\">{\"@context\":\"https:\/\/schema.org\",\"@graph\":[{\"@type\":\"WebPage\",\"@id\":\"https:\/\/astoria-spa.cz\/de\/unterkunft\/family-apartments\/\",\"url\":\"https:\/\/astoria-spa.cz\/de\/unterkunft\/family-apartments\/\",\"name\":\"Family Apartments by ASTORIA Hotel &amp; Medical Spa - Astoria Hotel & Medical Spa -\",\"isPartOf\":{\"@id\":\"https:\/\/astoria-spa.cz\/de\/#website\"},\"datePublished\":\"2023-08-30T08:53:44+00:00\",\"dateModified\":\"2024-02-27T16:56:04+00:00\",\"description\":\"Das Geb\u00e4ude Family Apartments by ASTORIA Hotel &amp; Medical Spa hat eine einzigartige Lage, direkt im Kur- und historischen Zentrum von Karlsbad, nur wenige Schritte von der Hauptkolonnade der Karlsbader M\u00fchlenkolonnade. Entfernt\",\"breadcrumb\":{\"@id\":\"https:\/\/astoria-spa.cz\/de\/unterkunft\/family-apartments\/#breadcrumb\"},\"inLanguage\":\"de-DE\",\"potentialAction\":[{\"@type\":\"ReadAction\",\"target\":[\"https:\/\/astoria-spa.cz\/de\/unterkunft\/family-apartments\/\"]}]},{\"@type\":\"BreadcrumbList\",\"@id\":\"https:\/\/astoria-spa.cz\/de\/unterkunft\/family-apartments\/#breadcrumb\",\"itemListElement\":[{\"@type\":\"ListItem\",\"position\":1,\"name\":\"Home\",\"item\":\"https:\/\/astoria-spa.cz\/de\/\"},{\"@type\":\"ListItem\",\"position\":2,\"name\":\"Unterkunft\",\"item\":\"https:\/\/astoria-spa.cz\/de\/unterkunft\/\"},{\"@type\":\"ListItem\",\"position\":3,\"name\":\"Family Apartments by ASTORIA Hotel &amp; Medical Spa\"}]},{\"@type\":\"WebSite\",\"@id\":\"https:\/\/astoria-spa.cz\/de\/#website\",\"url\":\"https:\/\/astoria-spa.cz\/de\/\",\"name\":\"Astoria Hotel & Medical Spa\",\"description\":\"Just another ms.decms.eu site\",\"potentialAction\":[{\"@type\":\"SearchAction\",\"target\":{\"@type\":\"EntryPoint\",\"urlTemplate\":\"https:\/\/astoria-spa.cz\/de\/?s={search_term_string}\"},\"query-input\":{\"@type\":\"PropertyValueSpecification\",\"valueRequired\":true,\"valueName\":\"search_term_string\"}}],\"inLanguage\":\"de-DE\"}]}<\/script>\n<!-- \/ Yoast SEO plugin. -->","yoast_head_json":{"title":"Family Apartments by ASTORIA Hotel &amp; Medical Spa - Astoria Hotel & Medical Spa -","description":"Das Geb\u00e4ude Family Apartments by ASTORIA Hotel &amp; Medical Spa hat eine einzigartige Lage, direkt im Kur- und historischen Zentrum von Karlsbad, nur wenige Schritte von der Hauptkolonnade der Karlsbader M\u00fchlenkolonnade. Entfernt","robots":{"index":"index","follow":"follow","max-snippet":"max-snippet:-1","max-image-preview":"max-image-preview:large","max-video-preview":"max-video-preview:-1"},"canonical":"https:\/\/astoria-spa.cz\/de\/unterkunft\/family-apartments\/","og_locale":"de_DE","og_type":"article","og_title":"Family Apartments by ASTORIA Hotel &amp; Medical Spa - Astoria Hotel & Medical Spa -","og_description":"Das Geb\u00e4ude Family Apartments by ASTORIA Hotel &amp; Medical Spa hat eine einzigartige Lage, direkt im Kur- und historischen Zentrum von Karlsbad, nur wenige Schritte von der Hauptkolonnade der Karlsbader M\u00fchlenkolonnade. Entfernt","og_url":"https:\/\/astoria-spa.cz\/de\/unterkunft\/family-apartments\/","og_site_name":"Astoria Hotel & Medical Spa","article_modified_time":"2024-02-27T16:56:04+00:00","twitter_card":"summary_large_image","twitter_misc":{"Gesch\u00e4tzte Lesezeit":"1 Minute"},"schema":{"@context":"https:\/\/schema.org","@graph":[{"@type":"WebPage","@id":"https:\/\/astoria-spa.cz\/de\/unterkunft\/family-apartments\/","url":"https:\/\/astoria-spa.cz\/de\/unterkunft\/family-apartments\/","name":"Family Apartments by ASTORIA Hotel &amp; Medical Spa - Astoria Hotel & Medical Spa -","isPartOf":{"@id":"https:\/\/astoria-spa.cz\/de\/#website"},"datePublished":"2023-08-30T08:53:44+00:00","dateModified":"2024-02-27T16:56:04+00:00","description":"Das Geb\u00e4ude Family Apartments by ASTORIA Hotel &amp; Medical Spa hat eine einzigartige Lage, direkt im Kur- und historischen Zentrum von Karlsbad, nur wenige Schritte von der Hauptkolonnade der Karlsbader M\u00fchlenkolonnade. Entfernt","breadcrumb":{"@id":"https:\/\/astoria-spa.cz\/de\/unterkunft\/family-apartments\/#breadcrumb"},"inLanguage":"de-DE","potentialAction":[{"@type":"ReadAction","target":["https:\/\/astoria-spa.cz\/de\/unterkunft\/family-apartments\/"]}]},{"@type":"BreadcrumbList","@id":"https:\/\/astoria-spa.cz\/de\/unterkunft\/family-apartments\/#breadcrumb","itemListElement":[{"@type":"ListItem","position":1,"name":"Home","item":"https:\/\/astoria-spa.cz\/de\/"},{"@type":"ListItem","position":2,"name":"Unterkunft","item":"https:\/\/astoria-spa.cz\/de\/unterkunft\/"},{"@type":"ListItem","position":3,"name":"Family Apartments by ASTORIA Hotel &amp; Medical Spa"}]},{"@type":"WebSite","@id":"https:\/\/astoria-spa.cz\/de\/#website","url":"https:\/\/astoria-spa.cz\/de\/","name":"Astoria Hotel & Medical Spa","description":"Just another ms.decms.eu site","potentialAction":[{"@type":"SearchAction","target":{"@type":"EntryPoint","urlTemplate":"https:\/\/astoria-spa.cz\/de\/?s={search_term_string}"},"query-input":{"@type":"PropertyValueSpecification","valueRequired":true,"valueName":"search_term_string"}}],"inLanguage":"de-DE"}]}},"acf":[],"_links":{"self":[{"href":"https:\/\/astoria-spa.cz\/de\/wp-json\/wp\/v2\/pages\/1270","targetHints":{"allow":["GET"]}}],"collection":[{"href":"https:\/\/astoria-spa.cz\/de\/wp-json\/wp\/v2\/pages"}],"about":[{"href":"https:\/\/astoria-spa.cz\/de\/wp-json\/wp\/v2\/types\/page"}],"author":[{"embeddable":true,"href":"https:\/\/astoria-spa.cz\/de\/wp-json\/wp\/v2\/users\/4"}],"replies":[{"embeddable":true,"href":"https:\/\/astoria-spa.cz\/de\/wp-json\/wp\/v2\/comments?post=1270"}],"version-history":[{"count":0,"href":"https:\/\/astoria-spa.cz\/de\/wp-json\/wp\/v2\/pages\/1270\/revisions"}],"up":[{"embeddable":true,"href":"https:\/\/astoria-spa.cz\/de\/wp-json\/wp\/v2\/pages\/518"}],"wp:attachment":[{"href":"https:\/\/astoria-spa.cz\/de\/wp-json\/wp\/v2\/media?parent=1270"}],"wp:term":[{"taxonomy":"category","embeddable":true,"href":"https:\/\/astoria-spa.cz\/de\/wp-json\/wp\/v2\/categories?post=1270"}],"curies":[{"name":"wp","href":"https:\/\/api.w.org\/{rel}","templated":true}]}}