{"id":1145,"date":"2022-03-17T15:51:50","date_gmt":"2022-03-17T15:51:50","guid":{"rendered":"https:\/\/astoria-spa.cz\/angebote\/beauty-package-carls\/"},"modified":"2024-09-18T12:09:25","modified_gmt":"2024-09-18T12:09:25","slug":"beauty-package-carls","status":"publish","type":"page","link":"https:\/\/astoria-spa.cz\/de\/angebote\/beauty-package-carls\/","title":{"rendered":"Beauty Paket CARL\u00b4S Cosmetics &#8211; 4 N\u00e4chte f\u00fcr 2 Personen"},"content":{"rendered":"<h2>Inhalt des Pakets<\/h2>\n<p>4 x \u00dcbernachtung im Comfort Plus Zimmer mit Blick auf die M\u00fchlenkolonnade<br \/>\n4 x Halbpension: Fr\u00fchst\u00fcck und Abendessen als Buffet mit warmen und kalten Speisen<br \/>\n1 x Bad in Mineral(quell)wasser<br \/>\n4 x CARL\u00b4S Beauty Rituals: 1 x Tiefenreinigende Gesichtsbehandlung, 1 x Carlsbad Thermae Hydrating Essential, 1 x Carl`s Silhouette Thermowickel, 1 x Carl`s Anticellulite Thermowickel<br \/>\nKostenloser t\u00e4glicher Zugang zum Pool und zur Sauna<br \/>\nKostenloser t\u00e4glicher Eintritt in die Teestube (jeden Tag 4 neue Teesorten)<br \/>\n30 % Rabatt auf andere Medical Spa-Behandlungen<br \/>\nTipps f\u00fcr Ausfl\u00fcge und Erkundungen in Karlovy Vary und der Region<\/p>\n<p>Preis pro Aufenthalt:<\/p>\n<p>2 Personen (Doppelzimmer): 1 480 Eur<\/p>\n<p>Reservation: Email: <a href=\"mailto:reservation@astoria-spa.cz\">reservation@astoria-spa.cz<\/a> , Tel: +420 <a href=\"tel:00420353335143\">353 335 143<\/a><\/p>\n","protected":false},"excerpt":{"rendered":"<p>Inhalt des Pakets 4 x \u00dcbernachtung im Comfort Plus Zimmer mit Blick auf die M\u00fchlenkolonnade 4 x Halbpension: Fr\u00fchst\u00fcck und Abendessen als Buffet mit warmen und kalten Speisen 1 x Bad in Mineral(quell)wasser 4 x CARL\u00b4S Beauty Rituals: 1 x Tiefenreinigende Gesichtsbehandlung, 1 x Carlsbad Thermae Hydrating Essential, 1 x Carl`s Silhouette Thermowickel, 1 x [&hellip;]<\/p>\n","protected":false},"author":4,"featured_media":486,"parent":700,"menu_order":90,"comment_status":"closed","ping_status":"closed","template":"template-default-3.php","meta":{"footnotes":""},"categories":[26],"class_list":["post-1145","page","type-page","status-publish","has-post-thumbnail","hentry","category-beauty-de"],"yoast_head":"<!-- This site is optimized with the Yoast SEO plugin v26.9 - https:\/\/yoast.com\/product\/yoast-seo-wordpress\/ -->\n<title>Beauty Paket CARL\u00b4S Cosmetics - 4 N\u00e4chte f\u00fcr 2 Personen - Astoria Hotel &amp; Medical Spa -<\/title>\n<meta name=\"description\" content=\"Inhalt des Pakets 4 x \u00dcbernachtung im Comfort Plus Zimmer mit Blick auf die M\u00fchlenkolonnade 4 x Halbpension: Fr\u00fchst\u00fcck und Abendessen als Buffet mit warmen und kalten Speisen 1 x Bad in Mineral(quell)wasser 4 x CARL\u00b4S Beauty Rituals: 1 x Tiefenreinigende Gesichtsbehandlung, 1 x Carlsbad Thermae Hydrating Essential, 1 x Carl`s Silhouette Thermowickel, 1 x Carl`s Anticellulite Thermowickel Kostenloser t\u00e4glicher Zugang zum Pool und zur Sauna Kostenloser t\u00e4glicher Eintritt in die Teestube (jeden Tag 4 neue Teesorten) 30 % Rabatt auf andere Medical Spa-Behandlungen Tipps f\u00fcr Ausfl\u00fcge und Erkundungen in Karlovy Vary und der Region  Preis pro Aufenthalt:  2 Personen (Doppelzimmer): 1 480 Eur  Reservation: Email: reservation@astoria-spa.cz , Tel: +420 353 335 143.\" \/>\n<meta name=\"robots\" content=\"index, follow, max-snippet:-1, max-image-preview:large, max-video-preview:-1\" \/>\n<link rel=\"canonical\" href=\"https:\/\/astoria-spa.cz\/de\/angebote\/beauty-package-carls\/\" \/>\n<meta property=\"og:locale\" content=\"de_DE\" \/>\n<meta property=\"og:type\" content=\"article\" \/>\n<meta property=\"og:title\" content=\"Beauty Paket CARL\u00b4S Cosmetics - 4 N\u00e4chte f\u00fcr 2 Personen - Astoria Hotel &amp; Medical Spa -\" \/>\n<meta property=\"og:description\" content=\"Inhalt des Pakets 4 x \u00dcbernachtung im Comfort Plus Zimmer mit Blick auf die M\u00fchlenkolonnade 4 x Halbpension: Fr\u00fchst\u00fcck und Abendessen als Buffet mit warmen und kalten Speisen 1 x Bad in Mineral(quell)wasser 4 x CARL\u00b4S Beauty Rituals: 1 x Tiefenreinigende Gesichtsbehandlung, 1 x Carlsbad Thermae Hydrating Essential, 1 x Carl`s Silhouette Thermowickel, 1 x Carl`s Anticellulite Thermowickel Kostenloser t\u00e4glicher Zugang zum Pool und zur Sauna Kostenloser t\u00e4glicher Eintritt in die Teestube (jeden Tag 4 neue Teesorten) 30 % Rabatt auf andere Medical Spa-Behandlungen Tipps f\u00fcr Ausfl\u00fcge und Erkundungen in Karlovy Vary und der Region  Preis pro Aufenthalt:  2 Personen (Doppelzimmer): 1 480 Eur  Reservation: Email: reservation@astoria-spa.cz , Tel: +420 353 335 143.\" \/>\n<meta property=\"og:url\" content=\"https:\/\/astoria-spa.cz\/de\/angebote\/beauty-package-carls\/\" \/>\n<meta property=\"og:site_name\" content=\"Astoria Hotel &amp; Medical Spa\" \/>\n<meta property=\"article:modified_time\" content=\"2024-09-18T12:09:25+00:00\" \/>\n<meta property=\"og:image\" content=\"https:\/\/astoria-spa.cz\/wp-content\/uploads\/sites\/420\/2022\/03\/offers_slide-06.jpg\" \/>\n\t<meta property=\"og:image:width\" content=\"2200\" \/>\n\t<meta property=\"og:image:height\" content=\"1000\" \/>\n\t<meta property=\"og:image:type\" content=\"image\/jpeg\" \/>\n<meta name=\"twitter:card\" content=\"summary_large_image\" \/>\n<meta name=\"twitter:label1\" content=\"Gesch\u00e4tzte Lesezeit\" \/>\n\t<meta name=\"twitter:data1\" content=\"1 Minute\" \/>\n<script type=\"application\/ld+json\" class=\"yoast-schema-graph\">{\"@context\":\"https:\/\/schema.org\",\"@graph\":[{\"@type\":\"WebPage\",\"@id\":\"https:\/\/astoria-spa.cz\/de\/angebote\/beauty-package-carls\/\",\"url\":\"https:\/\/astoria-spa.cz\/de\/angebote\/beauty-package-carls\/\",\"name\":\"Beauty Paket CARL\u00b4S Cosmetics - 4 N\u00e4chte f\u00fcr 2 Personen - Astoria Hotel & Medical Spa -\",\"isPartOf\":{\"@id\":\"https:\/\/astoria-spa.cz\/de\/#website\"},\"primaryImageOfPage\":{\"@id\":\"https:\/\/astoria-spa.cz\/de\/angebote\/beauty-package-carls\/#primaryimage\"},\"image\":{\"@id\":\"https:\/\/astoria-spa.cz\/de\/angebote\/beauty-package-carls\/#primaryimage\"},\"thumbnailUrl\":\"https:\/\/astoria-spa.cz\/wp-content\/uploads\/sites\/420\/2022\/03\/offers_slide-06.jpg\",\"datePublished\":\"2022-03-17T15:51:50+00:00\",\"dateModified\":\"2024-09-18T12:09:25+00:00\",\"description\":\"Inhalt des Pakets 4 x \u00dcbernachtung im Comfort Plus Zimmer mit Blick auf die M\u00fchlenkolonnade 4 x Halbpension: Fr\u00fchst\u00fcck und Abendessen als Buffet mit warmen und kalten Speisen 1 x Bad in Mineral(quell)wasser 4 x CARL\u00b4S Beauty Rituals: 1 x Tiefenreinigende Gesichtsbehandlung, 1 x Carlsbad Thermae Hydrating Essential, 1 x Carl`s Silhouette Thermowickel, 1 x Carl`s Anticellulite Thermowickel Kostenloser t\u00e4glicher Zugang zum Pool und zur Sauna Kostenloser t\u00e4glicher Eintritt in die Teestube (jeden Tag 4 neue Teesorten) 30 % Rabatt auf andere Medical Spa-Behandlungen Tipps f\u00fcr Ausfl\u00fcge und Erkundungen in Karlovy Vary und der Region Preis pro Aufenthalt: 2 Personen (Doppelzimmer): 1 480 Eur Reservation: Email: reservation@astoria-spa.cz , Tel: +420 353 335 143.\",\"breadcrumb\":{\"@id\":\"https:\/\/astoria-spa.cz\/de\/angebote\/beauty-package-carls\/#breadcrumb\"},\"inLanguage\":\"de-DE\",\"potentialAction\":[{\"@type\":\"ReadAction\",\"target\":[\"https:\/\/astoria-spa.cz\/de\/angebote\/beauty-package-carls\/\"]}]},{\"@type\":\"ImageObject\",\"inLanguage\":\"de-DE\",\"@id\":\"https:\/\/astoria-spa.cz\/de\/angebote\/beauty-package-carls\/#primaryimage\",\"url\":\"https:\/\/astoria-spa.cz\/wp-content\/uploads\/sites\/420\/2022\/03\/offers_slide-06.jpg\",\"contentUrl\":\"https:\/\/astoria-spa.cz\/wp-content\/uploads\/sites\/420\/2022\/03\/offers_slide-06.jpg\",\"width\":2200,\"height\":1000},{\"@type\":\"BreadcrumbList\",\"@id\":\"https:\/\/astoria-spa.cz\/de\/angebote\/beauty-package-carls\/#breadcrumb\",\"itemListElement\":[{\"@type\":\"ListItem\",\"position\":1,\"name\":\"Home\",\"item\":\"https:\/\/astoria-spa.cz\/de\/\"},{\"@type\":\"ListItem\",\"position\":2,\"name\":\"Angebote, Pakete\",\"item\":\"https:\/\/astoria-spa.cz\/de\/angebote\/\"},{\"@type\":\"ListItem\",\"position\":3,\"name\":\"Beauty Paket CARL\u00b4S Cosmetics &#8211; 4 N\u00e4chte f\u00fcr 2 Personen\"}]},{\"@type\":\"WebSite\",\"@id\":\"https:\/\/astoria-spa.cz\/de\/#website\",\"url\":\"https:\/\/astoria-spa.cz\/de\/\",\"name\":\"Astoria Hotel & Medical Spa\",\"description\":\"Just another ms.decms.eu site\",\"potentialAction\":[{\"@type\":\"SearchAction\",\"target\":{\"@type\":\"EntryPoint\",\"urlTemplate\":\"https:\/\/astoria-spa.cz\/de\/?s={search_term_string}\"},\"query-input\":{\"@type\":\"PropertyValueSpecification\",\"valueRequired\":true,\"valueName\":\"search_term_string\"}}],\"inLanguage\":\"de-DE\"}]}<\/script>\n<!-- \/ Yoast SEO plugin. -->","yoast_head_json":{"title":"Beauty Paket CARL\u00b4S Cosmetics - 4 N\u00e4chte f\u00fcr 2 Personen - Astoria Hotel & Medical Spa -","description":"Inhalt des Pakets 4 x \u00dcbernachtung im Comfort Plus Zimmer mit Blick auf die M\u00fchlenkolonnade 4 x Halbpension: Fr\u00fchst\u00fcck und Abendessen als Buffet mit warmen und kalten Speisen 1 x Bad in Mineral(quell)wasser 4 x CARL\u00b4S Beauty Rituals: 1 x Tiefenreinigende Gesichtsbehandlung, 1 x Carlsbad Thermae Hydrating Essential, 1 x Carl`s Silhouette Thermowickel, 1 x Carl`s Anticellulite Thermowickel Kostenloser t\u00e4glicher Zugang zum Pool und zur Sauna Kostenloser t\u00e4glicher Eintritt in die Teestube (jeden Tag 4 neue Teesorten) 30 % Rabatt auf andere Medical Spa-Behandlungen Tipps f\u00fcr Ausfl\u00fcge und Erkundungen in Karlovy Vary und der Region  Preis pro Aufenthalt:  2 Personen (Doppelzimmer): 1 480 Eur  Reservation: Email: reservation@astoria-spa.cz , Tel: +420 353 335 143.","robots":{"index":"index","follow":"follow","max-snippet":"max-snippet:-1","max-image-preview":"max-image-preview:large","max-video-preview":"max-video-preview:-1"},"canonical":"https:\/\/astoria-spa.cz\/de\/angebote\/beauty-package-carls\/","og_locale":"de_DE","og_type":"article","og_title":"Beauty Paket CARL\u00b4S Cosmetics - 4 N\u00e4chte f\u00fcr 2 Personen - Astoria Hotel & Medical Spa -","og_description":"Inhalt des Pakets 4 x \u00dcbernachtung im Comfort Plus Zimmer mit Blick auf die M\u00fchlenkolonnade 4 x Halbpension: Fr\u00fchst\u00fcck und Abendessen als Buffet mit warmen und kalten Speisen 1 x Bad in Mineral(quell)wasser 4 x CARL\u00b4S Beauty Rituals: 1 x Tiefenreinigende Gesichtsbehandlung, 1 x Carlsbad Thermae Hydrating Essential, 1 x Carl`s Silhouette Thermowickel, 1 x Carl`s Anticellulite Thermowickel Kostenloser t\u00e4glicher Zugang zum Pool und zur Sauna Kostenloser t\u00e4glicher Eintritt in die Teestube (jeden Tag 4 neue Teesorten) 30 % Rabatt auf andere Medical Spa-Behandlungen Tipps f\u00fcr Ausfl\u00fcge und Erkundungen in Karlovy Vary und der Region  Preis pro Aufenthalt:  2 Personen (Doppelzimmer): 1 480 Eur  Reservation: Email: reservation@astoria-spa.cz , Tel: +420 353 335 143.","og_url":"https:\/\/astoria-spa.cz\/de\/angebote\/beauty-package-carls\/","og_site_name":"Astoria Hotel & Medical Spa","article_modified_time":"2024-09-18T12:09:25+00:00","og_image":[{"width":2200,"height":1000,"url":"https:\/\/astoria-spa.cz\/wp-content\/uploads\/sites\/420\/2022\/03\/offers_slide-06.jpg","type":"image\/jpeg"}],"twitter_card":"summary_large_image","twitter_misc":{"Gesch\u00e4tzte Lesezeit":"1 Minute"},"schema":{"@context":"https:\/\/schema.org","@graph":[{"@type":"WebPage","@id":"https:\/\/astoria-spa.cz\/de\/angebote\/beauty-package-carls\/","url":"https:\/\/astoria-spa.cz\/de\/angebote\/beauty-package-carls\/","name":"Beauty Paket CARL\u00b4S Cosmetics - 4 N\u00e4chte f\u00fcr 2 Personen - Astoria Hotel & Medical Spa -","isPartOf":{"@id":"https:\/\/astoria-spa.cz\/de\/#website"},"primaryImageOfPage":{"@id":"https:\/\/astoria-spa.cz\/de\/angebote\/beauty-package-carls\/#primaryimage"},"image":{"@id":"https:\/\/astoria-spa.cz\/de\/angebote\/beauty-package-carls\/#primaryimage"},"thumbnailUrl":"https:\/\/astoria-spa.cz\/wp-content\/uploads\/sites\/420\/2022\/03\/offers_slide-06.jpg","datePublished":"2022-03-17T15:51:50+00:00","dateModified":"2024-09-18T12:09:25+00:00","description":"Inhalt des Pakets 4 x \u00dcbernachtung im Comfort Plus Zimmer mit Blick auf die M\u00fchlenkolonnade 4 x Halbpension: Fr\u00fchst\u00fcck und Abendessen als Buffet mit warmen und kalten Speisen 1 x Bad in Mineral(quell)wasser 4 x CARL\u00b4S Beauty Rituals: 1 x Tiefenreinigende Gesichtsbehandlung, 1 x Carlsbad Thermae Hydrating Essential, 1 x Carl`s Silhouette Thermowickel, 1 x Carl`s Anticellulite Thermowickel Kostenloser t\u00e4glicher Zugang zum Pool und zur Sauna Kostenloser t\u00e4glicher Eintritt in die Teestube (jeden Tag 4 neue Teesorten) 30 % Rabatt auf andere Medical Spa-Behandlungen Tipps f\u00fcr Ausfl\u00fcge und Erkundungen in Karlovy Vary und der Region Preis pro Aufenthalt: 2 Personen (Doppelzimmer): 1 480 Eur Reservation: Email: reservation@astoria-spa.cz , Tel: +420 353 335 143.","breadcrumb":{"@id":"https:\/\/astoria-spa.cz\/de\/angebote\/beauty-package-carls\/#breadcrumb"},"inLanguage":"de-DE","potentialAction":[{"@type":"ReadAction","target":["https:\/\/astoria-spa.cz\/de\/angebote\/beauty-package-carls\/"]}]},{"@type":"ImageObject","inLanguage":"de-DE","@id":"https:\/\/astoria-spa.cz\/de\/angebote\/beauty-package-carls\/#primaryimage","url":"https:\/\/astoria-spa.cz\/wp-content\/uploads\/sites\/420\/2022\/03\/offers_slide-06.jpg","contentUrl":"https:\/\/astoria-spa.cz\/wp-content\/uploads\/sites\/420\/2022\/03\/offers_slide-06.jpg","width":2200,"height":1000},{"@type":"BreadcrumbList","@id":"https:\/\/astoria-spa.cz\/de\/angebote\/beauty-package-carls\/#breadcrumb","itemListElement":[{"@type":"ListItem","position":1,"name":"Home","item":"https:\/\/astoria-spa.cz\/de\/"},{"@type":"ListItem","position":2,"name":"Angebote, Pakete","item":"https:\/\/astoria-spa.cz\/de\/angebote\/"},{"@type":"ListItem","position":3,"name":"Beauty Paket CARL\u00b4S Cosmetics &#8211; 4 N\u00e4chte f\u00fcr 2 Personen"}]},{"@type":"WebSite","@id":"https:\/\/astoria-spa.cz\/de\/#website","url":"https:\/\/astoria-spa.cz\/de\/","name":"Astoria Hotel & Medical Spa","description":"Just another ms.decms.eu site","potentialAction":[{"@type":"SearchAction","target":{"@type":"EntryPoint","urlTemplate":"https:\/\/astoria-spa.cz\/de\/?s={search_term_string}"},"query-input":{"@type":"PropertyValueSpecification","valueRequired":true,"valueName":"search_term_string"}}],"inLanguage":"de-DE"}]}},"acf":[],"_links":{"self":[{"href":"https:\/\/astoria-spa.cz\/de\/wp-json\/wp\/v2\/pages\/1145","targetHints":{"allow":["GET"]}}],"collection":[{"href":"https:\/\/astoria-spa.cz\/de\/wp-json\/wp\/v2\/pages"}],"about":[{"href":"https:\/\/astoria-spa.cz\/de\/wp-json\/wp\/v2\/types\/page"}],"author":[{"embeddable":true,"href":"https:\/\/astoria-spa.cz\/de\/wp-json\/wp\/v2\/users\/4"}],"replies":[{"embeddable":true,"href":"https:\/\/astoria-spa.cz\/de\/wp-json\/wp\/v2\/comments?post=1145"}],"version-history":[{"count":0,"href":"https:\/\/astoria-spa.cz\/de\/wp-json\/wp\/v2\/pages\/1145\/revisions"}],"up":[{"embeddable":true,"href":"https:\/\/astoria-spa.cz\/de\/wp-json\/wp\/v2\/pages\/700"}],"wp:featuredmedia":[{"embeddable":true,"href":"https:\/\/astoria-spa.cz\/de\/wp-json\/wp\/v2\/media\/486"}],"wp:attachment":[{"href":"https:\/\/astoria-spa.cz\/de\/wp-json\/wp\/v2\/media?parent=1145"}],"wp:term":[{"taxonomy":"category","embeddable":true,"href":"https:\/\/astoria-spa.cz\/de\/wp-json\/wp\/v2\/categories?post=1145"}],"curies":[{"name":"wp","href":"https:\/\/api.w.org\/{rel}","templated":true}]}}