{"id":1142,"date":"2022-03-17T13:39:34","date_gmt":"2022-03-17T13:39:34","guid":{"rendered":"https:\/\/astoria-spa.cz\/angebote\/medical-wellness\/"},"modified":"2022-06-05T14:48:39","modified_gmt":"2022-06-05T14:48:39","slug":"medical-wellness","status":"publish","type":"page","link":"https:\/\/astoria-spa.cz\/de\/angebote\/medical-wellness\/","title":{"rendered":"Kuraufenthalt &#8211; Medical Wellness f\u00fcr 7 N\u00e4chte"},"content":{"rendered":"<p><strong>Medical Wellness<\/strong> ist ein nach den Prinzipien der klassischen Medizin zusammengestelltes Wellnessprogramm. Sie werden sich vor allem aufgrund des neu erwachten seelischen und k\u00f6rperlichen Gleichgewichts besser f\u00fchlen. Entscheidend sind auch die vorbeugende Wirkung dieser Programme und die Erh\u00f6hung der Energiereserven des menschlichen K\u00f6rpers.<\/p>\n<p>Vor allem gibst du deinem K\u00f6rper die M\u00f6glichkeit, sich zu entspannen und zu regenerieren. Au\u00dferdem l\u00f6sen Sie in Absprache mit \u00c4rzten ein konkretes Gesundheitsproblem und dies steht auch im Mittelpunkt der Behandlung. Ein Standard-Wellness-Aufenthalt sichert Ihnen Entspannung, aber nur die richtige Anwendung spezifischer Behandlungsverfahren (unter Verwendung einer nat\u00fcrlichen Heilquelle) erm\u00f6glicht die richtige Wirkung. Programme sind nur in der Stimmung einer Person zu einem ges\u00fcnderen Lebensstil wichtig. Die Erleichterung, die fast sofort eintritt, ist dann sehr motivierend. Aktive Erholung und Regeneration kommen allen zugute. Manche Diagnosen erfordern eine intensive Langzeitbehandlung, doch als Vorbeugung und Beseitigung von Problemen in der Anfangsphase ist Medical Wellness die sinnvollste L\u00f6sung. Tats\u00e4chlich kann jeder von uns gesundheitlichen Problemen vorbeugen und sich um das Wichtigste k\u00fcmmern &#8211; unsere Gesundheit. Und erst recht, wenn es um sehr angenehme, effektive und schmerzfreie Methoden geht.<\/p>\n","protected":false},"excerpt":{"rendered":"<p>Medical Wellness ist ein nach den Prinzipien der klassischen Medizin zusammengestelltes Wellnessprogramm. Sie werden sich vor allem aufgrund des neu erwachten seelischen und k\u00f6rperlichen Gleichgewichts besser f\u00fchlen. Entscheidend sind auch die vorbeugende Wirkung dieser Programme und die Erh\u00f6hung der Energiereserven des menschlichen K\u00f6rpers. Vor allem gibst du deinem K\u00f6rper die M\u00f6glichkeit, sich zu entspannen und [&hellip;]<\/p>\n","protected":false},"author":4,"featured_media":178,"parent":700,"menu_order":50,"comment_status":"closed","ping_status":"closed","template":"template-default-3.php","meta":{"footnotes":""},"categories":[25],"class_list":["post-1142","page","type-page","status-publish","has-post-thumbnail","hentry","category-medical-wellness-de"],"yoast_head":"<!-- This site is optimized with the Yoast SEO plugin v26.9 - https:\/\/yoast.com\/product\/yoast-seo-wordpress\/ -->\n<title>Kuraufenthalt - Medical Wellness f\u00fcr 7 N\u00e4chte - Astoria Hotel &amp; Medical Spa -<\/title>\n<meta name=\"description\" content=\"Medical Wellness ist ein nach den Prinzipien der klassischen Medizin zusammengestelltes Wellnessprogramm. Sie werden sich vor allem aufgrund des neu erwachten seelischen und k\u00f6rperlichen Gleichgewichts besser f\u00fchlen\" \/>\n<meta name=\"robots\" content=\"index, follow, max-snippet:-1, max-image-preview:large, max-video-preview:-1\" \/>\n<link rel=\"canonical\" href=\"https:\/\/astoria-spa.cz\/de\/angebote\/medical-wellness\/\" \/>\n<meta property=\"og:locale\" content=\"de_DE\" \/>\n<meta property=\"og:type\" content=\"article\" \/>\n<meta property=\"og:title\" content=\"Kuraufenthalt - Medical Wellness f\u00fcr 7 N\u00e4chte - Astoria Hotel &amp; Medical Spa -\" \/>\n<meta property=\"og:description\" content=\"Medical Wellness ist ein nach den Prinzipien der klassischen Medizin zusammengestelltes Wellnessprogramm. Sie werden sich vor allem aufgrund des neu erwachten seelischen und k\u00f6rperlichen Gleichgewichts besser f\u00fchlen\" \/>\n<meta property=\"og:url\" content=\"https:\/\/astoria-spa.cz\/de\/angebote\/medical-wellness\/\" \/>\n<meta property=\"og:site_name\" content=\"Astoria Hotel &amp; Medical Spa\" \/>\n<meta property=\"article:modified_time\" content=\"2022-06-05T14:48:39+00:00\" \/>\n<meta property=\"og:image\" content=\"https:\/\/astoria-spa.cz\/wp-content\/uploads\/sites\/420\/2022\/03\/massage_slide_01.jpg\" \/>\n\t<meta property=\"og:image:width\" content=\"2200\" \/>\n\t<meta property=\"og:image:height\" content=\"800\" \/>\n\t<meta property=\"og:image:type\" content=\"image\/jpeg\" \/>\n<meta name=\"twitter:card\" content=\"summary_large_image\" \/>\n<meta name=\"twitter:label1\" content=\"Gesch\u00e4tzte Lesezeit\" \/>\n\t<meta name=\"twitter:data1\" content=\"1 Minute\" \/>\n<script type=\"application\/ld+json\" class=\"yoast-schema-graph\">{\"@context\":\"https:\/\/schema.org\",\"@graph\":[{\"@type\":\"WebPage\",\"@id\":\"https:\/\/astoria-spa.cz\/de\/angebote\/medical-wellness\/\",\"url\":\"https:\/\/astoria-spa.cz\/de\/angebote\/medical-wellness\/\",\"name\":\"Kuraufenthalt - Medical Wellness f\u00fcr 7 N\u00e4chte - Astoria Hotel & Medical Spa -\",\"isPartOf\":{\"@id\":\"https:\/\/astoria-spa.cz\/de\/#website\"},\"primaryImageOfPage\":{\"@id\":\"https:\/\/astoria-spa.cz\/de\/angebote\/medical-wellness\/#primaryimage\"},\"image\":{\"@id\":\"https:\/\/astoria-spa.cz\/de\/angebote\/medical-wellness\/#primaryimage\"},\"thumbnailUrl\":\"https:\/\/astoria-spa.cz\/wp-content\/uploads\/sites\/420\/2022\/03\/massage_slide_01.jpg\",\"datePublished\":\"2022-03-17T13:39:34+00:00\",\"dateModified\":\"2022-06-05T14:48:39+00:00\",\"description\":\"Medical Wellness ist ein nach den Prinzipien der klassischen Medizin zusammengestelltes Wellnessprogramm. Sie werden sich vor allem aufgrund des neu erwachten seelischen und k\u00f6rperlichen Gleichgewichts besser f\u00fchlen\",\"breadcrumb\":{\"@id\":\"https:\/\/astoria-spa.cz\/de\/angebote\/medical-wellness\/#breadcrumb\"},\"inLanguage\":\"de-DE\",\"potentialAction\":[{\"@type\":\"ReadAction\",\"target\":[\"https:\/\/astoria-spa.cz\/de\/angebote\/medical-wellness\/\"]}]},{\"@type\":\"ImageObject\",\"inLanguage\":\"de-DE\",\"@id\":\"https:\/\/astoria-spa.cz\/de\/angebote\/medical-wellness\/#primaryimage\",\"url\":\"https:\/\/astoria-spa.cz\/wp-content\/uploads\/sites\/420\/2022\/03\/massage_slide_01.jpg\",\"contentUrl\":\"https:\/\/astoria-spa.cz\/wp-content\/uploads\/sites\/420\/2022\/03\/massage_slide_01.jpg\",\"width\":2200,\"height\":800},{\"@type\":\"BreadcrumbList\",\"@id\":\"https:\/\/astoria-spa.cz\/de\/angebote\/medical-wellness\/#breadcrumb\",\"itemListElement\":[{\"@type\":\"ListItem\",\"position\":1,\"name\":\"Home\",\"item\":\"https:\/\/astoria-spa.cz\/de\/\"},{\"@type\":\"ListItem\",\"position\":2,\"name\":\"Angebote, Pakete\",\"item\":\"https:\/\/astoria-spa.cz\/de\/angebote\/\"},{\"@type\":\"ListItem\",\"position\":3,\"name\":\"Kuraufenthalt &#8211; Medical Wellness f\u00fcr 7 N\u00e4chte\"}]},{\"@type\":\"WebSite\",\"@id\":\"https:\/\/astoria-spa.cz\/de\/#website\",\"url\":\"https:\/\/astoria-spa.cz\/de\/\",\"name\":\"Astoria Hotel & Medical Spa\",\"description\":\"Just another ms.decms.eu site\",\"potentialAction\":[{\"@type\":\"SearchAction\",\"target\":{\"@type\":\"EntryPoint\",\"urlTemplate\":\"https:\/\/astoria-spa.cz\/de\/?s={search_term_string}\"},\"query-input\":{\"@type\":\"PropertyValueSpecification\",\"valueRequired\":true,\"valueName\":\"search_term_string\"}}],\"inLanguage\":\"de-DE\"}]}<\/script>\n<!-- \/ Yoast SEO plugin. -->","yoast_head_json":{"title":"Kuraufenthalt - Medical Wellness f\u00fcr 7 N\u00e4chte - Astoria Hotel & Medical Spa -","description":"Medical Wellness ist ein nach den Prinzipien der klassischen Medizin zusammengestelltes Wellnessprogramm. Sie werden sich vor allem aufgrund des neu erwachten seelischen und k\u00f6rperlichen Gleichgewichts besser f\u00fchlen","robots":{"index":"index","follow":"follow","max-snippet":"max-snippet:-1","max-image-preview":"max-image-preview:large","max-video-preview":"max-video-preview:-1"},"canonical":"https:\/\/astoria-spa.cz\/de\/angebote\/medical-wellness\/","og_locale":"de_DE","og_type":"article","og_title":"Kuraufenthalt - Medical Wellness f\u00fcr 7 N\u00e4chte - Astoria Hotel & Medical Spa -","og_description":"Medical Wellness ist ein nach den Prinzipien der klassischen Medizin zusammengestelltes Wellnessprogramm. Sie werden sich vor allem aufgrund des neu erwachten seelischen und k\u00f6rperlichen Gleichgewichts besser f\u00fchlen","og_url":"https:\/\/astoria-spa.cz\/de\/angebote\/medical-wellness\/","og_site_name":"Astoria Hotel & Medical Spa","article_modified_time":"2022-06-05T14:48:39+00:00","og_image":[{"width":2200,"height":800,"url":"https:\/\/astoria-spa.cz\/wp-content\/uploads\/sites\/420\/2022\/03\/massage_slide_01.jpg","type":"image\/jpeg"}],"twitter_card":"summary_large_image","twitter_misc":{"Gesch\u00e4tzte Lesezeit":"1 Minute"},"schema":{"@context":"https:\/\/schema.org","@graph":[{"@type":"WebPage","@id":"https:\/\/astoria-spa.cz\/de\/angebote\/medical-wellness\/","url":"https:\/\/astoria-spa.cz\/de\/angebote\/medical-wellness\/","name":"Kuraufenthalt - Medical Wellness f\u00fcr 7 N\u00e4chte - Astoria Hotel & Medical Spa -","isPartOf":{"@id":"https:\/\/astoria-spa.cz\/de\/#website"},"primaryImageOfPage":{"@id":"https:\/\/astoria-spa.cz\/de\/angebote\/medical-wellness\/#primaryimage"},"image":{"@id":"https:\/\/astoria-spa.cz\/de\/angebote\/medical-wellness\/#primaryimage"},"thumbnailUrl":"https:\/\/astoria-spa.cz\/wp-content\/uploads\/sites\/420\/2022\/03\/massage_slide_01.jpg","datePublished":"2022-03-17T13:39:34+00:00","dateModified":"2022-06-05T14:48:39+00:00","description":"Medical Wellness ist ein nach den Prinzipien der klassischen Medizin zusammengestelltes Wellnessprogramm. Sie werden sich vor allem aufgrund des neu erwachten seelischen und k\u00f6rperlichen Gleichgewichts besser f\u00fchlen","breadcrumb":{"@id":"https:\/\/astoria-spa.cz\/de\/angebote\/medical-wellness\/#breadcrumb"},"inLanguage":"de-DE","potentialAction":[{"@type":"ReadAction","target":["https:\/\/astoria-spa.cz\/de\/angebote\/medical-wellness\/"]}]},{"@type":"ImageObject","inLanguage":"de-DE","@id":"https:\/\/astoria-spa.cz\/de\/angebote\/medical-wellness\/#primaryimage","url":"https:\/\/astoria-spa.cz\/wp-content\/uploads\/sites\/420\/2022\/03\/massage_slide_01.jpg","contentUrl":"https:\/\/astoria-spa.cz\/wp-content\/uploads\/sites\/420\/2022\/03\/massage_slide_01.jpg","width":2200,"height":800},{"@type":"BreadcrumbList","@id":"https:\/\/astoria-spa.cz\/de\/angebote\/medical-wellness\/#breadcrumb","itemListElement":[{"@type":"ListItem","position":1,"name":"Home","item":"https:\/\/astoria-spa.cz\/de\/"},{"@type":"ListItem","position":2,"name":"Angebote, Pakete","item":"https:\/\/astoria-spa.cz\/de\/angebote\/"},{"@type":"ListItem","position":3,"name":"Kuraufenthalt &#8211; Medical Wellness f\u00fcr 7 N\u00e4chte"}]},{"@type":"WebSite","@id":"https:\/\/astoria-spa.cz\/de\/#website","url":"https:\/\/astoria-spa.cz\/de\/","name":"Astoria Hotel & Medical Spa","description":"Just another ms.decms.eu site","potentialAction":[{"@type":"SearchAction","target":{"@type":"EntryPoint","urlTemplate":"https:\/\/astoria-spa.cz\/de\/?s={search_term_string}"},"query-input":{"@type":"PropertyValueSpecification","valueRequired":true,"valueName":"search_term_string"}}],"inLanguage":"de-DE"}]}},"acf":[],"_links":{"self":[{"href":"https:\/\/astoria-spa.cz\/de\/wp-json\/wp\/v2\/pages\/1142","targetHints":{"allow":["GET"]}}],"collection":[{"href":"https:\/\/astoria-spa.cz\/de\/wp-json\/wp\/v2\/pages"}],"about":[{"href":"https:\/\/astoria-spa.cz\/de\/wp-json\/wp\/v2\/types\/page"}],"author":[{"embeddable":true,"href":"https:\/\/astoria-spa.cz\/de\/wp-json\/wp\/v2\/users\/4"}],"replies":[{"embeddable":true,"href":"https:\/\/astoria-spa.cz\/de\/wp-json\/wp\/v2\/comments?post=1142"}],"version-history":[{"count":0,"href":"https:\/\/astoria-spa.cz\/de\/wp-json\/wp\/v2\/pages\/1142\/revisions"}],"up":[{"embeddable":true,"href":"https:\/\/astoria-spa.cz\/de\/wp-json\/wp\/v2\/pages\/700"}],"wp:featuredmedia":[{"embeddable":true,"href":"https:\/\/astoria-spa.cz\/de\/wp-json\/wp\/v2\/media\/178"}],"wp:attachment":[{"href":"https:\/\/astoria-spa.cz\/de\/wp-json\/wp\/v2\/media?parent=1142"}],"wp:term":[{"taxonomy":"category","embeddable":true,"href":"https:\/\/astoria-spa.cz\/de\/wp-json\/wp\/v2\/categories?post=1142"}],"curies":[{"name":"wp","href":"https:\/\/api.w.org\/{rel}","templated":true}]}}